{"id":3225,"date":"2024-03-21T19:39:44","date_gmt":"2024-03-21T19:39:44","guid":{"rendered":"https:\/\/cozyanddozy.com\/?post_type=product&#038;p=2810"},"modified":"2024-08-16T11:41:33","modified_gmt":"2024-08-16T09:41:33","slug":"rosa-samtkissen-gruener-club","status":"publish","type":"product","link":"https:\/\/cozyanddozy.com\/de\/produkt\/rosa-samtkissen-gruener-club\/","title":{"rendered":"Rosa Samtkissen &#8211; Gr\u00fcner Club"},"content":{"rendered":"<h3><strong><img decoding=\"async\" class=\"alignnone wp-image-2261 alignright\" src=\"https:\/\/cozyanddozy.com\/pl\/wp-content\/uploads\/2024\/03\/alice-3369-259x400.jpg\" alt=\"\" width=\"433\" height=\"669\" \/><\/strong><\/h3>\n<h3><strong>Dekokissen Club, inspiriert vom Stil von Alice im Wunderland.<\/strong><\/h3>\n<p><strong>Das Kissen der Alice-Serie schafft eine tolle Atmosph\u00e4re im Zimmer Ihres Kindes.<\/strong><br \/>\n<strong>Das Kissen ist aus weichem, dickem Samt gefertigt und mit einer Applikation verziert. Abgeschlossen wird das Ganze mit Paspelierung.<\/strong><br \/>\n<strong>Das Rosa Samtkissen eignet sich sowohl f\u00fcr Kinder als auch f\u00fcr Erwachsene und ist eine tolle Dekoration f\u00fcr ein Bett oder Sofa<\/strong>.<br \/>\nIn der Alice-Serie f\u00fchren wir Kissen in verschiedenen Farben und Applikationen, die thematisch auf die m\u00e4rchenhafte Atmosph\u00e4re des Wunderlandes verweisen.<\/p>\n<p>Kissenbeschreibung:<\/p>\n<ul>\n<li>Abmessungen: 40\u00d740 cm<\/li>\n<li>hat einen Rei\u00dfverschluss (leicht waschbar)<\/li>\n<li>hypoallergene F\u00fcllung<\/li>\n<li>aus 100 % PES-Samt, zertifizierter Stoff<\/li>\n<li>CE-zertifiziertes Produkt<\/li>\n<li>entworfen und gen\u00e4ht von Cozy&amp;Dozy in Polen.<\/li>\n<\/ul>\n<p>Pflegemethode:<\/p>\n<ul>\n<li>Waschen bei 40\u00b0 \u2013 Schonprogramm<\/li>\n<li>Nicht b\u00fcgeln und chemisch reinigen<\/li>\n<li>Nicht chloren<\/li>\n<\/ul>\n<p>Die Sicherheit der Kinder liegt uns am Herzen, deshalb bestehen die Girlande und das Kissen zu 100 % aus Samt h\u00f6chster Qualit\u00e4t.<br \/>\nUnsere Produkte sind CE-zertifiziert, sodass Sie sie Ihrem Kind bedenkenlos geben k\u00f6nnen.<br \/>\nAlle unsere Produkte wurden in unserem Cozy&amp;Dozy-Studio entworfen und hergestellt<\/p>\n","protected":false},"excerpt":{"rendered":"<div><\/div>\n<div>Oreiller en velours rose avec application Trefl. Oreiller 40&#215;40 cm avec fermeture \u00e9clair.<\/div>\n","protected":false},"featured_media":3219,"comment_status":"open","ping_status":"closed","template":"","meta":[],"product_brand":[],"product_cat":[73],"product_tag":[],"class_list":{"0":"post-3225","1":"product","2":"type-product","3":"status-publish","4":"has-post-thumbnail","6":"product_cat-kissen-puffs","8":"first","9":"instock","10":"shipping-taxable","11":"product-type-simple"},"yoast_head":"<!-- This site is optimized with the Yoast SEO Premium plugin v21.9 (Yoast SEO v27.0) - https:\/\/yoast.com\/product\/yoast-seo-premium-wordpress\/ -->\n<title>Rosa Samtkissen - Gr\u00fcner Club - Cozy &amp; Dozy<\/title>\n<meta name=\"description\" content=\"Oreiller en velours rose avec application Trefl. Oreiller 40x40 cm avec fermeture \u00e9clair.\" \/>\n<meta name=\"robots\" content=\"index, follow, max-snippet:-1, max-image-preview:large, max-video-preview:-1\" \/>\n<link rel=\"canonical\" href=\"https:\/\/cozyanddozy.com\/de\/produkt\/rosa-samtkissen-gruener-club\/\" \/>\n<meta property=\"og:locale\" content=\"de_DE\" \/>\n<meta property=\"og:type\" content=\"article\" \/>\n<meta property=\"og:title\" content=\"Rosa Samtkissen - Gr\u00fcner Club\" \/>\n<meta property=\"og:description\" content=\"Oreiller en velours rose avec application Trefl. Oreiller 40x40 cm avec fermeture \u00e9clair.\" \/>\n<meta property=\"og:url\" content=\"https:\/\/cozyanddozy.com\/de\/produkt\/rosa-samtkissen-gruener-club\/\" \/>\n<meta property=\"og:site_name\" content=\"Cozy &amp; Dozy\" \/>\n<meta property=\"article:modified_time\" content=\"2024-08-16T09:41:33+00:00\" \/>\n<meta property=\"og:image\" content=\"https:\/\/cozyanddozy.com\/de\/wp-content\/uploads\/2024\/03\/trefl-pillow-scaled.jpg\" \/>\n\t<meta property=\"og:image:width\" content=\"2560\" \/>\n\t<meta property=\"og:image:height\" content=\"2560\" \/>\n\t<meta property=\"og:image:type\" content=\"image\/jpeg\" \/>\n<meta name=\"twitter:card\" content=\"summary_large_image\" \/>\n<meta name=\"twitter:label1\" content=\"Preis\" \/>\n\t<meta name=\"twitter:data1\" content=\"49,00&nbsp;&euro;\" \/>\n\t<meta name=\"twitter:label2\" content=\"Verf\u00fcgbarkeit\" \/>\n\t<meta name=\"twitter:data2\" content=\"Auf Lager\" \/>\n<script type=\"application\/ld+json\" class=\"yoast-schema-graph\">{\"@context\":\"https:\/\/schema.org\",\"@graph\":[{\"@type\":\"WebPage\",\"@id\":\"https:\/\/cozyanddozy.com\/de\/produkt\/rosa-samtkissen-gruener-club\/\",\"url\":\"https:\/\/cozyanddozy.com\/de\/produkt\/rosa-samtkissen-gruener-club\/\",\"name\":\"Rosa Samtkissen - Gr\u00fcner Club - Cozy & Dozy\",\"isPartOf\":{\"@id\":\"https:\/\/cozyanddozy.com\/de\/#website\"},\"primaryImageOfPage\":{\"@id\":\"https:\/\/cozyanddozy.com\/de\/produkt\/rosa-samtkissen-gruener-club\/#primaryimage\"},\"image\":{\"@id\":\"https:\/\/cozyanddozy.com\/de\/produkt\/rosa-samtkissen-gruener-club\/#primaryimage\"},\"thumbnailUrl\":\"https:\/\/cozyanddozy.com\/de\/wp-content\/uploads\/2024\/03\/trefl-pillow-scaled.jpg\",\"datePublished\":\"2024-03-21T19:39:44+00:00\",\"dateModified\":\"2024-08-16T09:41:33+00:00\",\"description\":\"Oreiller en velours rose avec application Trefl. Oreiller 40x40 cm avec fermeture \u00e9clair.\",\"breadcrumb\":{\"@id\":\"https:\/\/cozyanddozy.com\/de\/produkt\/rosa-samtkissen-gruener-club\/#breadcrumb\"},\"inLanguage\":\"de\",\"potentialAction\":[{\"@type\":\"ReadAction\",\"target\":[\"https:\/\/cozyanddozy.com\/de\/produkt\/rosa-samtkissen-gruener-club\/\"]}]},{\"@type\":\"ImageObject\",\"inLanguage\":\"de\",\"@id\":\"https:\/\/cozyanddozy.com\/de\/produkt\/rosa-samtkissen-gruener-club\/#primaryimage\",\"url\":\"https:\/\/cozyanddozy.com\/de\/wp-content\/uploads\/2024\/03\/trefl-pillow-scaled.jpg\",\"contentUrl\":\"https:\/\/cozyanddozy.com\/de\/wp-content\/uploads\/2024\/03\/trefl-pillow-scaled.jpg\",\"width\":2560,\"height\":2560},{\"@type\":\"BreadcrumbList\",\"@id\":\"https:\/\/cozyanddozy.com\/de\/produkt\/rosa-samtkissen-gruener-club\/#breadcrumb\",\"itemListElement\":[{\"@type\":\"ListItem\",\"position\":1,\"name\":\"Home\",\"item\":\"https:\/\/cozyanddozy.com\/de\/\"},{\"@type\":\"ListItem\",\"position\":2,\"name\":\"Shop\",\"item\":\"https:\/\/cozyanddozy.com\/de\/shop\/\"},{\"@type\":\"ListItem\",\"position\":3,\"name\":\"Rosa Samtkissen &#8211; Gr\u00fcner Club\"}]},{\"@type\":\"WebSite\",\"@id\":\"https:\/\/cozyanddozy.com\/de\/#website\",\"url\":\"https:\/\/cozyanddozy.com\/de\/\",\"name\":\"Cozy & Dozy\",\"description\":\"\",\"publisher\":{\"@id\":\"https:\/\/cozyanddozy.com\/de\/#organization\"},\"potentialAction\":[{\"@type\":\"SearchAction\",\"target\":{\"@type\":\"EntryPoint\",\"urlTemplate\":\"https:\/\/cozyanddozy.com\/de\/?s={search_term_string}\"},\"query-input\":{\"@type\":\"PropertyValueSpecification\",\"valueRequired\":true,\"valueName\":\"search_term_string\"}}],\"inLanguage\":\"de\"},{\"@type\":\"Organization\",\"@id\":\"https:\/\/cozyanddozy.com\/de\/#organization\",\"name\":\"Cozy & Dozy\",\"url\":\"https:\/\/cozyanddozy.com\/de\/\",\"logo\":{\"@type\":\"ImageObject\",\"inLanguage\":\"de\",\"@id\":\"https:\/\/cozyanddozy.com\/de\/#\/schema\/logo\/image\/\",\"url\":\"https:\/\/cozyanddozy.com\/de\/wp-content\/uploads\/2023\/02\/cozyanddozy_logo_b.png\",\"contentUrl\":\"https:\/\/cozyanddozy.com\/de\/wp-content\/uploads\/2023\/02\/cozyanddozy_logo_b.png\",\"width\":314,\"height\":85,\"caption\":\"Cozy & Dozy\"},\"image\":{\"@id\":\"https:\/\/cozyanddozy.com\/de\/#\/schema\/logo\/image\/\"}}]}<\/script>\n<meta property=\"product:price:amount\" content=\"49.00\" \/>\n<meta property=\"product:price:currency\" content=\"EUR\" \/>\n<meta property=\"og:availability\" content=\"instock\" \/>\n<meta property=\"product:availability\" content=\"instock\" \/>\n<meta property=\"product:retailer_item_id\" content=\"5902701497569\" \/>\n<meta property=\"product:condition\" content=\"new\" \/>\n<!-- \/ Yoast SEO Premium plugin. -->","yoast_head_json":{"title":"Rosa Samtkissen - Gr\u00fcner Club - Cozy & Dozy","description":"Oreiller en velours rose avec application Trefl. Oreiller 40x40 cm avec fermeture \u00e9clair.","robots":{"index":"index","follow":"follow","max-snippet":"max-snippet:-1","max-image-preview":"max-image-preview:large","max-video-preview":"max-video-preview:-1"},"canonical":"https:\/\/cozyanddozy.com\/de\/produkt\/rosa-samtkissen-gruener-club\/","og_locale":"de_DE","og_type":"article","og_title":"Rosa Samtkissen - Gr\u00fcner Club","og_description":"Oreiller en velours rose avec application Trefl. Oreiller 40x40 cm avec fermeture \u00e9clair.","og_url":"https:\/\/cozyanddozy.com\/de\/produkt\/rosa-samtkissen-gruener-club\/","og_site_name":"Cozy &amp; Dozy","article_modified_time":"2024-08-16T09:41:33+00:00","og_image":[{"width":2560,"height":2560,"url":"https:\/\/cozyanddozy.com\/de\/wp-content\/uploads\/2024\/03\/trefl-pillow-scaled.jpg","type":"image\/jpeg"}],"twitter_card":"summary_large_image","twitter_misc":{"Preis":"49,00&nbsp;&euro;","Verf\u00fcgbarkeit":"Auf Lager"},"schema":{"@context":"https:\/\/schema.org","@graph":[{"@type":"WebPage","@id":"https:\/\/cozyanddozy.com\/de\/produkt\/rosa-samtkissen-gruener-club\/","url":"https:\/\/cozyanddozy.com\/de\/produkt\/rosa-samtkissen-gruener-club\/","name":"Rosa Samtkissen - Gr\u00fcner Club - Cozy & Dozy","isPartOf":{"@id":"https:\/\/cozyanddozy.com\/de\/#website"},"primaryImageOfPage":{"@id":"https:\/\/cozyanddozy.com\/de\/produkt\/rosa-samtkissen-gruener-club\/#primaryimage"},"image":{"@id":"https:\/\/cozyanddozy.com\/de\/produkt\/rosa-samtkissen-gruener-club\/#primaryimage"},"thumbnailUrl":"https:\/\/cozyanddozy.com\/de\/wp-content\/uploads\/2024\/03\/trefl-pillow-scaled.jpg","datePublished":"2024-03-21T19:39:44+00:00","dateModified":"2024-08-16T09:41:33+00:00","description":"Oreiller en velours rose avec application Trefl. Oreiller 40x40 cm avec fermeture \u00e9clair.","breadcrumb":{"@id":"https:\/\/cozyanddozy.com\/de\/produkt\/rosa-samtkissen-gruener-club\/#breadcrumb"},"inLanguage":"de","potentialAction":[{"@type":"ReadAction","target":["https:\/\/cozyanddozy.com\/de\/produkt\/rosa-samtkissen-gruener-club\/"]}]},{"@type":"ImageObject","inLanguage":"de","@id":"https:\/\/cozyanddozy.com\/de\/produkt\/rosa-samtkissen-gruener-club\/#primaryimage","url":"https:\/\/cozyanddozy.com\/de\/wp-content\/uploads\/2024\/03\/trefl-pillow-scaled.jpg","contentUrl":"https:\/\/cozyanddozy.com\/de\/wp-content\/uploads\/2024\/03\/trefl-pillow-scaled.jpg","width":2560,"height":2560},{"@type":"BreadcrumbList","@id":"https:\/\/cozyanddozy.com\/de\/produkt\/rosa-samtkissen-gruener-club\/#breadcrumb","itemListElement":[{"@type":"ListItem","position":1,"name":"Home","item":"https:\/\/cozyanddozy.com\/de\/"},{"@type":"ListItem","position":2,"name":"Shop","item":"https:\/\/cozyanddozy.com\/de\/shop\/"},{"@type":"ListItem","position":3,"name":"Rosa Samtkissen &#8211; Gr\u00fcner Club"}]},{"@type":"WebSite","@id":"https:\/\/cozyanddozy.com\/de\/#website","url":"https:\/\/cozyanddozy.com\/de\/","name":"Cozy & Dozy","description":"","publisher":{"@id":"https:\/\/cozyanddozy.com\/de\/#organization"},"potentialAction":[{"@type":"SearchAction","target":{"@type":"EntryPoint","urlTemplate":"https:\/\/cozyanddozy.com\/de\/?s={search_term_string}"},"query-input":{"@type":"PropertyValueSpecification","valueRequired":true,"valueName":"search_term_string"}}],"inLanguage":"de"},{"@type":"Organization","@id":"https:\/\/cozyanddozy.com\/de\/#organization","name":"Cozy & Dozy","url":"https:\/\/cozyanddozy.com\/de\/","logo":{"@type":"ImageObject","inLanguage":"de","@id":"https:\/\/cozyanddozy.com\/de\/#\/schema\/logo\/image\/","url":"https:\/\/cozyanddozy.com\/de\/wp-content\/uploads\/2023\/02\/cozyanddozy_logo_b.png","contentUrl":"https:\/\/cozyanddozy.com\/de\/wp-content\/uploads\/2023\/02\/cozyanddozy_logo_b.png","width":314,"height":85,"caption":"Cozy & Dozy"},"image":{"@id":"https:\/\/cozyanddozy.com\/de\/#\/schema\/logo\/image\/"}}]},"product_price_amount":"49.00","product_price_currency":"EUR","og_availability":"instock","product_availability":"instock","product_retailer_item_id":"5902701497569","product_condition":"new"},"_links":{"self":[{"href":"https:\/\/cozyanddozy.com\/de\/wp-json\/wp\/v2\/product\/3225","targetHints":{"allow":["GET"]}}],"collection":[{"href":"https:\/\/cozyanddozy.com\/de\/wp-json\/wp\/v2\/product"}],"about":[{"href":"https:\/\/cozyanddozy.com\/de\/wp-json\/wp\/v2\/types\/product"}],"replies":[{"embeddable":true,"href":"https:\/\/cozyanddozy.com\/de\/wp-json\/wp\/v2\/comments?post=3225"}],"wp:featuredmedia":[{"embeddable":true,"href":"https:\/\/cozyanddozy.com\/de\/wp-json\/wp\/v2\/media\/3219"}],"wp:attachment":[{"href":"https:\/\/cozyanddozy.com\/de\/wp-json\/wp\/v2\/media?parent=3225"}],"wp:term":[{"taxonomy":"product_brand","embeddable":true,"href":"https:\/\/cozyanddozy.com\/de\/wp-json\/wp\/v2\/product_brand?post=3225"},{"taxonomy":"product_cat","embeddable":true,"href":"https:\/\/cozyanddozy.com\/de\/wp-json\/wp\/v2\/product_cat?post=3225"},{"taxonomy":"product_tag","embeddable":true,"href":"https:\/\/cozyanddozy.com\/de\/wp-json\/wp\/v2\/product_tag?post=3225"}],"curies":[{"name":"wp","href":"https:\/\/api.w.org\/{rel}","templated":true}]}}