{"id":3134,"date":"2024-03-16T21:09:34","date_gmt":"2024-03-16T21:09:34","guid":{"rendered":"https:\/\/cozyanddozy.com\/?post_type=product&#038;p=2731"},"modified":"2025-01-29T21:20:20","modified_gmt":"2025-01-29T20:20:20","slug":"tipi-zelt-teddy-brown-velvet","status":"publish","type":"product","link":"https:\/\/cozyanddozy.com\/de\/produkt\/tipi-zelt-teddy-brown-velvet\/","title":{"rendered":"Tipi-Zelt Teddy Brown Velvet"},"content":{"rendered":"<h3><img decoding=\"async\" class=\"alignnone size-medium wp-image-3279 alignright\" src=\"https:\/\/cozyanddozy.com\/de\/wp-content\/uploads\/2024\/04\/brown-diplodok-pillow-400x400.jpg\" alt=\"\" width=\"400\" height=\"400\" srcset=\"https:\/\/cozyanddozy.com\/de\/wp-content\/uploads\/2024\/04\/brown-diplodok-pillow-400x400.jpg 400w, https:\/\/cozyanddozy.com\/de\/wp-content\/uploads\/2024\/04\/brown-diplodok-pillow-150x150.jpg 150w, https:\/\/cozyanddozy.com\/de\/wp-content\/uploads\/2024\/04\/brown-diplodok-pillow-768x768.jpg 768w, https:\/\/cozyanddozy.com\/de\/wp-content\/uploads\/2024\/04\/brown-diplodok-pillow-470x470.jpg 470w, https:\/\/cozyanddozy.com\/de\/wp-content\/uploads\/2024\/04\/brown-diplodok-pillow-800x800.jpg 800w, https:\/\/cozyanddozy.com\/de\/wp-content\/uploads\/2024\/04\/brown-diplodok-pillow-100x100.jpg 100w, https:\/\/cozyanddozy.com\/de\/wp-content\/uploads\/2024\/04\/brown-diplodok-pillow.jpg 1200w\" sizes=\"(max-width: 400px) 100vw, 400px\" \/><\/h3>\n<h3><strong>Das Spielzelt aus der Teddy Velvet-Serie ist ein braunes Tipi mit dekorativem Pomponbesatz in Ecru<\/strong><\/h3>\n<div><strong>Das Tipi-Zelt besteht aus starkem Segeltuch.<\/strong><\/div>\n<div><\/div>\n<div><strong>Ein Zelt ist ein toller Ort zum Spielen zu Hause, auf der Terrasse oder im Garten.<\/strong><\/div>\n<div><\/div>\n<div>Tipi verf\u00fcgt \u00fcber ein Fenster mit aufrollbarem Rollo und zwei Taschen f\u00fcr Spielzeug.<\/div>\n<div><\/div>\n<div>Wigwam ist so konzipiert, dass es das Auge lange erfreut und sicheren Spa\u00df gew\u00e4hrleistet.<\/div>\n<div><\/div>\n<div><strong>Tipi hat 4 Seiten \u2013 Spielfl\u00e4che ca. 1 m2, H\u00f6he ausgeklappt ca. 150 cm.<\/strong><\/div>\n<div><\/div>\n<div>Jedes Zelt wird mit zusammenklappbaren Kiefernstangen und einem Stabilisator geliefert, der die Stangen stabil h\u00e4lt, um die Stabilit\u00e4t des Zeltes zu gew\u00e4hrleisten.<\/div>\n<div><\/div>\n<div>Das Kit enth\u00e4lt:<\/div>\n<ul>\n<li>Tipi-Zelt<\/li>\n<li>4 klappbare Kiefernst\u00e4be (8 H\u00e4lften) + Elemente zum Verbinden der St\u00f6cke (8 Schrauben und 4 lange Muttern)<\/li>\n<li>Anweisung<\/li>\n<li>Stabilisator + Schnur<\/li>\n<\/ul>\n<div>Wigwam ist so konzipiert, dass es das Auge lange erfreut und sicheren Spa\u00df gew\u00e4hrleistet.<\/div>\n<div><\/div>\n<div>Materialien:<\/div>\n<ul>\n<li>starke Baumwolle mit Zertifikat<\/li>\n<li>Samt mit Zertifikat 100 % PES<\/li>\n<\/ul>\n<div>Pflege erf\u00fcllt<\/div>\n<ul>\n<li>Maschinenwaschbar bei 40 Grad,<\/li>\n<li>Schleudern \u2013 800 Umdrehungen<\/li>\n<li>Reinige chemisch nicht<\/li>\n<li>Nicht bleichen<\/li>\n<\/ul>\n<p>zus\u00e4tzliche Information<\/p>\n<ul>\n<li>Rahmenh\u00f6he: 170 cm (5\u2032 6\u2033);<\/li>\n<li>Zelth\u00f6he nach dem Aufbau: 150 cm (4\u2032 11\u2033);<\/li>\n<li>Grundbreite: 110x110cm (3\u20326\u2033\/3\u2032 6\u2033)<\/li>\n<li>Kartongewicht: ~5kg<\/li>\n<\/ul>\n<div><strong>Alle COZY &amp; DOZY-Produkte wurden in Polen entworfen und hergestellt und verf\u00fcgen \u00fcber CE-Erkl\u00e4rungen f\u00fcr Kinderprodukte.<\/strong><\/div>\n","protected":false},"excerpt":{"rendered":"<p id=\"tw-target-text\" class=\"tw-data-text tw-text-large tw-ta\" dir=\"ltr\" data-placeholder=\"T\u0142umaczenie\" aria-label=\"Przet\u0142umaczony tekst\" data-ved=\"2ahUKEwiwlfmB97WGAxU_PhAIHQMwAUYQ3ewLegQIBRAU\"><span class=\"Y2IQFc\" lang=\"de\">Das Spieltipi verf\u00fcgt \u00fcber ein Fenster mit aufrollbarem Rollo und zwei Taschen f\u00fcr Spielzeug. Set mit Stabilisator.<\/span><\/p>\n","protected":false},"featured_media":3374,"comment_status":"open","ping_status":"closed","template":"","meta":[],"product_brand":[],"product_cat":[71],"product_tag":[],"class_list":{"0":"post-3134","1":"product","2":"type-product","3":"status-publish","4":"has-post-thumbnail","6":"product_cat-tipi-zelt","8":"first","9":"instock","10":"sale","11":"shipping-taxable","12":"product-type-simple"},"yoast_head":"<!-- This site is optimized with the Yoast SEO Premium plugin v21.9 (Yoast SEO v27.0) - https:\/\/yoast.com\/product\/yoast-seo-premium-wordpress\/ -->\n<title>Tipi-Zelt Teddy Brown Velvet - Cozy &amp; Dozy<\/title>\n<meta name=\"description\" content=\"Das Spieltipi verf\u00fcgt \u00fcber ein Fenster mit aufrollbarem Rollo und zwei Taschen f\u00fcr Spielzeug. Set mit Stabilisator.\" \/>\n<meta name=\"robots\" content=\"index, follow, max-snippet:-1, max-image-preview:large, max-video-preview:-1\" \/>\n<link rel=\"canonical\" href=\"https:\/\/cozyanddozy.com\/de\/produkt\/tipi-zelt-teddy-brown-velvet\/\" \/>\n<meta property=\"og:locale\" content=\"de_DE\" \/>\n<meta property=\"og:type\" content=\"article\" \/>\n<meta property=\"og:title\" content=\"Tipi-Zelt Teddy Brown Velvet\" \/>\n<meta property=\"og:description\" content=\"Das Spieltipi verf\u00fcgt \u00fcber ein Fenster mit aufrollbarem Rollo und zwei Taschen f\u00fcr Spielzeug. Set mit Stabilisator.\" \/>\n<meta property=\"og:url\" content=\"https:\/\/cozyanddozy.com\/de\/produkt\/tipi-zelt-teddy-brown-velvet\/\" \/>\n<meta property=\"og:site_name\" content=\"Cozy &amp; Dozy\" \/>\n<meta property=\"article:modified_time\" content=\"2025-01-29T20:20:20+00:00\" \/>\n<meta property=\"og:image\" content=\"https:\/\/cozyanddozy.com\/de\/wp-content\/uploads\/2024\/05\/image00060-scaled.jpeg\" \/>\n\t<meta property=\"og:image:width\" content=\"2560\" \/>\n\t<meta property=\"og:image:height\" content=\"2560\" \/>\n\t<meta property=\"og:image:type\" content=\"image\/jpeg\" \/>\n<meta name=\"twitter:card\" content=\"summary_large_image\" \/>\n<meta name=\"twitter:label1\" content=\"Preis\" \/>\n\t<meta name=\"twitter:data1\" content=\"79,00&nbsp;&euro;\" \/>\n\t<meta name=\"twitter:label2\" content=\"Verf\u00fcgbarkeit\" \/>\n\t<meta name=\"twitter:data2\" content=\"Auf Lager\" \/>\n<script type=\"application\/ld+json\" class=\"yoast-schema-graph\">{\"@context\":\"https:\/\/schema.org\",\"@graph\":[{\"@type\":\"WebPage\",\"@id\":\"https:\/\/cozyanddozy.com\/de\/produkt\/tipi-zelt-teddy-brown-velvet\/\",\"url\":\"https:\/\/cozyanddozy.com\/de\/produkt\/tipi-zelt-teddy-brown-velvet\/\",\"name\":\"Tipi-Zelt Teddy Brown Velvet - Cozy & Dozy\",\"isPartOf\":{\"@id\":\"https:\/\/cozyanddozy.com\/de\/#website\"},\"primaryImageOfPage\":{\"@id\":\"https:\/\/cozyanddozy.com\/de\/produkt\/tipi-zelt-teddy-brown-velvet\/#primaryimage\"},\"image\":{\"@id\":\"https:\/\/cozyanddozy.com\/de\/produkt\/tipi-zelt-teddy-brown-velvet\/#primaryimage\"},\"thumbnailUrl\":\"https:\/\/cozyanddozy.com\/de\/wp-content\/uploads\/2024\/05\/image00060-scaled.jpeg\",\"datePublished\":\"2024-03-16T21:09:34+00:00\",\"dateModified\":\"2025-01-29T20:20:20+00:00\",\"description\":\"Das Spieltipi verf\u00fcgt \u00fcber ein Fenster mit aufrollbarem Rollo und zwei Taschen f\u00fcr Spielzeug. Set mit Stabilisator.\",\"breadcrumb\":{\"@id\":\"https:\/\/cozyanddozy.com\/de\/produkt\/tipi-zelt-teddy-brown-velvet\/#breadcrumb\"},\"inLanguage\":\"de\",\"potentialAction\":[{\"@type\":\"ReadAction\",\"target\":[\"https:\/\/cozyanddozy.com\/de\/produkt\/tipi-zelt-teddy-brown-velvet\/\"]}]},{\"@type\":\"ImageObject\",\"inLanguage\":\"de\",\"@id\":\"https:\/\/cozyanddozy.com\/de\/produkt\/tipi-zelt-teddy-brown-velvet\/#primaryimage\",\"url\":\"https:\/\/cozyanddozy.com\/de\/wp-content\/uploads\/2024\/05\/image00060-scaled.jpeg\",\"contentUrl\":\"https:\/\/cozyanddozy.com\/de\/wp-content\/uploads\/2024\/05\/image00060-scaled.jpeg\",\"width\":2560,\"height\":2560},{\"@type\":\"BreadcrumbList\",\"@id\":\"https:\/\/cozyanddozy.com\/de\/produkt\/tipi-zelt-teddy-brown-velvet\/#breadcrumb\",\"itemListElement\":[{\"@type\":\"ListItem\",\"position\":1,\"name\":\"Home\",\"item\":\"https:\/\/cozyanddozy.com\/de\/\"},{\"@type\":\"ListItem\",\"position\":2,\"name\":\"Shop\",\"item\":\"https:\/\/cozyanddozy.com\/de\/shop\/\"},{\"@type\":\"ListItem\",\"position\":3,\"name\":\"Tipi-Zelt Teddy Brown Velvet\"}]},{\"@type\":\"WebSite\",\"@id\":\"https:\/\/cozyanddozy.com\/de\/#website\",\"url\":\"https:\/\/cozyanddozy.com\/de\/\",\"name\":\"Cozy & Dozy\",\"description\":\"\",\"publisher\":{\"@id\":\"https:\/\/cozyanddozy.com\/de\/#organization\"},\"potentialAction\":[{\"@type\":\"SearchAction\",\"target\":{\"@type\":\"EntryPoint\",\"urlTemplate\":\"https:\/\/cozyanddozy.com\/de\/?s={search_term_string}\"},\"query-input\":{\"@type\":\"PropertyValueSpecification\",\"valueRequired\":true,\"valueName\":\"search_term_string\"}}],\"inLanguage\":\"de\"},{\"@type\":\"Organization\",\"@id\":\"https:\/\/cozyanddozy.com\/de\/#organization\",\"name\":\"Cozy & Dozy\",\"url\":\"https:\/\/cozyanddozy.com\/de\/\",\"logo\":{\"@type\":\"ImageObject\",\"inLanguage\":\"de\",\"@id\":\"https:\/\/cozyanddozy.com\/de\/#\/schema\/logo\/image\/\",\"url\":\"https:\/\/cozyanddozy.com\/de\/wp-content\/uploads\/2023\/02\/cozyanddozy_logo_b.png\",\"contentUrl\":\"https:\/\/cozyanddozy.com\/de\/wp-content\/uploads\/2023\/02\/cozyanddozy_logo_b.png\",\"width\":314,\"height\":85,\"caption\":\"Cozy & Dozy\"},\"image\":{\"@id\":\"https:\/\/cozyanddozy.com\/de\/#\/schema\/logo\/image\/\"}}]}<\/script>\n<meta property=\"product:price:amount\" content=\"79.00\" \/>\n<meta property=\"product:price:currency\" content=\"EUR\" \/>\n<meta property=\"og:availability\" content=\"instock\" \/>\n<meta property=\"product:availability\" content=\"instock\" \/>\n<meta property=\"product:retailer_item_id\" content=\"5902701497309-2\" \/>\n<meta property=\"product:condition\" content=\"new\" \/>\n<!-- \/ Yoast SEO Premium plugin. -->","yoast_head_json":{"title":"Tipi-Zelt Teddy Brown Velvet - Cozy & Dozy","description":"Das Spieltipi verf\u00fcgt \u00fcber ein Fenster mit aufrollbarem Rollo und zwei Taschen f\u00fcr Spielzeug. Set mit Stabilisator.","robots":{"index":"index","follow":"follow","max-snippet":"max-snippet:-1","max-image-preview":"max-image-preview:large","max-video-preview":"max-video-preview:-1"},"canonical":"https:\/\/cozyanddozy.com\/de\/produkt\/tipi-zelt-teddy-brown-velvet\/","og_locale":"de_DE","og_type":"article","og_title":"Tipi-Zelt Teddy Brown Velvet","og_description":"Das Spieltipi verf\u00fcgt \u00fcber ein Fenster mit aufrollbarem Rollo und zwei Taschen f\u00fcr Spielzeug. Set mit Stabilisator.","og_url":"https:\/\/cozyanddozy.com\/de\/produkt\/tipi-zelt-teddy-brown-velvet\/","og_site_name":"Cozy &amp; Dozy","article_modified_time":"2025-01-29T20:20:20+00:00","og_image":[{"width":2560,"height":2560,"url":"https:\/\/cozyanddozy.com\/de\/wp-content\/uploads\/2024\/05\/image00060-scaled.jpeg","type":"image\/jpeg"}],"twitter_card":"summary_large_image","twitter_misc":{"Preis":"79,00&nbsp;&euro;","Verf\u00fcgbarkeit":"Auf Lager"},"schema":{"@context":"https:\/\/schema.org","@graph":[{"@type":"WebPage","@id":"https:\/\/cozyanddozy.com\/de\/produkt\/tipi-zelt-teddy-brown-velvet\/","url":"https:\/\/cozyanddozy.com\/de\/produkt\/tipi-zelt-teddy-brown-velvet\/","name":"Tipi-Zelt Teddy Brown Velvet - Cozy & Dozy","isPartOf":{"@id":"https:\/\/cozyanddozy.com\/de\/#website"},"primaryImageOfPage":{"@id":"https:\/\/cozyanddozy.com\/de\/produkt\/tipi-zelt-teddy-brown-velvet\/#primaryimage"},"image":{"@id":"https:\/\/cozyanddozy.com\/de\/produkt\/tipi-zelt-teddy-brown-velvet\/#primaryimage"},"thumbnailUrl":"https:\/\/cozyanddozy.com\/de\/wp-content\/uploads\/2024\/05\/image00060-scaled.jpeg","datePublished":"2024-03-16T21:09:34+00:00","dateModified":"2025-01-29T20:20:20+00:00","description":"Das Spieltipi verf\u00fcgt \u00fcber ein Fenster mit aufrollbarem Rollo und zwei Taschen f\u00fcr Spielzeug. Set mit Stabilisator.","breadcrumb":{"@id":"https:\/\/cozyanddozy.com\/de\/produkt\/tipi-zelt-teddy-brown-velvet\/#breadcrumb"},"inLanguage":"de","potentialAction":[{"@type":"ReadAction","target":["https:\/\/cozyanddozy.com\/de\/produkt\/tipi-zelt-teddy-brown-velvet\/"]}]},{"@type":"ImageObject","inLanguage":"de","@id":"https:\/\/cozyanddozy.com\/de\/produkt\/tipi-zelt-teddy-brown-velvet\/#primaryimage","url":"https:\/\/cozyanddozy.com\/de\/wp-content\/uploads\/2024\/05\/image00060-scaled.jpeg","contentUrl":"https:\/\/cozyanddozy.com\/de\/wp-content\/uploads\/2024\/05\/image00060-scaled.jpeg","width":2560,"height":2560},{"@type":"BreadcrumbList","@id":"https:\/\/cozyanddozy.com\/de\/produkt\/tipi-zelt-teddy-brown-velvet\/#breadcrumb","itemListElement":[{"@type":"ListItem","position":1,"name":"Home","item":"https:\/\/cozyanddozy.com\/de\/"},{"@type":"ListItem","position":2,"name":"Shop","item":"https:\/\/cozyanddozy.com\/de\/shop\/"},{"@type":"ListItem","position":3,"name":"Tipi-Zelt Teddy Brown Velvet"}]},{"@type":"WebSite","@id":"https:\/\/cozyanddozy.com\/de\/#website","url":"https:\/\/cozyanddozy.com\/de\/","name":"Cozy & Dozy","description":"","publisher":{"@id":"https:\/\/cozyanddozy.com\/de\/#organization"},"potentialAction":[{"@type":"SearchAction","target":{"@type":"EntryPoint","urlTemplate":"https:\/\/cozyanddozy.com\/de\/?s={search_term_string}"},"query-input":{"@type":"PropertyValueSpecification","valueRequired":true,"valueName":"search_term_string"}}],"inLanguage":"de"},{"@type":"Organization","@id":"https:\/\/cozyanddozy.com\/de\/#organization","name":"Cozy & Dozy","url":"https:\/\/cozyanddozy.com\/de\/","logo":{"@type":"ImageObject","inLanguage":"de","@id":"https:\/\/cozyanddozy.com\/de\/#\/schema\/logo\/image\/","url":"https:\/\/cozyanddozy.com\/de\/wp-content\/uploads\/2023\/02\/cozyanddozy_logo_b.png","contentUrl":"https:\/\/cozyanddozy.com\/de\/wp-content\/uploads\/2023\/02\/cozyanddozy_logo_b.png","width":314,"height":85,"caption":"Cozy & Dozy"},"image":{"@id":"https:\/\/cozyanddozy.com\/de\/#\/schema\/logo\/image\/"}}]},"product_price_amount":"79.00","product_price_currency":"EUR","og_availability":"instock","product_availability":"instock","product_retailer_item_id":"5902701497309-2","product_condition":"new"},"_links":{"self":[{"href":"https:\/\/cozyanddozy.com\/de\/wp-json\/wp\/v2\/product\/3134","targetHints":{"allow":["GET"]}}],"collection":[{"href":"https:\/\/cozyanddozy.com\/de\/wp-json\/wp\/v2\/product"}],"about":[{"href":"https:\/\/cozyanddozy.com\/de\/wp-json\/wp\/v2\/types\/product"}],"replies":[{"embeddable":true,"href":"https:\/\/cozyanddozy.com\/de\/wp-json\/wp\/v2\/comments?post=3134"}],"wp:featuredmedia":[{"embeddable":true,"href":"https:\/\/cozyanddozy.com\/de\/wp-json\/wp\/v2\/media\/3374"}],"wp:attachment":[{"href":"https:\/\/cozyanddozy.com\/de\/wp-json\/wp\/v2\/media?parent=3134"}],"wp:term":[{"taxonomy":"product_brand","embeddable":true,"href":"https:\/\/cozyanddozy.com\/de\/wp-json\/wp\/v2\/product_brand?post=3134"},{"taxonomy":"product_cat","embeddable":true,"href":"https:\/\/cozyanddozy.com\/de\/wp-json\/wp\/v2\/product_cat?post=3134"},{"taxonomy":"product_tag","embeddable":true,"href":"https:\/\/cozyanddozy.com\/de\/wp-json\/wp\/v2\/product_tag?post=3134"}],"curies":[{"name":"wp","href":"https:\/\/api.w.org\/{rel}","templated":true}]}}