{"id":2995,"date":"2024-01-17T17:26:34","date_gmt":"2024-01-17T17:26:34","guid":{"rendered":"https:\/\/cozyanddozy.com\/?post_type=product&#038;p=2618"},"modified":"2024-08-16T11:50:27","modified_gmt":"2024-08-16T09:50:27","slug":"bonbonkissen-gruenes-rundes-kissen","status":"publish","type":"product","link":"https:\/\/cozyanddozy.com\/de\/produkt\/bonbonkissen-gruenes-rundes-kissen\/","title":{"rendered":"Bonbonkissen &#8211; gr\u00fcnes rundes Kissen"},"content":{"rendered":"<h3><img decoding=\"async\" class=\"alignnone  wp-image-2679 alignright\" src=\"https:\/\/cozyanddozy.com\/de\/wp-content\/uploads\/2023\/11\/candy-pillows-set-green-and-yellow-400x400.jpeg\" alt=\"\" width=\"485\" height=\"485\" srcset=\"https:\/\/cozyanddozy.com\/de\/wp-content\/uploads\/2023\/11\/candy-pillows-set-green-and-yellow-400x400.jpeg 400w, https:\/\/cozyanddozy.com\/de\/wp-content\/uploads\/2023\/11\/candy-pillows-set-green-and-yellow-150x150.jpeg 150w, https:\/\/cozyanddozy.com\/de\/wp-content\/uploads\/2023\/11\/candy-pillows-set-green-and-yellow-768x768.jpeg 768w, https:\/\/cozyanddozy.com\/de\/wp-content\/uploads\/2023\/11\/candy-pillows-set-green-and-yellow-470x470.jpeg 470w, https:\/\/cozyanddozy.com\/de\/wp-content\/uploads\/2023\/11\/candy-pillows-set-green-and-yellow-800x800.jpeg 800w, https:\/\/cozyanddozy.com\/de\/wp-content\/uploads\/2023\/11\/candy-pillows-set-green-and-yellow-100x100.jpeg 100w, https:\/\/cozyanddozy.com\/de\/wp-content\/uploads\/2023\/11\/candy-pillows-set-green-and-yellow.jpeg 1200w\" sizes=\"(max-width: 485px) 100vw, 485px\" \/><\/h3>\n<h3><strong>Ein rundes Kissen im Bonbon-Stil in gr\u00fcner Farbe von Cozy&amp;Dozy<\/strong><\/h3>\n<div><\/div>\n<div><strong>Wer liebt nicht weiche Kissen, besonders wenn sie aus wundersch\u00f6nem, farbenfrohem Samt bestehen?<\/strong><\/div>\n<div><\/div>\n<div><strong>Die s\u00fc\u00dfe Candy-Kissenkollektion umfasst runde, gem\u00fctliche Kissen in 5 Farben.<\/strong><\/div>\n<div><\/div>\n<div><strong>Zu jedem Kissen k\u00f6nnen Sie eine passende Girlande, einen Ballon oder eine Blume ausw\u00e4hlen.<\/strong><\/div>\n<div><\/div>\n<div>Ma\u00dfe:<\/div>\n<ul>\n<li>40&#215;40 cm<\/li>\n<\/ul>\n<div>Stoff:<\/div>\n<div><\/div>\n<ul>\n<li>100 % Samt<\/li>\n<li>antiallergische Silikon-Isolierf\u00fcllung<\/li>\n<\/ul>\n<div>Pflegemethode:<\/div>\n<div><\/div>\n<ul>\n<li>Waschen bei 40\u00b0 \u2013 Schonwaschgang<\/li>\n<li>Bei niedriger Temperatur b\u00fcgeln<\/li>\n<li>Reinige chemisch nicht<\/li>\n<li>Nicht chloren<\/li>\n<\/ul>\n<div><strong>Die Sicherheit der Kinder liegt uns am Herzen, weshalb die Girlande und das Kissen zu 100 % aus Samt h\u00f6chster Qualit\u00e4t bestehen.<\/strong><\/div>\n<div><strong>Unsere Produkte sind CE-zertifiziert, sodass Sie sie Ihrem Kind bedenkenlos geben k\u00f6nnen.<\/strong><\/div>\n<div><\/div>\n<div>Alle unsere Produkte wurden in unserem Cozy&amp;Dozy-Studio entworfen und hergestellt.<\/div>\n<div>\u200b<\/div>\n<div>\u200b<\/div>\n<div><\/div>\n<p>&nbsp;<\/p>\n<div><\/div>\n","protected":false},"excerpt":{"rendered":"<p>Weiches Kissen aus der Candy-Serie, bonbonfarbenes rundes Kissen 40&#215;40 cm<\/p>\n","protected":false},"featured_media":2721,"comment_status":"open","ping_status":"closed","template":"","meta":[],"product_brand":[],"product_cat":[73],"product_tag":[],"class_list":{"0":"post-2995","1":"product","2":"type-product","3":"status-publish","4":"has-post-thumbnail","6":"product_cat-kissen-puffs","8":"first","9":"instock","10":"shipping-taxable","11":"product-type-simple"},"yoast_head":"<!-- This site is optimized with the Yoast SEO Premium plugin v21.9 (Yoast SEO v27.0) - https:\/\/yoast.com\/product\/yoast-seo-premium-wordpress\/ -->\n<title>Bonbonkissen - gr\u00fcnes rundes Kissen - Cozy &amp; Dozy<\/title>\n<meta name=\"description\" content=\"Weiches Kissen aus der Candy-Serie, bonbonfarbenes rundes Kissen 40x40 cm\" \/>\n<meta name=\"robots\" content=\"index, follow, max-snippet:-1, max-image-preview:large, max-video-preview:-1\" \/>\n<link rel=\"canonical\" href=\"https:\/\/cozyanddozy.com\/de\/produkt\/bonbonkissen-gruenes-rundes-kissen\/\" \/>\n<meta property=\"og:locale\" content=\"de_DE\" \/>\n<meta property=\"og:type\" content=\"article\" \/>\n<meta property=\"og:title\" content=\"Bonbonkissen - gr\u00fcnes rundes Kissen\" \/>\n<meta property=\"og:description\" content=\"Weiches Kissen aus der Candy-Serie, bonbonfarbenes rundes Kissen 40x40 cm\" \/>\n<meta property=\"og:url\" content=\"https:\/\/cozyanddozy.com\/de\/produkt\/bonbonkissen-gruenes-rundes-kissen\/\" \/>\n<meta property=\"og:site_name\" content=\"Cozy &amp; Dozy\" \/>\n<meta property=\"article:modified_time\" content=\"2024-08-16T09:50:27+00:00\" \/>\n<meta property=\"og:image\" content=\"https:\/\/cozyanddozy.com\/de\/wp-content\/uploads\/2023\/11\/green-pillows-set-candy-ballon.jpeg\" \/>\n\t<meta property=\"og:image:width\" content=\"1200\" \/>\n\t<meta property=\"og:image:height\" content=\"1200\" \/>\n\t<meta property=\"og:image:type\" content=\"image\/jpeg\" \/>\n<meta name=\"twitter:card\" content=\"summary_large_image\" \/>\n<meta name=\"twitter:label1\" content=\"Preis\" \/>\n\t<meta name=\"twitter:data1\" content=\"35,00&nbsp;&euro;\" \/>\n\t<meta name=\"twitter:label2\" content=\"Verf\u00fcgbarkeit\" \/>\n\t<meta name=\"twitter:data2\" content=\"Auf Lager\" \/>\n<script type=\"application\/ld+json\" class=\"yoast-schema-graph\">{\"@context\":\"https:\/\/schema.org\",\"@graph\":[{\"@type\":\"WebPage\",\"@id\":\"https:\/\/cozyanddozy.com\/de\/produkt\/bonbonkissen-gruenes-rundes-kissen\/\",\"url\":\"https:\/\/cozyanddozy.com\/de\/produkt\/bonbonkissen-gruenes-rundes-kissen\/\",\"name\":\"Bonbonkissen - gr\u00fcnes rundes Kissen - Cozy & Dozy\",\"isPartOf\":{\"@id\":\"https:\/\/cozyanddozy.com\/de\/#website\"},\"primaryImageOfPage\":{\"@id\":\"https:\/\/cozyanddozy.com\/de\/produkt\/bonbonkissen-gruenes-rundes-kissen\/#primaryimage\"},\"image\":{\"@id\":\"https:\/\/cozyanddozy.com\/de\/produkt\/bonbonkissen-gruenes-rundes-kissen\/#primaryimage\"},\"thumbnailUrl\":\"https:\/\/cozyanddozy.com\/de\/wp-content\/uploads\/2023\/11\/green-pillows-set-candy-ballon.jpeg\",\"datePublished\":\"2024-01-17T17:26:34+00:00\",\"dateModified\":\"2024-08-16T09:50:27+00:00\",\"description\":\"Weiches Kissen aus der Candy-Serie, bonbonfarbenes rundes Kissen 40x40 cm\",\"breadcrumb\":{\"@id\":\"https:\/\/cozyanddozy.com\/de\/produkt\/bonbonkissen-gruenes-rundes-kissen\/#breadcrumb\"},\"inLanguage\":\"de\",\"potentialAction\":[{\"@type\":\"ReadAction\",\"target\":[\"https:\/\/cozyanddozy.com\/de\/produkt\/bonbonkissen-gruenes-rundes-kissen\/\"]}]},{\"@type\":\"ImageObject\",\"inLanguage\":\"de\",\"@id\":\"https:\/\/cozyanddozy.com\/de\/produkt\/bonbonkissen-gruenes-rundes-kissen\/#primaryimage\",\"url\":\"https:\/\/cozyanddozy.com\/de\/wp-content\/uploads\/2023\/11\/green-pillows-set-candy-ballon.jpeg\",\"contentUrl\":\"https:\/\/cozyanddozy.com\/de\/wp-content\/uploads\/2023\/11\/green-pillows-set-candy-ballon.jpeg\",\"width\":1200,\"height\":1200},{\"@type\":\"BreadcrumbList\",\"@id\":\"https:\/\/cozyanddozy.com\/de\/produkt\/bonbonkissen-gruenes-rundes-kissen\/#breadcrumb\",\"itemListElement\":[{\"@type\":\"ListItem\",\"position\":1,\"name\":\"Home\",\"item\":\"https:\/\/cozyanddozy.com\/de\/\"},{\"@type\":\"ListItem\",\"position\":2,\"name\":\"Shop\",\"item\":\"https:\/\/cozyanddozy.com\/de\/shop\/\"},{\"@type\":\"ListItem\",\"position\":3,\"name\":\"Bonbonkissen &#8211; gr\u00fcnes rundes Kissen\"}]},{\"@type\":\"WebSite\",\"@id\":\"https:\/\/cozyanddozy.com\/de\/#website\",\"url\":\"https:\/\/cozyanddozy.com\/de\/\",\"name\":\"Cozy & Dozy\",\"description\":\"\",\"publisher\":{\"@id\":\"https:\/\/cozyanddozy.com\/de\/#organization\"},\"potentialAction\":[{\"@type\":\"SearchAction\",\"target\":{\"@type\":\"EntryPoint\",\"urlTemplate\":\"https:\/\/cozyanddozy.com\/de\/?s={search_term_string}\"},\"query-input\":{\"@type\":\"PropertyValueSpecification\",\"valueRequired\":true,\"valueName\":\"search_term_string\"}}],\"inLanguage\":\"de\"},{\"@type\":\"Organization\",\"@id\":\"https:\/\/cozyanddozy.com\/de\/#organization\",\"name\":\"Cozy & Dozy\",\"url\":\"https:\/\/cozyanddozy.com\/de\/\",\"logo\":{\"@type\":\"ImageObject\",\"inLanguage\":\"de\",\"@id\":\"https:\/\/cozyanddozy.com\/de\/#\/schema\/logo\/image\/\",\"url\":\"https:\/\/cozyanddozy.com\/de\/wp-content\/uploads\/2023\/02\/cozyanddozy_logo_b.png\",\"contentUrl\":\"https:\/\/cozyanddozy.com\/de\/wp-content\/uploads\/2023\/02\/cozyanddozy_logo_b.png\",\"width\":314,\"height\":85,\"caption\":\"Cozy & Dozy\"},\"image\":{\"@id\":\"https:\/\/cozyanddozy.com\/de\/#\/schema\/logo\/image\/\"}}]}<\/script>\n<meta property=\"product:price:amount\" content=\"35.00\" \/>\n<meta property=\"product:price:currency\" content=\"EUR\" \/>\n<meta property=\"og:availability\" content=\"instock\" \/>\n<meta property=\"product:availability\" content=\"instock\" \/>\n<meta property=\"product:retailer_item_id\" content=\"5902701497446\" \/>\n<meta property=\"product:condition\" content=\"new\" \/>\n<!-- \/ Yoast SEO Premium plugin. -->","yoast_head_json":{"title":"Bonbonkissen - gr\u00fcnes rundes Kissen - Cozy & Dozy","description":"Weiches Kissen aus der Candy-Serie, bonbonfarbenes rundes Kissen 40x40 cm","robots":{"index":"index","follow":"follow","max-snippet":"max-snippet:-1","max-image-preview":"max-image-preview:large","max-video-preview":"max-video-preview:-1"},"canonical":"https:\/\/cozyanddozy.com\/de\/produkt\/bonbonkissen-gruenes-rundes-kissen\/","og_locale":"de_DE","og_type":"article","og_title":"Bonbonkissen - gr\u00fcnes rundes Kissen","og_description":"Weiches Kissen aus der Candy-Serie, bonbonfarbenes rundes Kissen 40x40 cm","og_url":"https:\/\/cozyanddozy.com\/de\/produkt\/bonbonkissen-gruenes-rundes-kissen\/","og_site_name":"Cozy &amp; Dozy","article_modified_time":"2024-08-16T09:50:27+00:00","og_image":[{"width":1200,"height":1200,"url":"https:\/\/cozyanddozy.com\/de\/wp-content\/uploads\/2023\/11\/green-pillows-set-candy-ballon.jpeg","type":"image\/jpeg"}],"twitter_card":"summary_large_image","twitter_misc":{"Preis":"35,00&nbsp;&euro;","Verf\u00fcgbarkeit":"Auf Lager"},"schema":{"@context":"https:\/\/schema.org","@graph":[{"@type":"WebPage","@id":"https:\/\/cozyanddozy.com\/de\/produkt\/bonbonkissen-gruenes-rundes-kissen\/","url":"https:\/\/cozyanddozy.com\/de\/produkt\/bonbonkissen-gruenes-rundes-kissen\/","name":"Bonbonkissen - gr\u00fcnes rundes Kissen - Cozy & Dozy","isPartOf":{"@id":"https:\/\/cozyanddozy.com\/de\/#website"},"primaryImageOfPage":{"@id":"https:\/\/cozyanddozy.com\/de\/produkt\/bonbonkissen-gruenes-rundes-kissen\/#primaryimage"},"image":{"@id":"https:\/\/cozyanddozy.com\/de\/produkt\/bonbonkissen-gruenes-rundes-kissen\/#primaryimage"},"thumbnailUrl":"https:\/\/cozyanddozy.com\/de\/wp-content\/uploads\/2023\/11\/green-pillows-set-candy-ballon.jpeg","datePublished":"2024-01-17T17:26:34+00:00","dateModified":"2024-08-16T09:50:27+00:00","description":"Weiches Kissen aus der Candy-Serie, bonbonfarbenes rundes Kissen 40x40 cm","breadcrumb":{"@id":"https:\/\/cozyanddozy.com\/de\/produkt\/bonbonkissen-gruenes-rundes-kissen\/#breadcrumb"},"inLanguage":"de","potentialAction":[{"@type":"ReadAction","target":["https:\/\/cozyanddozy.com\/de\/produkt\/bonbonkissen-gruenes-rundes-kissen\/"]}]},{"@type":"ImageObject","inLanguage":"de","@id":"https:\/\/cozyanddozy.com\/de\/produkt\/bonbonkissen-gruenes-rundes-kissen\/#primaryimage","url":"https:\/\/cozyanddozy.com\/de\/wp-content\/uploads\/2023\/11\/green-pillows-set-candy-ballon.jpeg","contentUrl":"https:\/\/cozyanddozy.com\/de\/wp-content\/uploads\/2023\/11\/green-pillows-set-candy-ballon.jpeg","width":1200,"height":1200},{"@type":"BreadcrumbList","@id":"https:\/\/cozyanddozy.com\/de\/produkt\/bonbonkissen-gruenes-rundes-kissen\/#breadcrumb","itemListElement":[{"@type":"ListItem","position":1,"name":"Home","item":"https:\/\/cozyanddozy.com\/de\/"},{"@type":"ListItem","position":2,"name":"Shop","item":"https:\/\/cozyanddozy.com\/de\/shop\/"},{"@type":"ListItem","position":3,"name":"Bonbonkissen &#8211; gr\u00fcnes rundes Kissen"}]},{"@type":"WebSite","@id":"https:\/\/cozyanddozy.com\/de\/#website","url":"https:\/\/cozyanddozy.com\/de\/","name":"Cozy & Dozy","description":"","publisher":{"@id":"https:\/\/cozyanddozy.com\/de\/#organization"},"potentialAction":[{"@type":"SearchAction","target":{"@type":"EntryPoint","urlTemplate":"https:\/\/cozyanddozy.com\/de\/?s={search_term_string}"},"query-input":{"@type":"PropertyValueSpecification","valueRequired":true,"valueName":"search_term_string"}}],"inLanguage":"de"},{"@type":"Organization","@id":"https:\/\/cozyanddozy.com\/de\/#organization","name":"Cozy & Dozy","url":"https:\/\/cozyanddozy.com\/de\/","logo":{"@type":"ImageObject","inLanguage":"de","@id":"https:\/\/cozyanddozy.com\/de\/#\/schema\/logo\/image\/","url":"https:\/\/cozyanddozy.com\/de\/wp-content\/uploads\/2023\/02\/cozyanddozy_logo_b.png","contentUrl":"https:\/\/cozyanddozy.com\/de\/wp-content\/uploads\/2023\/02\/cozyanddozy_logo_b.png","width":314,"height":85,"caption":"Cozy & Dozy"},"image":{"@id":"https:\/\/cozyanddozy.com\/de\/#\/schema\/logo\/image\/"}}]},"product_price_amount":"35.00","product_price_currency":"EUR","og_availability":"instock","product_availability":"instock","product_retailer_item_id":"5902701497446","product_condition":"new"},"_links":{"self":[{"href":"https:\/\/cozyanddozy.com\/de\/wp-json\/wp\/v2\/product\/2995","targetHints":{"allow":["GET"]}}],"collection":[{"href":"https:\/\/cozyanddozy.com\/de\/wp-json\/wp\/v2\/product"}],"about":[{"href":"https:\/\/cozyanddozy.com\/de\/wp-json\/wp\/v2\/types\/product"}],"replies":[{"embeddable":true,"href":"https:\/\/cozyanddozy.com\/de\/wp-json\/wp\/v2\/comments?post=2995"}],"wp:featuredmedia":[{"embeddable":true,"href":"https:\/\/cozyanddozy.com\/de\/wp-json\/wp\/v2\/media\/2721"}],"wp:attachment":[{"href":"https:\/\/cozyanddozy.com\/de\/wp-json\/wp\/v2\/media?parent=2995"}],"wp:term":[{"taxonomy":"product_brand","embeddable":true,"href":"https:\/\/cozyanddozy.com\/de\/wp-json\/wp\/v2\/product_brand?post=2995"},{"taxonomy":"product_cat","embeddable":true,"href":"https:\/\/cozyanddozy.com\/de\/wp-json\/wp\/v2\/product_cat?post=2995"},{"taxonomy":"product_tag","embeddable":true,"href":"https:\/\/cozyanddozy.com\/de\/wp-json\/wp\/v2\/product_tag?post=2995"}],"curies":[{"name":"wp","href":"https:\/\/api.w.org\/{rel}","templated":true}]}}