{"id":2848,"date":"2023-11-23T08:12:39","date_gmt":"2023-11-23T08:12:39","guid":{"rendered":"https:\/\/cozyanddozy.com\/?post_type=product&#038;p=2185"},"modified":"2025-01-29T21:21:26","modified_gmt":"2025-01-29T20:21:26","slug":"ballon-pillow-with-garland-white-balloon-set","status":"publish","type":"product","link":"https:\/\/cozyanddozy.com\/de\/produkt\/ballon-pillow-with-garland-white-balloon-set\/","title":{"rendered":"Ballonkissen mit Girlande \u2013 Wei\u00dfes Ballonset"},"content":{"rendered":"<h3><img decoding=\"async\" class=\"alignnone wp-image-2018 alignright\" src=\"https:\/\/cozyanddozy.com\/wp-content\/uploads\/2023\/11\/ballon-set-400x400.jpeg\" alt=\"\" width=\"353\" height=\"353\" \/><\/h3>\n<h3><b>Wei\u00dfes Ballonkissen mit Girlande von Cozy and Dozy.<\/b><\/h3>\n<p>Hin und wieder f\u00e4llt einem eine leere Wand ins Auge, im Kinderzimmer h\u00e4ngen zu viele Fotos und auch die Tapete ist bunt. Fragen Sie sich, wie Sie diese Ecke beruhigen k\u00f6nnen, damit eine kindliche, fr\u00f6hliche Atmosph\u00e4re entsteht, aber auch der Innenraum zum Spielen ein wenig beruhigt wird?<\/p>\n<p>Ein weiches<b>, wei\u00dfes Ballonkissen, das Sie an die Wand h\u00e4ngen und bei Bedarf zum Spielen <\/b>abnehmen k\u00f6nnen.<\/p>\n<p>Um die Farbe des Innenraums zu erg\u00e4nzen, haben wir <strong>dem Kissen eine zarte, zweifarbige Girlande in der Farbe eines Luftballons hinzugef\u00fcgt.<\/strong><\/p>\n<p>Jetzt ist alles in Ordnung, der Raum hat die erwartete Wirkung. Dar\u00fcber hinaus sind der <strong>wei\u00dfe Ballon und die Girlande Wanddekorationen, die problemlos in der Waschmaschine gewaschen<\/strong> werden k\u00f6nnen und daher keine Angst vor Staub haben.<\/p>\n<p><b>Sie k\u00f6nnen die Farbe der Girlande w\u00e4hlen!!<\/b><\/p>\n<p>Ma\u00dfe:<\/p>\n<ul>\n<li>wei\u00dfes Ballonkissen: 50&#215;35 cm<\/li>\n<li><span style=\"color: #555555;\">zweifarbige Girlande: L\u00e4nge 160 cm, Wimpel 14 x 11 cm<\/span><\/li>\n<\/ul>\n<p>Komposition:<\/p>\n<ul>\n<li>100 % Samt<\/li>\n<li><span style=\"color: #555555;\">Baumwollband<\/span><\/li>\n<li><span style=\"color: #555555;\">F\u00fcllung &#8211; antiallergischer Schaum<\/span><\/li>\n<\/ul>\n<p>Waschen:<\/p>\n<ul>\n<li>Die Dekorationen k\u00f6nnen bei 40 Grad gewaschen werden,<\/li>\n<li><span style=\"color: #555555;\">Spinnen \u2013 800 Umdrehungen,<\/span><\/li>\n<li><span style=\"color: #555555;\">Nicht chemisch reinigen, nicht bleichen<\/span><\/li>\n<\/ul>\n<p><strong>Die Sicherheit der Kinder steht f\u00fcr uns an erster Stelle, weshalb die Girlande und das Kissen aus 100 % hochwertigem Samt gefertigt sind. Unsere Produkte sind CE-zertifiziert \u2013 Sie k\u00f6nnen sie also bedenkenlos Ihrem Kind geben.<\/strong><\/p>\n<p>Alle unsere Artikel wurden in unserem Cozy&amp;Dozy-Studio entworfen und hergestellt.<\/p>\n","protected":false},"excerpt":{"rendered":"<p>Ein weiches, wei\u00dfes Ballonkissen, das Sie an die Wand h\u00e4ngen k\u00f6nnen. Um die Farbe des Innenraums zu erg\u00e4nzen, haben wir eine zarte, zweifarbige Girlande hinzugef\u00fcgt. Perfekte Kinderzimmerdekoration.<\/p>\n","protected":false},"featured_media":2769,"comment_status":"open","ping_status":"closed","template":"","meta":[],"product_brand":[],"product_cat":[73,72],"product_tag":[],"class_list":{"0":"post-2848","1":"product","2":"type-product","3":"status-publish","4":"has-post-thumbnail","6":"product_cat-kissen-puffs","7":"product_cat-zubehoer","9":"first","10":"instock","11":"sale","12":"shipping-taxable","13":"product-type-simple"},"yoast_head":"<!-- This site is optimized with the Yoast SEO Premium plugin v21.9 (Yoast SEO v27.0) - https:\/\/yoast.com\/product\/yoast-seo-premium-wordpress\/ -->\n<title>Ballonkissen mit Girlande \u2013 Wei\u00dfes Ballonset - Cozy &amp; Dozy<\/title>\n<meta name=\"description\" content=\"Ein weiches, wei\u00dfes Ballonkissen, das Sie an die Wand h\u00e4ngen k\u00f6nnen. Um die Farbe des Innenraums zu erg\u00e4nzen, haben wir eine zarte, zweifarbige Girlande hinzugef\u00fcgt. Perfekte Kinderzimmerdekoration.\" \/>\n<meta name=\"robots\" content=\"index, follow, max-snippet:-1, max-image-preview:large, max-video-preview:-1\" \/>\n<link rel=\"canonical\" href=\"https:\/\/cozyanddozy.com\/de\/produkt\/ballon-pillow-with-garland-white-balloon-set\/\" \/>\n<meta property=\"og:locale\" content=\"de_DE\" \/>\n<meta property=\"og:type\" content=\"article\" \/>\n<meta property=\"og:title\" content=\"Ballonkissen mit Girlande \u2013 Wei\u00dfes Ballonset\" \/>\n<meta property=\"og:description\" content=\"Ein weiches, wei\u00dfes Ballonkissen, das Sie an die Wand h\u00e4ngen k\u00f6nnen. Um die Farbe des Innenraums zu erg\u00e4nzen, haben wir eine zarte, zweifarbige Girlande hinzugef\u00fcgt. Perfekte Kinderzimmerdekoration.\" \/>\n<meta property=\"og:url\" content=\"https:\/\/cozyanddozy.com\/de\/produkt\/ballon-pillow-with-garland-white-balloon-set\/\" \/>\n<meta property=\"og:site_name\" content=\"Cozy &amp; Dozy\" \/>\n<meta property=\"article:modified_time\" content=\"2025-01-29T20:21:26+00:00\" \/>\n<meta property=\"og:image\" content=\"https:\/\/cozyanddozy.com\/de\/wp-content\/uploads\/2023\/11\/white-ballon-wall.jpeg\" \/>\n\t<meta property=\"og:image:width\" content=\"1200\" \/>\n\t<meta property=\"og:image:height\" content=\"1200\" \/>\n\t<meta property=\"og:image:type\" content=\"image\/jpeg\" \/>\n<meta name=\"twitter:card\" content=\"summary_large_image\" \/>\n<meta name=\"twitter:label1\" content=\"Preis\" \/>\n\t<meta name=\"twitter:data1\" content=\"29,00&nbsp;&euro;\" \/>\n\t<meta name=\"twitter:label2\" content=\"Verf\u00fcgbarkeit\" \/>\n\t<meta name=\"twitter:data2\" content=\"Auf Lager\" \/>\n<script type=\"application\/ld+json\" class=\"yoast-schema-graph\">{\"@context\":\"https:\/\/schema.org\",\"@graph\":[{\"@type\":\"WebPage\",\"@id\":\"https:\/\/cozyanddozy.com\/de\/produkt\/ballon-pillow-with-garland-white-balloon-set\/\",\"url\":\"https:\/\/cozyanddozy.com\/de\/produkt\/ballon-pillow-with-garland-white-balloon-set\/\",\"name\":\"Ballonkissen mit Girlande \u2013 Wei\u00dfes Ballonset - Cozy & Dozy\",\"isPartOf\":{\"@id\":\"https:\/\/cozyanddozy.com\/de\/#website\"},\"primaryImageOfPage\":{\"@id\":\"https:\/\/cozyanddozy.com\/de\/produkt\/ballon-pillow-with-garland-white-balloon-set\/#primaryimage\"},\"image\":{\"@id\":\"https:\/\/cozyanddozy.com\/de\/produkt\/ballon-pillow-with-garland-white-balloon-set\/#primaryimage\"},\"thumbnailUrl\":\"https:\/\/cozyanddozy.com\/de\/wp-content\/uploads\/2023\/11\/white-ballon-wall.jpeg\",\"datePublished\":\"2023-11-23T08:12:39+00:00\",\"dateModified\":\"2025-01-29T20:21:26+00:00\",\"description\":\"Ein weiches, wei\u00dfes Ballonkissen, das Sie an die Wand h\u00e4ngen k\u00f6nnen. Um die Farbe des Innenraums zu erg\u00e4nzen, haben wir eine zarte, zweifarbige Girlande hinzugef\u00fcgt. Perfekte Kinderzimmerdekoration.\",\"breadcrumb\":{\"@id\":\"https:\/\/cozyanddozy.com\/de\/produkt\/ballon-pillow-with-garland-white-balloon-set\/#breadcrumb\"},\"inLanguage\":\"de\",\"potentialAction\":[{\"@type\":\"ReadAction\",\"target\":[\"https:\/\/cozyanddozy.com\/de\/produkt\/ballon-pillow-with-garland-white-balloon-set\/\"]}]},{\"@type\":\"ImageObject\",\"inLanguage\":\"de\",\"@id\":\"https:\/\/cozyanddozy.com\/de\/produkt\/ballon-pillow-with-garland-white-balloon-set\/#primaryimage\",\"url\":\"https:\/\/cozyanddozy.com\/de\/wp-content\/uploads\/2023\/11\/white-ballon-wall.jpeg\",\"contentUrl\":\"https:\/\/cozyanddozy.com\/de\/wp-content\/uploads\/2023\/11\/white-ballon-wall.jpeg\",\"width\":1200,\"height\":1200},{\"@type\":\"BreadcrumbList\",\"@id\":\"https:\/\/cozyanddozy.com\/de\/produkt\/ballon-pillow-with-garland-white-balloon-set\/#breadcrumb\",\"itemListElement\":[{\"@type\":\"ListItem\",\"position\":1,\"name\":\"Home\",\"item\":\"https:\/\/cozyanddozy.com\/de\/\"},{\"@type\":\"ListItem\",\"position\":2,\"name\":\"Shop\",\"item\":\"https:\/\/cozyanddozy.com\/de\/shop\/\"},{\"@type\":\"ListItem\",\"position\":3,\"name\":\"Ballonkissen mit Girlande \u2013 Wei\u00dfes Ballonset\"}]},{\"@type\":\"WebSite\",\"@id\":\"https:\/\/cozyanddozy.com\/de\/#website\",\"url\":\"https:\/\/cozyanddozy.com\/de\/\",\"name\":\"Cozy & Dozy\",\"description\":\"\",\"publisher\":{\"@id\":\"https:\/\/cozyanddozy.com\/de\/#organization\"},\"potentialAction\":[{\"@type\":\"SearchAction\",\"target\":{\"@type\":\"EntryPoint\",\"urlTemplate\":\"https:\/\/cozyanddozy.com\/de\/?s={search_term_string}\"},\"query-input\":{\"@type\":\"PropertyValueSpecification\",\"valueRequired\":true,\"valueName\":\"search_term_string\"}}],\"inLanguage\":\"de\"},{\"@type\":\"Organization\",\"@id\":\"https:\/\/cozyanddozy.com\/de\/#organization\",\"name\":\"Cozy & Dozy\",\"url\":\"https:\/\/cozyanddozy.com\/de\/\",\"logo\":{\"@type\":\"ImageObject\",\"inLanguage\":\"de\",\"@id\":\"https:\/\/cozyanddozy.com\/de\/#\/schema\/logo\/image\/\",\"url\":\"https:\/\/cozyanddozy.com\/de\/wp-content\/uploads\/2023\/02\/cozyanddozy_logo_b.png\",\"contentUrl\":\"https:\/\/cozyanddozy.com\/de\/wp-content\/uploads\/2023\/02\/cozyanddozy_logo_b.png\",\"width\":314,\"height\":85,\"caption\":\"Cozy & Dozy\"},\"image\":{\"@id\":\"https:\/\/cozyanddozy.com\/de\/#\/schema\/logo\/image\/\"}}]}<\/script>\n<meta property=\"product:price:amount\" content=\"29.00\" \/>\n<meta property=\"product:price:currency\" content=\"EUR\" \/>\n<meta property=\"og:availability\" content=\"instock\" \/>\n<meta property=\"product:availability\" content=\"instock\" \/>\n<meta property=\"product:retailer_item_id\" content=\"5902701497415\" \/>\n<meta property=\"product:condition\" content=\"new\" \/>\n<!-- \/ Yoast SEO Premium plugin. -->","yoast_head_json":{"title":"Ballonkissen mit Girlande \u2013 Wei\u00dfes Ballonset - Cozy & Dozy","description":"Ein weiches, wei\u00dfes Ballonkissen, das Sie an die Wand h\u00e4ngen k\u00f6nnen. Um die Farbe des Innenraums zu erg\u00e4nzen, haben wir eine zarte, zweifarbige Girlande hinzugef\u00fcgt. Perfekte Kinderzimmerdekoration.","robots":{"index":"index","follow":"follow","max-snippet":"max-snippet:-1","max-image-preview":"max-image-preview:large","max-video-preview":"max-video-preview:-1"},"canonical":"https:\/\/cozyanddozy.com\/de\/produkt\/ballon-pillow-with-garland-white-balloon-set\/","og_locale":"de_DE","og_type":"article","og_title":"Ballonkissen mit Girlande \u2013 Wei\u00dfes Ballonset","og_description":"Ein weiches, wei\u00dfes Ballonkissen, das Sie an die Wand h\u00e4ngen k\u00f6nnen. Um die Farbe des Innenraums zu erg\u00e4nzen, haben wir eine zarte, zweifarbige Girlande hinzugef\u00fcgt. Perfekte Kinderzimmerdekoration.","og_url":"https:\/\/cozyanddozy.com\/de\/produkt\/ballon-pillow-with-garland-white-balloon-set\/","og_site_name":"Cozy &amp; Dozy","article_modified_time":"2025-01-29T20:21:26+00:00","og_image":[{"width":1200,"height":1200,"url":"https:\/\/cozyanddozy.com\/de\/wp-content\/uploads\/2023\/11\/white-ballon-wall.jpeg","type":"image\/jpeg"}],"twitter_card":"summary_large_image","twitter_misc":{"Preis":"29,00&nbsp;&euro;","Verf\u00fcgbarkeit":"Auf Lager"},"schema":{"@context":"https:\/\/schema.org","@graph":[{"@type":"WebPage","@id":"https:\/\/cozyanddozy.com\/de\/produkt\/ballon-pillow-with-garland-white-balloon-set\/","url":"https:\/\/cozyanddozy.com\/de\/produkt\/ballon-pillow-with-garland-white-balloon-set\/","name":"Ballonkissen mit Girlande \u2013 Wei\u00dfes Ballonset - Cozy & Dozy","isPartOf":{"@id":"https:\/\/cozyanddozy.com\/de\/#website"},"primaryImageOfPage":{"@id":"https:\/\/cozyanddozy.com\/de\/produkt\/ballon-pillow-with-garland-white-balloon-set\/#primaryimage"},"image":{"@id":"https:\/\/cozyanddozy.com\/de\/produkt\/ballon-pillow-with-garland-white-balloon-set\/#primaryimage"},"thumbnailUrl":"https:\/\/cozyanddozy.com\/de\/wp-content\/uploads\/2023\/11\/white-ballon-wall.jpeg","datePublished":"2023-11-23T08:12:39+00:00","dateModified":"2025-01-29T20:21:26+00:00","description":"Ein weiches, wei\u00dfes Ballonkissen, das Sie an die Wand h\u00e4ngen k\u00f6nnen. Um die Farbe des Innenraums zu erg\u00e4nzen, haben wir eine zarte, zweifarbige Girlande hinzugef\u00fcgt. Perfekte Kinderzimmerdekoration.","breadcrumb":{"@id":"https:\/\/cozyanddozy.com\/de\/produkt\/ballon-pillow-with-garland-white-balloon-set\/#breadcrumb"},"inLanguage":"de","potentialAction":[{"@type":"ReadAction","target":["https:\/\/cozyanddozy.com\/de\/produkt\/ballon-pillow-with-garland-white-balloon-set\/"]}]},{"@type":"ImageObject","inLanguage":"de","@id":"https:\/\/cozyanddozy.com\/de\/produkt\/ballon-pillow-with-garland-white-balloon-set\/#primaryimage","url":"https:\/\/cozyanddozy.com\/de\/wp-content\/uploads\/2023\/11\/white-ballon-wall.jpeg","contentUrl":"https:\/\/cozyanddozy.com\/de\/wp-content\/uploads\/2023\/11\/white-ballon-wall.jpeg","width":1200,"height":1200},{"@type":"BreadcrumbList","@id":"https:\/\/cozyanddozy.com\/de\/produkt\/ballon-pillow-with-garland-white-balloon-set\/#breadcrumb","itemListElement":[{"@type":"ListItem","position":1,"name":"Home","item":"https:\/\/cozyanddozy.com\/de\/"},{"@type":"ListItem","position":2,"name":"Shop","item":"https:\/\/cozyanddozy.com\/de\/shop\/"},{"@type":"ListItem","position":3,"name":"Ballonkissen mit Girlande \u2013 Wei\u00dfes Ballonset"}]},{"@type":"WebSite","@id":"https:\/\/cozyanddozy.com\/de\/#website","url":"https:\/\/cozyanddozy.com\/de\/","name":"Cozy & Dozy","description":"","publisher":{"@id":"https:\/\/cozyanddozy.com\/de\/#organization"},"potentialAction":[{"@type":"SearchAction","target":{"@type":"EntryPoint","urlTemplate":"https:\/\/cozyanddozy.com\/de\/?s={search_term_string}"},"query-input":{"@type":"PropertyValueSpecification","valueRequired":true,"valueName":"search_term_string"}}],"inLanguage":"de"},{"@type":"Organization","@id":"https:\/\/cozyanddozy.com\/de\/#organization","name":"Cozy & Dozy","url":"https:\/\/cozyanddozy.com\/de\/","logo":{"@type":"ImageObject","inLanguage":"de","@id":"https:\/\/cozyanddozy.com\/de\/#\/schema\/logo\/image\/","url":"https:\/\/cozyanddozy.com\/de\/wp-content\/uploads\/2023\/02\/cozyanddozy_logo_b.png","contentUrl":"https:\/\/cozyanddozy.com\/de\/wp-content\/uploads\/2023\/02\/cozyanddozy_logo_b.png","width":314,"height":85,"caption":"Cozy & Dozy"},"image":{"@id":"https:\/\/cozyanddozy.com\/de\/#\/schema\/logo\/image\/"}}]},"product_price_amount":"29.00","product_price_currency":"EUR","og_availability":"instock","product_availability":"instock","product_retailer_item_id":"5902701497415","product_condition":"new"},"_links":{"self":[{"href":"https:\/\/cozyanddozy.com\/de\/wp-json\/wp\/v2\/product\/2848","targetHints":{"allow":["GET"]}}],"collection":[{"href":"https:\/\/cozyanddozy.com\/de\/wp-json\/wp\/v2\/product"}],"about":[{"href":"https:\/\/cozyanddozy.com\/de\/wp-json\/wp\/v2\/types\/product"}],"replies":[{"embeddable":true,"href":"https:\/\/cozyanddozy.com\/de\/wp-json\/wp\/v2\/comments?post=2848"}],"wp:featuredmedia":[{"embeddable":true,"href":"https:\/\/cozyanddozy.com\/de\/wp-json\/wp\/v2\/media\/2769"}],"wp:attachment":[{"href":"https:\/\/cozyanddozy.com\/de\/wp-json\/wp\/v2\/media?parent=2848"}],"wp:term":[{"taxonomy":"product_brand","embeddable":true,"href":"https:\/\/cozyanddozy.com\/de\/wp-json\/wp\/v2\/product_brand?post=2848"},{"taxonomy":"product_cat","embeddable":true,"href":"https:\/\/cozyanddozy.com\/de\/wp-json\/wp\/v2\/product_cat?post=2848"},{"taxonomy":"product_tag","embeddable":true,"href":"https:\/\/cozyanddozy.com\/de\/wp-json\/wp\/v2\/product_tag?post=2848"}],"curies":[{"name":"wp","href":"https:\/\/api.w.org\/{rel}","templated":true}]}}