{"id":1962,"date":"2023-05-29T10:55:10","date_gmt":"2023-05-29T09:55:10","guid":{"rendered":"https:\/\/cozyanddozy.com\/?post_type=product&#038;p=1665"},"modified":"2025-01-29T21:24:51","modified_gmt":"2025-01-29T20:24:51","slug":"macaron-puff-zimt-biskuit-samtkissen-zimt-macaron","status":"publish","type":"product","link":"https:\/\/cozyanddozy.com\/de\/produkt\/macaron-puff-zimt-biskuit-samtkissen-zimt-macaron\/","title":{"rendered":"Macaron-Puff Zimt, Biskuit-Samtkissen Zimt Macaron"},"content":{"rendered":"<p><strong>Candy-Kissen \u2013 Puff in Makronenform, Abmessungen 65\u00d730 cm.<\/strong><\/p>\n<p>Ein dekorativer Macaron-Pouf f\u00fcr ein Kind ist eine k\u00f6stlich aussehende Sitzgelegenheit in Form eines franz\u00f6sischen Kekses mit F\u00fcllung.<\/p>\n<p>In der Candy Shop-Kollektion finden Sie Hocker in verschiedenen Farben und Gr\u00f6\u00dfen sowie Tipi-Zelte, Girlanden, Teppiche und Kissen.<\/p>\n<p>Der Sitzpuff ist mit antiallergischem Schaum gef\u00fcllt.<\/p>\n<p>Das Macaroon-Kissen hat einen Rei\u00dfverschluss, der das Waschen erleichtert.<\/p>\n<p>Ma\u00dfe: ca.65\u00d730 cm (+\/- 2,5 cm)<\/p>\n<p>Stoff: Samt Velours \u2013 Annex 4, Produktklasse I, CE<\/p>\n<p>Pflegemethode:<\/p>\n<ul>\n<li>Kein B\u00fcgeln<\/li>\n<li>Maschinenwaschbar bei 40 Grad, Schleudern \u2013 800 Umdrehungen<\/li>\n<li>Reinige chemisch nicht<\/li>\n<li>Nicht bleichen<\/li>\n<\/ul>\n<p>Entworfen und gen\u00e4ht in Polen von Cozy &amp; Dozy<\/p>\n","protected":false},"excerpt":{"rendered":"<p>Candy-Kissen \u2013 Puff in Makronenform, Abmessungen 65\u00d730 cm. Ein dekorativer Macaron-Pouf f\u00fcr ein Kind ist eine k\u00f6stlich aussehende Sitzgelegenheit in Form eines franz\u00f6sischen Kekses mit F\u00fcllung. In der Candy Shop-Kollektion finden Sie Hocker in verschiedenen Farben und Gr\u00f6\u00dfen sowie Tipi-Zelte, Girlanden, Teppiche und Kissen. Der Sitzpuff ist mit antiallergischem Schaum gef\u00fcllt. Das Macaroon-Kissen hat einen [&#8230;]\n","protected":false},"featured_media":1915,"comment_status":"open","ping_status":"closed","template":"","meta":[],"product_brand":[],"product_cat":[73],"product_tag":[],"class_list":{"0":"post-1962","1":"product","2":"type-product","3":"status-publish","4":"has-post-thumbnail","6":"product_cat-kissen-puffs","8":"first","9":"instock","10":"sale","11":"shipping-taxable","12":"product-type-simple"},"yoast_head":"<!-- This site is optimized with the Yoast SEO Premium plugin v21.9 (Yoast SEO v27.0) - https:\/\/yoast.com\/product\/yoast-seo-premium-wordpress\/ -->\n<title>Macaron-Puff Zimt, Biskuit-Samtkissen Zimt Macaron - Cozy &amp; Dozy<\/title>\n<meta name=\"description\" content=\"Ein dekorativer Macaron-Pouf f\u00fcr ein Kind ist eine k\u00f6stlich aussehende Sitzgelegenheit in Form eines franz\u00f6sischen Kekses mit F\u00fcllung.\" \/>\n<meta name=\"robots\" content=\"index, follow, max-snippet:-1, max-image-preview:large, max-video-preview:-1\" \/>\n<link rel=\"canonical\" href=\"https:\/\/cozyanddozy.com\/de\/produkt\/macaron-puff-zimt-biskuit-samtkissen-zimt-macaron\/\" \/>\n<meta property=\"og:locale\" content=\"de_DE\" \/>\n<meta property=\"og:type\" content=\"article\" \/>\n<meta property=\"og:title\" content=\"Macaron-Puff Zimt, Biskuit-Samtkissen Zimt Macaron\" \/>\n<meta property=\"og:description\" content=\"Ein dekorativer Macaron-Pouf f\u00fcr ein Kind ist eine k\u00f6stlich aussehende Sitzgelegenheit in Form eines franz\u00f6sischen Kekses mit F\u00fcllung.\" \/>\n<meta property=\"og:url\" content=\"https:\/\/cozyanddozy.com\/de\/produkt\/macaron-puff-zimt-biskuit-samtkissen-zimt-macaron\/\" \/>\n<meta property=\"og:site_name\" content=\"Cozy &amp; Dozy\" \/>\n<meta property=\"article:modified_time\" content=\"2025-01-29T20:24:51+00:00\" \/>\n<meta property=\"og:image\" content=\"https:\/\/cozyanddozy.com\/de\/wp-content\/uploads\/2023\/05\/cinnamon-macaron-pillow-pouf.jpeg\" \/>\n\t<meta property=\"og:image:width\" content=\"1200\" \/>\n\t<meta property=\"og:image:height\" content=\"1200\" \/>\n\t<meta property=\"og:image:type\" content=\"image\/jpeg\" \/>\n<meta name=\"twitter:card\" content=\"summary_large_image\" \/>\n<meta name=\"twitter:label1\" content=\"Preis\" \/>\n\t<meta name=\"twitter:data1\" content=\"49,00&nbsp;&euro;\" \/>\n\t<meta name=\"twitter:label2\" content=\"Verf\u00fcgbarkeit\" \/>\n\t<meta name=\"twitter:data2\" content=\"Auf Lager\" \/>\n<script type=\"application\/ld+json\" class=\"yoast-schema-graph\">{\"@context\":\"https:\/\/schema.org\",\"@graph\":[{\"@type\":\"WebPage\",\"@id\":\"https:\/\/cozyanddozy.com\/de\/produkt\/macaron-puff-zimt-biskuit-samtkissen-zimt-macaron\/\",\"url\":\"https:\/\/cozyanddozy.com\/de\/produkt\/macaron-puff-zimt-biskuit-samtkissen-zimt-macaron\/\",\"name\":\"Macaron-Puff Zimt, Biskuit-Samtkissen Zimt Macaron - Cozy & Dozy\",\"isPartOf\":{\"@id\":\"https:\/\/cozyanddozy.com\/de\/#website\"},\"primaryImageOfPage\":{\"@id\":\"https:\/\/cozyanddozy.com\/de\/produkt\/macaron-puff-zimt-biskuit-samtkissen-zimt-macaron\/#primaryimage\"},\"image\":{\"@id\":\"https:\/\/cozyanddozy.com\/de\/produkt\/macaron-puff-zimt-biskuit-samtkissen-zimt-macaron\/#primaryimage\"},\"thumbnailUrl\":\"https:\/\/cozyanddozy.com\/de\/wp-content\/uploads\/2023\/05\/cinnamon-macaron-pillow-pouf.jpeg\",\"datePublished\":\"2023-05-29T09:55:10+00:00\",\"dateModified\":\"2025-01-29T20:24:51+00:00\",\"description\":\"Ein dekorativer Macaron-Pouf f\u00fcr ein Kind ist eine k\u00f6stlich aussehende Sitzgelegenheit in Form eines franz\u00f6sischen Kekses mit F\u00fcllung.\",\"breadcrumb\":{\"@id\":\"https:\/\/cozyanddozy.com\/de\/produkt\/macaron-puff-zimt-biskuit-samtkissen-zimt-macaron\/#breadcrumb\"},\"inLanguage\":\"de\",\"potentialAction\":[{\"@type\":\"ReadAction\",\"target\":[\"https:\/\/cozyanddozy.com\/de\/produkt\/macaron-puff-zimt-biskuit-samtkissen-zimt-macaron\/\"]}]},{\"@type\":\"ImageObject\",\"inLanguage\":\"de\",\"@id\":\"https:\/\/cozyanddozy.com\/de\/produkt\/macaron-puff-zimt-biskuit-samtkissen-zimt-macaron\/#primaryimage\",\"url\":\"https:\/\/cozyanddozy.com\/de\/wp-content\/uploads\/2023\/05\/cinnamon-macaron-pillow-pouf.jpeg\",\"contentUrl\":\"https:\/\/cozyanddozy.com\/de\/wp-content\/uploads\/2023\/05\/cinnamon-macaron-pillow-pouf.jpeg\",\"width\":1200,\"height\":1200},{\"@type\":\"BreadcrumbList\",\"@id\":\"https:\/\/cozyanddozy.com\/de\/produkt\/macaron-puff-zimt-biskuit-samtkissen-zimt-macaron\/#breadcrumb\",\"itemListElement\":[{\"@type\":\"ListItem\",\"position\":1,\"name\":\"Home\",\"item\":\"https:\/\/cozyanddozy.com\/de\/\"},{\"@type\":\"ListItem\",\"position\":2,\"name\":\"Shop\",\"item\":\"https:\/\/cozyanddozy.com\/de\/shop\/\"},{\"@type\":\"ListItem\",\"position\":3,\"name\":\"Macaron-Puff Zimt, Biskuit-Samtkissen Zimt Macaron\"}]},{\"@type\":\"WebSite\",\"@id\":\"https:\/\/cozyanddozy.com\/de\/#website\",\"url\":\"https:\/\/cozyanddozy.com\/de\/\",\"name\":\"Cozy & Dozy\",\"description\":\"\",\"publisher\":{\"@id\":\"https:\/\/cozyanddozy.com\/de\/#organization\"},\"potentialAction\":[{\"@type\":\"SearchAction\",\"target\":{\"@type\":\"EntryPoint\",\"urlTemplate\":\"https:\/\/cozyanddozy.com\/de\/?s={search_term_string}\"},\"query-input\":{\"@type\":\"PropertyValueSpecification\",\"valueRequired\":true,\"valueName\":\"search_term_string\"}}],\"inLanguage\":\"de\"},{\"@type\":\"Organization\",\"@id\":\"https:\/\/cozyanddozy.com\/de\/#organization\",\"name\":\"Cozy & Dozy\",\"url\":\"https:\/\/cozyanddozy.com\/de\/\",\"logo\":{\"@type\":\"ImageObject\",\"inLanguage\":\"de\",\"@id\":\"https:\/\/cozyanddozy.com\/de\/#\/schema\/logo\/image\/\",\"url\":\"https:\/\/cozyanddozy.com\/de\/wp-content\/uploads\/2023\/02\/cozyanddozy_logo_b.png\",\"contentUrl\":\"https:\/\/cozyanddozy.com\/de\/wp-content\/uploads\/2023\/02\/cozyanddozy_logo_b.png\",\"width\":314,\"height\":85,\"caption\":\"Cozy & Dozy\"},\"image\":{\"@id\":\"https:\/\/cozyanddozy.com\/de\/#\/schema\/logo\/image\/\"}}]}<\/script>\n<meta property=\"product:price:amount\" content=\"49.00\" \/>\n<meta property=\"product:price:currency\" content=\"EUR\" \/>\n<meta property=\"og:availability\" content=\"instock\" \/>\n<meta property=\"product:availability\" content=\"instock\" \/>\n<meta property=\"product:retailer_item_id\" content=\"5902701497613\" \/>\n<meta property=\"product:condition\" content=\"new\" \/>\n<!-- \/ Yoast SEO Premium plugin. -->","yoast_head_json":{"title":"Macaron-Puff Zimt, Biskuit-Samtkissen Zimt Macaron - Cozy & Dozy","description":"Ein dekorativer Macaron-Pouf f\u00fcr ein Kind ist eine k\u00f6stlich aussehende Sitzgelegenheit in Form eines franz\u00f6sischen Kekses mit F\u00fcllung.","robots":{"index":"index","follow":"follow","max-snippet":"max-snippet:-1","max-image-preview":"max-image-preview:large","max-video-preview":"max-video-preview:-1"},"canonical":"https:\/\/cozyanddozy.com\/de\/produkt\/macaron-puff-zimt-biskuit-samtkissen-zimt-macaron\/","og_locale":"de_DE","og_type":"article","og_title":"Macaron-Puff Zimt, Biskuit-Samtkissen Zimt Macaron","og_description":"Ein dekorativer Macaron-Pouf f\u00fcr ein Kind ist eine k\u00f6stlich aussehende Sitzgelegenheit in Form eines franz\u00f6sischen Kekses mit F\u00fcllung.","og_url":"https:\/\/cozyanddozy.com\/de\/produkt\/macaron-puff-zimt-biskuit-samtkissen-zimt-macaron\/","og_site_name":"Cozy &amp; Dozy","article_modified_time":"2025-01-29T20:24:51+00:00","og_image":[{"width":1200,"height":1200,"url":"https:\/\/cozyanddozy.com\/de\/wp-content\/uploads\/2023\/05\/cinnamon-macaron-pillow-pouf.jpeg","type":"image\/jpeg"}],"twitter_card":"summary_large_image","twitter_misc":{"Preis":"49,00&nbsp;&euro;","Verf\u00fcgbarkeit":"Auf Lager"},"schema":{"@context":"https:\/\/schema.org","@graph":[{"@type":"WebPage","@id":"https:\/\/cozyanddozy.com\/de\/produkt\/macaron-puff-zimt-biskuit-samtkissen-zimt-macaron\/","url":"https:\/\/cozyanddozy.com\/de\/produkt\/macaron-puff-zimt-biskuit-samtkissen-zimt-macaron\/","name":"Macaron-Puff Zimt, Biskuit-Samtkissen Zimt Macaron - Cozy & Dozy","isPartOf":{"@id":"https:\/\/cozyanddozy.com\/de\/#website"},"primaryImageOfPage":{"@id":"https:\/\/cozyanddozy.com\/de\/produkt\/macaron-puff-zimt-biskuit-samtkissen-zimt-macaron\/#primaryimage"},"image":{"@id":"https:\/\/cozyanddozy.com\/de\/produkt\/macaron-puff-zimt-biskuit-samtkissen-zimt-macaron\/#primaryimage"},"thumbnailUrl":"https:\/\/cozyanddozy.com\/de\/wp-content\/uploads\/2023\/05\/cinnamon-macaron-pillow-pouf.jpeg","datePublished":"2023-05-29T09:55:10+00:00","dateModified":"2025-01-29T20:24:51+00:00","description":"Ein dekorativer Macaron-Pouf f\u00fcr ein Kind ist eine k\u00f6stlich aussehende Sitzgelegenheit in Form eines franz\u00f6sischen Kekses mit F\u00fcllung.","breadcrumb":{"@id":"https:\/\/cozyanddozy.com\/de\/produkt\/macaron-puff-zimt-biskuit-samtkissen-zimt-macaron\/#breadcrumb"},"inLanguage":"de","potentialAction":[{"@type":"ReadAction","target":["https:\/\/cozyanddozy.com\/de\/produkt\/macaron-puff-zimt-biskuit-samtkissen-zimt-macaron\/"]}]},{"@type":"ImageObject","inLanguage":"de","@id":"https:\/\/cozyanddozy.com\/de\/produkt\/macaron-puff-zimt-biskuit-samtkissen-zimt-macaron\/#primaryimage","url":"https:\/\/cozyanddozy.com\/de\/wp-content\/uploads\/2023\/05\/cinnamon-macaron-pillow-pouf.jpeg","contentUrl":"https:\/\/cozyanddozy.com\/de\/wp-content\/uploads\/2023\/05\/cinnamon-macaron-pillow-pouf.jpeg","width":1200,"height":1200},{"@type":"BreadcrumbList","@id":"https:\/\/cozyanddozy.com\/de\/produkt\/macaron-puff-zimt-biskuit-samtkissen-zimt-macaron\/#breadcrumb","itemListElement":[{"@type":"ListItem","position":1,"name":"Home","item":"https:\/\/cozyanddozy.com\/de\/"},{"@type":"ListItem","position":2,"name":"Shop","item":"https:\/\/cozyanddozy.com\/de\/shop\/"},{"@type":"ListItem","position":3,"name":"Macaron-Puff Zimt, Biskuit-Samtkissen Zimt Macaron"}]},{"@type":"WebSite","@id":"https:\/\/cozyanddozy.com\/de\/#website","url":"https:\/\/cozyanddozy.com\/de\/","name":"Cozy & Dozy","description":"","publisher":{"@id":"https:\/\/cozyanddozy.com\/de\/#organization"},"potentialAction":[{"@type":"SearchAction","target":{"@type":"EntryPoint","urlTemplate":"https:\/\/cozyanddozy.com\/de\/?s={search_term_string}"},"query-input":{"@type":"PropertyValueSpecification","valueRequired":true,"valueName":"search_term_string"}}],"inLanguage":"de"},{"@type":"Organization","@id":"https:\/\/cozyanddozy.com\/de\/#organization","name":"Cozy & Dozy","url":"https:\/\/cozyanddozy.com\/de\/","logo":{"@type":"ImageObject","inLanguage":"de","@id":"https:\/\/cozyanddozy.com\/de\/#\/schema\/logo\/image\/","url":"https:\/\/cozyanddozy.com\/de\/wp-content\/uploads\/2023\/02\/cozyanddozy_logo_b.png","contentUrl":"https:\/\/cozyanddozy.com\/de\/wp-content\/uploads\/2023\/02\/cozyanddozy_logo_b.png","width":314,"height":85,"caption":"Cozy & Dozy"},"image":{"@id":"https:\/\/cozyanddozy.com\/de\/#\/schema\/logo\/image\/"}}]},"product_price_amount":"49.00","product_price_currency":"EUR","og_availability":"instock","product_availability":"instock","product_retailer_item_id":"5902701497613","product_condition":"new"},"_links":{"self":[{"href":"https:\/\/cozyanddozy.com\/de\/wp-json\/wp\/v2\/product\/1962","targetHints":{"allow":["GET"]}}],"collection":[{"href":"https:\/\/cozyanddozy.com\/de\/wp-json\/wp\/v2\/product"}],"about":[{"href":"https:\/\/cozyanddozy.com\/de\/wp-json\/wp\/v2\/types\/product"}],"replies":[{"embeddable":true,"href":"https:\/\/cozyanddozy.com\/de\/wp-json\/wp\/v2\/comments?post=1962"}],"wp:featuredmedia":[{"embeddable":true,"href":"https:\/\/cozyanddozy.com\/de\/wp-json\/wp\/v2\/media\/1915"}],"wp:attachment":[{"href":"https:\/\/cozyanddozy.com\/de\/wp-json\/wp\/v2\/media?parent=1962"}],"wp:term":[{"taxonomy":"product_brand","embeddable":true,"href":"https:\/\/cozyanddozy.com\/de\/wp-json\/wp\/v2\/product_brand?post=1962"},{"taxonomy":"product_cat","embeddable":true,"href":"https:\/\/cozyanddozy.com\/de\/wp-json\/wp\/v2\/product_cat?post=1962"},{"taxonomy":"product_tag","embeddable":true,"href":"https:\/\/cozyanddozy.com\/de\/wp-json\/wp\/v2\/product_tag?post=1962"}],"curies":[{"name":"wp","href":"https:\/\/api.w.org\/{rel}","templated":true}]}}