{"id":1893,"date":"2023-05-22T09:53:06","date_gmt":"2023-05-22T08:53:06","guid":{"rendered":"https:\/\/cozyanddozy.com\/?post_type=product&#038;p=1602"},"modified":"2025-01-29T21:25:52","modified_gmt":"2025-01-29T20:25:52","slug":"blumenkissen-daisy-flower-dunkelpink-samtkissen-gaensebluemchen","status":"publish","type":"product","link":"https:\/\/cozyanddozy.com\/de\/produkt\/blumenkissen-daisy-flower-dunkelpink-samtkissen-gaensebluemchen\/","title":{"rendered":"Blumenkissen, Daisy Flower dunkelpink Samtkissen G\u00e4nsebl\u00fcmchen"},"content":{"rendered":"<h3>Blumensamtkissen G\u00e4nsebl\u00fcmchen<\/h3>\n<p>Ohne was k\u00f6nnen wir uns den Fr\u00fchling nicht vorstellen? Nat\u00fcrlich ohne sch\u00f6ne und einzigartige G\u00e4nsebl\u00fcmchen.<\/p>\n<p>Und es ist am besten, wenn diese G\u00e4nsebl\u00fcmchen weich sind und sich angenehm anf\u00fchlen!<\/p>\n<p><strong>Kissen aus der Daisy-Kollektion sind eine sch\u00f6ne Erg\u00e4nzung f\u00fcr jeden Raum. Es wird sowohl das Schlafzimmer als auch das Wohnzimmer und das Kinderzimmer schm\u00fccken.<\/strong><\/p>\n<p>Jeder findet etwas f\u00fcr sich.<\/p>\n<p>Du kannst deine H\u00e4nde nicht von Daisys Kissen lassen! Es ist aus sehr weichem Samt. Dieses Material macht die Verwendung des Kissens zu einem \u00e4u\u00dferst angenehmen Erlebnis. Ihr Kind wird es sicherlich lieben, damit zu kuscheln und es f\u00fcr alle Nickerchen mitzunehmen<\/p>\n<p>Sie k\u00f6nnen Blumen in verschiedenen Farben w\u00e4hlen: wei\u00df, gelb, dunkelrosa, hellrosa, grau, violett und beige.<\/p>\n<p>Ma\u00dfe:<\/p>\n<ul>\n<li><span class=\"Apple-converted-space\">\u00a0<\/span>52\u00d752 cm<\/li>\n<\/ul>\n<p>Komposition:<\/p>\n<ul>\n<li><span class=\"Apple-converted-space\">\u00a0<\/span>100 % Samt ( Zertifikat, CE)<\/li>\n<li>\u00a0F\u00fcllen des Kissens \u2013 Silikonkugel, antiallergisch.<\/li>\n<\/ul>\n<p>Waschen:<\/p>\n<ul>\n<li>Maschinenwaschbar bei 40 Grad,<\/li>\n<li>Schleudern \u2013 800 Umdrehungen,<\/li>\n<li>nicht chemisch reinigen, nicht bleichen,<\/li>\n<li>Nach dem Waschen sch\u00fctteln, um den Guss zu arrangieren,<\/li>\n<li>auf einer ebenen Fl\u00e4che trocknen.<\/li>\n<\/ul>\n","protected":false},"excerpt":{"rendered":"<p>Blumensamtkissen G\u00e4nsebl\u00fcmchen Ohne was k\u00f6nnen wir uns den Fr\u00fchling nicht vorstellen? Nat\u00fcrlich ohne sch\u00f6ne und einzigartige G\u00e4nsebl\u00fcmchen. Und es ist am besten, wenn diese G\u00e4nsebl\u00fcmchen weich sind und sich angenehm anf\u00fchlen! Kissen aus der Daisy-Kollektion sind eine sch\u00f6ne Erg\u00e4nzung f\u00fcr jeden Raum. Es wird sowohl das Schlafzimmer als auch das Wohnzimmer und das Kinderzimmer schm\u00fccken. [&#8230;]\n","protected":false},"featured_media":1874,"comment_status":"open","ping_status":"closed","template":"","meta":[],"product_brand":[],"product_cat":[73],"product_tag":[],"class_list":{"0":"post-1893","1":"product","2":"type-product","3":"status-publish","4":"has-post-thumbnail","6":"product_cat-kissen-puffs","8":"first","9":"instock","10":"sale","11":"shipping-taxable","12":"product-type-simple"},"yoast_head":"<!-- This site is optimized with the Yoast SEO Premium plugin v21.9 (Yoast SEO v27.0) - https:\/\/yoast.com\/product\/yoast-seo-premium-wordpress\/ -->\n<title>Blumenkissen, Daisy Flower dunkelpink Samtkissen G\u00e4nsebl\u00fcmchen - Cozy &amp; Dozy<\/title>\n<meta name=\"description\" content=\"Ein gro\u00dfes und weiches dekoratives Velvet dunkelpink Blumenkissen 52\u00d752 cm. Es sieht auf dem Sofa und Sessel wundersch\u00f6n aus.\" \/>\n<meta name=\"robots\" content=\"index, follow, max-snippet:-1, max-image-preview:large, max-video-preview:-1\" \/>\n<link rel=\"canonical\" href=\"https:\/\/cozyanddozy.com\/de\/produkt\/blumenkissen-daisy-flower-dunkelpink-samtkissen-gaensebluemchen\/\" \/>\n<meta property=\"og:locale\" content=\"de_DE\" \/>\n<meta property=\"og:type\" content=\"article\" \/>\n<meta property=\"og:title\" content=\"Blumenkissen, Daisy Flower dunkelpink Samtkissen G\u00e4nsebl\u00fcmchen\" \/>\n<meta property=\"og:description\" content=\"Ein gro\u00dfes und weiches dekoratives Velvet dunkelpink Blumenkissen 52\u00d752 cm. Es sieht auf dem Sofa und Sessel wundersch\u00f6n aus.\" \/>\n<meta property=\"og:url\" content=\"https:\/\/cozyanddozy.com\/de\/produkt\/blumenkissen-daisy-flower-dunkelpink-samtkissen-gaensebluemchen\/\" \/>\n<meta property=\"og:site_name\" content=\"Cozy &amp; Dozy\" \/>\n<meta property=\"article:modified_time\" content=\"2025-01-29T20:25:52+00:00\" \/>\n<meta property=\"og:image\" content=\"https:\/\/cozyanddozy.com\/de\/wp-content\/uploads\/2023\/05\/flower-pillow-beige-pink-violet.jpg\" \/>\n\t<meta property=\"og:image:width\" content=\"1500\" \/>\n\t<meta property=\"og:image:height\" content=\"1500\" \/>\n\t<meta property=\"og:image:type\" content=\"image\/jpeg\" \/>\n<meta name=\"twitter:card\" content=\"summary_large_image\" \/>\n<meta name=\"twitter:label1\" content=\"Preis\" \/>\n\t<meta name=\"twitter:data1\" content=\"25,00&nbsp;&euro;\" \/>\n\t<meta name=\"twitter:label2\" content=\"Verf\u00fcgbarkeit\" \/>\n\t<meta name=\"twitter:data2\" content=\"Auf Lager\" \/>\n<script type=\"application\/ld+json\" class=\"yoast-schema-graph\">{\"@context\":\"https:\/\/schema.org\",\"@graph\":[{\"@type\":\"WebPage\",\"@id\":\"https:\/\/cozyanddozy.com\/de\/produkt\/blumenkissen-daisy-flower-dunkelpink-samtkissen-gaensebluemchen\/\",\"url\":\"https:\/\/cozyanddozy.com\/de\/produkt\/blumenkissen-daisy-flower-dunkelpink-samtkissen-gaensebluemchen\/\",\"name\":\"Blumenkissen, Daisy Flower dunkelpink Samtkissen G\u00e4nsebl\u00fcmchen - Cozy & Dozy\",\"isPartOf\":{\"@id\":\"https:\/\/cozyanddozy.com\/de\/#website\"},\"primaryImageOfPage\":{\"@id\":\"https:\/\/cozyanddozy.com\/de\/produkt\/blumenkissen-daisy-flower-dunkelpink-samtkissen-gaensebluemchen\/#primaryimage\"},\"image\":{\"@id\":\"https:\/\/cozyanddozy.com\/de\/produkt\/blumenkissen-daisy-flower-dunkelpink-samtkissen-gaensebluemchen\/#primaryimage\"},\"thumbnailUrl\":\"https:\/\/cozyanddozy.com\/de\/wp-content\/uploads\/2023\/05\/flower-pillow-beige-pink-violet.jpg\",\"datePublished\":\"2023-05-22T08:53:06+00:00\",\"dateModified\":\"2025-01-29T20:25:52+00:00\",\"description\":\"Ein gro\u00dfes und weiches dekoratives Velvet dunkelpink Blumenkissen 52\u00d752 cm. Es sieht auf dem Sofa und Sessel wundersch\u00f6n aus.\",\"breadcrumb\":{\"@id\":\"https:\/\/cozyanddozy.com\/de\/produkt\/blumenkissen-daisy-flower-dunkelpink-samtkissen-gaensebluemchen\/#breadcrumb\"},\"inLanguage\":\"de\",\"potentialAction\":[{\"@type\":\"ReadAction\",\"target\":[\"https:\/\/cozyanddozy.com\/de\/produkt\/blumenkissen-daisy-flower-dunkelpink-samtkissen-gaensebluemchen\/\"]}]},{\"@type\":\"ImageObject\",\"inLanguage\":\"de\",\"@id\":\"https:\/\/cozyanddozy.com\/de\/produkt\/blumenkissen-daisy-flower-dunkelpink-samtkissen-gaensebluemchen\/#primaryimage\",\"url\":\"https:\/\/cozyanddozy.com\/de\/wp-content\/uploads\/2023\/05\/flower-pillow-beige-pink-violet.jpg\",\"contentUrl\":\"https:\/\/cozyanddozy.com\/de\/wp-content\/uploads\/2023\/05\/flower-pillow-beige-pink-violet.jpg\",\"width\":1500,\"height\":1500},{\"@type\":\"BreadcrumbList\",\"@id\":\"https:\/\/cozyanddozy.com\/de\/produkt\/blumenkissen-daisy-flower-dunkelpink-samtkissen-gaensebluemchen\/#breadcrumb\",\"itemListElement\":[{\"@type\":\"ListItem\",\"position\":1,\"name\":\"Home\",\"item\":\"https:\/\/cozyanddozy.com\/de\/\"},{\"@type\":\"ListItem\",\"position\":2,\"name\":\"Shop\",\"item\":\"https:\/\/cozyanddozy.com\/de\/shop\/\"},{\"@type\":\"ListItem\",\"position\":3,\"name\":\"Blumenkissen, Daisy Flower dunkelpink Samtkissen G\u00e4nsebl\u00fcmchen\"}]},{\"@type\":\"WebSite\",\"@id\":\"https:\/\/cozyanddozy.com\/de\/#website\",\"url\":\"https:\/\/cozyanddozy.com\/de\/\",\"name\":\"Cozy & Dozy\",\"description\":\"\",\"publisher\":{\"@id\":\"https:\/\/cozyanddozy.com\/de\/#organization\"},\"potentialAction\":[{\"@type\":\"SearchAction\",\"target\":{\"@type\":\"EntryPoint\",\"urlTemplate\":\"https:\/\/cozyanddozy.com\/de\/?s={search_term_string}\"},\"query-input\":{\"@type\":\"PropertyValueSpecification\",\"valueRequired\":true,\"valueName\":\"search_term_string\"}}],\"inLanguage\":\"de\"},{\"@type\":\"Organization\",\"@id\":\"https:\/\/cozyanddozy.com\/de\/#organization\",\"name\":\"Cozy & Dozy\",\"url\":\"https:\/\/cozyanddozy.com\/de\/\",\"logo\":{\"@type\":\"ImageObject\",\"inLanguage\":\"de\",\"@id\":\"https:\/\/cozyanddozy.com\/de\/#\/schema\/logo\/image\/\",\"url\":\"https:\/\/cozyanddozy.com\/de\/wp-content\/uploads\/2023\/02\/cozyanddozy_logo_b.png\",\"contentUrl\":\"https:\/\/cozyanddozy.com\/de\/wp-content\/uploads\/2023\/02\/cozyanddozy_logo_b.png\",\"width\":314,\"height\":85,\"caption\":\"Cozy & Dozy\"},\"image\":{\"@id\":\"https:\/\/cozyanddozy.com\/de\/#\/schema\/logo\/image\/\"}}]}<\/script>\n<meta property=\"product:price:amount\" content=\"25.00\" \/>\n<meta property=\"product:price:currency\" content=\"EUR\" \/>\n<meta property=\"og:availability\" content=\"instock\" \/>\n<meta property=\"product:availability\" content=\"instock\" \/>\n<meta property=\"product:retailer_item_id\" content=\"5902701497699\" \/>\n<meta property=\"product:condition\" content=\"new\" \/>\n<!-- \/ Yoast SEO Premium plugin. -->","yoast_head_json":{"title":"Blumenkissen, Daisy Flower dunkelpink Samtkissen G\u00e4nsebl\u00fcmchen - Cozy & Dozy","description":"Ein gro\u00dfes und weiches dekoratives Velvet dunkelpink Blumenkissen 52\u00d752 cm. Es sieht auf dem Sofa und Sessel wundersch\u00f6n aus.","robots":{"index":"index","follow":"follow","max-snippet":"max-snippet:-1","max-image-preview":"max-image-preview:large","max-video-preview":"max-video-preview:-1"},"canonical":"https:\/\/cozyanddozy.com\/de\/produkt\/blumenkissen-daisy-flower-dunkelpink-samtkissen-gaensebluemchen\/","og_locale":"de_DE","og_type":"article","og_title":"Blumenkissen, Daisy Flower dunkelpink Samtkissen G\u00e4nsebl\u00fcmchen","og_description":"Ein gro\u00dfes und weiches dekoratives Velvet dunkelpink Blumenkissen 52\u00d752 cm. Es sieht auf dem Sofa und Sessel wundersch\u00f6n aus.","og_url":"https:\/\/cozyanddozy.com\/de\/produkt\/blumenkissen-daisy-flower-dunkelpink-samtkissen-gaensebluemchen\/","og_site_name":"Cozy &amp; Dozy","article_modified_time":"2025-01-29T20:25:52+00:00","og_image":[{"width":1500,"height":1500,"url":"https:\/\/cozyanddozy.com\/de\/wp-content\/uploads\/2023\/05\/flower-pillow-beige-pink-violet.jpg","type":"image\/jpeg"}],"twitter_card":"summary_large_image","twitter_misc":{"Preis":"25,00&nbsp;&euro;","Verf\u00fcgbarkeit":"Auf Lager"},"schema":{"@context":"https:\/\/schema.org","@graph":[{"@type":"WebPage","@id":"https:\/\/cozyanddozy.com\/de\/produkt\/blumenkissen-daisy-flower-dunkelpink-samtkissen-gaensebluemchen\/","url":"https:\/\/cozyanddozy.com\/de\/produkt\/blumenkissen-daisy-flower-dunkelpink-samtkissen-gaensebluemchen\/","name":"Blumenkissen, Daisy Flower dunkelpink Samtkissen G\u00e4nsebl\u00fcmchen - Cozy & Dozy","isPartOf":{"@id":"https:\/\/cozyanddozy.com\/de\/#website"},"primaryImageOfPage":{"@id":"https:\/\/cozyanddozy.com\/de\/produkt\/blumenkissen-daisy-flower-dunkelpink-samtkissen-gaensebluemchen\/#primaryimage"},"image":{"@id":"https:\/\/cozyanddozy.com\/de\/produkt\/blumenkissen-daisy-flower-dunkelpink-samtkissen-gaensebluemchen\/#primaryimage"},"thumbnailUrl":"https:\/\/cozyanddozy.com\/de\/wp-content\/uploads\/2023\/05\/flower-pillow-beige-pink-violet.jpg","datePublished":"2023-05-22T08:53:06+00:00","dateModified":"2025-01-29T20:25:52+00:00","description":"Ein gro\u00dfes und weiches dekoratives Velvet dunkelpink Blumenkissen 52\u00d752 cm. Es sieht auf dem Sofa und Sessel wundersch\u00f6n aus.","breadcrumb":{"@id":"https:\/\/cozyanddozy.com\/de\/produkt\/blumenkissen-daisy-flower-dunkelpink-samtkissen-gaensebluemchen\/#breadcrumb"},"inLanguage":"de","potentialAction":[{"@type":"ReadAction","target":["https:\/\/cozyanddozy.com\/de\/produkt\/blumenkissen-daisy-flower-dunkelpink-samtkissen-gaensebluemchen\/"]}]},{"@type":"ImageObject","inLanguage":"de","@id":"https:\/\/cozyanddozy.com\/de\/produkt\/blumenkissen-daisy-flower-dunkelpink-samtkissen-gaensebluemchen\/#primaryimage","url":"https:\/\/cozyanddozy.com\/de\/wp-content\/uploads\/2023\/05\/flower-pillow-beige-pink-violet.jpg","contentUrl":"https:\/\/cozyanddozy.com\/de\/wp-content\/uploads\/2023\/05\/flower-pillow-beige-pink-violet.jpg","width":1500,"height":1500},{"@type":"BreadcrumbList","@id":"https:\/\/cozyanddozy.com\/de\/produkt\/blumenkissen-daisy-flower-dunkelpink-samtkissen-gaensebluemchen\/#breadcrumb","itemListElement":[{"@type":"ListItem","position":1,"name":"Home","item":"https:\/\/cozyanddozy.com\/de\/"},{"@type":"ListItem","position":2,"name":"Shop","item":"https:\/\/cozyanddozy.com\/de\/shop\/"},{"@type":"ListItem","position":3,"name":"Blumenkissen, Daisy Flower dunkelpink Samtkissen G\u00e4nsebl\u00fcmchen"}]},{"@type":"WebSite","@id":"https:\/\/cozyanddozy.com\/de\/#website","url":"https:\/\/cozyanddozy.com\/de\/","name":"Cozy & Dozy","description":"","publisher":{"@id":"https:\/\/cozyanddozy.com\/de\/#organization"},"potentialAction":[{"@type":"SearchAction","target":{"@type":"EntryPoint","urlTemplate":"https:\/\/cozyanddozy.com\/de\/?s={search_term_string}"},"query-input":{"@type":"PropertyValueSpecification","valueRequired":true,"valueName":"search_term_string"}}],"inLanguage":"de"},{"@type":"Organization","@id":"https:\/\/cozyanddozy.com\/de\/#organization","name":"Cozy & Dozy","url":"https:\/\/cozyanddozy.com\/de\/","logo":{"@type":"ImageObject","inLanguage":"de","@id":"https:\/\/cozyanddozy.com\/de\/#\/schema\/logo\/image\/","url":"https:\/\/cozyanddozy.com\/de\/wp-content\/uploads\/2023\/02\/cozyanddozy_logo_b.png","contentUrl":"https:\/\/cozyanddozy.com\/de\/wp-content\/uploads\/2023\/02\/cozyanddozy_logo_b.png","width":314,"height":85,"caption":"Cozy & Dozy"},"image":{"@id":"https:\/\/cozyanddozy.com\/de\/#\/schema\/logo\/image\/"}}]},"product_price_amount":"25.00","product_price_currency":"EUR","og_availability":"instock","product_availability":"instock","product_retailer_item_id":"5902701497699","product_condition":"new"},"_links":{"self":[{"href":"https:\/\/cozyanddozy.com\/de\/wp-json\/wp\/v2\/product\/1893","targetHints":{"allow":["GET"]}}],"collection":[{"href":"https:\/\/cozyanddozy.com\/de\/wp-json\/wp\/v2\/product"}],"about":[{"href":"https:\/\/cozyanddozy.com\/de\/wp-json\/wp\/v2\/types\/product"}],"replies":[{"embeddable":true,"href":"https:\/\/cozyanddozy.com\/de\/wp-json\/wp\/v2\/comments?post=1893"}],"wp:featuredmedia":[{"embeddable":true,"href":"https:\/\/cozyanddozy.com\/de\/wp-json\/wp\/v2\/media\/1874"}],"wp:attachment":[{"href":"https:\/\/cozyanddozy.com\/de\/wp-json\/wp\/v2\/media?parent=1893"}],"wp:term":[{"taxonomy":"product_brand","embeddable":true,"href":"https:\/\/cozyanddozy.com\/de\/wp-json\/wp\/v2\/product_brand?post=1893"},{"taxonomy":"product_cat","embeddable":true,"href":"https:\/\/cozyanddozy.com\/de\/wp-json\/wp\/v2\/product_cat?post=1893"},{"taxonomy":"product_tag","embeddable":true,"href":"https:\/\/cozyanddozy.com\/de\/wp-json\/wp\/v2\/product_tag?post=1893"}],"curies":[{"name":"wp","href":"https:\/\/api.w.org\/{rel}","templated":true}]}}