{"id":1840,"date":"2023-05-19T07:26:27","date_gmt":"2023-05-19T06:26:27","guid":{"rendered":"https:\/\/cozyanddozy.com\/?post_type=product&#038;p=1552"},"modified":"2023-11-08T16:01:48","modified_gmt":"2023-11-08T15:01:48","slug":"girlande-daisy-bluetengirlande-250cm","status":"publish","type":"product","link":"https:\/\/cozyanddozy.com\/de\/produkt\/girlande-daisy-bluetengirlande-250cm\/","title":{"rendered":"Girlande Daisy, Bl\u00fctengirlande 250cm"},"content":{"rendered":"<h3>Dekorative Girlande aus wei\u00dfen Blumen \u2013 G\u00e4nsebl\u00fcmchen, aus Samt.<\/h3>\n<p>Wir lieben gem\u00fctliche Innenr\u00e4ume und Blumen sind die beste Dekoration in jedem Raum.<\/p>\n<p><strong>Die G\u00e4nsebl\u00fcmchen-Girlande ist eine sch\u00f6ne Innendekoration, sie wird eine leere Wand perfekt erg\u00e4nzen, sie kann auch ein Ort sein, an dem Sie Urlaubsfotos anbringen, ein Fenster oder ein M\u00e4dchenzimmer dekorieren und ihm einen leichten Charakter verleihen. In dieser Version hat die Girlande 6 Blumen.<\/strong><\/p>\n<p>MASSE:<\/p>\n<ul>\n<li>Gesamtl\u00e4nge der Girlande \u2013 250 cm<\/li>\n<li>Bl\u00fctenbreite: 22cm \u00b1 1cm,<\/li>\n<li>Bl\u00fctenh\u00f6he: 22 cm \u00b1 1 cm<\/li>\n<\/ul>\n<p>MATERIAL:<\/p>\n<ul>\n<li>100 % SAMT<\/li>\n<li>Girlande in einem Baumwollbeutel verkauft<\/li>\n<li>antiallergische Polsterung, einseitiges Muster<\/li>\n<\/ul>\n<p>PFLEGE:<\/p>\n<ul>\n<li>Maschinenwaschbar bei 40\u00b0C<\/li>\n<li>maximale Drehzahl 800 U\/min<\/li>\n<li>flach trocknen,<\/li>\n<li>kann im Trockner getrocknet werden<\/li>\n<li>nicht bleichen<\/li>\n<li>durch die Baumwolle b\u00fcgeln<\/li>\n<\/ul>\n<p>Lieferung (Werktage): 2-3 Tage<\/p>\n","protected":false},"excerpt":{"rendered":"<p>Dekorative Girlande aus wei\u00dfen Blumen \u2013 G\u00e4nsebl\u00fcmchen, aus Samt. Wir lieben gem\u00fctliche Innenr\u00e4ume und Blumen sind die beste Dekoration in jedem Raum. Die G\u00e4nsebl\u00fcmchen-Girlande ist eine sch\u00f6ne Innendekoration, sie wird eine leere Wand perfekt erg\u00e4nzen, sie kann auch ein Ort sein, an dem Sie Urlaubsfotos anbringen, ein Fenster oder ein M\u00e4dchenzimmer dekorieren und ihm einen [&#8230;]\n","protected":false},"featured_media":1836,"comment_status":"open","ping_status":"closed","template":"","meta":[],"product_brand":[],"product_cat":[72],"product_tag":[],"class_list":{"0":"post-1840","1":"product","2":"type-product","3":"status-publish","4":"has-post-thumbnail","6":"product_cat-zubehoer","8":"first","9":"instock","10":"shipping-taxable","11":"product-type-simple"},"yoast_head":"<!-- This site is optimized with the Yoast SEO Premium plugin v21.9 (Yoast SEO v27.0) - https:\/\/yoast.com\/product\/yoast-seo-premium-wordpress\/ -->\n<title>Girlande Daisy, Bl\u00fctengirlande 250cm - Cozy &amp; Dozy<\/title>\n<meta name=\"robots\" content=\"index, follow, max-snippet:-1, max-image-preview:large, max-video-preview:-1\" \/>\n<link rel=\"canonical\" href=\"https:\/\/cozyanddozy.com\/de\/produkt\/girlande-daisy-bluetengirlande-250cm\/\" \/>\n<meta property=\"og:locale\" content=\"de_DE\" \/>\n<meta property=\"og:type\" content=\"article\" \/>\n<meta property=\"og:title\" content=\"Girlande Daisy, Bl\u00fctengirlande 250cm\" \/>\n<meta property=\"og:description\" content=\"Dekorative Girlande aus wei\u00dfen Blumen \u2013 G\u00e4nsebl\u00fcmchen, aus Samt. Wir lieben gem\u00fctliche Innenr\u00e4ume und Blumen sind die beste Dekoration in jedem Raum. Die G\u00e4nsebl\u00fcmchen-Girlande ist eine sch\u00f6ne Innendekoration, sie wird eine leere Wand perfekt erg\u00e4nzen, sie kann auch ein Ort sein, an dem Sie Urlaubsfotos anbringen, ein Fenster oder ein M\u00e4dchenzimmer dekorieren und ihm einen [...]\" \/>\n<meta property=\"og:url\" content=\"https:\/\/cozyanddozy.com\/de\/produkt\/girlande-daisy-bluetengirlande-250cm\/\" \/>\n<meta property=\"og:site_name\" content=\"Cozy &amp; Dozy\" \/>\n<meta property=\"article:modified_time\" content=\"2023-11-08T15:01:48+00:00\" \/>\n<meta property=\"og:image\" content=\"https:\/\/cozyanddozy.com\/de\/wp-content\/uploads\/2023\/05\/garland-daisy-flowers.jpg\" \/>\n\t<meta property=\"og:image:width\" content=\"1200\" \/>\n\t<meta property=\"og:image:height\" content=\"1200\" \/>\n\t<meta property=\"og:image:type\" content=\"image\/jpeg\" \/>\n<meta name=\"twitter:card\" content=\"summary_large_image\" \/>\n<meta name=\"twitter:label1\" content=\"Preis\" \/>\n\t<meta name=\"twitter:data1\" content=\"39,00&nbsp;&euro;\" \/>\n\t<meta name=\"twitter:label2\" content=\"Verf\u00fcgbarkeit\" \/>\n\t<meta name=\"twitter:data2\" content=\"Auf Lager\" \/>\n<script type=\"application\/ld+json\" class=\"yoast-schema-graph\">{\"@context\":\"https:\/\/schema.org\",\"@graph\":[{\"@type\":\"WebPage\",\"@id\":\"https:\/\/cozyanddozy.com\/de\/produkt\/girlande-daisy-bluetengirlande-250cm\/\",\"url\":\"https:\/\/cozyanddozy.com\/de\/produkt\/girlande-daisy-bluetengirlande-250cm\/\",\"name\":\"Girlande Daisy, Bl\u00fctengirlande 250cm - Cozy & Dozy\",\"isPartOf\":{\"@id\":\"https:\/\/cozyanddozy.com\/de\/#website\"},\"primaryImageOfPage\":{\"@id\":\"https:\/\/cozyanddozy.com\/de\/produkt\/girlande-daisy-bluetengirlande-250cm\/#primaryimage\"},\"image\":{\"@id\":\"https:\/\/cozyanddozy.com\/de\/produkt\/girlande-daisy-bluetengirlande-250cm\/#primaryimage\"},\"thumbnailUrl\":\"https:\/\/cozyanddozy.com\/de\/wp-content\/uploads\/2023\/05\/garland-daisy-flowers.jpg\",\"datePublished\":\"2023-05-19T06:26:27+00:00\",\"dateModified\":\"2023-11-08T15:01:48+00:00\",\"breadcrumb\":{\"@id\":\"https:\/\/cozyanddozy.com\/de\/produkt\/girlande-daisy-bluetengirlande-250cm\/#breadcrumb\"},\"inLanguage\":\"de\",\"potentialAction\":[{\"@type\":\"ReadAction\",\"target\":[\"https:\/\/cozyanddozy.com\/de\/produkt\/girlande-daisy-bluetengirlande-250cm\/\"]}]},{\"@type\":\"ImageObject\",\"inLanguage\":\"de\",\"@id\":\"https:\/\/cozyanddozy.com\/de\/produkt\/girlande-daisy-bluetengirlande-250cm\/#primaryimage\",\"url\":\"https:\/\/cozyanddozy.com\/de\/wp-content\/uploads\/2023\/05\/garland-daisy-flowers.jpg\",\"contentUrl\":\"https:\/\/cozyanddozy.com\/de\/wp-content\/uploads\/2023\/05\/garland-daisy-flowers.jpg\",\"width\":1200,\"height\":1200},{\"@type\":\"BreadcrumbList\",\"@id\":\"https:\/\/cozyanddozy.com\/de\/produkt\/girlande-daisy-bluetengirlande-250cm\/#breadcrumb\",\"itemListElement\":[{\"@type\":\"ListItem\",\"position\":1,\"name\":\"Home\",\"item\":\"https:\/\/cozyanddozy.com\/de\/\"},{\"@type\":\"ListItem\",\"position\":2,\"name\":\"Shop\",\"item\":\"https:\/\/cozyanddozy.com\/de\/shop\/\"},{\"@type\":\"ListItem\",\"position\":3,\"name\":\"Girlande Daisy, Bl\u00fctengirlande 250cm\"}]},{\"@type\":\"WebSite\",\"@id\":\"https:\/\/cozyanddozy.com\/de\/#website\",\"url\":\"https:\/\/cozyanddozy.com\/de\/\",\"name\":\"Cozy & Dozy\",\"description\":\"\",\"publisher\":{\"@id\":\"https:\/\/cozyanddozy.com\/de\/#organization\"},\"potentialAction\":[{\"@type\":\"SearchAction\",\"target\":{\"@type\":\"EntryPoint\",\"urlTemplate\":\"https:\/\/cozyanddozy.com\/de\/?s={search_term_string}\"},\"query-input\":{\"@type\":\"PropertyValueSpecification\",\"valueRequired\":true,\"valueName\":\"search_term_string\"}}],\"inLanguage\":\"de\"},{\"@type\":\"Organization\",\"@id\":\"https:\/\/cozyanddozy.com\/de\/#organization\",\"name\":\"Cozy & Dozy\",\"url\":\"https:\/\/cozyanddozy.com\/de\/\",\"logo\":{\"@type\":\"ImageObject\",\"inLanguage\":\"de\",\"@id\":\"https:\/\/cozyanddozy.com\/de\/#\/schema\/logo\/image\/\",\"url\":\"https:\/\/cozyanddozy.com\/de\/wp-content\/uploads\/2023\/02\/cozyanddozy_logo_b.png\",\"contentUrl\":\"https:\/\/cozyanddozy.com\/de\/wp-content\/uploads\/2023\/02\/cozyanddozy_logo_b.png\",\"width\":314,\"height\":85,\"caption\":\"Cozy & Dozy\"},\"image\":{\"@id\":\"https:\/\/cozyanddozy.com\/de\/#\/schema\/logo\/image\/\"}}]}<\/script>\n<meta property=\"product:price:amount\" content=\"39.00\" \/>\n<meta property=\"product:price:currency\" content=\"EUR\" \/>\n<meta property=\"og:availability\" content=\"instock\" \/>\n<meta property=\"product:availability\" content=\"instock\" \/>\n<meta property=\"product:retailer_item_id\" content=\"5902701497255\" \/>\n<meta property=\"product:condition\" content=\"new\" \/>\n<!-- \/ Yoast SEO Premium plugin. -->","yoast_head_json":{"title":"Girlande Daisy, Bl\u00fctengirlande 250cm - Cozy & Dozy","robots":{"index":"index","follow":"follow","max-snippet":"max-snippet:-1","max-image-preview":"max-image-preview:large","max-video-preview":"max-video-preview:-1"},"canonical":"https:\/\/cozyanddozy.com\/de\/produkt\/girlande-daisy-bluetengirlande-250cm\/","og_locale":"de_DE","og_type":"article","og_title":"Girlande Daisy, Bl\u00fctengirlande 250cm","og_description":"Dekorative Girlande aus wei\u00dfen Blumen \u2013 G\u00e4nsebl\u00fcmchen, aus Samt. Wir lieben gem\u00fctliche Innenr\u00e4ume und Blumen sind die beste Dekoration in jedem Raum. Die G\u00e4nsebl\u00fcmchen-Girlande ist eine sch\u00f6ne Innendekoration, sie wird eine leere Wand perfekt erg\u00e4nzen, sie kann auch ein Ort sein, an dem Sie Urlaubsfotos anbringen, ein Fenster oder ein M\u00e4dchenzimmer dekorieren und ihm einen [...]","og_url":"https:\/\/cozyanddozy.com\/de\/produkt\/girlande-daisy-bluetengirlande-250cm\/","og_site_name":"Cozy &amp; Dozy","article_modified_time":"2023-11-08T15:01:48+00:00","og_image":[{"width":1200,"height":1200,"url":"https:\/\/cozyanddozy.com\/de\/wp-content\/uploads\/2023\/05\/garland-daisy-flowers.jpg","type":"image\/jpeg"}],"twitter_card":"summary_large_image","twitter_misc":{"Preis":"39,00&nbsp;&euro;","Verf\u00fcgbarkeit":"Auf Lager"},"schema":{"@context":"https:\/\/schema.org","@graph":[{"@type":"WebPage","@id":"https:\/\/cozyanddozy.com\/de\/produkt\/girlande-daisy-bluetengirlande-250cm\/","url":"https:\/\/cozyanddozy.com\/de\/produkt\/girlande-daisy-bluetengirlande-250cm\/","name":"Girlande Daisy, Bl\u00fctengirlande 250cm - Cozy & Dozy","isPartOf":{"@id":"https:\/\/cozyanddozy.com\/de\/#website"},"primaryImageOfPage":{"@id":"https:\/\/cozyanddozy.com\/de\/produkt\/girlande-daisy-bluetengirlande-250cm\/#primaryimage"},"image":{"@id":"https:\/\/cozyanddozy.com\/de\/produkt\/girlande-daisy-bluetengirlande-250cm\/#primaryimage"},"thumbnailUrl":"https:\/\/cozyanddozy.com\/de\/wp-content\/uploads\/2023\/05\/garland-daisy-flowers.jpg","datePublished":"2023-05-19T06:26:27+00:00","dateModified":"2023-11-08T15:01:48+00:00","breadcrumb":{"@id":"https:\/\/cozyanddozy.com\/de\/produkt\/girlande-daisy-bluetengirlande-250cm\/#breadcrumb"},"inLanguage":"de","potentialAction":[{"@type":"ReadAction","target":["https:\/\/cozyanddozy.com\/de\/produkt\/girlande-daisy-bluetengirlande-250cm\/"]}]},{"@type":"ImageObject","inLanguage":"de","@id":"https:\/\/cozyanddozy.com\/de\/produkt\/girlande-daisy-bluetengirlande-250cm\/#primaryimage","url":"https:\/\/cozyanddozy.com\/de\/wp-content\/uploads\/2023\/05\/garland-daisy-flowers.jpg","contentUrl":"https:\/\/cozyanddozy.com\/de\/wp-content\/uploads\/2023\/05\/garland-daisy-flowers.jpg","width":1200,"height":1200},{"@type":"BreadcrumbList","@id":"https:\/\/cozyanddozy.com\/de\/produkt\/girlande-daisy-bluetengirlande-250cm\/#breadcrumb","itemListElement":[{"@type":"ListItem","position":1,"name":"Home","item":"https:\/\/cozyanddozy.com\/de\/"},{"@type":"ListItem","position":2,"name":"Shop","item":"https:\/\/cozyanddozy.com\/de\/shop\/"},{"@type":"ListItem","position":3,"name":"Girlande Daisy, Bl\u00fctengirlande 250cm"}]},{"@type":"WebSite","@id":"https:\/\/cozyanddozy.com\/de\/#website","url":"https:\/\/cozyanddozy.com\/de\/","name":"Cozy & Dozy","description":"","publisher":{"@id":"https:\/\/cozyanddozy.com\/de\/#organization"},"potentialAction":[{"@type":"SearchAction","target":{"@type":"EntryPoint","urlTemplate":"https:\/\/cozyanddozy.com\/de\/?s={search_term_string}"},"query-input":{"@type":"PropertyValueSpecification","valueRequired":true,"valueName":"search_term_string"}}],"inLanguage":"de"},{"@type":"Organization","@id":"https:\/\/cozyanddozy.com\/de\/#organization","name":"Cozy & Dozy","url":"https:\/\/cozyanddozy.com\/de\/","logo":{"@type":"ImageObject","inLanguage":"de","@id":"https:\/\/cozyanddozy.com\/de\/#\/schema\/logo\/image\/","url":"https:\/\/cozyanddozy.com\/de\/wp-content\/uploads\/2023\/02\/cozyanddozy_logo_b.png","contentUrl":"https:\/\/cozyanddozy.com\/de\/wp-content\/uploads\/2023\/02\/cozyanddozy_logo_b.png","width":314,"height":85,"caption":"Cozy & Dozy"},"image":{"@id":"https:\/\/cozyanddozy.com\/de\/#\/schema\/logo\/image\/"}}]},"product_price_amount":"39.00","product_price_currency":"EUR","og_availability":"instock","product_availability":"instock","product_retailer_item_id":"5902701497255","product_condition":"new"},"_links":{"self":[{"href":"https:\/\/cozyanddozy.com\/de\/wp-json\/wp\/v2\/product\/1840","targetHints":{"allow":["GET"]}}],"collection":[{"href":"https:\/\/cozyanddozy.com\/de\/wp-json\/wp\/v2\/product"}],"about":[{"href":"https:\/\/cozyanddozy.com\/de\/wp-json\/wp\/v2\/types\/product"}],"replies":[{"embeddable":true,"href":"https:\/\/cozyanddozy.com\/de\/wp-json\/wp\/v2\/comments?post=1840"}],"wp:featuredmedia":[{"embeddable":true,"href":"https:\/\/cozyanddozy.com\/de\/wp-json\/wp\/v2\/media\/1836"}],"wp:attachment":[{"href":"https:\/\/cozyanddozy.com\/de\/wp-json\/wp\/v2\/media?parent=1840"}],"wp:term":[{"taxonomy":"product_brand","embeddable":true,"href":"https:\/\/cozyanddozy.com\/de\/wp-json\/wp\/v2\/product_brand?post=1840"},{"taxonomy":"product_cat","embeddable":true,"href":"https:\/\/cozyanddozy.com\/de\/wp-json\/wp\/v2\/product_cat?post=1840"},{"taxonomy":"product_tag","embeddable":true,"href":"https:\/\/cozyanddozy.com\/de\/wp-json\/wp\/v2\/product_tag?post=1840"}],"curies":[{"name":"wp","href":"https:\/\/api.w.org\/{rel}","templated":true}]}}