{"id":1725,"date":"2023-04-04T09:44:41","date_gmt":"2023-04-04T07:44:41","guid":{"rendered":"https:\/\/cozyanddozy.com\/de\/?post_type=product&#038;p=1725"},"modified":"2025-01-29T21:27:33","modified_gmt":"2025-01-29T20:27:33","slug":"tipi-zelt-daisy-set-mit-matten-kissen-und-girlande","status":"publish","type":"product","link":"https:\/\/cozyanddozy.com\/de\/produkt\/tipi-zelt-daisy-set-mit-matten-kissen-und-girlande\/","title":{"rendered":"Tipi-Zelt Daisy, Set mit Matte, Kissen und Girlande"},"content":{"rendered":"<p><img decoding=\"async\" class=\"wp-image-2825 alignright\" src=\"https:\/\/cozyanddozy.com\/de\/wp-content\/uploads\/2023\/11\/Tipi-tent-Daisy-6.jpg\" alt=\"\" width=\"600\" height=\"600\" srcset=\"https:\/\/cozyanddozy.com\/de\/wp-content\/uploads\/2023\/11\/Tipi-tent-Daisy-6.jpg 1200w, https:\/\/cozyanddozy.com\/de\/wp-content\/uploads\/2023\/11\/Tipi-tent-Daisy-6-400x400.jpg 400w, https:\/\/cozyanddozy.com\/de\/wp-content\/uploads\/2023\/11\/Tipi-tent-Daisy-6-150x150.jpg 150w, https:\/\/cozyanddozy.com\/de\/wp-content\/uploads\/2023\/11\/Tipi-tent-Daisy-6-768x768.jpg 768w, https:\/\/cozyanddozy.com\/de\/wp-content\/uploads\/2023\/11\/Tipi-tent-Daisy-6-470x470.jpg 470w, https:\/\/cozyanddozy.com\/de\/wp-content\/uploads\/2023\/11\/Tipi-tent-Daisy-6-800x800.jpg 800w, https:\/\/cozyanddozy.com\/de\/wp-content\/uploads\/2023\/11\/Tipi-tent-Daisy-6-100x100.jpg 100w\" sizes=\"(max-width: 600px) 100vw, 600px\" \/>Das Tipi-Zelt aus der Daisy-Kollektion ist ein wei\u00dfes Tipi mit dekorativer Pompon-Bord\u00fcre. Tipi-Zelt aus festem Segeltuch, wei\u00dfes Samt-Tipi und Daisy-Samt-Spielmatte, gro\u00dfes Blumenkissen und 200 cm lange Daisy-Girlande.<\/p>\n<p>Ein Zelt ist ein toller Platz zum Spielen zu Hause, auf der Terrasse oder im Garten. Tipi hat ein Fenster mit Rollo und zwei Taschen f\u00fcr Spielzeug. Das kuschelige Zelt f\u00fcr Kinder kommt mit einer weichen Matte.<\/p>\n<p>Das Tipi-Zelt ist ein toller Ort zum Spielen und eine gem\u00fctliche Ecke zum Ausruhen. Wigwam wurde entwickelt, um das Auge lange zu erfreuen und sicheren Spa\u00df zu garantieren.<\/p>\n<p>Tipi hat 4 Seiten &#8211; Spielfl\u00e4che ca. 1 m2, H\u00f6he im ausgeklappten Zustand ca. 150 cm.<\/p>\n<p>Jedes Zelt wird mit faltbarem Kieferngest\u00e4nge und einem Stabilisator geliefert, der das Gest\u00e4nge steif h\u00e4lt, um die Stabilit\u00e4t des Zeltes zu gew\u00e4hrleisten.<\/p>\n<h3>Der Bausatz enth\u00e4lt:<\/h3>\n<ul>\n<li>Tipi-Zelt<\/li>\n<li>Spielmatte G\u00e4nsebl\u00fcmchen (112\u00d7112 cm)<\/li>\n<li>G\u00e4nsebl\u00fcmchen-Kissen (52x52cm)<\/li>\n<li>G\u00e4nsebl\u00fcmchengirlande (5 Bl\u00fcten, 200 cm lang)<\/li>\n<li>4 faltbare Kiefernst\u00f6cke (8 H\u00e4lften) + Elemente zum Verbinden der St\u00f6cke (4 Verbinder)<\/li>\n<li>Anleitung<\/li>\n<li>Stabilisator + Schnur<\/li>\n<\/ul>\n","protected":false},"excerpt":{"rendered":"<p>Das Tipi-Zelt aus der Daisy-Kollektion ist ein wei\u00dfes Tipi mit dekorativer Pompon-Bord\u00fcre. Tipi-Zelt aus festem Segeltuch, wei\u00dfes Samt-Tipi und Daisy-Samt-Spielmatte, gro\u00dfes Blumenkissen und 200 cm lange Daisy-Girlande. Ein Zelt ist ein toller Platz zum Spielen zu Hause, auf der Terrasse oder im Garten. Tipi hat ein Fenster mit Rollo und zwei Taschen f\u00fcr Spielzeug. Das [&#8230;]\n","protected":false},"featured_media":1713,"comment_status":"open","ping_status":"closed","template":"","meta":[],"product_brand":[],"product_cat":[71],"product_tag":[24],"class_list":{"0":"post-1725","1":"product","2":"type-product","3":"status-publish","4":"has-post-thumbnail","6":"product_cat-tipi-zelt","7":"product_tag-pla","9":"first","10":"instock","11":"sale","12":"shipping-taxable","13":"product-type-simple"},"yoast_head":"<!-- This site is optimized with the Yoast SEO Premium plugin v21.9 (Yoast SEO v27.0) - https:\/\/yoast.com\/product\/yoast-seo-premium-wordpress\/ -->\n<title>Tipi-Zelt Daisy, Set mit Matte, Kissen und Girlande - Cozy &amp; Dozy<\/title>\n<meta name=\"robots\" content=\"index, follow, max-snippet:-1, max-image-preview:large, max-video-preview:-1\" \/>\n<link rel=\"canonical\" href=\"https:\/\/cozyanddozy.com\/de\/produkt\/tipi-zelt-daisy-set-mit-matten-kissen-und-girlande\/\" \/>\n<meta property=\"og:locale\" content=\"de_DE\" \/>\n<meta property=\"og:type\" content=\"article\" \/>\n<meta property=\"og:title\" content=\"Tipi-Zelt Daisy, Set mit Matte, Kissen und Girlande\" \/>\n<meta property=\"og:description\" content=\"Das Tipi-Zelt aus der Daisy-Kollektion ist ein wei\u00dfes Tipi mit dekorativer Pompon-Bord\u00fcre. Tipi-Zelt aus festem Segeltuch, wei\u00dfes Samt-Tipi und Daisy-Samt-Spielmatte, gro\u00dfes Blumenkissen und 200 cm lange Daisy-Girlande. Ein Zelt ist ein toller Platz zum Spielen zu Hause, auf der Terrasse oder im Garten. Tipi hat ein Fenster mit Rollo und zwei Taschen f\u00fcr Spielzeug. Das [...]\" \/>\n<meta property=\"og:url\" content=\"https:\/\/cozyanddozy.com\/de\/produkt\/tipi-zelt-daisy-set-mit-matten-kissen-und-girlande\/\" \/>\n<meta property=\"og:site_name\" content=\"Cozy &amp; Dozy\" \/>\n<meta property=\"article:modified_time\" content=\"2025-01-29T20:27:33+00:00\" \/>\n<meta property=\"og:image\" content=\"https:\/\/cozyanddozy.com\/de\/wp-content\/uploads\/2023\/04\/kids_tipi_tent_daisy_s1.jpg\" \/>\n\t<meta property=\"og:image:width\" content=\"1200\" \/>\n\t<meta property=\"og:image:height\" content=\"1200\" \/>\n\t<meta property=\"og:image:type\" content=\"image\/jpeg\" \/>\n<meta name=\"twitter:card\" content=\"summary_large_image\" \/>\n<meta name=\"twitter:label1\" content=\"Preis\" \/>\n\t<meta name=\"twitter:data1\" content=\"169,00&nbsp;&euro;\" \/>\n\t<meta name=\"twitter:label2\" content=\"Verf\u00fcgbarkeit\" \/>\n\t<meta name=\"twitter:data2\" content=\"Auf Lager\" \/>\n<script type=\"application\/ld+json\" class=\"yoast-schema-graph\">{\"@context\":\"https:\/\/schema.org\",\"@graph\":[{\"@type\":\"WebPage\",\"@id\":\"https:\/\/cozyanddozy.com\/de\/produkt\/tipi-zelt-daisy-set-mit-matten-kissen-und-girlande\/\",\"url\":\"https:\/\/cozyanddozy.com\/de\/produkt\/tipi-zelt-daisy-set-mit-matten-kissen-und-girlande\/\",\"name\":\"Tipi-Zelt Daisy, Set mit Matte, Kissen und Girlande - Cozy & Dozy\",\"isPartOf\":{\"@id\":\"https:\/\/cozyanddozy.com\/de\/#website\"},\"primaryImageOfPage\":{\"@id\":\"https:\/\/cozyanddozy.com\/de\/produkt\/tipi-zelt-daisy-set-mit-matten-kissen-und-girlande\/#primaryimage\"},\"image\":{\"@id\":\"https:\/\/cozyanddozy.com\/de\/produkt\/tipi-zelt-daisy-set-mit-matten-kissen-und-girlande\/#primaryimage\"},\"thumbnailUrl\":\"https:\/\/cozyanddozy.com\/de\/wp-content\/uploads\/2023\/04\/kids_tipi_tent_daisy_s1.jpg\",\"datePublished\":\"2023-04-04T07:44:41+00:00\",\"dateModified\":\"2025-01-29T20:27:33+00:00\",\"breadcrumb\":{\"@id\":\"https:\/\/cozyanddozy.com\/de\/produkt\/tipi-zelt-daisy-set-mit-matten-kissen-und-girlande\/#breadcrumb\"},\"inLanguage\":\"de\",\"potentialAction\":[{\"@type\":\"ReadAction\",\"target\":[\"https:\/\/cozyanddozy.com\/de\/produkt\/tipi-zelt-daisy-set-mit-matten-kissen-und-girlande\/\"]}]},{\"@type\":\"ImageObject\",\"inLanguage\":\"de\",\"@id\":\"https:\/\/cozyanddozy.com\/de\/produkt\/tipi-zelt-daisy-set-mit-matten-kissen-und-girlande\/#primaryimage\",\"url\":\"https:\/\/cozyanddozy.com\/de\/wp-content\/uploads\/2023\/04\/kids_tipi_tent_daisy_s1.jpg\",\"contentUrl\":\"https:\/\/cozyanddozy.com\/de\/wp-content\/uploads\/2023\/04\/kids_tipi_tent_daisy_s1.jpg\",\"width\":1200,\"height\":1200},{\"@type\":\"BreadcrumbList\",\"@id\":\"https:\/\/cozyanddozy.com\/de\/produkt\/tipi-zelt-daisy-set-mit-matten-kissen-und-girlande\/#breadcrumb\",\"itemListElement\":[{\"@type\":\"ListItem\",\"position\":1,\"name\":\"Home\",\"item\":\"https:\/\/cozyanddozy.com\/de\/\"},{\"@type\":\"ListItem\",\"position\":2,\"name\":\"Shop\",\"item\":\"https:\/\/cozyanddozy.com\/de\/shop\/\"},{\"@type\":\"ListItem\",\"position\":3,\"name\":\"Tipi-Zelt Daisy, Set mit Matte, Kissen und Girlande\"}]},{\"@type\":\"WebSite\",\"@id\":\"https:\/\/cozyanddozy.com\/de\/#website\",\"url\":\"https:\/\/cozyanddozy.com\/de\/\",\"name\":\"Cozy & Dozy\",\"description\":\"\",\"publisher\":{\"@id\":\"https:\/\/cozyanddozy.com\/de\/#organization\"},\"potentialAction\":[{\"@type\":\"SearchAction\",\"target\":{\"@type\":\"EntryPoint\",\"urlTemplate\":\"https:\/\/cozyanddozy.com\/de\/?s={search_term_string}\"},\"query-input\":{\"@type\":\"PropertyValueSpecification\",\"valueRequired\":true,\"valueName\":\"search_term_string\"}}],\"inLanguage\":\"de\"},{\"@type\":\"Organization\",\"@id\":\"https:\/\/cozyanddozy.com\/de\/#organization\",\"name\":\"Cozy & Dozy\",\"url\":\"https:\/\/cozyanddozy.com\/de\/\",\"logo\":{\"@type\":\"ImageObject\",\"inLanguage\":\"de\",\"@id\":\"https:\/\/cozyanddozy.com\/de\/#\/schema\/logo\/image\/\",\"url\":\"https:\/\/cozyanddozy.com\/de\/wp-content\/uploads\/2023\/02\/cozyanddozy_logo_b.png\",\"contentUrl\":\"https:\/\/cozyanddozy.com\/de\/wp-content\/uploads\/2023\/02\/cozyanddozy_logo_b.png\",\"width\":314,\"height\":85,\"caption\":\"Cozy & Dozy\"},\"image\":{\"@id\":\"https:\/\/cozyanddozy.com\/de\/#\/schema\/logo\/image\/\"}}]}<\/script>\n<meta property=\"product:price:amount\" content=\"169.00\" \/>\n<meta property=\"product:price:currency\" content=\"EUR\" \/>\n<meta property=\"og:availability\" content=\"instock\" \/>\n<meta property=\"product:availability\" content=\"instock\" \/>\n<meta property=\"product:retailer_item_id\" content=\"5902701497316\" \/>\n<meta property=\"product:condition\" content=\"new\" \/>\n<!-- \/ Yoast SEO Premium plugin. -->","yoast_head_json":{"title":"Tipi-Zelt Daisy, Set mit Matte, Kissen und Girlande - Cozy & Dozy","robots":{"index":"index","follow":"follow","max-snippet":"max-snippet:-1","max-image-preview":"max-image-preview:large","max-video-preview":"max-video-preview:-1"},"canonical":"https:\/\/cozyanddozy.com\/de\/produkt\/tipi-zelt-daisy-set-mit-matten-kissen-und-girlande\/","og_locale":"de_DE","og_type":"article","og_title":"Tipi-Zelt Daisy, Set mit Matte, Kissen und Girlande","og_description":"Das Tipi-Zelt aus der Daisy-Kollektion ist ein wei\u00dfes Tipi mit dekorativer Pompon-Bord\u00fcre. Tipi-Zelt aus festem Segeltuch, wei\u00dfes Samt-Tipi und Daisy-Samt-Spielmatte, gro\u00dfes Blumenkissen und 200 cm lange Daisy-Girlande. Ein Zelt ist ein toller Platz zum Spielen zu Hause, auf der Terrasse oder im Garten. Tipi hat ein Fenster mit Rollo und zwei Taschen f\u00fcr Spielzeug. Das [...]","og_url":"https:\/\/cozyanddozy.com\/de\/produkt\/tipi-zelt-daisy-set-mit-matten-kissen-und-girlande\/","og_site_name":"Cozy &amp; Dozy","article_modified_time":"2025-01-29T20:27:33+00:00","og_image":[{"width":1200,"height":1200,"url":"https:\/\/cozyanddozy.com\/de\/wp-content\/uploads\/2023\/04\/kids_tipi_tent_daisy_s1.jpg","type":"image\/jpeg"}],"twitter_card":"summary_large_image","twitter_misc":{"Preis":"169,00&nbsp;&euro;","Verf\u00fcgbarkeit":"Auf Lager"},"schema":{"@context":"https:\/\/schema.org","@graph":[{"@type":"WebPage","@id":"https:\/\/cozyanddozy.com\/de\/produkt\/tipi-zelt-daisy-set-mit-matten-kissen-und-girlande\/","url":"https:\/\/cozyanddozy.com\/de\/produkt\/tipi-zelt-daisy-set-mit-matten-kissen-und-girlande\/","name":"Tipi-Zelt Daisy, Set mit Matte, Kissen und Girlande - Cozy & Dozy","isPartOf":{"@id":"https:\/\/cozyanddozy.com\/de\/#website"},"primaryImageOfPage":{"@id":"https:\/\/cozyanddozy.com\/de\/produkt\/tipi-zelt-daisy-set-mit-matten-kissen-und-girlande\/#primaryimage"},"image":{"@id":"https:\/\/cozyanddozy.com\/de\/produkt\/tipi-zelt-daisy-set-mit-matten-kissen-und-girlande\/#primaryimage"},"thumbnailUrl":"https:\/\/cozyanddozy.com\/de\/wp-content\/uploads\/2023\/04\/kids_tipi_tent_daisy_s1.jpg","datePublished":"2023-04-04T07:44:41+00:00","dateModified":"2025-01-29T20:27:33+00:00","breadcrumb":{"@id":"https:\/\/cozyanddozy.com\/de\/produkt\/tipi-zelt-daisy-set-mit-matten-kissen-und-girlande\/#breadcrumb"},"inLanguage":"de","potentialAction":[{"@type":"ReadAction","target":["https:\/\/cozyanddozy.com\/de\/produkt\/tipi-zelt-daisy-set-mit-matten-kissen-und-girlande\/"]}]},{"@type":"ImageObject","inLanguage":"de","@id":"https:\/\/cozyanddozy.com\/de\/produkt\/tipi-zelt-daisy-set-mit-matten-kissen-und-girlande\/#primaryimage","url":"https:\/\/cozyanddozy.com\/de\/wp-content\/uploads\/2023\/04\/kids_tipi_tent_daisy_s1.jpg","contentUrl":"https:\/\/cozyanddozy.com\/de\/wp-content\/uploads\/2023\/04\/kids_tipi_tent_daisy_s1.jpg","width":1200,"height":1200},{"@type":"BreadcrumbList","@id":"https:\/\/cozyanddozy.com\/de\/produkt\/tipi-zelt-daisy-set-mit-matten-kissen-und-girlande\/#breadcrumb","itemListElement":[{"@type":"ListItem","position":1,"name":"Home","item":"https:\/\/cozyanddozy.com\/de\/"},{"@type":"ListItem","position":2,"name":"Shop","item":"https:\/\/cozyanddozy.com\/de\/shop\/"},{"@type":"ListItem","position":3,"name":"Tipi-Zelt Daisy, Set mit Matte, Kissen und Girlande"}]},{"@type":"WebSite","@id":"https:\/\/cozyanddozy.com\/de\/#website","url":"https:\/\/cozyanddozy.com\/de\/","name":"Cozy & Dozy","description":"","publisher":{"@id":"https:\/\/cozyanddozy.com\/de\/#organization"},"potentialAction":[{"@type":"SearchAction","target":{"@type":"EntryPoint","urlTemplate":"https:\/\/cozyanddozy.com\/de\/?s={search_term_string}"},"query-input":{"@type":"PropertyValueSpecification","valueRequired":true,"valueName":"search_term_string"}}],"inLanguage":"de"},{"@type":"Organization","@id":"https:\/\/cozyanddozy.com\/de\/#organization","name":"Cozy & Dozy","url":"https:\/\/cozyanddozy.com\/de\/","logo":{"@type":"ImageObject","inLanguage":"de","@id":"https:\/\/cozyanddozy.com\/de\/#\/schema\/logo\/image\/","url":"https:\/\/cozyanddozy.com\/de\/wp-content\/uploads\/2023\/02\/cozyanddozy_logo_b.png","contentUrl":"https:\/\/cozyanddozy.com\/de\/wp-content\/uploads\/2023\/02\/cozyanddozy_logo_b.png","width":314,"height":85,"caption":"Cozy & Dozy"},"image":{"@id":"https:\/\/cozyanddozy.com\/de\/#\/schema\/logo\/image\/"}}]},"product_price_amount":"169.00","product_price_currency":"EUR","og_availability":"instock","product_availability":"instock","product_retailer_item_id":"5902701497316","product_condition":"new"},"_links":{"self":[{"href":"https:\/\/cozyanddozy.com\/de\/wp-json\/wp\/v2\/product\/1725","targetHints":{"allow":["GET"]}}],"collection":[{"href":"https:\/\/cozyanddozy.com\/de\/wp-json\/wp\/v2\/product"}],"about":[{"href":"https:\/\/cozyanddozy.com\/de\/wp-json\/wp\/v2\/types\/product"}],"replies":[{"embeddable":true,"href":"https:\/\/cozyanddozy.com\/de\/wp-json\/wp\/v2\/comments?post=1725"}],"wp:featuredmedia":[{"embeddable":true,"href":"https:\/\/cozyanddozy.com\/de\/wp-json\/wp\/v2\/media\/1713"}],"wp:attachment":[{"href":"https:\/\/cozyanddozy.com\/de\/wp-json\/wp\/v2\/media?parent=1725"}],"wp:term":[{"taxonomy":"product_brand","embeddable":true,"href":"https:\/\/cozyanddozy.com\/de\/wp-json\/wp\/v2\/product_brand?post=1725"},{"taxonomy":"product_cat","embeddable":true,"href":"https:\/\/cozyanddozy.com\/de\/wp-json\/wp\/v2\/product_cat?post=1725"},{"taxonomy":"product_tag","embeddable":true,"href":"https:\/\/cozyanddozy.com\/de\/wp-json\/wp\/v2\/product_tag?post=1725"}],"curies":[{"name":"wp","href":"https:\/\/api.w.org\/{rel}","templated":true}]}}