{"id":1425,"date":"2022-10-13T11:33:25","date_gmt":"2022-10-13T09:33:25","guid":{"rendered":"https:\/\/cozyanddozy.com\/de\/product\/sternkissen-ein-satz-kissen-mit-einer-quaste\/"},"modified":"2025-01-29T21:28:18","modified_gmt":"2025-01-29T20:28:18","slug":"sternkissen-ein-satz-kissen-mit-einer-quaste","status":"publish","type":"product","link":"https:\/\/cozyanddozy.com\/de\/produkt\/sternkissen-ein-satz-kissen-mit-einer-quaste\/","title":{"rendered":"Sternkissen \u2013 ein Satz Kissen mit einer Quaste"},"content":{"rendered":"<p><b>Das Kissen Cozy &amp; Dozy wird nicht nur Kinder faszinieren<\/b><\/p>\n<p>Zu Hause gibt es nie zu viele Kissen \u2013 f\u00fcr diesen Slogan muss man doch niemanden \u00fcberzeugen, oder? Sch\u00f6ne und angenehm anzufassende Kissen schaffen eine gem\u00fctliche und warme Atmosph\u00e4re in jedem, auch in der strengsten, Interieur. Das Wichtigste f\u00fcr uns ist jedoch, dass kein Kind ein Nickerchen auf einem weichen und bequemen Kissen verachten wird. Auch f\u00fcr unsere Kinder, die von klein auf viele verschiedene Abenteuer erleben, ist ein gutes Nickerchen Gold wert.<\/p>\n<p>Kinder benutzen das Sternkissen auch gerne beim Spielen. Die au\u00dfergew\u00f6hnliche Form des Kissens regt die Fantasie an und verwandelt den Ballon manchmal in einen Teddyb\u00e4r-Lutscher oder eine W\u00e4rmflasche. Die Sternkissen zieht nicht nur Kinder, sondern auch Erwachsene auf sich. Manchmal h\u00f6ren wir sogar, dass Eltern ihren Kindern unsere Kissen stehlen und ihr Wohnzimmer damit dekorieren.<\/p>\n<p><b>Unsere Kissen finden selbst bei den gr\u00f6\u00dften Kritikern Anerkennung, weil sie mit gr\u00f6\u00dfter Sorgfalt und Liebe zum Detail hergestellt wurden. Dar\u00fcber hinaus sind sie aus hochwertigstem Material \u2013 100 % Baumwolle \u2013 gefertigt, was sehr lange f\u00fcr eine sch\u00f6ne und wirkungsvolle Optik des Kissens sorgt. Dieses Material ist auch CE zertifiziert, was bedeutet, dass es sicher in der Anwendung ist und keine Schadstoffe enth\u00e4lt. So k\u00f6nnen Sie unsere Kissen auch Kindern mit empfindlichster Haut bedenkenlos geben.<\/b><\/p>\n<p>Cozy &amp; Dozy Kissen sind au\u00dfergew\u00f6hnliche und einzigartige Produkte. Sie wurden von uns entworfen, bis ins kleinste Detail verfeinert und von unseren erfahrenen N\u00e4herinnen gen\u00e4ht. Dadurch k\u00f6nnen Sie sicher sein, dass Sie ein Produkt von h\u00f6chster Qualit\u00e4t erhalten, das wirklich sorgf\u00e4ltig hergestellt wurde. <b>Es ist uns aus einem bestimmten Grund sehr wichtig. Unsere Erfahrung zeigt, dass Kinder am besten von dem guten Beispiel ihrer Eltern lernen. Wenn Ihr Kind ein sch\u00f6nes, hochwertiges Produkt erh\u00e4lt, lernt es schon fr\u00fch Farbkombinationen und ein Gef\u00fchl f\u00fcr \u00c4sthetik. Sie wissen auch, dass es sich lohnt, in qualitativ hochwertige Produkte zu investieren, da sie l\u00e4nger bei uns bleiben.<\/b><\/p>\n<p><b>Das Set enth\u00e4lt zwei sternf\u00f6rmige Kissen:<\/b><\/p>\n<ul>\n<li><b>rosa Sternkissen mit Salbeiquaste<\/b><\/li>\n<li><b>beiges Sternkissen mit Salbeiquaste<\/b><\/li>\n<\/ul>\n<p>Abmessungen:<\/p>\n<ul>\n<li>40x40cm<\/li>\n<\/ul>\n<p>Komposition:<\/p>\n<ul>\n<li>100% Baumwolle (Zertifikat, CE)<\/li>\n<li>Kissenf\u00fcllung \u2013 Silikonkugel, antiallergisch. Zus\u00e4tzlich verhindert die eingen\u00e4hte Silikonwolle ein Verklumpen der F\u00fcllung.<\/li>\n<\/ul>\n<p>Waschen:<\/p>\n<ul>\n<li>Maschinenwaschbar bei 40 Grad,<\/li>\n<li>Spin \u2013 800 Umdrehungen,<\/li>\n<li>nicht chemisch reinigen, nicht bleichen,<\/li>\n<li>Sch\u00fctteln Sie es nach dem Waschen, um das Gie\u00dfen zu arrangieren.<\/li>\n<li>auf einer ebenen Fl\u00e4che trocknen.<\/li>\n<\/ul>\n","protected":false},"excerpt":{"rendered":"<p>Ein Set aus zwei Baumwollkissen mit Quaste.<\/p>\n","protected":false},"featured_media":1039,"comment_status":"open","ping_status":"closed","template":"","meta":[],"product_brand":[],"product_cat":[73],"product_tag":[],"class_list":{"0":"post-1425","1":"product","2":"type-product","3":"status-publish","4":"has-post-thumbnail","6":"product_cat-kissen-puffs","8":"first","9":"instock","10":"sale","11":"shipping-taxable","12":"product-type-simple"},"yoast_head":"<!-- This site is optimized with the Yoast SEO Premium plugin v21.9 (Yoast SEO v27.0) - https:\/\/yoast.com\/product\/yoast-seo-premium-wordpress\/ -->\n<title>Sternkissen \u2013 ein Satz Kissen mit einer Quaste - Cozy &amp; Dozy<\/title>\n<meta name=\"description\" content=\"Ein Set aus zwei Baumwollkissen mit Quaste.\" \/>\n<meta name=\"robots\" content=\"index, follow, max-snippet:-1, max-image-preview:large, max-video-preview:-1\" \/>\n<link rel=\"canonical\" href=\"https:\/\/cozyanddozy.com\/de\/produkt\/sternkissen-ein-satz-kissen-mit-einer-quaste\/\" \/>\n<meta property=\"og:locale\" content=\"de_DE\" \/>\n<meta property=\"og:type\" content=\"article\" \/>\n<meta property=\"og:title\" content=\"Sternkissen \u2013 ein Satz Kissen mit einer Quaste\" \/>\n<meta property=\"og:description\" content=\"Ein Set aus zwei Baumwollkissen mit Quaste.\" \/>\n<meta property=\"og:url\" content=\"https:\/\/cozyanddozy.com\/de\/produkt\/sternkissen-ein-satz-kissen-mit-einer-quaste\/\" \/>\n<meta property=\"og:site_name\" content=\"Cozy &amp; Dozy\" \/>\n<meta property=\"article:modified_time\" content=\"2025-01-29T20:28:18+00:00\" \/>\n<meta property=\"og:image\" content=\"https:\/\/cozyanddozy.com\/de\/wp-content\/uploads\/2023\/02\/poduszki-boho.jpeg\" \/>\n\t<meta property=\"og:image:width\" content=\"917\" \/>\n\t<meta property=\"og:image:height\" content=\"952\" \/>\n\t<meta property=\"og:image:type\" content=\"image\/jpeg\" \/>\n<meta name=\"twitter:card\" content=\"summary_large_image\" \/>\n<meta name=\"twitter:label1\" content=\"Preis\" \/>\n\t<meta name=\"twitter:data1\" content=\"19,00&nbsp;&euro;\" \/>\n\t<meta name=\"twitter:label2\" content=\"Verf\u00fcgbarkeit\" \/>\n\t<meta name=\"twitter:data2\" content=\"Auf Lager\" \/>\n<script type=\"application\/ld+json\" class=\"yoast-schema-graph\">{\"@context\":\"https:\/\/schema.org\",\"@graph\":[{\"@type\":\"WebPage\",\"@id\":\"https:\/\/cozyanddozy.com\/de\/produkt\/sternkissen-ein-satz-kissen-mit-einer-quaste\/\",\"url\":\"https:\/\/cozyanddozy.com\/de\/produkt\/sternkissen-ein-satz-kissen-mit-einer-quaste\/\",\"name\":\"Sternkissen \u2013 ein Satz Kissen mit einer Quaste - Cozy & Dozy\",\"isPartOf\":{\"@id\":\"https:\/\/cozyanddozy.com\/de\/#website\"},\"primaryImageOfPage\":{\"@id\":\"https:\/\/cozyanddozy.com\/de\/produkt\/sternkissen-ein-satz-kissen-mit-einer-quaste\/#primaryimage\"},\"image\":{\"@id\":\"https:\/\/cozyanddozy.com\/de\/produkt\/sternkissen-ein-satz-kissen-mit-einer-quaste\/#primaryimage\"},\"thumbnailUrl\":\"https:\/\/cozyanddozy.com\/de\/wp-content\/uploads\/2023\/02\/poduszki-boho.jpeg\",\"datePublished\":\"2022-10-13T09:33:25+00:00\",\"dateModified\":\"2025-01-29T20:28:18+00:00\",\"description\":\"Ein Set aus zwei Baumwollkissen mit Quaste.\",\"breadcrumb\":{\"@id\":\"https:\/\/cozyanddozy.com\/de\/produkt\/sternkissen-ein-satz-kissen-mit-einer-quaste\/#breadcrumb\"},\"inLanguage\":\"de\",\"potentialAction\":[{\"@type\":\"ReadAction\",\"target\":[\"https:\/\/cozyanddozy.com\/de\/produkt\/sternkissen-ein-satz-kissen-mit-einer-quaste\/\"]}]},{\"@type\":\"ImageObject\",\"inLanguage\":\"de\",\"@id\":\"https:\/\/cozyanddozy.com\/de\/produkt\/sternkissen-ein-satz-kissen-mit-einer-quaste\/#primaryimage\",\"url\":\"https:\/\/cozyanddozy.com\/de\/wp-content\/uploads\/2023\/02\/poduszki-boho.jpeg\",\"contentUrl\":\"https:\/\/cozyanddozy.com\/de\/wp-content\/uploads\/2023\/02\/poduszki-boho.jpeg\",\"width\":917,\"height\":952},{\"@type\":\"BreadcrumbList\",\"@id\":\"https:\/\/cozyanddozy.com\/de\/produkt\/sternkissen-ein-satz-kissen-mit-einer-quaste\/#breadcrumb\",\"itemListElement\":[{\"@type\":\"ListItem\",\"position\":1,\"name\":\"Home\",\"item\":\"https:\/\/cozyanddozy.com\/de\/\"},{\"@type\":\"ListItem\",\"position\":2,\"name\":\"Shop\",\"item\":\"https:\/\/cozyanddozy.com\/de\/shop\/\"},{\"@type\":\"ListItem\",\"position\":3,\"name\":\"Sternkissen \u2013 ein Satz Kissen mit einer Quaste\"}]},{\"@type\":\"WebSite\",\"@id\":\"https:\/\/cozyanddozy.com\/de\/#website\",\"url\":\"https:\/\/cozyanddozy.com\/de\/\",\"name\":\"Cozy & Dozy\",\"description\":\"\",\"publisher\":{\"@id\":\"https:\/\/cozyanddozy.com\/de\/#organization\"},\"potentialAction\":[{\"@type\":\"SearchAction\",\"target\":{\"@type\":\"EntryPoint\",\"urlTemplate\":\"https:\/\/cozyanddozy.com\/de\/?s={search_term_string}\"},\"query-input\":{\"@type\":\"PropertyValueSpecification\",\"valueRequired\":true,\"valueName\":\"search_term_string\"}}],\"inLanguage\":\"de\"},{\"@type\":\"Organization\",\"@id\":\"https:\/\/cozyanddozy.com\/de\/#organization\",\"name\":\"Cozy & Dozy\",\"url\":\"https:\/\/cozyanddozy.com\/de\/\",\"logo\":{\"@type\":\"ImageObject\",\"inLanguage\":\"de\",\"@id\":\"https:\/\/cozyanddozy.com\/de\/#\/schema\/logo\/image\/\",\"url\":\"https:\/\/cozyanddozy.com\/de\/wp-content\/uploads\/2023\/02\/cozyanddozy_logo_b.png\",\"contentUrl\":\"https:\/\/cozyanddozy.com\/de\/wp-content\/uploads\/2023\/02\/cozyanddozy_logo_b.png\",\"width\":314,\"height\":85,\"caption\":\"Cozy & Dozy\"},\"image\":{\"@id\":\"https:\/\/cozyanddozy.com\/de\/#\/schema\/logo\/image\/\"}}]}<\/script>\n<meta property=\"product:price:amount\" content=\"19.00\" \/>\n<meta property=\"product:price:currency\" content=\"EUR\" \/>\n<meta property=\"og:availability\" content=\"instock\" \/>\n<meta property=\"product:availability\" content=\"instock\" \/>\n<meta property=\"product:retailer_item_id\" content=\"5902701497729\" \/>\n<meta property=\"product:condition\" content=\"new\" \/>\n<!-- \/ Yoast SEO Premium plugin. -->","yoast_head_json":{"title":"Sternkissen \u2013 ein Satz Kissen mit einer Quaste - Cozy & Dozy","description":"Ein Set aus zwei Baumwollkissen mit Quaste.","robots":{"index":"index","follow":"follow","max-snippet":"max-snippet:-1","max-image-preview":"max-image-preview:large","max-video-preview":"max-video-preview:-1"},"canonical":"https:\/\/cozyanddozy.com\/de\/produkt\/sternkissen-ein-satz-kissen-mit-einer-quaste\/","og_locale":"de_DE","og_type":"article","og_title":"Sternkissen \u2013 ein Satz Kissen mit einer Quaste","og_description":"Ein Set aus zwei Baumwollkissen mit Quaste.","og_url":"https:\/\/cozyanddozy.com\/de\/produkt\/sternkissen-ein-satz-kissen-mit-einer-quaste\/","og_site_name":"Cozy &amp; Dozy","article_modified_time":"2025-01-29T20:28:18+00:00","og_image":[{"width":917,"height":952,"url":"https:\/\/cozyanddozy.com\/de\/wp-content\/uploads\/2023\/02\/poduszki-boho.jpeg","type":"image\/jpeg"}],"twitter_card":"summary_large_image","twitter_misc":{"Preis":"19,00&nbsp;&euro;","Verf\u00fcgbarkeit":"Auf Lager"},"schema":{"@context":"https:\/\/schema.org","@graph":[{"@type":"WebPage","@id":"https:\/\/cozyanddozy.com\/de\/produkt\/sternkissen-ein-satz-kissen-mit-einer-quaste\/","url":"https:\/\/cozyanddozy.com\/de\/produkt\/sternkissen-ein-satz-kissen-mit-einer-quaste\/","name":"Sternkissen \u2013 ein Satz Kissen mit einer Quaste - Cozy & Dozy","isPartOf":{"@id":"https:\/\/cozyanddozy.com\/de\/#website"},"primaryImageOfPage":{"@id":"https:\/\/cozyanddozy.com\/de\/produkt\/sternkissen-ein-satz-kissen-mit-einer-quaste\/#primaryimage"},"image":{"@id":"https:\/\/cozyanddozy.com\/de\/produkt\/sternkissen-ein-satz-kissen-mit-einer-quaste\/#primaryimage"},"thumbnailUrl":"https:\/\/cozyanddozy.com\/de\/wp-content\/uploads\/2023\/02\/poduszki-boho.jpeg","datePublished":"2022-10-13T09:33:25+00:00","dateModified":"2025-01-29T20:28:18+00:00","description":"Ein Set aus zwei Baumwollkissen mit Quaste.","breadcrumb":{"@id":"https:\/\/cozyanddozy.com\/de\/produkt\/sternkissen-ein-satz-kissen-mit-einer-quaste\/#breadcrumb"},"inLanguage":"de","potentialAction":[{"@type":"ReadAction","target":["https:\/\/cozyanddozy.com\/de\/produkt\/sternkissen-ein-satz-kissen-mit-einer-quaste\/"]}]},{"@type":"ImageObject","inLanguage":"de","@id":"https:\/\/cozyanddozy.com\/de\/produkt\/sternkissen-ein-satz-kissen-mit-einer-quaste\/#primaryimage","url":"https:\/\/cozyanddozy.com\/de\/wp-content\/uploads\/2023\/02\/poduszki-boho.jpeg","contentUrl":"https:\/\/cozyanddozy.com\/de\/wp-content\/uploads\/2023\/02\/poduszki-boho.jpeg","width":917,"height":952},{"@type":"BreadcrumbList","@id":"https:\/\/cozyanddozy.com\/de\/produkt\/sternkissen-ein-satz-kissen-mit-einer-quaste\/#breadcrumb","itemListElement":[{"@type":"ListItem","position":1,"name":"Home","item":"https:\/\/cozyanddozy.com\/de\/"},{"@type":"ListItem","position":2,"name":"Shop","item":"https:\/\/cozyanddozy.com\/de\/shop\/"},{"@type":"ListItem","position":3,"name":"Sternkissen \u2013 ein Satz Kissen mit einer Quaste"}]},{"@type":"WebSite","@id":"https:\/\/cozyanddozy.com\/de\/#website","url":"https:\/\/cozyanddozy.com\/de\/","name":"Cozy & Dozy","description":"","publisher":{"@id":"https:\/\/cozyanddozy.com\/de\/#organization"},"potentialAction":[{"@type":"SearchAction","target":{"@type":"EntryPoint","urlTemplate":"https:\/\/cozyanddozy.com\/de\/?s={search_term_string}"},"query-input":{"@type":"PropertyValueSpecification","valueRequired":true,"valueName":"search_term_string"}}],"inLanguage":"de"},{"@type":"Organization","@id":"https:\/\/cozyanddozy.com\/de\/#organization","name":"Cozy & Dozy","url":"https:\/\/cozyanddozy.com\/de\/","logo":{"@type":"ImageObject","inLanguage":"de","@id":"https:\/\/cozyanddozy.com\/de\/#\/schema\/logo\/image\/","url":"https:\/\/cozyanddozy.com\/de\/wp-content\/uploads\/2023\/02\/cozyanddozy_logo_b.png","contentUrl":"https:\/\/cozyanddozy.com\/de\/wp-content\/uploads\/2023\/02\/cozyanddozy_logo_b.png","width":314,"height":85,"caption":"Cozy & Dozy"},"image":{"@id":"https:\/\/cozyanddozy.com\/de\/#\/schema\/logo\/image\/"}}]},"product_price_amount":"19.00","product_price_currency":"EUR","og_availability":"instock","product_availability":"instock","product_retailer_item_id":"5902701497729","product_condition":"new"},"_links":{"self":[{"href":"https:\/\/cozyanddozy.com\/de\/wp-json\/wp\/v2\/product\/1425","targetHints":{"allow":["GET"]}}],"collection":[{"href":"https:\/\/cozyanddozy.com\/de\/wp-json\/wp\/v2\/product"}],"about":[{"href":"https:\/\/cozyanddozy.com\/de\/wp-json\/wp\/v2\/types\/product"}],"replies":[{"embeddable":true,"href":"https:\/\/cozyanddozy.com\/de\/wp-json\/wp\/v2\/comments?post=1425"}],"wp:featuredmedia":[{"embeddable":true,"href":"https:\/\/cozyanddozy.com\/de\/wp-json\/wp\/v2\/media\/1039"}],"wp:attachment":[{"href":"https:\/\/cozyanddozy.com\/de\/wp-json\/wp\/v2\/media?parent=1425"}],"wp:term":[{"taxonomy":"product_brand","embeddable":true,"href":"https:\/\/cozyanddozy.com\/de\/wp-json\/wp\/v2\/product_brand?post=1425"},{"taxonomy":"product_cat","embeddable":true,"href":"https:\/\/cozyanddozy.com\/de\/wp-json\/wp\/v2\/product_cat?post=1425"},{"taxonomy":"product_tag","embeddable":true,"href":"https:\/\/cozyanddozy.com\/de\/wp-json\/wp\/v2\/product_tag?post=1425"}],"curies":[{"name":"wp","href":"https:\/\/api.w.org\/{rel}","templated":true}]}}