{"id":1423,"date":"2022-09-28T10:38:18","date_gmt":"2022-09-28T08:38:18","guid":{"rendered":"https:\/\/cozyanddozy.com\/de\/product\/tipi-zelt-basic-white-set-8-tlg\/"},"modified":"2024-08-16T11:29:55","modified_gmt":"2024-08-16T09:29:55","slug":"tipi-zelt-basic-white-set-8-tlg","status":"publish","type":"product","link":"https:\/\/cozyanddozy.com\/de\/produkt\/tipi-zelt-basic-white-set-8-tlg\/","title":{"rendered":"Tipi Zelt Basic White, Set 8-tlg."},"content":{"rendered":"<p><img decoding=\"async\" class=\"alignright wp-image-50708\" src=\"https:\/\/cozyanddozy.com\/wp-content\/uploads\/2023\/02\/stars-pillow-basic-grey.jpg\" alt=\"\" width=\"600\" \/><\/p>\n<h3>Ein gro\u00dfes Spielset von Cozy &amp; Dozy, Tipi zelt BASIC White, ein Set aus 8 Elementen.<\/h3>\n<p>Viel Spa\u00df, Elemente zum Spielen und Dekorieren eines Kinderzimmers.<\/p>\n<p><strong>Ein stabiles Tipi-Zelt im Set mit einer weichen Matte, zwei Kissen, einer Girlande und einem gro\u00dfen Korb f\u00fcr Spielzeug. Jedes Zelt hat 4 klappbare Stangen und einen Stabilisator, dank dem das Spielen sicher ist, und das Zelt sieht gut aus, f\u00e4llt nicht zusammen und bietet viel Platz zum Spielen.<\/strong><\/p>\n<p>Wir n\u00e4hen Zelte aus dicken Stoffen, die best\u00e4ndig gegen h\u00e4ufiges Waschen und Abrieb sind.<\/p>\n<p>Alle Stoffelemente sind maschinenwaschbar &#8211; 40 Grad.<\/p>\n<p>Die von uns verwendeten Stoffe haben Sicherheitszulassungen f\u00fcr Kinder. Jede Kollektion wird von Cozy &amp; Dozy entworfen und in unserem Studio in Polen gen\u00e4ht.<\/p>\n<h4>Das Basic White\u00a0Tipi-Set von Cozy &amp; Dozy beinhaltet:<\/h4>\n<ul>\n<li>Tipi-Zelt mit Fenster<\/li>\n<li><span style=\"color: #555555;\">weiche Matte<\/span><\/li>\n<li><span style=\"color: #555555;\">dekorative Girlande 170 cm<\/span><\/li>\n<li><span style=\"color: #555555;\">gro\u00dfer Korb f\u00fcr Spielzeug, mit einer Schnur festgezogen<\/span><\/li>\n<li><span style=\"color: #555555;\">Zwei-Sterne-Kissen &#8211; 40&#215;40 cm<\/span><\/li>\n<li><span style=\"color: #555555;\">Klappst\u00f6cke mit Aufbauanleitung<\/span><\/li>\n<li><span style=\"color: #555555;\">Stabilisator<\/span><\/li>\n<\/ul>\n<h4>Komposition:<\/h4>\n<ul>\n<li>100% Baumwolle, hat ein Zertifikat und eine CE-Zulassung<\/li>\n<li><span style=\"color: #555555;\">F\u00fcllmatten und Kissen: 100 % hypoallergener Silikonschaum<\/span><\/li>\n<\/ul>\n<h4>Ma\u00dfe:<\/h4>\n<ul>\n<li>H\u00f6he (mit Stangen) ausgeklappt: 150 cm<\/li>\n<li><span style=\"color: #555555;\">H\u00f6he (mit Stangen) gefaltet: 170 cm<\/span><\/li>\n<li><span style=\"color: #555555;\">Grundfl\u00e4che: ca. 110 \u00d7 110 cm<\/span><\/li>\n<\/ul>\n<p>Das Zelt ist f\u00fcr 2-3 Kinder ausgelegt. Tipi l\u00e4sst sich leicht zusammenklappen und nimmt nicht viel Platz ein.<\/p>\n<h4>Pflegemethode:<\/h4>\n<ul>\n<li>Maschinenw\u00e4sche bei 40\u00b0 &#8211; Schonwaschgang<\/li>\n<li><span style=\"color: #555555;\">Bei niedriger Temperatur b\u00fcgeln<\/span><\/li>\n<li><span style=\"color: #555555;\">Nicht im Trockner trocknen<\/span><\/li>\n<li><span style=\"color: #555555;\">Reinige chemisch nicht<\/span><\/li>\n<li><span style=\"color: #555555;\">Nicht chloren<\/span><\/li>\n<\/ul>\n<p>HINWEIS: Pompons und Quasten nicht b\u00fcgeln \u2013 sie k\u00f6nnten schmelzen!<\/p>\n","protected":false},"excerpt":{"rendered":"<p>Gro\u00dfes Tipi-Set zum Spielen mit Kissen und einem Korb f\u00fcr Spielzeug. Basic White Set 8-tlg. \u00fcber die Dekoration eines Kinderzimmers spielen.<\/p>\n","protected":false},"featured_media":1030,"comment_status":"open","ping_status":"closed","template":"","meta":[],"product_brand":[],"product_cat":[71],"product_tag":[],"class_list":{"0":"post-1423","1":"product","2":"type-product","3":"status-publish","4":"has-post-thumbnail","6":"product_cat-tipi-zelt","8":"first","9":"instock","10":"sale","11":"shipping-taxable","12":"product-type-simple"},"yoast_head":"<!-- This site is optimized with the Yoast SEO Premium plugin v21.9 (Yoast SEO v27.0) - https:\/\/yoast.com\/product\/yoast-seo-premium-wordpress\/ -->\n<title>Tipi Zelt Basic White, Set 8-tlg. - Cozy &amp; Dozy<\/title>\n<meta name=\"description\" content=\"Gro\u00dfes Tipi-Set zum Spielen mit Kissen und einem Korb f\u00fcr Spielzeug. Basic White Set 8-tlg. \u00fcber die Dekoration eines Kinderzimmers spielen.Tipi-Zelt Basic Black, Set 8-tlg.\" \/>\n<meta name=\"robots\" content=\"index, follow, max-snippet:-1, max-image-preview:large, max-video-preview:-1\" \/>\n<link rel=\"canonical\" href=\"https:\/\/cozyanddozy.com\/de\/produkt\/tipi-zelt-basic-white-set-8-tlg\/\" \/>\n<meta property=\"og:locale\" content=\"de_DE\" \/>\n<meta property=\"og:type\" content=\"article\" \/>\n<meta property=\"og:title\" content=\"Tipi Zelt Basic White, Set 8-tlg.\" \/>\n<meta property=\"og:description\" content=\"Gro\u00dfes Tipi-Set zum Spielen mit Kissen und einem Korb f\u00fcr Spielzeug. Basic White Set 8-tlg. \u00fcber die Dekoration eines Kinderzimmers spielen.Tipi-Zelt Basic Black, Set 8-tlg.\" \/>\n<meta property=\"og:url\" content=\"https:\/\/cozyanddozy.com\/de\/produkt\/tipi-zelt-basic-white-set-8-tlg\/\" \/>\n<meta property=\"og:site_name\" content=\"Cozy &amp; Dozy\" \/>\n<meta property=\"article:modified_time\" content=\"2024-08-16T09:29:55+00:00\" \/>\n<meta property=\"og:image\" content=\"https:\/\/cozyanddozy.com\/de\/wp-content\/uploads\/2023\/02\/tipi-set-basic-white-7-el.jpg\" \/>\n\t<meta property=\"og:image:width\" content=\"1200\" \/>\n\t<meta property=\"og:image:height\" content=\"1200\" \/>\n\t<meta property=\"og:image:type\" content=\"image\/jpeg\" \/>\n<meta name=\"twitter:card\" content=\"summary_large_image\" \/>\n<meta name=\"twitter:label1\" content=\"Preis\" \/>\n\t<meta name=\"twitter:data1\" content=\"161,10&nbsp;&euro;\" \/>\n\t<meta name=\"twitter:label2\" content=\"Verf\u00fcgbarkeit\" \/>\n\t<meta name=\"twitter:data2\" content=\"Auf Lager\" \/>\n<script type=\"application\/ld+json\" class=\"yoast-schema-graph\">{\"@context\":\"https:\/\/schema.org\",\"@graph\":[{\"@type\":\"WebPage\",\"@id\":\"https:\/\/cozyanddozy.com\/de\/produkt\/tipi-zelt-basic-white-set-8-tlg\/\",\"url\":\"https:\/\/cozyanddozy.com\/de\/produkt\/tipi-zelt-basic-white-set-8-tlg\/\",\"name\":\"Tipi Zelt Basic White, Set 8-tlg. - Cozy & Dozy\",\"isPartOf\":{\"@id\":\"https:\/\/cozyanddozy.com\/de\/#website\"},\"primaryImageOfPage\":{\"@id\":\"https:\/\/cozyanddozy.com\/de\/produkt\/tipi-zelt-basic-white-set-8-tlg\/#primaryimage\"},\"image\":{\"@id\":\"https:\/\/cozyanddozy.com\/de\/produkt\/tipi-zelt-basic-white-set-8-tlg\/#primaryimage\"},\"thumbnailUrl\":\"https:\/\/cozyanddozy.com\/de\/wp-content\/uploads\/2023\/02\/tipi-set-basic-white-7-el.jpg\",\"datePublished\":\"2022-09-28T08:38:18+00:00\",\"dateModified\":\"2024-08-16T09:29:55+00:00\",\"description\":\"Gro\u00dfes Tipi-Set zum Spielen mit Kissen und einem Korb f\u00fcr Spielzeug. Basic White Set 8-tlg. \u00fcber die Dekoration eines Kinderzimmers spielen.Tipi-Zelt Basic Black, Set 8-tlg.\",\"breadcrumb\":{\"@id\":\"https:\/\/cozyanddozy.com\/de\/produkt\/tipi-zelt-basic-white-set-8-tlg\/#breadcrumb\"},\"inLanguage\":\"de\",\"potentialAction\":[{\"@type\":\"ReadAction\",\"target\":[\"https:\/\/cozyanddozy.com\/de\/produkt\/tipi-zelt-basic-white-set-8-tlg\/\"]}]},{\"@type\":\"ImageObject\",\"inLanguage\":\"de\",\"@id\":\"https:\/\/cozyanddozy.com\/de\/produkt\/tipi-zelt-basic-white-set-8-tlg\/#primaryimage\",\"url\":\"https:\/\/cozyanddozy.com\/de\/wp-content\/uploads\/2023\/02\/tipi-set-basic-white-7-el.jpg\",\"contentUrl\":\"https:\/\/cozyanddozy.com\/de\/wp-content\/uploads\/2023\/02\/tipi-set-basic-white-7-el.jpg\",\"width\":1200,\"height\":1200},{\"@type\":\"BreadcrumbList\",\"@id\":\"https:\/\/cozyanddozy.com\/de\/produkt\/tipi-zelt-basic-white-set-8-tlg\/#breadcrumb\",\"itemListElement\":[{\"@type\":\"ListItem\",\"position\":1,\"name\":\"Home\",\"item\":\"https:\/\/cozyanddozy.com\/de\/\"},{\"@type\":\"ListItem\",\"position\":2,\"name\":\"Shop\",\"item\":\"https:\/\/cozyanddozy.com\/de\/shop\/\"},{\"@type\":\"ListItem\",\"position\":3,\"name\":\"Tipi Zelt Basic White, Set 8-tlg.\"}]},{\"@type\":\"WebSite\",\"@id\":\"https:\/\/cozyanddozy.com\/de\/#website\",\"url\":\"https:\/\/cozyanddozy.com\/de\/\",\"name\":\"Cozy & Dozy\",\"description\":\"\",\"publisher\":{\"@id\":\"https:\/\/cozyanddozy.com\/de\/#organization\"},\"potentialAction\":[{\"@type\":\"SearchAction\",\"target\":{\"@type\":\"EntryPoint\",\"urlTemplate\":\"https:\/\/cozyanddozy.com\/de\/?s={search_term_string}\"},\"query-input\":{\"@type\":\"PropertyValueSpecification\",\"valueRequired\":true,\"valueName\":\"search_term_string\"}}],\"inLanguage\":\"de\"},{\"@type\":\"Organization\",\"@id\":\"https:\/\/cozyanddozy.com\/de\/#organization\",\"name\":\"Cozy & Dozy\",\"url\":\"https:\/\/cozyanddozy.com\/de\/\",\"logo\":{\"@type\":\"ImageObject\",\"inLanguage\":\"de\",\"@id\":\"https:\/\/cozyanddozy.com\/de\/#\/schema\/logo\/image\/\",\"url\":\"https:\/\/cozyanddozy.com\/de\/wp-content\/uploads\/2023\/02\/cozyanddozy_logo_b.png\",\"contentUrl\":\"https:\/\/cozyanddozy.com\/de\/wp-content\/uploads\/2023\/02\/cozyanddozy_logo_b.png\",\"width\":314,\"height\":85,\"caption\":\"Cozy & Dozy\"},\"image\":{\"@id\":\"https:\/\/cozyanddozy.com\/de\/#\/schema\/logo\/image\/\"}}]}<\/script>\n<meta property=\"product:price:amount\" content=\"161.10\" \/>\n<meta property=\"product:price:currency\" content=\"EUR\" \/>\n<meta property=\"og:availability\" content=\"instock\" \/>\n<meta property=\"product:availability\" content=\"instock\" \/>\n<meta property=\"product:retailer_item_id\" content=\"5902701497736\" \/>\n<meta property=\"product:condition\" content=\"new\" \/>\n<!-- \/ Yoast SEO Premium plugin. -->","yoast_head_json":{"title":"Tipi Zelt Basic White, Set 8-tlg. - Cozy & Dozy","description":"Gro\u00dfes Tipi-Set zum Spielen mit Kissen und einem Korb f\u00fcr Spielzeug. Basic White Set 8-tlg. \u00fcber die Dekoration eines Kinderzimmers spielen.Tipi-Zelt Basic Black, Set 8-tlg.","robots":{"index":"index","follow":"follow","max-snippet":"max-snippet:-1","max-image-preview":"max-image-preview:large","max-video-preview":"max-video-preview:-1"},"canonical":"https:\/\/cozyanddozy.com\/de\/produkt\/tipi-zelt-basic-white-set-8-tlg\/","og_locale":"de_DE","og_type":"article","og_title":"Tipi Zelt Basic White, Set 8-tlg.","og_description":"Gro\u00dfes Tipi-Set zum Spielen mit Kissen und einem Korb f\u00fcr Spielzeug. Basic White Set 8-tlg. \u00fcber die Dekoration eines Kinderzimmers spielen.Tipi-Zelt Basic Black, Set 8-tlg.","og_url":"https:\/\/cozyanddozy.com\/de\/produkt\/tipi-zelt-basic-white-set-8-tlg\/","og_site_name":"Cozy &amp; Dozy","article_modified_time":"2024-08-16T09:29:55+00:00","og_image":[{"width":1200,"height":1200,"url":"https:\/\/cozyanddozy.com\/de\/wp-content\/uploads\/2023\/02\/tipi-set-basic-white-7-el.jpg","type":"image\/jpeg"}],"twitter_card":"summary_large_image","twitter_misc":{"Preis":"161,10&nbsp;&euro;","Verf\u00fcgbarkeit":"Auf Lager"},"schema":{"@context":"https:\/\/schema.org","@graph":[{"@type":"WebPage","@id":"https:\/\/cozyanddozy.com\/de\/produkt\/tipi-zelt-basic-white-set-8-tlg\/","url":"https:\/\/cozyanddozy.com\/de\/produkt\/tipi-zelt-basic-white-set-8-tlg\/","name":"Tipi Zelt Basic White, Set 8-tlg. - Cozy & Dozy","isPartOf":{"@id":"https:\/\/cozyanddozy.com\/de\/#website"},"primaryImageOfPage":{"@id":"https:\/\/cozyanddozy.com\/de\/produkt\/tipi-zelt-basic-white-set-8-tlg\/#primaryimage"},"image":{"@id":"https:\/\/cozyanddozy.com\/de\/produkt\/tipi-zelt-basic-white-set-8-tlg\/#primaryimage"},"thumbnailUrl":"https:\/\/cozyanddozy.com\/de\/wp-content\/uploads\/2023\/02\/tipi-set-basic-white-7-el.jpg","datePublished":"2022-09-28T08:38:18+00:00","dateModified":"2024-08-16T09:29:55+00:00","description":"Gro\u00dfes Tipi-Set zum Spielen mit Kissen und einem Korb f\u00fcr Spielzeug. Basic White Set 8-tlg. \u00fcber die Dekoration eines Kinderzimmers spielen.Tipi-Zelt Basic Black, Set 8-tlg.","breadcrumb":{"@id":"https:\/\/cozyanddozy.com\/de\/produkt\/tipi-zelt-basic-white-set-8-tlg\/#breadcrumb"},"inLanguage":"de","potentialAction":[{"@type":"ReadAction","target":["https:\/\/cozyanddozy.com\/de\/produkt\/tipi-zelt-basic-white-set-8-tlg\/"]}]},{"@type":"ImageObject","inLanguage":"de","@id":"https:\/\/cozyanddozy.com\/de\/produkt\/tipi-zelt-basic-white-set-8-tlg\/#primaryimage","url":"https:\/\/cozyanddozy.com\/de\/wp-content\/uploads\/2023\/02\/tipi-set-basic-white-7-el.jpg","contentUrl":"https:\/\/cozyanddozy.com\/de\/wp-content\/uploads\/2023\/02\/tipi-set-basic-white-7-el.jpg","width":1200,"height":1200},{"@type":"BreadcrumbList","@id":"https:\/\/cozyanddozy.com\/de\/produkt\/tipi-zelt-basic-white-set-8-tlg\/#breadcrumb","itemListElement":[{"@type":"ListItem","position":1,"name":"Home","item":"https:\/\/cozyanddozy.com\/de\/"},{"@type":"ListItem","position":2,"name":"Shop","item":"https:\/\/cozyanddozy.com\/de\/shop\/"},{"@type":"ListItem","position":3,"name":"Tipi Zelt Basic White, Set 8-tlg."}]},{"@type":"WebSite","@id":"https:\/\/cozyanddozy.com\/de\/#website","url":"https:\/\/cozyanddozy.com\/de\/","name":"Cozy & Dozy","description":"","publisher":{"@id":"https:\/\/cozyanddozy.com\/de\/#organization"},"potentialAction":[{"@type":"SearchAction","target":{"@type":"EntryPoint","urlTemplate":"https:\/\/cozyanddozy.com\/de\/?s={search_term_string}"},"query-input":{"@type":"PropertyValueSpecification","valueRequired":true,"valueName":"search_term_string"}}],"inLanguage":"de"},{"@type":"Organization","@id":"https:\/\/cozyanddozy.com\/de\/#organization","name":"Cozy & Dozy","url":"https:\/\/cozyanddozy.com\/de\/","logo":{"@type":"ImageObject","inLanguage":"de","@id":"https:\/\/cozyanddozy.com\/de\/#\/schema\/logo\/image\/","url":"https:\/\/cozyanddozy.com\/de\/wp-content\/uploads\/2023\/02\/cozyanddozy_logo_b.png","contentUrl":"https:\/\/cozyanddozy.com\/de\/wp-content\/uploads\/2023\/02\/cozyanddozy_logo_b.png","width":314,"height":85,"caption":"Cozy & Dozy"},"image":{"@id":"https:\/\/cozyanddozy.com\/de\/#\/schema\/logo\/image\/"}}]},"product_price_amount":"161.10","product_price_currency":"EUR","og_availability":"instock","product_availability":"instock","product_retailer_item_id":"5902701497736","product_condition":"new"},"_links":{"self":[{"href":"https:\/\/cozyanddozy.com\/de\/wp-json\/wp\/v2\/product\/1423","targetHints":{"allow":["GET"]}}],"collection":[{"href":"https:\/\/cozyanddozy.com\/de\/wp-json\/wp\/v2\/product"}],"about":[{"href":"https:\/\/cozyanddozy.com\/de\/wp-json\/wp\/v2\/types\/product"}],"replies":[{"embeddable":true,"href":"https:\/\/cozyanddozy.com\/de\/wp-json\/wp\/v2\/comments?post=1423"}],"wp:featuredmedia":[{"embeddable":true,"href":"https:\/\/cozyanddozy.com\/de\/wp-json\/wp\/v2\/media\/1030"}],"wp:attachment":[{"href":"https:\/\/cozyanddozy.com\/de\/wp-json\/wp\/v2\/media?parent=1423"}],"wp:term":[{"taxonomy":"product_brand","embeddable":true,"href":"https:\/\/cozyanddozy.com\/de\/wp-json\/wp\/v2\/product_brand?post=1423"},{"taxonomy":"product_cat","embeddable":true,"href":"https:\/\/cozyanddozy.com\/de\/wp-json\/wp\/v2\/product_cat?post=1423"},{"taxonomy":"product_tag","embeddable":true,"href":"https:\/\/cozyanddozy.com\/de\/wp-json\/wp\/v2\/product_tag?post=1423"}],"curies":[{"name":"wp","href":"https:\/\/api.w.org\/{rel}","templated":true}]}}