{"id":1419,"date":"2022-08-12T16:26:33","date_gmt":"2022-08-12T14:26:33","guid":{"rendered":"https:\/\/cozyanddozy.com\/de\/product\/schlafsack-fuer-kinder-retro-blue-75-x-140-cm\/"},"modified":"2025-01-29T21:28:40","modified_gmt":"2025-01-29T20:28:40","slug":"schlafsack-fuer-kinder-retro-blue-75-x-140-cm","status":"publish","type":"product","link":"https:\/\/cozyanddozy.com\/de\/produkt\/schlafsack-fuer-kinder-retro-blue-75-x-140-cm\/","title":{"rendered":"Schlafsack f\u00fcr Kinder Retro Blue 75 \u00d7 140 cm"},"content":{"rendered":"<p><img decoding=\"async\" class=\"alignright\" src=\"https:\/\/cozyanddozy.com\/wp-content\/uploads\/2023\/02\/spiworki-przedszkolne-cozydots.jpg\" alt=\"\" width=\"600\" \/><\/p>\n<h3>Der Schlafsack des Vorschulkindes ist eine kuschelige Bettw\u00e4sche aus Baumwolle und Samt, komplett mit einem kleinen Kissen, einer Aufbewahrungstasche und einem Ausweis.<\/h3>\n<p>Ein Schlafsack f\u00fcr Kinder im Vorschulalter ist eine kuschelige Bettw\u00e4sche aus Baumwolle und Samt.<\/p>\n<p>Die Bettw\u00e4sche des Kindergartens ist mit einer antiallergischen Bettdecke und einem Kopfkissen gef\u00fcllt. Au\u00dferdem enth\u00e4lt das Set ein kleines Kissen \u2013 zum Umarmen, eine Aufbewahrungstasche und einen Ausweis zum Unterschreiben mit Vor- und Nachnamen.<\/p>\n<p>Ein Schlafsack aus der Retro-Serie ist in ged\u00e4mpften Farben von Mustern und Farben im Vintage-Stil inspiriert.<\/p>\n<p>RETRO BLUE gestreifter Babyschlafsack in folgenden Farben: Hellgr\u00fcn, Honig, Marineblau, Blau und Hellgrau.<\/p>\n<p>Die Retro-Kollektion umfasst 3 Schlafsackmodelle: Retro, Retro Blue, Retro Pink.<\/p>\n<p>Der Schlafsack hat einen Rei\u00dfverschluss, damit das Kind w\u00e4hrend eines Nickerchens nicht auff\u00e4llt.<\/p>\n<p>Dar\u00fcber hinaus verf\u00fcgt es \u00fcber ein abnehmbares Kissen (Kissen), um das Waschen in der Waschmaschine zu erleichtern.<\/p>\n<p>Ein farbenfroher Schlafsack von Cozy &amp; Dozy ist die perfekte L\u00f6sung f\u00fcr Kinder im Alter von 2 bis 7 Jahren.<\/p>\n<p>Der Schlafsack ist nicht nur perfekt f\u00fcr ein Nickerchen im Kindergarten, sondern auch eine gro\u00dfartige L\u00f6sung f\u00fcr bequemes Schlafen au\u00dferhalb des Hauses \u2013 im Urlaub, bei Freunden oder auf Reisen.<\/p>\n<p>Ma\u00dfe:<\/p>\n<ul>\n<li>Schlafbereich 140 \u00d7 75<\/li>\n<li>Gesamtl\u00e4nge im aufgeklappten Zustand 240 \u00d7 75<\/li>\n<li>kleines Kissen 40 \u00d7 23<\/li>\n<\/ul>\n<p>Inbegriffen:<\/p>\n<ul>\n<li>Schlafsack (mit abnehmbarem Kissen)<\/li>\n<li>kleines Kissen<\/li>\n<li>Id card<\/li>\n<li>Aufbewahrungstasche<\/li>\n<\/ul>\n<p>Lieferzeit: 5-10 Werktage + Lieferzeit (nach Deutschland 2-3 Werktage)<\/p>\n<p>Komposition:<\/p>\n<ul>\n<li>100% Baumwolle (Innenseite)<\/li>\n<li>Samt 100% (Au\u00dfenseite)<\/li>\n<\/ul>\n<p>Pflegemethode:<\/p>\n<ul>\n<li>bei 40 Grad in der Waschmaschine waschen<\/li>\n<li>Nicht bleichen<\/li>\n<li>B\u00fcgeln Sie die Baumwollseite bei 180 Grad<\/li>\n<\/ul>\n<p>Schlafsack f\u00fcr Kinder im Vorschulalter, komplett entworfen und gen\u00e4ht von Cozy &amp; Dozy.<\/p>\n<p>Alle Stoffe, aus denen wir n\u00e4hen, sind zertifiziert und sicher f\u00fcr Kinder. Das Produkt ist CE-zertifiziert.<\/p>\n","protected":false},"excerpt":{"rendered":"<p><b>Schlafsack f\u00fcr Kinder im Vorschulalter mit zus\u00e4tzlichem Kopfkissen, Aufbewahrungsbeutel und Ausweis.<\/b><\/p>\n","protected":false},"featured_media":1004,"comment_status":"open","ping_status":"closed","template":"","meta":[],"product_brand":[],"product_cat":[80],"product_tag":[],"class_list":{"0":"post-1419","1":"product","2":"type-product","3":"status-publish","4":"has-post-thumbnail","6":"product_cat-bettwaesche","8":"first","9":"instock","10":"sale","11":"shipping-taxable","12":"product-type-simple"},"yoast_head":"<!-- This site is optimized with the Yoast SEO Premium plugin v21.9 (Yoast SEO v27.0) - https:\/\/yoast.com\/product\/yoast-seo-premium-wordpress\/ -->\n<title>Schlafsack f\u00fcr Kinder Retro Blue 75 \u00d7 140 cm - Cozy &amp; Dozy<\/title>\n<meta name=\"description\" content=\"Schlafsack f\u00fcr Kinder im Vorschulalter mit zus\u00e4tzlichem Kopfkissen, Aufbewahrungsbeutel und Ausweis.\" \/>\n<meta name=\"robots\" content=\"index, follow, max-snippet:-1, max-image-preview:large, max-video-preview:-1\" \/>\n<link rel=\"canonical\" href=\"https:\/\/cozyanddozy.com\/de\/produkt\/schlafsack-fuer-kinder-retro-blue-75-x-140-cm\/\" \/>\n<meta property=\"og:locale\" content=\"de_DE\" \/>\n<meta property=\"og:type\" content=\"article\" \/>\n<meta property=\"og:title\" content=\"Schlafsack f\u00fcr Kinder Retro Blue 75 \u00d7 140 cm\" \/>\n<meta property=\"og:description\" content=\"Schlafsack f\u00fcr Kinder im Vorschulalter mit zus\u00e4tzlichem Kopfkissen, Aufbewahrungsbeutel und Ausweis.\" \/>\n<meta property=\"og:url\" content=\"https:\/\/cozyanddozy.com\/de\/produkt\/schlafsack-fuer-kinder-retro-blue-75-x-140-cm\/\" \/>\n<meta property=\"og:site_name\" content=\"Cozy &amp; Dozy\" \/>\n<meta property=\"article:modified_time\" content=\"2025-01-29T20:28:40+00:00\" \/>\n<meta property=\"og:image\" content=\"https:\/\/cozyanddozy.com\/de\/wp-content\/uploads\/2023\/02\/spiworek-szkolny-blue-retro.jpg\" \/>\n\t<meta property=\"og:image:width\" content=\"1200\" \/>\n\t<meta property=\"og:image:height\" content=\"1200\" \/>\n\t<meta property=\"og:image:type\" content=\"image\/jpeg\" \/>\n<meta name=\"twitter:card\" content=\"summary_large_image\" \/>\n<meta name=\"twitter:label1\" content=\"Preis\" \/>\n\t<meta name=\"twitter:data1\" content=\"79,00&nbsp;&euro;\" \/>\n\t<meta name=\"twitter:label2\" content=\"Verf\u00fcgbarkeit\" \/>\n\t<meta name=\"twitter:data2\" content=\"Auf Lager\" \/>\n<script type=\"application\/ld+json\" class=\"yoast-schema-graph\">{\"@context\":\"https:\/\/schema.org\",\"@graph\":[{\"@type\":\"WebPage\",\"@id\":\"https:\/\/cozyanddozy.com\/de\/produkt\/schlafsack-fuer-kinder-retro-blue-75-x-140-cm\/\",\"url\":\"https:\/\/cozyanddozy.com\/de\/produkt\/schlafsack-fuer-kinder-retro-blue-75-x-140-cm\/\",\"name\":\"Schlafsack f\u00fcr Kinder Retro Blue 75 \u00d7 140 cm - Cozy & Dozy\",\"isPartOf\":{\"@id\":\"https:\/\/cozyanddozy.com\/de\/#website\"},\"primaryImageOfPage\":{\"@id\":\"https:\/\/cozyanddozy.com\/de\/produkt\/schlafsack-fuer-kinder-retro-blue-75-x-140-cm\/#primaryimage\"},\"image\":{\"@id\":\"https:\/\/cozyanddozy.com\/de\/produkt\/schlafsack-fuer-kinder-retro-blue-75-x-140-cm\/#primaryimage\"},\"thumbnailUrl\":\"https:\/\/cozyanddozy.com\/de\/wp-content\/uploads\/2023\/02\/spiworek-szkolny-blue-retro.jpg\",\"datePublished\":\"2022-08-12T14:26:33+00:00\",\"dateModified\":\"2025-01-29T20:28:40+00:00\",\"description\":\"Schlafsack f\u00fcr Kinder im Vorschulalter mit zus\u00e4tzlichem Kopfkissen, Aufbewahrungsbeutel und Ausweis.\",\"breadcrumb\":{\"@id\":\"https:\/\/cozyanddozy.com\/de\/produkt\/schlafsack-fuer-kinder-retro-blue-75-x-140-cm\/#breadcrumb\"},\"inLanguage\":\"de\",\"potentialAction\":[{\"@type\":\"ReadAction\",\"target\":[\"https:\/\/cozyanddozy.com\/de\/produkt\/schlafsack-fuer-kinder-retro-blue-75-x-140-cm\/\"]}]},{\"@type\":\"ImageObject\",\"inLanguage\":\"de\",\"@id\":\"https:\/\/cozyanddozy.com\/de\/produkt\/schlafsack-fuer-kinder-retro-blue-75-x-140-cm\/#primaryimage\",\"url\":\"https:\/\/cozyanddozy.com\/de\/wp-content\/uploads\/2023\/02\/spiworek-szkolny-blue-retro.jpg\",\"contentUrl\":\"https:\/\/cozyanddozy.com\/de\/wp-content\/uploads\/2023\/02\/spiworek-szkolny-blue-retro.jpg\",\"width\":1200,\"height\":1200},{\"@type\":\"BreadcrumbList\",\"@id\":\"https:\/\/cozyanddozy.com\/de\/produkt\/schlafsack-fuer-kinder-retro-blue-75-x-140-cm\/#breadcrumb\",\"itemListElement\":[{\"@type\":\"ListItem\",\"position\":1,\"name\":\"Home\",\"item\":\"https:\/\/cozyanddozy.com\/de\/\"},{\"@type\":\"ListItem\",\"position\":2,\"name\":\"Shop\",\"item\":\"https:\/\/cozyanddozy.com\/de\/shop\/\"},{\"@type\":\"ListItem\",\"position\":3,\"name\":\"Schlafsack f\u00fcr Kinder Retro Blue 75 \u00d7 140 cm\"}]},{\"@type\":\"WebSite\",\"@id\":\"https:\/\/cozyanddozy.com\/de\/#website\",\"url\":\"https:\/\/cozyanddozy.com\/de\/\",\"name\":\"Cozy & Dozy\",\"description\":\"\",\"publisher\":{\"@id\":\"https:\/\/cozyanddozy.com\/de\/#organization\"},\"potentialAction\":[{\"@type\":\"SearchAction\",\"target\":{\"@type\":\"EntryPoint\",\"urlTemplate\":\"https:\/\/cozyanddozy.com\/de\/?s={search_term_string}\"},\"query-input\":{\"@type\":\"PropertyValueSpecification\",\"valueRequired\":true,\"valueName\":\"search_term_string\"}}],\"inLanguage\":\"de\"},{\"@type\":\"Organization\",\"@id\":\"https:\/\/cozyanddozy.com\/de\/#organization\",\"name\":\"Cozy & Dozy\",\"url\":\"https:\/\/cozyanddozy.com\/de\/\",\"logo\":{\"@type\":\"ImageObject\",\"inLanguage\":\"de\",\"@id\":\"https:\/\/cozyanddozy.com\/de\/#\/schema\/logo\/image\/\",\"url\":\"https:\/\/cozyanddozy.com\/de\/wp-content\/uploads\/2023\/02\/cozyanddozy_logo_b.png\",\"contentUrl\":\"https:\/\/cozyanddozy.com\/de\/wp-content\/uploads\/2023\/02\/cozyanddozy_logo_b.png\",\"width\":314,\"height\":85,\"caption\":\"Cozy & Dozy\"},\"image\":{\"@id\":\"https:\/\/cozyanddozy.com\/de\/#\/schema\/logo\/image\/\"}}]}<\/script>\n<meta property=\"product:price:amount\" content=\"79.00\" \/>\n<meta property=\"product:price:currency\" content=\"EUR\" \/>\n<meta property=\"og:availability\" content=\"instock\" \/>\n<meta property=\"product:availability\" content=\"instock\" \/>\n<meta property=\"product:retailer_item_id\" content=\"5902701497040\" \/>\n<meta property=\"product:condition\" content=\"new\" \/>\n<!-- \/ Yoast SEO Premium plugin. -->","yoast_head_json":{"title":"Schlafsack f\u00fcr Kinder Retro Blue 75 \u00d7 140 cm - Cozy & Dozy","description":"Schlafsack f\u00fcr Kinder im Vorschulalter mit zus\u00e4tzlichem Kopfkissen, Aufbewahrungsbeutel und Ausweis.","robots":{"index":"index","follow":"follow","max-snippet":"max-snippet:-1","max-image-preview":"max-image-preview:large","max-video-preview":"max-video-preview:-1"},"canonical":"https:\/\/cozyanddozy.com\/de\/produkt\/schlafsack-fuer-kinder-retro-blue-75-x-140-cm\/","og_locale":"de_DE","og_type":"article","og_title":"Schlafsack f\u00fcr Kinder Retro Blue 75 \u00d7 140 cm","og_description":"Schlafsack f\u00fcr Kinder im Vorschulalter mit zus\u00e4tzlichem Kopfkissen, Aufbewahrungsbeutel und Ausweis.","og_url":"https:\/\/cozyanddozy.com\/de\/produkt\/schlafsack-fuer-kinder-retro-blue-75-x-140-cm\/","og_site_name":"Cozy &amp; Dozy","article_modified_time":"2025-01-29T20:28:40+00:00","og_image":[{"width":1200,"height":1200,"url":"https:\/\/cozyanddozy.com\/de\/wp-content\/uploads\/2023\/02\/spiworek-szkolny-blue-retro.jpg","type":"image\/jpeg"}],"twitter_card":"summary_large_image","twitter_misc":{"Preis":"79,00&nbsp;&euro;","Verf\u00fcgbarkeit":"Auf Lager"},"schema":{"@context":"https:\/\/schema.org","@graph":[{"@type":"WebPage","@id":"https:\/\/cozyanddozy.com\/de\/produkt\/schlafsack-fuer-kinder-retro-blue-75-x-140-cm\/","url":"https:\/\/cozyanddozy.com\/de\/produkt\/schlafsack-fuer-kinder-retro-blue-75-x-140-cm\/","name":"Schlafsack f\u00fcr Kinder Retro Blue 75 \u00d7 140 cm - Cozy & Dozy","isPartOf":{"@id":"https:\/\/cozyanddozy.com\/de\/#website"},"primaryImageOfPage":{"@id":"https:\/\/cozyanddozy.com\/de\/produkt\/schlafsack-fuer-kinder-retro-blue-75-x-140-cm\/#primaryimage"},"image":{"@id":"https:\/\/cozyanddozy.com\/de\/produkt\/schlafsack-fuer-kinder-retro-blue-75-x-140-cm\/#primaryimage"},"thumbnailUrl":"https:\/\/cozyanddozy.com\/de\/wp-content\/uploads\/2023\/02\/spiworek-szkolny-blue-retro.jpg","datePublished":"2022-08-12T14:26:33+00:00","dateModified":"2025-01-29T20:28:40+00:00","description":"Schlafsack f\u00fcr Kinder im Vorschulalter mit zus\u00e4tzlichem Kopfkissen, Aufbewahrungsbeutel und Ausweis.","breadcrumb":{"@id":"https:\/\/cozyanddozy.com\/de\/produkt\/schlafsack-fuer-kinder-retro-blue-75-x-140-cm\/#breadcrumb"},"inLanguage":"de","potentialAction":[{"@type":"ReadAction","target":["https:\/\/cozyanddozy.com\/de\/produkt\/schlafsack-fuer-kinder-retro-blue-75-x-140-cm\/"]}]},{"@type":"ImageObject","inLanguage":"de","@id":"https:\/\/cozyanddozy.com\/de\/produkt\/schlafsack-fuer-kinder-retro-blue-75-x-140-cm\/#primaryimage","url":"https:\/\/cozyanddozy.com\/de\/wp-content\/uploads\/2023\/02\/spiworek-szkolny-blue-retro.jpg","contentUrl":"https:\/\/cozyanddozy.com\/de\/wp-content\/uploads\/2023\/02\/spiworek-szkolny-blue-retro.jpg","width":1200,"height":1200},{"@type":"BreadcrumbList","@id":"https:\/\/cozyanddozy.com\/de\/produkt\/schlafsack-fuer-kinder-retro-blue-75-x-140-cm\/#breadcrumb","itemListElement":[{"@type":"ListItem","position":1,"name":"Home","item":"https:\/\/cozyanddozy.com\/de\/"},{"@type":"ListItem","position":2,"name":"Shop","item":"https:\/\/cozyanddozy.com\/de\/shop\/"},{"@type":"ListItem","position":3,"name":"Schlafsack f\u00fcr Kinder Retro Blue 75 \u00d7 140 cm"}]},{"@type":"WebSite","@id":"https:\/\/cozyanddozy.com\/de\/#website","url":"https:\/\/cozyanddozy.com\/de\/","name":"Cozy & Dozy","description":"","publisher":{"@id":"https:\/\/cozyanddozy.com\/de\/#organization"},"potentialAction":[{"@type":"SearchAction","target":{"@type":"EntryPoint","urlTemplate":"https:\/\/cozyanddozy.com\/de\/?s={search_term_string}"},"query-input":{"@type":"PropertyValueSpecification","valueRequired":true,"valueName":"search_term_string"}}],"inLanguage":"de"},{"@type":"Organization","@id":"https:\/\/cozyanddozy.com\/de\/#organization","name":"Cozy & Dozy","url":"https:\/\/cozyanddozy.com\/de\/","logo":{"@type":"ImageObject","inLanguage":"de","@id":"https:\/\/cozyanddozy.com\/de\/#\/schema\/logo\/image\/","url":"https:\/\/cozyanddozy.com\/de\/wp-content\/uploads\/2023\/02\/cozyanddozy_logo_b.png","contentUrl":"https:\/\/cozyanddozy.com\/de\/wp-content\/uploads\/2023\/02\/cozyanddozy_logo_b.png","width":314,"height":85,"caption":"Cozy & Dozy"},"image":{"@id":"https:\/\/cozyanddozy.com\/de\/#\/schema\/logo\/image\/"}}]},"product_price_amount":"79.00","product_price_currency":"EUR","og_availability":"instock","product_availability":"instock","product_retailer_item_id":"5902701497040","product_condition":"new"},"_links":{"self":[{"href":"https:\/\/cozyanddozy.com\/de\/wp-json\/wp\/v2\/product\/1419","targetHints":{"allow":["GET"]}}],"collection":[{"href":"https:\/\/cozyanddozy.com\/de\/wp-json\/wp\/v2\/product"}],"about":[{"href":"https:\/\/cozyanddozy.com\/de\/wp-json\/wp\/v2\/types\/product"}],"replies":[{"embeddable":true,"href":"https:\/\/cozyanddozy.com\/de\/wp-json\/wp\/v2\/comments?post=1419"}],"wp:featuredmedia":[{"embeddable":true,"href":"https:\/\/cozyanddozy.com\/de\/wp-json\/wp\/v2\/media\/1004"}],"wp:attachment":[{"href":"https:\/\/cozyanddozy.com\/de\/wp-json\/wp\/v2\/media?parent=1419"}],"wp:term":[{"taxonomy":"product_brand","embeddable":true,"href":"https:\/\/cozyanddozy.com\/de\/wp-json\/wp\/v2\/product_brand?post=1419"},{"taxonomy":"product_cat","embeddable":true,"href":"https:\/\/cozyanddozy.com\/de\/wp-json\/wp\/v2\/product_cat?post=1419"},{"taxonomy":"product_tag","embeddable":true,"href":"https:\/\/cozyanddozy.com\/de\/wp-json\/wp\/v2\/product_tag?post=1419"}],"curies":[{"name":"wp","href":"https:\/\/api.w.org\/{rel}","templated":true}]}}