{"id":1405,"date":"2022-06-20T20:58:31","date_gmt":"2022-06-20T18:58:31","guid":{"rendered":"https:\/\/cozyanddozy.com\/de\/product\/tipi-zelt-garden-emerald-draussen-und-drinnen-spielzelt-weiche-matte\/"},"modified":"2024-01-23T11:52:59","modified_gmt":"2024-01-23T10:52:59","slug":"tipi-zelt-garden-emerald-draussen-und-drinnen-spielzelt-weiche-matte","status":"publish","type":"product","link":"https:\/\/cozyanddozy.com\/de\/produkt\/tipi-zelt-garden-emerald-draussen-und-drinnen-spielzelt-weiche-matte\/","title":{"rendered":"Tipi zelt Garden Emerald \u2013 drau\u00dfen und drinnen Spielzelt + weiche Matte"},"content":{"rendered":"<p><img decoding=\"async\" class=\"alignright\" src=\"https:\/\/cozyanddozy.com\/wp-content\/uploads\/2023\/02\/emerald-tipi-set.jpg\" alt=\"\" width=\"600\" \/><\/p>\n<p style=\"text-align: left;\"><b>Kinder Tipi zelt Garden, d<\/b><b>rau\u00dfen und drinnen Spielzelt Cozy &amp; Dozy<\/b><\/p>\n<p>Das Outdoor-Tipi-Zelt ist aus wasserabweisendem <b>PREMIUM-Material<\/b> gefertigt, nimmt also kein Wasser auf und eignet sich zum Spielen im Garten. Das Outdoor-Zelt ist leicht sauber zu halten.Kinder-Tipizelt zum Spielen hat vier Seiten und einen eingen\u00e4hten wasserdichten Boden,\u00a0weiche Matte,\u00a0Aufbewahrungstasche, faltbare Kiefernst\u00f6cke, Zeltstabilisator, Spielzeugtasche und zwei zu \u00f6ffnende Fenster mit Rollo.<\/p>\n<p>Alle Stoffelemente sind maschinenwaschbar. Ein Zelt f\u00fcr Kinder l\u00e4sst sich leicht zusammenfalten und nimmt nicht viel Platz ein.<\/p>\n<p><b>Entworfen und hergestellt in Europa<\/b><\/p>\n<p>Alle Modelle werden von uns entworfen und wir geben Ihnen die Garantie, dass Sie ein einzigartiges Produkt und beste Qualit\u00e4t erhalten. Tipi-Zelte werden in Handarbeit hergestellt, aus f\u00fcr Kinder sicheren Stoffen aus Europa und mit Qualit\u00e4tszertifikaten.<\/p>\n<p>Tipi in verschiedenen Farben erh\u00e4ltlich.<\/p>\n<p><b>Mach dich bereit, Spa\u00df zu haben<\/b><\/p>\n<p>Tipi in dieser Gr\u00f6\u00dfe bieten Platz f\u00fcr 2-3 Kinder. Es ist leicht und daher leicht zu transportieren. Es kann in einer speziellen Tasche mit Griff aufbewahrt werden (nicht im Set enthalten)<\/p>\n<p>Die Stoffe, aus denen unsere Tipi-Zelte hergestellt werden, sind zertifiziert und stammen nur aus europ\u00e4ischen L\u00e4ndern, was sie f\u00fcr Kinder sicher macht.<\/p>\n<p><b>Alle Cozy &amp; Dozy Produkte werden in Polen entworfen und gen\u00e4ht.<\/b><\/p>\n<p><b>Das Garden Tipi Set von Cozy &amp; Dozy beinhaltet:<\/b><\/p>\n<ul>\n<li><b>Tipi-Zelt<\/b> (Farben zur Auswahl)<\/li>\n<li>weiche Matte,<\/li>\n<li>Tipi-Tasche<\/li>\n<li>dekorative Fahnen<\/li>\n<li>4 St\u00f6cke aus nat\u00fcrlichem Kiefernholz (Rahmen)<\/li>\n<li><b>Stabilisator<\/b> (verhindert, dass sich der Rahmen bewegt)<\/li>\n<\/ul>\n","protected":false},"excerpt":{"rendered":"<p>Wasserabweisendes Tipi-Zelt zum Spielen in einem Set mit einer\u00a0dekorative Fahnen,eine weiche Matte und eine Tipitasche, klappbare Holzst\u00e4be und Stabilisator Das Spielzelt hat zwei Fenster und eine Tasche f\u00fcr kleines Spielzeug.<\/p>\n","protected":false},"featured_media":966,"comment_status":"open","ping_status":"closed","template":"","meta":[],"product_brand":[],"product_cat":[71],"product_tag":[24],"class_list":{"0":"post-1405","1":"product","2":"type-product","3":"status-publish","4":"has-post-thumbnail","6":"product_cat-tipi-zelt","7":"product_tag-pla","9":"first","10":"instock","11":"sale","12":"shipping-taxable","13":"product-type-simple"},"yoast_head":"<!-- This site is optimized with the Yoast SEO Premium plugin v21.9 (Yoast SEO v27.0) - https:\/\/yoast.com\/product\/yoast-seo-premium-wordpress\/ -->\n<title>Tipi zelt Garden Emerald \u2013 drau\u00dfen und drinnen Spielzelt + weiche Matte - Cozy &amp; Dozy<\/title>\n<meta name=\"description\" content=\"Wasserabweisendes Tipi-Zelt zum Spielen in einem Set mit einer\u00a0dekorative Fahnen,eine weiche Matte und eine Tipitasche, klappbare Holzst\u00e4be und Stabilisator Das Spielzelt hat zwei Fenster und eine Tasche f\u00fcr kleines Spielzeug.\" \/>\n<meta name=\"robots\" content=\"index, follow, max-snippet:-1, max-image-preview:large, max-video-preview:-1\" \/>\n<link rel=\"canonical\" href=\"https:\/\/cozyanddozy.com\/de\/produkt\/tipi-zelt-garden-emerald-draussen-und-drinnen-spielzelt-weiche-matte\/\" \/>\n<meta property=\"og:locale\" content=\"de_DE\" \/>\n<meta property=\"og:type\" content=\"article\" \/>\n<meta property=\"og:title\" content=\"Tipi zelt Garden Emerald \u2013 drau\u00dfen und drinnen Spielzelt + weiche Matte\" \/>\n<meta property=\"og:description\" content=\"Wasserabweisendes Tipi-Zelt zum Spielen in einem Set mit einer\u00a0dekorative Fahnen,eine weiche Matte und eine Tipitasche, klappbare Holzst\u00e4be und Stabilisator Das Spielzelt hat zwei Fenster und eine Tasche f\u00fcr kleines Spielzeug.\" \/>\n<meta property=\"og:url\" content=\"https:\/\/cozyanddozy.com\/de\/produkt\/tipi-zelt-garden-emerald-draussen-und-drinnen-spielzelt-weiche-matte\/\" \/>\n<meta property=\"og:site_name\" content=\"Cozy &amp; Dozy\" \/>\n<meta property=\"article:modified_time\" content=\"2024-01-23T10:52:59+00:00\" \/>\n<meta property=\"og:image\" content=\"https:\/\/cozyanddozy.com\/de\/wp-content\/uploads\/2023\/02\/emerald-tipi-set.jpg\" \/>\n\t<meta property=\"og:image:width\" content=\"1200\" \/>\n\t<meta property=\"og:image:height\" content=\"1200\" \/>\n\t<meta property=\"og:image:type\" content=\"image\/jpeg\" \/>\n<meta name=\"twitter:card\" content=\"summary_large_image\" \/>\n<meta name=\"twitter:label1\" content=\"Preis\" \/>\n\t<meta name=\"twitter:data1\" content=\"143,10&nbsp;&euro;\" \/>\n\t<meta name=\"twitter:label2\" content=\"Verf\u00fcgbarkeit\" \/>\n\t<meta name=\"twitter:data2\" content=\"Auf Lager\" \/>\n<script type=\"application\/ld+json\" class=\"yoast-schema-graph\">{\"@context\":\"https:\/\/schema.org\",\"@graph\":[{\"@type\":\"WebPage\",\"@id\":\"https:\/\/cozyanddozy.com\/de\/produkt\/tipi-zelt-garden-emerald-draussen-und-drinnen-spielzelt-weiche-matte\/\",\"url\":\"https:\/\/cozyanddozy.com\/de\/produkt\/tipi-zelt-garden-emerald-draussen-und-drinnen-spielzelt-weiche-matte\/\",\"name\":\"Tipi zelt Garden Emerald \u2013 drau\u00dfen und drinnen Spielzelt + weiche Matte - Cozy & Dozy\",\"isPartOf\":{\"@id\":\"https:\/\/cozyanddozy.com\/de\/#website\"},\"primaryImageOfPage\":{\"@id\":\"https:\/\/cozyanddozy.com\/de\/produkt\/tipi-zelt-garden-emerald-draussen-und-drinnen-spielzelt-weiche-matte\/#primaryimage\"},\"image\":{\"@id\":\"https:\/\/cozyanddozy.com\/de\/produkt\/tipi-zelt-garden-emerald-draussen-und-drinnen-spielzelt-weiche-matte\/#primaryimage\"},\"thumbnailUrl\":\"https:\/\/cozyanddozy.com\/de\/wp-content\/uploads\/2023\/02\/emerald-tipi-set.jpg\",\"datePublished\":\"2022-06-20T18:58:31+00:00\",\"dateModified\":\"2024-01-23T10:52:59+00:00\",\"description\":\"Wasserabweisendes Tipi-Zelt zum Spielen in einem Set mit einer\u00a0dekorative Fahnen,eine weiche Matte und eine Tipitasche, klappbare Holzst\u00e4be und Stabilisator Das Spielzelt hat zwei Fenster und eine Tasche f\u00fcr kleines Spielzeug.\",\"breadcrumb\":{\"@id\":\"https:\/\/cozyanddozy.com\/de\/produkt\/tipi-zelt-garden-emerald-draussen-und-drinnen-spielzelt-weiche-matte\/#breadcrumb\"},\"inLanguage\":\"de\",\"potentialAction\":[{\"@type\":\"ReadAction\",\"target\":[\"https:\/\/cozyanddozy.com\/de\/produkt\/tipi-zelt-garden-emerald-draussen-und-drinnen-spielzelt-weiche-matte\/\"]}]},{\"@type\":\"ImageObject\",\"inLanguage\":\"de\",\"@id\":\"https:\/\/cozyanddozy.com\/de\/produkt\/tipi-zelt-garden-emerald-draussen-und-drinnen-spielzelt-weiche-matte\/#primaryimage\",\"url\":\"https:\/\/cozyanddozy.com\/de\/wp-content\/uploads\/2023\/02\/emerald-tipi-set.jpg\",\"contentUrl\":\"https:\/\/cozyanddozy.com\/de\/wp-content\/uploads\/2023\/02\/emerald-tipi-set.jpg\",\"width\":1200,\"height\":1200},{\"@type\":\"BreadcrumbList\",\"@id\":\"https:\/\/cozyanddozy.com\/de\/produkt\/tipi-zelt-garden-emerald-draussen-und-drinnen-spielzelt-weiche-matte\/#breadcrumb\",\"itemListElement\":[{\"@type\":\"ListItem\",\"position\":1,\"name\":\"Home\",\"item\":\"https:\/\/cozyanddozy.com\/de\/\"},{\"@type\":\"ListItem\",\"position\":2,\"name\":\"Shop\",\"item\":\"https:\/\/cozyanddozy.com\/de\/shop\/\"},{\"@type\":\"ListItem\",\"position\":3,\"name\":\"Tipi zelt Garden Emerald \u2013 drau\u00dfen und drinnen Spielzelt + weiche Matte\"}]},{\"@type\":\"WebSite\",\"@id\":\"https:\/\/cozyanddozy.com\/de\/#website\",\"url\":\"https:\/\/cozyanddozy.com\/de\/\",\"name\":\"Cozy & Dozy\",\"description\":\"\",\"publisher\":{\"@id\":\"https:\/\/cozyanddozy.com\/de\/#organization\"},\"potentialAction\":[{\"@type\":\"SearchAction\",\"target\":{\"@type\":\"EntryPoint\",\"urlTemplate\":\"https:\/\/cozyanddozy.com\/de\/?s={search_term_string}\"},\"query-input\":{\"@type\":\"PropertyValueSpecification\",\"valueRequired\":true,\"valueName\":\"search_term_string\"}}],\"inLanguage\":\"de\"},{\"@type\":\"Organization\",\"@id\":\"https:\/\/cozyanddozy.com\/de\/#organization\",\"name\":\"Cozy & Dozy\",\"url\":\"https:\/\/cozyanddozy.com\/de\/\",\"logo\":{\"@type\":\"ImageObject\",\"inLanguage\":\"de\",\"@id\":\"https:\/\/cozyanddozy.com\/de\/#\/schema\/logo\/image\/\",\"url\":\"https:\/\/cozyanddozy.com\/de\/wp-content\/uploads\/2023\/02\/cozyanddozy_logo_b.png\",\"contentUrl\":\"https:\/\/cozyanddozy.com\/de\/wp-content\/uploads\/2023\/02\/cozyanddozy_logo_b.png\",\"width\":314,\"height\":85,\"caption\":\"Cozy & Dozy\"},\"image\":{\"@id\":\"https:\/\/cozyanddozy.com\/de\/#\/schema\/logo\/image\/\"}}]}<\/script>\n<meta property=\"product:price:amount\" content=\"143.10\" \/>\n<meta property=\"product:price:currency\" content=\"EUR\" \/>\n<meta property=\"og:availability\" content=\"instock\" \/>\n<meta property=\"product:availability\" content=\"instock\" \/>\n<meta property=\"product:retailer_item_id\" content=\"5902701496890\" \/>\n<meta property=\"product:condition\" content=\"new\" \/>\n<!-- \/ Yoast SEO Premium plugin. -->","yoast_head_json":{"title":"Tipi zelt Garden Emerald \u2013 drau\u00dfen und drinnen Spielzelt + weiche Matte - Cozy & Dozy","description":"Wasserabweisendes Tipi-Zelt zum Spielen in einem Set mit einer\u00a0dekorative Fahnen,eine weiche Matte und eine Tipitasche, klappbare Holzst\u00e4be und Stabilisator Das Spielzelt hat zwei Fenster und eine Tasche f\u00fcr kleines Spielzeug.","robots":{"index":"index","follow":"follow","max-snippet":"max-snippet:-1","max-image-preview":"max-image-preview:large","max-video-preview":"max-video-preview:-1"},"canonical":"https:\/\/cozyanddozy.com\/de\/produkt\/tipi-zelt-garden-emerald-draussen-und-drinnen-spielzelt-weiche-matte\/","og_locale":"de_DE","og_type":"article","og_title":"Tipi zelt Garden Emerald \u2013 drau\u00dfen und drinnen Spielzelt + weiche Matte","og_description":"Wasserabweisendes Tipi-Zelt zum Spielen in einem Set mit einer\u00a0dekorative Fahnen,eine weiche Matte und eine Tipitasche, klappbare Holzst\u00e4be und Stabilisator Das Spielzelt hat zwei Fenster und eine Tasche f\u00fcr kleines Spielzeug.","og_url":"https:\/\/cozyanddozy.com\/de\/produkt\/tipi-zelt-garden-emerald-draussen-und-drinnen-spielzelt-weiche-matte\/","og_site_name":"Cozy &amp; Dozy","article_modified_time":"2024-01-23T10:52:59+00:00","og_image":[{"width":1200,"height":1200,"url":"https:\/\/cozyanddozy.com\/de\/wp-content\/uploads\/2023\/02\/emerald-tipi-set.jpg","type":"image\/jpeg"}],"twitter_card":"summary_large_image","twitter_misc":{"Preis":"143,10&nbsp;&euro;","Verf\u00fcgbarkeit":"Auf Lager"},"schema":{"@context":"https:\/\/schema.org","@graph":[{"@type":"WebPage","@id":"https:\/\/cozyanddozy.com\/de\/produkt\/tipi-zelt-garden-emerald-draussen-und-drinnen-spielzelt-weiche-matte\/","url":"https:\/\/cozyanddozy.com\/de\/produkt\/tipi-zelt-garden-emerald-draussen-und-drinnen-spielzelt-weiche-matte\/","name":"Tipi zelt Garden Emerald \u2013 drau\u00dfen und drinnen Spielzelt + weiche Matte - Cozy & Dozy","isPartOf":{"@id":"https:\/\/cozyanddozy.com\/de\/#website"},"primaryImageOfPage":{"@id":"https:\/\/cozyanddozy.com\/de\/produkt\/tipi-zelt-garden-emerald-draussen-und-drinnen-spielzelt-weiche-matte\/#primaryimage"},"image":{"@id":"https:\/\/cozyanddozy.com\/de\/produkt\/tipi-zelt-garden-emerald-draussen-und-drinnen-spielzelt-weiche-matte\/#primaryimage"},"thumbnailUrl":"https:\/\/cozyanddozy.com\/de\/wp-content\/uploads\/2023\/02\/emerald-tipi-set.jpg","datePublished":"2022-06-20T18:58:31+00:00","dateModified":"2024-01-23T10:52:59+00:00","description":"Wasserabweisendes Tipi-Zelt zum Spielen in einem Set mit einer\u00a0dekorative Fahnen,eine weiche Matte und eine Tipitasche, klappbare Holzst\u00e4be und Stabilisator Das Spielzelt hat zwei Fenster und eine Tasche f\u00fcr kleines Spielzeug.","breadcrumb":{"@id":"https:\/\/cozyanddozy.com\/de\/produkt\/tipi-zelt-garden-emerald-draussen-und-drinnen-spielzelt-weiche-matte\/#breadcrumb"},"inLanguage":"de","potentialAction":[{"@type":"ReadAction","target":["https:\/\/cozyanddozy.com\/de\/produkt\/tipi-zelt-garden-emerald-draussen-und-drinnen-spielzelt-weiche-matte\/"]}]},{"@type":"ImageObject","inLanguage":"de","@id":"https:\/\/cozyanddozy.com\/de\/produkt\/tipi-zelt-garden-emerald-draussen-und-drinnen-spielzelt-weiche-matte\/#primaryimage","url":"https:\/\/cozyanddozy.com\/de\/wp-content\/uploads\/2023\/02\/emerald-tipi-set.jpg","contentUrl":"https:\/\/cozyanddozy.com\/de\/wp-content\/uploads\/2023\/02\/emerald-tipi-set.jpg","width":1200,"height":1200},{"@type":"BreadcrumbList","@id":"https:\/\/cozyanddozy.com\/de\/produkt\/tipi-zelt-garden-emerald-draussen-und-drinnen-spielzelt-weiche-matte\/#breadcrumb","itemListElement":[{"@type":"ListItem","position":1,"name":"Home","item":"https:\/\/cozyanddozy.com\/de\/"},{"@type":"ListItem","position":2,"name":"Shop","item":"https:\/\/cozyanddozy.com\/de\/shop\/"},{"@type":"ListItem","position":3,"name":"Tipi zelt Garden Emerald \u2013 drau\u00dfen und drinnen Spielzelt + weiche Matte"}]},{"@type":"WebSite","@id":"https:\/\/cozyanddozy.com\/de\/#website","url":"https:\/\/cozyanddozy.com\/de\/","name":"Cozy & Dozy","description":"","publisher":{"@id":"https:\/\/cozyanddozy.com\/de\/#organization"},"potentialAction":[{"@type":"SearchAction","target":{"@type":"EntryPoint","urlTemplate":"https:\/\/cozyanddozy.com\/de\/?s={search_term_string}"},"query-input":{"@type":"PropertyValueSpecification","valueRequired":true,"valueName":"search_term_string"}}],"inLanguage":"de"},{"@type":"Organization","@id":"https:\/\/cozyanddozy.com\/de\/#organization","name":"Cozy & Dozy","url":"https:\/\/cozyanddozy.com\/de\/","logo":{"@type":"ImageObject","inLanguage":"de","@id":"https:\/\/cozyanddozy.com\/de\/#\/schema\/logo\/image\/","url":"https:\/\/cozyanddozy.com\/de\/wp-content\/uploads\/2023\/02\/cozyanddozy_logo_b.png","contentUrl":"https:\/\/cozyanddozy.com\/de\/wp-content\/uploads\/2023\/02\/cozyanddozy_logo_b.png","width":314,"height":85,"caption":"Cozy & Dozy"},"image":{"@id":"https:\/\/cozyanddozy.com\/de\/#\/schema\/logo\/image\/"}}]},"product_price_amount":"143.10","product_price_currency":"EUR","og_availability":"instock","product_availability":"instock","product_retailer_item_id":"5902701496890","product_condition":"new"},"_links":{"self":[{"href":"https:\/\/cozyanddozy.com\/de\/wp-json\/wp\/v2\/product\/1405","targetHints":{"allow":["GET"]}}],"collection":[{"href":"https:\/\/cozyanddozy.com\/de\/wp-json\/wp\/v2\/product"}],"about":[{"href":"https:\/\/cozyanddozy.com\/de\/wp-json\/wp\/v2\/types\/product"}],"replies":[{"embeddable":true,"href":"https:\/\/cozyanddozy.com\/de\/wp-json\/wp\/v2\/comments?post=1405"}],"wp:featuredmedia":[{"embeddable":true,"href":"https:\/\/cozyanddozy.com\/de\/wp-json\/wp\/v2\/media\/966"}],"wp:attachment":[{"href":"https:\/\/cozyanddozy.com\/de\/wp-json\/wp\/v2\/media?parent=1405"}],"wp:term":[{"taxonomy":"product_brand","embeddable":true,"href":"https:\/\/cozyanddozy.com\/de\/wp-json\/wp\/v2\/product_brand?post=1405"},{"taxonomy":"product_cat","embeddable":true,"href":"https:\/\/cozyanddozy.com\/de\/wp-json\/wp\/v2\/product_cat?post=1405"},{"taxonomy":"product_tag","embeddable":true,"href":"https:\/\/cozyanddozy.com\/de\/wp-json\/wp\/v2\/product_tag?post=1405"}],"curies":[{"name":"wp","href":"https:\/\/api.w.org\/{rel}","templated":true}]}}