{"id":1404,"date":"2022-06-20T20:48:03","date_gmt":"2022-06-20T18:48:03","guid":{"rendered":"https:\/\/cozyanddozy.com\/de\/product\/tipi-zelt-garden-pine-outdoor-spielzelt\/"},"modified":"2025-01-29T21:30:37","modified_gmt":"2025-01-29T20:30:37","slug":"tipi-zelt-garden-pine-outdoor-spielzelt","status":"publish","type":"product","link":"https:\/\/cozyanddozy.com\/de\/produkt\/tipi-zelt-garden-pine-outdoor-spielzelt\/","title":{"rendered":"Tipi zelt Garden Pine &#8211; Outdoor Spielzelt"},"content":{"rendered":"<p><img decoding=\"async\" class=\"alignright\" src=\"https:\/\/cozyanddozy.com\/wp-content\/uploads\/2023\/02\/teeepee-garden.jpg\" alt=\"\" width=\"600\" \/><\/p>\n<h3>Wasserdichtes Tipi-Zelt zum Spielen. Gartentippi Pine von Cozy&amp;Dozy<\/h3>\n<p>Das Garden Tipi-Zelt besteht aus wasserdichtem PREMIUM-Gewebe, wodurch es kein Wasser aufsaugt und zum Spielen im Garten geeignet ist. Das Au\u00dfenzelt ist leicht sauber zu halten. Das Tipi-Zelt f\u00fcr Kinder hat vier Seiten und einen wasserdichten Boden und zwei zu \u00f6ffnende Fenster mit einer Jalousie und einer Girlande.<\/p>\n<p>Tipi zelt wasserdicht und leicht abwaschbar, ideal tipi zum Spielen im Garten.<\/p>\n<p>Das Tipi-Cottage verf\u00fcgt \u00fcber einen Satz gefalteter Kiefernstangen. Alle Stoffelemente sind maschinenwaschbar. Ein Zelt f\u00fcr Kinder l\u00e4sst sich leicht zusammenklappen und nimmt nicht viel Platz ein.<\/p>\n<p>Alle Modelle wurden von uns entworfen und wir geben Ihnen die Garantie, dass Sie ein einzigartiges Produkt und die beste Qualit\u00e4t erhalten. Indische Tipi-Zelte werden in handgefertigter Methode aus Stoffen hergestellt, die f\u00fcr Kinder aus Europa sicher sind und \u00fcber Qualit\u00e4tszertifikate verf\u00fcgen.<\/p>\n<h3>Das Garten-Set von:<\/h3>\n<ul>\n<li><strong>Tipi<\/strong><\/li>\n<li><strong>Girlande<\/strong><\/li>\n<li><strong>Stabilisator<\/strong>\u00a0(verhindert, dass sich der Rahmen bewegt)<\/li>\n<li>4 St\u00f6cke aus nat\u00fcrlichem Kiefernholz (Rahmen)<\/li>\n<li>ein Buch mit Ideen f\u00fcr Spa\u00df in einem Tipi-Cottage<\/li>\n<\/ul>\n<h3>Zus\u00e4tzliche Information Ma\u00dfe:<\/h3>\n<ul>\n<li>H\u00f6he (mit Stangen) nach dem Entfalten: 150 cm H\u00f6he (mit Stangen)<\/li>\n<li>nach dem Falten: 170 cm Grundfl\u00e4che: ca. 110 \u00d7 110 cm<\/li>\n<li>Spielmatte: 110 \u00d7 110 cm Tipi in dieser Gr\u00f6\u00dfe bietet Platz f\u00fcr 2-3 Kinder.<\/li>\n<li>Es ist leicht und daher leicht zu transportieren.<\/li>\n<\/ul>\n","protected":false},"excerpt":{"rendered":"<p>Wasserabweisendes Tipi-Zelt zum Spielen in einem Set mit einer Girlande, St\u00f6cken und einer Brosch\u00fcre. Das Spielzelt hat zwei Fenster und eine Tasche f\u00fcr kleines Spielzeug.<\/p>\n","protected":false},"featured_media":956,"comment_status":"open","ping_status":"closed","template":"","meta":[],"product_brand":[],"product_cat":[71],"product_tag":[],"class_list":{"0":"post-1404","1":"product","2":"type-product","3":"status-publish","4":"has-post-thumbnail","6":"product_cat-tipi-zelt","8":"first","9":"instock","10":"sale","11":"shipping-taxable","12":"product-type-simple"},"yoast_head":"<!-- This site is optimized with the Yoast SEO Premium plugin v21.9 (Yoast SEO v27.0) - https:\/\/yoast.com\/product\/yoast-seo-premium-wordpress\/ -->\n<title>Tipi zelt Garden Pine - Outdoor Spielzelt - Cozy &amp; Dozy<\/title>\n<meta name=\"description\" content=\"Wasserabweisendes Tipi-Zelt zum Spielen in einem Set mit einer Girlande, St\u00f6cken und einer Brosch\u00fcre. Das Spielzelt hat zwei Fenster und eine Tasche f\u00fcr kleines Spielzeug.\" \/>\n<meta name=\"robots\" content=\"index, follow, max-snippet:-1, max-image-preview:large, max-video-preview:-1\" \/>\n<link rel=\"canonical\" href=\"https:\/\/cozyanddozy.com\/de\/produkt\/tipi-zelt-garden-pine-outdoor-spielzelt\/\" \/>\n<meta property=\"og:locale\" content=\"de_DE\" \/>\n<meta property=\"og:type\" content=\"article\" \/>\n<meta property=\"og:title\" content=\"Tipi zelt Garden Pine - Outdoor Spielzelt\" \/>\n<meta property=\"og:description\" content=\"Wasserabweisendes Tipi-Zelt zum Spielen in einem Set mit einer Girlande, St\u00f6cken und einer Brosch\u00fcre. Das Spielzelt hat zwei Fenster und eine Tasche f\u00fcr kleines Spielzeug.\" \/>\n<meta property=\"og:url\" content=\"https:\/\/cozyanddozy.com\/de\/produkt\/tipi-zelt-garden-pine-outdoor-spielzelt\/\" \/>\n<meta property=\"og:site_name\" content=\"Cozy &amp; Dozy\" \/>\n<meta property=\"article:modified_time\" content=\"2025-01-29T20:30:37+00:00\" \/>\n<meta property=\"og:image\" content=\"https:\/\/cozyanddozy.com\/de\/wp-content\/uploads\/2023\/02\/pine-tipi-tent.jpg\" \/>\n\t<meta property=\"og:image:width\" content=\"1200\" \/>\n\t<meta property=\"og:image:height\" content=\"1200\" \/>\n\t<meta property=\"og:image:type\" content=\"image\/jpeg\" \/>\n<meta name=\"twitter:card\" content=\"summary_large_image\" \/>\n<meta name=\"twitter:label1\" content=\"Preis\" \/>\n\t<meta name=\"twitter:data1\" content=\"99,00&nbsp;&euro;\" \/>\n\t<meta name=\"twitter:label2\" content=\"Verf\u00fcgbarkeit\" \/>\n\t<meta name=\"twitter:data2\" content=\"Auf Lager\" \/>\n<script type=\"application\/ld+json\" class=\"yoast-schema-graph\">{\"@context\":\"https:\/\/schema.org\",\"@graph\":[{\"@type\":\"WebPage\",\"@id\":\"https:\/\/cozyanddozy.com\/de\/produkt\/tipi-zelt-garden-pine-outdoor-spielzelt\/\",\"url\":\"https:\/\/cozyanddozy.com\/de\/produkt\/tipi-zelt-garden-pine-outdoor-spielzelt\/\",\"name\":\"Tipi zelt Garden Pine - Outdoor Spielzelt - Cozy & Dozy\",\"isPartOf\":{\"@id\":\"https:\/\/cozyanddozy.com\/de\/#website\"},\"primaryImageOfPage\":{\"@id\":\"https:\/\/cozyanddozy.com\/de\/produkt\/tipi-zelt-garden-pine-outdoor-spielzelt\/#primaryimage\"},\"image\":{\"@id\":\"https:\/\/cozyanddozy.com\/de\/produkt\/tipi-zelt-garden-pine-outdoor-spielzelt\/#primaryimage\"},\"thumbnailUrl\":\"https:\/\/cozyanddozy.com\/de\/wp-content\/uploads\/2023\/02\/pine-tipi-tent.jpg\",\"datePublished\":\"2022-06-20T18:48:03+00:00\",\"dateModified\":\"2025-01-29T20:30:37+00:00\",\"description\":\"Wasserabweisendes Tipi-Zelt zum Spielen in einem Set mit einer Girlande, St\u00f6cken und einer Brosch\u00fcre. Das Spielzelt hat zwei Fenster und eine Tasche f\u00fcr kleines Spielzeug.\",\"breadcrumb\":{\"@id\":\"https:\/\/cozyanddozy.com\/de\/produkt\/tipi-zelt-garden-pine-outdoor-spielzelt\/#breadcrumb\"},\"inLanguage\":\"de\",\"potentialAction\":[{\"@type\":\"ReadAction\",\"target\":[\"https:\/\/cozyanddozy.com\/de\/produkt\/tipi-zelt-garden-pine-outdoor-spielzelt\/\"]}]},{\"@type\":\"ImageObject\",\"inLanguage\":\"de\",\"@id\":\"https:\/\/cozyanddozy.com\/de\/produkt\/tipi-zelt-garden-pine-outdoor-spielzelt\/#primaryimage\",\"url\":\"https:\/\/cozyanddozy.com\/de\/wp-content\/uploads\/2023\/02\/pine-tipi-tent.jpg\",\"contentUrl\":\"https:\/\/cozyanddozy.com\/de\/wp-content\/uploads\/2023\/02\/pine-tipi-tent.jpg\",\"width\":1200,\"height\":1200},{\"@type\":\"BreadcrumbList\",\"@id\":\"https:\/\/cozyanddozy.com\/de\/produkt\/tipi-zelt-garden-pine-outdoor-spielzelt\/#breadcrumb\",\"itemListElement\":[{\"@type\":\"ListItem\",\"position\":1,\"name\":\"Home\",\"item\":\"https:\/\/cozyanddozy.com\/de\/\"},{\"@type\":\"ListItem\",\"position\":2,\"name\":\"Shop\",\"item\":\"https:\/\/cozyanddozy.com\/de\/shop\/\"},{\"@type\":\"ListItem\",\"position\":3,\"name\":\"Tipi zelt Garden Pine &#8211; Outdoor Spielzelt\"}]},{\"@type\":\"WebSite\",\"@id\":\"https:\/\/cozyanddozy.com\/de\/#website\",\"url\":\"https:\/\/cozyanddozy.com\/de\/\",\"name\":\"Cozy & Dozy\",\"description\":\"\",\"publisher\":{\"@id\":\"https:\/\/cozyanddozy.com\/de\/#organization\"},\"potentialAction\":[{\"@type\":\"SearchAction\",\"target\":{\"@type\":\"EntryPoint\",\"urlTemplate\":\"https:\/\/cozyanddozy.com\/de\/?s={search_term_string}\"},\"query-input\":{\"@type\":\"PropertyValueSpecification\",\"valueRequired\":true,\"valueName\":\"search_term_string\"}}],\"inLanguage\":\"de\"},{\"@type\":\"Organization\",\"@id\":\"https:\/\/cozyanddozy.com\/de\/#organization\",\"name\":\"Cozy & Dozy\",\"url\":\"https:\/\/cozyanddozy.com\/de\/\",\"logo\":{\"@type\":\"ImageObject\",\"inLanguage\":\"de\",\"@id\":\"https:\/\/cozyanddozy.com\/de\/#\/schema\/logo\/image\/\",\"url\":\"https:\/\/cozyanddozy.com\/de\/wp-content\/uploads\/2023\/02\/cozyanddozy_logo_b.png\",\"contentUrl\":\"https:\/\/cozyanddozy.com\/de\/wp-content\/uploads\/2023\/02\/cozyanddozy_logo_b.png\",\"width\":314,\"height\":85,\"caption\":\"Cozy & Dozy\"},\"image\":{\"@id\":\"https:\/\/cozyanddozy.com\/de\/#\/schema\/logo\/image\/\"}}]}<\/script>\n<meta property=\"product:price:amount\" content=\"99.00\" \/>\n<meta property=\"product:price:currency\" content=\"EUR\" \/>\n<meta property=\"og:availability\" content=\"instock\" \/>\n<meta property=\"product:availability\" content=\"instock\" \/>\n<meta property=\"product:retailer_item_id\" content=\"5902701496821\" \/>\n<meta property=\"product:condition\" content=\"new\" \/>\n<!-- \/ Yoast SEO Premium plugin. -->","yoast_head_json":{"title":"Tipi zelt Garden Pine - Outdoor Spielzelt - Cozy & Dozy","description":"Wasserabweisendes Tipi-Zelt zum Spielen in einem Set mit einer Girlande, St\u00f6cken und einer Brosch\u00fcre. Das Spielzelt hat zwei Fenster und eine Tasche f\u00fcr kleines Spielzeug.","robots":{"index":"index","follow":"follow","max-snippet":"max-snippet:-1","max-image-preview":"max-image-preview:large","max-video-preview":"max-video-preview:-1"},"canonical":"https:\/\/cozyanddozy.com\/de\/produkt\/tipi-zelt-garden-pine-outdoor-spielzelt\/","og_locale":"de_DE","og_type":"article","og_title":"Tipi zelt Garden Pine - Outdoor Spielzelt","og_description":"Wasserabweisendes Tipi-Zelt zum Spielen in einem Set mit einer Girlande, St\u00f6cken und einer Brosch\u00fcre. Das Spielzelt hat zwei Fenster und eine Tasche f\u00fcr kleines Spielzeug.","og_url":"https:\/\/cozyanddozy.com\/de\/produkt\/tipi-zelt-garden-pine-outdoor-spielzelt\/","og_site_name":"Cozy &amp; Dozy","article_modified_time":"2025-01-29T20:30:37+00:00","og_image":[{"width":1200,"height":1200,"url":"https:\/\/cozyanddozy.com\/de\/wp-content\/uploads\/2023\/02\/pine-tipi-tent.jpg","type":"image\/jpeg"}],"twitter_card":"summary_large_image","twitter_misc":{"Preis":"99,00&nbsp;&euro;","Verf\u00fcgbarkeit":"Auf Lager"},"schema":{"@context":"https:\/\/schema.org","@graph":[{"@type":"WebPage","@id":"https:\/\/cozyanddozy.com\/de\/produkt\/tipi-zelt-garden-pine-outdoor-spielzelt\/","url":"https:\/\/cozyanddozy.com\/de\/produkt\/tipi-zelt-garden-pine-outdoor-spielzelt\/","name":"Tipi zelt Garden Pine - Outdoor Spielzelt - Cozy & Dozy","isPartOf":{"@id":"https:\/\/cozyanddozy.com\/de\/#website"},"primaryImageOfPage":{"@id":"https:\/\/cozyanddozy.com\/de\/produkt\/tipi-zelt-garden-pine-outdoor-spielzelt\/#primaryimage"},"image":{"@id":"https:\/\/cozyanddozy.com\/de\/produkt\/tipi-zelt-garden-pine-outdoor-spielzelt\/#primaryimage"},"thumbnailUrl":"https:\/\/cozyanddozy.com\/de\/wp-content\/uploads\/2023\/02\/pine-tipi-tent.jpg","datePublished":"2022-06-20T18:48:03+00:00","dateModified":"2025-01-29T20:30:37+00:00","description":"Wasserabweisendes Tipi-Zelt zum Spielen in einem Set mit einer Girlande, St\u00f6cken und einer Brosch\u00fcre. Das Spielzelt hat zwei Fenster und eine Tasche f\u00fcr kleines Spielzeug.","breadcrumb":{"@id":"https:\/\/cozyanddozy.com\/de\/produkt\/tipi-zelt-garden-pine-outdoor-spielzelt\/#breadcrumb"},"inLanguage":"de","potentialAction":[{"@type":"ReadAction","target":["https:\/\/cozyanddozy.com\/de\/produkt\/tipi-zelt-garden-pine-outdoor-spielzelt\/"]}]},{"@type":"ImageObject","inLanguage":"de","@id":"https:\/\/cozyanddozy.com\/de\/produkt\/tipi-zelt-garden-pine-outdoor-spielzelt\/#primaryimage","url":"https:\/\/cozyanddozy.com\/de\/wp-content\/uploads\/2023\/02\/pine-tipi-tent.jpg","contentUrl":"https:\/\/cozyanddozy.com\/de\/wp-content\/uploads\/2023\/02\/pine-tipi-tent.jpg","width":1200,"height":1200},{"@type":"BreadcrumbList","@id":"https:\/\/cozyanddozy.com\/de\/produkt\/tipi-zelt-garden-pine-outdoor-spielzelt\/#breadcrumb","itemListElement":[{"@type":"ListItem","position":1,"name":"Home","item":"https:\/\/cozyanddozy.com\/de\/"},{"@type":"ListItem","position":2,"name":"Shop","item":"https:\/\/cozyanddozy.com\/de\/shop\/"},{"@type":"ListItem","position":3,"name":"Tipi zelt Garden Pine &#8211; Outdoor Spielzelt"}]},{"@type":"WebSite","@id":"https:\/\/cozyanddozy.com\/de\/#website","url":"https:\/\/cozyanddozy.com\/de\/","name":"Cozy & Dozy","description":"","publisher":{"@id":"https:\/\/cozyanddozy.com\/de\/#organization"},"potentialAction":[{"@type":"SearchAction","target":{"@type":"EntryPoint","urlTemplate":"https:\/\/cozyanddozy.com\/de\/?s={search_term_string}"},"query-input":{"@type":"PropertyValueSpecification","valueRequired":true,"valueName":"search_term_string"}}],"inLanguage":"de"},{"@type":"Organization","@id":"https:\/\/cozyanddozy.com\/de\/#organization","name":"Cozy & Dozy","url":"https:\/\/cozyanddozy.com\/de\/","logo":{"@type":"ImageObject","inLanguage":"de","@id":"https:\/\/cozyanddozy.com\/de\/#\/schema\/logo\/image\/","url":"https:\/\/cozyanddozy.com\/de\/wp-content\/uploads\/2023\/02\/cozyanddozy_logo_b.png","contentUrl":"https:\/\/cozyanddozy.com\/de\/wp-content\/uploads\/2023\/02\/cozyanddozy_logo_b.png","width":314,"height":85,"caption":"Cozy & Dozy"},"image":{"@id":"https:\/\/cozyanddozy.com\/de\/#\/schema\/logo\/image\/"}}]},"product_price_amount":"99.00","product_price_currency":"EUR","og_availability":"instock","product_availability":"instock","product_retailer_item_id":"5902701496821","product_condition":"new"},"_links":{"self":[{"href":"https:\/\/cozyanddozy.com\/de\/wp-json\/wp\/v2\/product\/1404","targetHints":{"allow":["GET"]}}],"collection":[{"href":"https:\/\/cozyanddozy.com\/de\/wp-json\/wp\/v2\/product"}],"about":[{"href":"https:\/\/cozyanddozy.com\/de\/wp-json\/wp\/v2\/types\/product"}],"replies":[{"embeddable":true,"href":"https:\/\/cozyanddozy.com\/de\/wp-json\/wp\/v2\/comments?post=1404"}],"wp:featuredmedia":[{"embeddable":true,"href":"https:\/\/cozyanddozy.com\/de\/wp-json\/wp\/v2\/media\/956"}],"wp:attachment":[{"href":"https:\/\/cozyanddozy.com\/de\/wp-json\/wp\/v2\/media?parent=1404"}],"wp:term":[{"taxonomy":"product_brand","embeddable":true,"href":"https:\/\/cozyanddozy.com\/de\/wp-json\/wp\/v2\/product_brand?post=1404"},{"taxonomy":"product_cat","embeddable":true,"href":"https:\/\/cozyanddozy.com\/de\/wp-json\/wp\/v2\/product_cat?post=1404"},{"taxonomy":"product_tag","embeddable":true,"href":"https:\/\/cozyanddozy.com\/de\/wp-json\/wp\/v2\/product_tag?post=1404"}],"curies":[{"name":"wp","href":"https:\/\/api.w.org\/{rel}","templated":true}]}}