{"id":1398,"date":"2022-06-03T10:10:03","date_gmt":"2022-06-03T08:10:03","guid":{"rendered":"https:\/\/cozyanddozy.com\/de\/product\/bodenkissen-aus-rainbow-samt-grosser-patchwork-hocker\/"},"modified":"2025-01-29T21:31:21","modified_gmt":"2025-01-29T20:31:21","slug":"bodenkissen-aus-rainbow-samt-grosser-patchwork-hocker","status":"publish","type":"product","link":"https:\/\/cozyanddozy.com\/de\/produkt\/bodenkissen-aus-rainbow-samt-grosser-patchwork-hocker\/","title":{"rendered":"Bodenkissen aus Rainbow Samt, gro\u00dfer Patchwork-Hocker"},"content":{"rendered":"<h3><strong>Patchwork-Bodenkissen aus Rainbow samt<\/strong><\/h3>\n<p><strong>Der dekorative Kinderhocker<\/strong>\u00a0ist ein gro\u00dfer, gem\u00fctlicher Sitz, der sich perfekt f\u00fcr den t\u00e4glichen Spa\u00df und die Entspannung eignet.<\/p>\n<p>Der <strong>Hocker ist mit antiallergischem Schaum gef\u00fcllt<\/strong>.<\/p>\n<p><strong>Das Rainbow Bodenkissen hat einen Rei\u00dfverschlus<\/strong>s zum einfachen Waschen.<\/p>\n<p>Ein bunter Sitzsack ist eine tolle Dekoration f\u00fcr ein Kinderzimmer und ein beliebter Ort zum Spielen.<\/p>\n<p>Das <strong>Bodenkissen RAINBOW ist der perfekte Hocker f\u00fcr ein Jugendzimmer.<\/strong><\/p>\n<p>RAINBOW VELVET &#8211; Patchwork-Kissen in folgenden Farben: Rosa, Gr\u00fcn, Gelb<\/p>\n<p>Spezifikation:<\/p>\n<ul>\n<li>Ma\u00dfe: ca. 70 \u00d7 10 cm (+\/- 2,5 cm)<\/li>\n<li><span style=\"color: #555555;\">F\u00fcllung und Ball aus antiallergischem Schaumstoff<\/span><\/li>\n<li><span style=\"color: #555555;\">Stoff: Velvet Velours \u2013 CE<\/span><\/li>\n<\/ul>\n<p>In der Velvet-Kollektion finden Sie Poufs in anderen Farben und Gr\u00f6\u00dfen sowie Tipi-Zelte, Girlanden, Teppiche und Kissen.<\/p>\n<p>Behandlungsmethode:<\/p>\n<ul>\n<li>Kein B\u00fcgeln<\/li>\n<li><span style=\"color: #555555;\">Maschinenwaschbar bei 40 Grad, Schleudern &#8211; 800 U\/min<\/span><\/li>\n<li><span style=\"color: #555555;\">Reinige chemisch nicht<\/span><\/li>\n<li><span style=\"color: #555555;\">Nicht bleichen<\/span><\/li>\n<\/ul>\n<p>Entworfen und gen\u00e4ht in Polen von Cozy &amp; Dozy<\/p>\n","protected":false},"excerpt":{"rendered":"<p>Der dekorative Hocker f\u00fcr Kinder ist ein gro\u00dfer, gem\u00fctlicher Sitz, der sich perfekt f\u00fcr allt\u00e4gliche Spiele und Ruhe eignet.<\/p>\n","protected":false},"featured_media":927,"comment_status":"open","ping_status":"closed","template":"","meta":[],"product_brand":[],"product_cat":[73],"product_tag":[],"class_list":{"0":"post-1398","1":"product","2":"type-product","3":"status-publish","4":"has-post-thumbnail","6":"product_cat-kissen-puffs","8":"first","9":"instock","10":"sale","11":"shipping-taxable","12":"product-type-simple"},"yoast_head":"<!-- This site is optimized with the Yoast SEO Premium plugin v21.9 (Yoast SEO v27.0) - https:\/\/yoast.com\/product\/yoast-seo-premium-wordpress\/ -->\n<title>Bodenkissen aus Rainbow Samt, gro\u00dfer Patchwork-Hocker - Cozy &amp; Dozy<\/title>\n<meta name=\"description\" content=\"Der dekorative Hocker f\u00fcr Kinder ist ein gro\u00dfer, gem\u00fctlicher Sitz, der sich perfekt f\u00fcr allt\u00e4gliche Spiele und Ruhe eignet.\" \/>\n<meta name=\"robots\" content=\"index, follow, max-snippet:-1, max-image-preview:large, max-video-preview:-1\" \/>\n<link rel=\"canonical\" href=\"https:\/\/cozyanddozy.com\/de\/produkt\/bodenkissen-aus-rainbow-samt-grosser-patchwork-hocker\/\" \/>\n<meta property=\"og:locale\" content=\"de_DE\" \/>\n<meta property=\"og:type\" content=\"article\" \/>\n<meta property=\"og:title\" content=\"Bodenkissen aus Rainbow Samt, gro\u00dfer Patchwork-Hocker\" \/>\n<meta property=\"og:description\" content=\"Der dekorative Hocker f\u00fcr Kinder ist ein gro\u00dfer, gem\u00fctlicher Sitz, der sich perfekt f\u00fcr allt\u00e4gliche Spiele und Ruhe eignet.\" \/>\n<meta property=\"og:url\" content=\"https:\/\/cozyanddozy.com\/de\/produkt\/bodenkissen-aus-rainbow-samt-grosser-patchwork-hocker\/\" \/>\n<meta property=\"og:site_name\" content=\"Cozy &amp; Dozy\" \/>\n<meta property=\"article:modified_time\" content=\"2025-01-29T20:31:21+00:00\" \/>\n<meta property=\"og:image\" content=\"https:\/\/cozyanddozy.com\/de\/wp-content\/uploads\/2023\/02\/RAINBOW-SEAT-PILLOW.jpg\" \/>\n\t<meta property=\"og:image:width\" content=\"1200\" \/>\n\t<meta property=\"og:image:height\" content=\"1200\" \/>\n\t<meta property=\"og:image:type\" content=\"image\/jpeg\" \/>\n<meta name=\"twitter:card\" content=\"summary_large_image\" \/>\n<meta name=\"twitter:label1\" content=\"Preis\" \/>\n\t<meta name=\"twitter:data1\" content=\"49,00&nbsp;&euro;\" \/>\n\t<meta name=\"twitter:label2\" content=\"Verf\u00fcgbarkeit\" \/>\n\t<meta name=\"twitter:data2\" content=\"Auf Lager\" \/>\n<script type=\"application\/ld+json\" class=\"yoast-schema-graph\">{\"@context\":\"https:\/\/schema.org\",\"@graph\":[{\"@type\":\"WebPage\",\"@id\":\"https:\/\/cozyanddozy.com\/de\/produkt\/bodenkissen-aus-rainbow-samt-grosser-patchwork-hocker\/\",\"url\":\"https:\/\/cozyanddozy.com\/de\/produkt\/bodenkissen-aus-rainbow-samt-grosser-patchwork-hocker\/\",\"name\":\"Bodenkissen aus Rainbow Samt, gro\u00dfer Patchwork-Hocker - Cozy & Dozy\",\"isPartOf\":{\"@id\":\"https:\/\/cozyanddozy.com\/de\/#website\"},\"primaryImageOfPage\":{\"@id\":\"https:\/\/cozyanddozy.com\/de\/produkt\/bodenkissen-aus-rainbow-samt-grosser-patchwork-hocker\/#primaryimage\"},\"image\":{\"@id\":\"https:\/\/cozyanddozy.com\/de\/produkt\/bodenkissen-aus-rainbow-samt-grosser-patchwork-hocker\/#primaryimage\"},\"thumbnailUrl\":\"https:\/\/cozyanddozy.com\/de\/wp-content\/uploads\/2023\/02\/RAINBOW-SEAT-PILLOW.jpg\",\"datePublished\":\"2022-06-03T08:10:03+00:00\",\"dateModified\":\"2025-01-29T20:31:21+00:00\",\"description\":\"Der dekorative Hocker f\u00fcr Kinder ist ein gro\u00dfer, gem\u00fctlicher Sitz, der sich perfekt f\u00fcr allt\u00e4gliche Spiele und Ruhe eignet.\",\"breadcrumb\":{\"@id\":\"https:\/\/cozyanddozy.com\/de\/produkt\/bodenkissen-aus-rainbow-samt-grosser-patchwork-hocker\/#breadcrumb\"},\"inLanguage\":\"de\",\"potentialAction\":[{\"@type\":\"ReadAction\",\"target\":[\"https:\/\/cozyanddozy.com\/de\/produkt\/bodenkissen-aus-rainbow-samt-grosser-patchwork-hocker\/\"]}]},{\"@type\":\"ImageObject\",\"inLanguage\":\"de\",\"@id\":\"https:\/\/cozyanddozy.com\/de\/produkt\/bodenkissen-aus-rainbow-samt-grosser-patchwork-hocker\/#primaryimage\",\"url\":\"https:\/\/cozyanddozy.com\/de\/wp-content\/uploads\/2023\/02\/RAINBOW-SEAT-PILLOW.jpg\",\"contentUrl\":\"https:\/\/cozyanddozy.com\/de\/wp-content\/uploads\/2023\/02\/RAINBOW-SEAT-PILLOW.jpg\",\"width\":1200,\"height\":1200},{\"@type\":\"BreadcrumbList\",\"@id\":\"https:\/\/cozyanddozy.com\/de\/produkt\/bodenkissen-aus-rainbow-samt-grosser-patchwork-hocker\/#breadcrumb\",\"itemListElement\":[{\"@type\":\"ListItem\",\"position\":1,\"name\":\"Home\",\"item\":\"https:\/\/cozyanddozy.com\/de\/\"},{\"@type\":\"ListItem\",\"position\":2,\"name\":\"Shop\",\"item\":\"https:\/\/cozyanddozy.com\/de\/shop\/\"},{\"@type\":\"ListItem\",\"position\":3,\"name\":\"Bodenkissen aus Rainbow Samt, gro\u00dfer Patchwork-Hocker\"}]},{\"@type\":\"WebSite\",\"@id\":\"https:\/\/cozyanddozy.com\/de\/#website\",\"url\":\"https:\/\/cozyanddozy.com\/de\/\",\"name\":\"Cozy & Dozy\",\"description\":\"\",\"publisher\":{\"@id\":\"https:\/\/cozyanddozy.com\/de\/#organization\"},\"potentialAction\":[{\"@type\":\"SearchAction\",\"target\":{\"@type\":\"EntryPoint\",\"urlTemplate\":\"https:\/\/cozyanddozy.com\/de\/?s={search_term_string}\"},\"query-input\":{\"@type\":\"PropertyValueSpecification\",\"valueRequired\":true,\"valueName\":\"search_term_string\"}}],\"inLanguage\":\"de\"},{\"@type\":\"Organization\",\"@id\":\"https:\/\/cozyanddozy.com\/de\/#organization\",\"name\":\"Cozy & Dozy\",\"url\":\"https:\/\/cozyanddozy.com\/de\/\",\"logo\":{\"@type\":\"ImageObject\",\"inLanguage\":\"de\",\"@id\":\"https:\/\/cozyanddozy.com\/de\/#\/schema\/logo\/image\/\",\"url\":\"https:\/\/cozyanddozy.com\/de\/wp-content\/uploads\/2023\/02\/cozyanddozy_logo_b.png\",\"contentUrl\":\"https:\/\/cozyanddozy.com\/de\/wp-content\/uploads\/2023\/02\/cozyanddozy_logo_b.png\",\"width\":314,\"height\":85,\"caption\":\"Cozy & Dozy\"},\"image\":{\"@id\":\"https:\/\/cozyanddozy.com\/de\/#\/schema\/logo\/image\/\"}}]}<\/script>\n<meta property=\"product:price:amount\" content=\"49.00\" \/>\n<meta property=\"product:price:currency\" content=\"EUR\" \/>\n<meta property=\"og:availability\" content=\"instock\" \/>\n<meta property=\"product:availability\" content=\"instock\" \/>\n<meta property=\"product:retailer_item_id\" content=\"5902701495992\" \/>\n<meta property=\"product:condition\" content=\"new\" \/>\n<!-- \/ Yoast SEO Premium plugin. -->","yoast_head_json":{"title":"Bodenkissen aus Rainbow Samt, gro\u00dfer Patchwork-Hocker - Cozy & Dozy","description":"Der dekorative Hocker f\u00fcr Kinder ist ein gro\u00dfer, gem\u00fctlicher Sitz, der sich perfekt f\u00fcr allt\u00e4gliche Spiele und Ruhe eignet.","robots":{"index":"index","follow":"follow","max-snippet":"max-snippet:-1","max-image-preview":"max-image-preview:large","max-video-preview":"max-video-preview:-1"},"canonical":"https:\/\/cozyanddozy.com\/de\/produkt\/bodenkissen-aus-rainbow-samt-grosser-patchwork-hocker\/","og_locale":"de_DE","og_type":"article","og_title":"Bodenkissen aus Rainbow Samt, gro\u00dfer Patchwork-Hocker","og_description":"Der dekorative Hocker f\u00fcr Kinder ist ein gro\u00dfer, gem\u00fctlicher Sitz, der sich perfekt f\u00fcr allt\u00e4gliche Spiele und Ruhe eignet.","og_url":"https:\/\/cozyanddozy.com\/de\/produkt\/bodenkissen-aus-rainbow-samt-grosser-patchwork-hocker\/","og_site_name":"Cozy &amp; Dozy","article_modified_time":"2025-01-29T20:31:21+00:00","og_image":[{"width":1200,"height":1200,"url":"https:\/\/cozyanddozy.com\/de\/wp-content\/uploads\/2023\/02\/RAINBOW-SEAT-PILLOW.jpg","type":"image\/jpeg"}],"twitter_card":"summary_large_image","twitter_misc":{"Preis":"49,00&nbsp;&euro;","Verf\u00fcgbarkeit":"Auf Lager"},"schema":{"@context":"https:\/\/schema.org","@graph":[{"@type":"WebPage","@id":"https:\/\/cozyanddozy.com\/de\/produkt\/bodenkissen-aus-rainbow-samt-grosser-patchwork-hocker\/","url":"https:\/\/cozyanddozy.com\/de\/produkt\/bodenkissen-aus-rainbow-samt-grosser-patchwork-hocker\/","name":"Bodenkissen aus Rainbow Samt, gro\u00dfer Patchwork-Hocker - Cozy & Dozy","isPartOf":{"@id":"https:\/\/cozyanddozy.com\/de\/#website"},"primaryImageOfPage":{"@id":"https:\/\/cozyanddozy.com\/de\/produkt\/bodenkissen-aus-rainbow-samt-grosser-patchwork-hocker\/#primaryimage"},"image":{"@id":"https:\/\/cozyanddozy.com\/de\/produkt\/bodenkissen-aus-rainbow-samt-grosser-patchwork-hocker\/#primaryimage"},"thumbnailUrl":"https:\/\/cozyanddozy.com\/de\/wp-content\/uploads\/2023\/02\/RAINBOW-SEAT-PILLOW.jpg","datePublished":"2022-06-03T08:10:03+00:00","dateModified":"2025-01-29T20:31:21+00:00","description":"Der dekorative Hocker f\u00fcr Kinder ist ein gro\u00dfer, gem\u00fctlicher Sitz, der sich perfekt f\u00fcr allt\u00e4gliche Spiele und Ruhe eignet.","breadcrumb":{"@id":"https:\/\/cozyanddozy.com\/de\/produkt\/bodenkissen-aus-rainbow-samt-grosser-patchwork-hocker\/#breadcrumb"},"inLanguage":"de","potentialAction":[{"@type":"ReadAction","target":["https:\/\/cozyanddozy.com\/de\/produkt\/bodenkissen-aus-rainbow-samt-grosser-patchwork-hocker\/"]}]},{"@type":"ImageObject","inLanguage":"de","@id":"https:\/\/cozyanddozy.com\/de\/produkt\/bodenkissen-aus-rainbow-samt-grosser-patchwork-hocker\/#primaryimage","url":"https:\/\/cozyanddozy.com\/de\/wp-content\/uploads\/2023\/02\/RAINBOW-SEAT-PILLOW.jpg","contentUrl":"https:\/\/cozyanddozy.com\/de\/wp-content\/uploads\/2023\/02\/RAINBOW-SEAT-PILLOW.jpg","width":1200,"height":1200},{"@type":"BreadcrumbList","@id":"https:\/\/cozyanddozy.com\/de\/produkt\/bodenkissen-aus-rainbow-samt-grosser-patchwork-hocker\/#breadcrumb","itemListElement":[{"@type":"ListItem","position":1,"name":"Home","item":"https:\/\/cozyanddozy.com\/de\/"},{"@type":"ListItem","position":2,"name":"Shop","item":"https:\/\/cozyanddozy.com\/de\/shop\/"},{"@type":"ListItem","position":3,"name":"Bodenkissen aus Rainbow Samt, gro\u00dfer Patchwork-Hocker"}]},{"@type":"WebSite","@id":"https:\/\/cozyanddozy.com\/de\/#website","url":"https:\/\/cozyanddozy.com\/de\/","name":"Cozy & Dozy","description":"","publisher":{"@id":"https:\/\/cozyanddozy.com\/de\/#organization"},"potentialAction":[{"@type":"SearchAction","target":{"@type":"EntryPoint","urlTemplate":"https:\/\/cozyanddozy.com\/de\/?s={search_term_string}"},"query-input":{"@type":"PropertyValueSpecification","valueRequired":true,"valueName":"search_term_string"}}],"inLanguage":"de"},{"@type":"Organization","@id":"https:\/\/cozyanddozy.com\/de\/#organization","name":"Cozy & Dozy","url":"https:\/\/cozyanddozy.com\/de\/","logo":{"@type":"ImageObject","inLanguage":"de","@id":"https:\/\/cozyanddozy.com\/de\/#\/schema\/logo\/image\/","url":"https:\/\/cozyanddozy.com\/de\/wp-content\/uploads\/2023\/02\/cozyanddozy_logo_b.png","contentUrl":"https:\/\/cozyanddozy.com\/de\/wp-content\/uploads\/2023\/02\/cozyanddozy_logo_b.png","width":314,"height":85,"caption":"Cozy & Dozy"},"image":{"@id":"https:\/\/cozyanddozy.com\/de\/#\/schema\/logo\/image\/"}}]},"product_price_amount":"49.00","product_price_currency":"EUR","og_availability":"instock","product_availability":"instock","product_retailer_item_id":"5902701495992","product_condition":"new"},"_links":{"self":[{"href":"https:\/\/cozyanddozy.com\/de\/wp-json\/wp\/v2\/product\/1398","targetHints":{"allow":["GET"]}}],"collection":[{"href":"https:\/\/cozyanddozy.com\/de\/wp-json\/wp\/v2\/product"}],"about":[{"href":"https:\/\/cozyanddozy.com\/de\/wp-json\/wp\/v2\/types\/product"}],"replies":[{"embeddable":true,"href":"https:\/\/cozyanddozy.com\/de\/wp-json\/wp\/v2\/comments?post=1398"}],"wp:featuredmedia":[{"embeddable":true,"href":"https:\/\/cozyanddozy.com\/de\/wp-json\/wp\/v2\/media\/927"}],"wp:attachment":[{"href":"https:\/\/cozyanddozy.com\/de\/wp-json\/wp\/v2\/media?parent=1398"}],"wp:term":[{"taxonomy":"product_brand","embeddable":true,"href":"https:\/\/cozyanddozy.com\/de\/wp-json\/wp\/v2\/product_brand?post=1398"},{"taxonomy":"product_cat","embeddable":true,"href":"https:\/\/cozyanddozy.com\/de\/wp-json\/wp\/v2\/product_cat?post=1398"},{"taxonomy":"product_tag","embeddable":true,"href":"https:\/\/cozyanddozy.com\/de\/wp-json\/wp\/v2\/product_tag?post=1398"}],"curies":[{"name":"wp","href":"https:\/\/api.w.org\/{rel}","templated":true}]}}