{"id":1359,"date":"2022-03-28T12:48:19","date_gmt":"2022-03-28T10:48:19","guid":{"rendered":"https:\/\/cozyanddozy.com\/de\/product\/muschelkissen-light-pink-samtkissen-shell\/"},"modified":"2023-11-08T16:01:25","modified_gmt":"2023-11-08T15:01:25","slug":"muschelkissen-light-pink-samtkissen-shell","status":"publish","type":"product","link":"https:\/\/cozyanddozy.com\/de\/produkt\/muschelkissen-light-pink-samtkissen-shell\/","title":{"rendered":"Muschelkissen Light Pink, Samtkissen Shell"},"content":{"rendered":"<p><img decoding=\"async\" class=\"alignright\" src=\"https:\/\/cozyanddozy.com\/wp-content\/uploads\/2023\/02\/pink-shell-pillow.jpg\" alt=\"\" width=\"600\" \/><\/p>\n<h3>Hellrosa Kissen aus Muschelsamt<\/h3>\n<p>Was ist aus dem Meer nicht mehr wegzudenken? Nat\u00fcrlich ohne sch\u00f6ne und einzigartige Muscheln<\/p>\n<p>Und am besten ist es, wenn diese Schalen weich und angenehm anzufassen sind!<\/p>\n<p>Shell Pillow ist eine sch\u00f6ne Erg\u00e4nzung f\u00fcr jeden Raum. Es wird sowohl ein Schlafzimmer als auch ein Wohnzimmer und ein Kinderzimmer schm\u00fccken.<\/p>\n<p>Jeder findet etwas f\u00fcr sich.<\/p>\n<p>Sie k\u00f6nnen Ihre H\u00e4nde nicht von dem Shell-Kissen lassen! Es ist aus einem sehr weichen Samt. Dieses Material macht die Verwendung des Kissens zu einem \u00e4u\u00dferst angenehmen Erlebnis. Ihr Baby wird sie gerne umarmen und zu allen Nickerchen mitnehmen<\/p>\n<p>Eine Auswahl an Muscheln in verschiedenen Farben: Wei\u00df, Grau, Dunkelrosa, Hellrosa, Blau, Marineblau, Honig, Gelb, Gr\u00fcn, Dunkelgr\u00fcn, T\u00fcrkis<\/p>\n<p><span class=\"Apple-converted-space\">\u00a0<\/span>Ma\u00dfe:<\/p>\n<ul>\n<li><span class=\"Apple-converted-space\">\u00a0<\/span>48 \u00d7 55 cm<\/li>\n<\/ul>\n<p>Komposition:<\/p>\n<ul>\n<li><span class=\"Apple-converted-space\">\u00a0<\/span>100 % Samt ( Zertifikat, CE)<\/li>\n<li>\u00a0<span style=\"color: #555555;\">F\u00fcllen des Kissens \u2013 Silikonkugel, antiallergisch.<\/span><\/li>\n<\/ul>\n<p>Waschen:<\/p>\n<ul>\n<li>Maschinenwaschbar bei 40 Grad,<\/li>\n<li><span style=\"color: #555555;\">Schleudern \u2013 800 Umdrehungen,<\/span><\/li>\n<li><span style=\"color: #555555;\">nicht chemisch reinigen, nicht bleichen,<\/span><\/li>\n<li><span style=\"color: #555555;\">Nach dem Waschen sch\u00fctteln, um den Guss zu arrangieren,<\/span><\/li>\n<li><span style=\"color: #555555;\">auf einer ebenen Fl\u00e4che trocknen.<\/span><\/li>\n<\/ul>\n","protected":false},"excerpt":{"rendered":"<p>Ein gro\u00dfes und weiches dekoratives Velvet Shell Kissen 48 \u00d7 55 cm. Es sieht auf dem Sofa und Sessel wundersch\u00f6n aus.<\/p>\n","protected":false},"featured_media":870,"comment_status":"open","ping_status":"closed","template":"","meta":[],"product_brand":[],"product_cat":[73],"product_tag":[],"class_list":{"0":"post-1359","1":"product","2":"type-product","3":"status-publish","4":"has-post-thumbnail","6":"product_cat-kissen-puffs","8":"first","9":"instock","10":"sale","11":"shipping-taxable","12":"product-type-simple"},"yoast_head":"<!-- This site is optimized with the Yoast SEO Premium plugin v21.9 (Yoast SEO v27.0) - https:\/\/yoast.com\/product\/yoast-seo-premium-wordpress\/ -->\n<title>Muschelkissen Light Pink, Samtkissen Shell - Cozy &amp; Dozy<\/title>\n<meta name=\"description\" content=\"Ein gro\u00dfes und weiches dekoratives Velvet Shell Kissen 48 \u00d7 55 cm. Es sieht auf dem Sofa und Sessel wundersch\u00f6n aus.\" \/>\n<meta name=\"robots\" content=\"index, follow, max-snippet:-1, max-image-preview:large, max-video-preview:-1\" \/>\n<link rel=\"canonical\" href=\"https:\/\/cozyanddozy.com\/de\/produkt\/muschelkissen-light-pink-samtkissen-shell\/\" \/>\n<meta property=\"og:locale\" content=\"de_DE\" \/>\n<meta property=\"og:type\" content=\"article\" \/>\n<meta property=\"og:title\" content=\"Muschelkissen Light Pink, Samtkissen Shell\" \/>\n<meta property=\"og:description\" content=\"Ein gro\u00dfes und weiches dekoratives Velvet Shell Kissen 48 \u00d7 55 cm. Es sieht auf dem Sofa und Sessel wundersch\u00f6n aus.\" \/>\n<meta property=\"og:url\" content=\"https:\/\/cozyanddozy.com\/de\/produkt\/muschelkissen-light-pink-samtkissen-shell\/\" \/>\n<meta property=\"og:site_name\" content=\"Cozy &amp; Dozy\" \/>\n<meta property=\"article:modified_time\" content=\"2023-11-08T15:01:25+00:00\" \/>\n<meta property=\"og:image\" content=\"https:\/\/cozyanddozy.com\/de\/wp-content\/uploads\/2023\/02\/pink-shell-pillows.jpg\" \/>\n\t<meta property=\"og:image:width\" content=\"1200\" \/>\n\t<meta property=\"og:image:height\" content=\"1200\" \/>\n\t<meta property=\"og:image:type\" content=\"image\/jpeg\" \/>\n<meta name=\"twitter:card\" content=\"summary_large_image\" \/>\n<meta name=\"twitter:label1\" content=\"Preis\" \/>\n\t<meta name=\"twitter:data1\" content=\"29,90&nbsp;&euro;\" \/>\n\t<meta name=\"twitter:label2\" content=\"Verf\u00fcgbarkeit\" \/>\n\t<meta name=\"twitter:data2\" content=\"Auf Lager\" \/>\n<script type=\"application\/ld+json\" class=\"yoast-schema-graph\">{\"@context\":\"https:\/\/schema.org\",\"@graph\":[{\"@type\":\"WebPage\",\"@id\":\"https:\/\/cozyanddozy.com\/de\/produkt\/muschelkissen-light-pink-samtkissen-shell\/\",\"url\":\"https:\/\/cozyanddozy.com\/de\/produkt\/muschelkissen-light-pink-samtkissen-shell\/\",\"name\":\"Muschelkissen Light Pink, Samtkissen Shell - Cozy & Dozy\",\"isPartOf\":{\"@id\":\"https:\/\/cozyanddozy.com\/de\/#website\"},\"primaryImageOfPage\":{\"@id\":\"https:\/\/cozyanddozy.com\/de\/produkt\/muschelkissen-light-pink-samtkissen-shell\/#primaryimage\"},\"image\":{\"@id\":\"https:\/\/cozyanddozy.com\/de\/produkt\/muschelkissen-light-pink-samtkissen-shell\/#primaryimage\"},\"thumbnailUrl\":\"https:\/\/cozyanddozy.com\/de\/wp-content\/uploads\/2023\/02\/pink-shell-pillows.jpg\",\"datePublished\":\"2022-03-28T10:48:19+00:00\",\"dateModified\":\"2023-11-08T15:01:25+00:00\",\"description\":\"Ein gro\u00dfes und weiches dekoratives Velvet Shell Kissen 48 \u00d7 55 cm. Es sieht auf dem Sofa und Sessel wundersch\u00f6n aus.\",\"breadcrumb\":{\"@id\":\"https:\/\/cozyanddozy.com\/de\/produkt\/muschelkissen-light-pink-samtkissen-shell\/#breadcrumb\"},\"inLanguage\":\"de\",\"potentialAction\":[{\"@type\":\"ReadAction\",\"target\":[\"https:\/\/cozyanddozy.com\/de\/produkt\/muschelkissen-light-pink-samtkissen-shell\/\"]}]},{\"@type\":\"ImageObject\",\"inLanguage\":\"de\",\"@id\":\"https:\/\/cozyanddozy.com\/de\/produkt\/muschelkissen-light-pink-samtkissen-shell\/#primaryimage\",\"url\":\"https:\/\/cozyanddozy.com\/de\/wp-content\/uploads\/2023\/02\/pink-shell-pillows.jpg\",\"contentUrl\":\"https:\/\/cozyanddozy.com\/de\/wp-content\/uploads\/2023\/02\/pink-shell-pillows.jpg\",\"width\":1200,\"height\":1200},{\"@type\":\"BreadcrumbList\",\"@id\":\"https:\/\/cozyanddozy.com\/de\/produkt\/muschelkissen-light-pink-samtkissen-shell\/#breadcrumb\",\"itemListElement\":[{\"@type\":\"ListItem\",\"position\":1,\"name\":\"Home\",\"item\":\"https:\/\/cozyanddozy.com\/de\/\"},{\"@type\":\"ListItem\",\"position\":2,\"name\":\"Shop\",\"item\":\"https:\/\/cozyanddozy.com\/de\/shop\/\"},{\"@type\":\"ListItem\",\"position\":3,\"name\":\"Muschelkissen Light Pink, Samtkissen Shell\"}]},{\"@type\":\"WebSite\",\"@id\":\"https:\/\/cozyanddozy.com\/de\/#website\",\"url\":\"https:\/\/cozyanddozy.com\/de\/\",\"name\":\"Cozy & Dozy\",\"description\":\"\",\"publisher\":{\"@id\":\"https:\/\/cozyanddozy.com\/de\/#organization\"},\"potentialAction\":[{\"@type\":\"SearchAction\",\"target\":{\"@type\":\"EntryPoint\",\"urlTemplate\":\"https:\/\/cozyanddozy.com\/de\/?s={search_term_string}\"},\"query-input\":{\"@type\":\"PropertyValueSpecification\",\"valueRequired\":true,\"valueName\":\"search_term_string\"}}],\"inLanguage\":\"de\"},{\"@type\":\"Organization\",\"@id\":\"https:\/\/cozyanddozy.com\/de\/#organization\",\"name\":\"Cozy & Dozy\",\"url\":\"https:\/\/cozyanddozy.com\/de\/\",\"logo\":{\"@type\":\"ImageObject\",\"inLanguage\":\"de\",\"@id\":\"https:\/\/cozyanddozy.com\/de\/#\/schema\/logo\/image\/\",\"url\":\"https:\/\/cozyanddozy.com\/de\/wp-content\/uploads\/2023\/02\/cozyanddozy_logo_b.png\",\"contentUrl\":\"https:\/\/cozyanddozy.com\/de\/wp-content\/uploads\/2023\/02\/cozyanddozy_logo_b.png\",\"width\":314,\"height\":85,\"caption\":\"Cozy & Dozy\"},\"image\":{\"@id\":\"https:\/\/cozyanddozy.com\/de\/#\/schema\/logo\/image\/\"}}]}<\/script>\n<meta property=\"product:price:amount\" content=\"29.90\" \/>\n<meta property=\"product:price:currency\" content=\"EUR\" \/>\n<meta property=\"og:availability\" content=\"instock\" \/>\n<meta property=\"product:availability\" content=\"instock\" \/>\n<meta property=\"product:retailer_item_id\" content=\"5902701496265\" \/>\n<meta property=\"product:condition\" content=\"new\" \/>\n<!-- \/ Yoast SEO Premium plugin. -->","yoast_head_json":{"title":"Muschelkissen Light Pink, Samtkissen Shell - Cozy & Dozy","description":"Ein gro\u00dfes und weiches dekoratives Velvet Shell Kissen 48 \u00d7 55 cm. Es sieht auf dem Sofa und Sessel wundersch\u00f6n aus.","robots":{"index":"index","follow":"follow","max-snippet":"max-snippet:-1","max-image-preview":"max-image-preview:large","max-video-preview":"max-video-preview:-1"},"canonical":"https:\/\/cozyanddozy.com\/de\/produkt\/muschelkissen-light-pink-samtkissen-shell\/","og_locale":"de_DE","og_type":"article","og_title":"Muschelkissen Light Pink, Samtkissen Shell","og_description":"Ein gro\u00dfes und weiches dekoratives Velvet Shell Kissen 48 \u00d7 55 cm. Es sieht auf dem Sofa und Sessel wundersch\u00f6n aus.","og_url":"https:\/\/cozyanddozy.com\/de\/produkt\/muschelkissen-light-pink-samtkissen-shell\/","og_site_name":"Cozy &amp; Dozy","article_modified_time":"2023-11-08T15:01:25+00:00","og_image":[{"width":1200,"height":1200,"url":"https:\/\/cozyanddozy.com\/de\/wp-content\/uploads\/2023\/02\/pink-shell-pillows.jpg","type":"image\/jpeg"}],"twitter_card":"summary_large_image","twitter_misc":{"Preis":"29,90&nbsp;&euro;","Verf\u00fcgbarkeit":"Auf Lager"},"schema":{"@context":"https:\/\/schema.org","@graph":[{"@type":"WebPage","@id":"https:\/\/cozyanddozy.com\/de\/produkt\/muschelkissen-light-pink-samtkissen-shell\/","url":"https:\/\/cozyanddozy.com\/de\/produkt\/muschelkissen-light-pink-samtkissen-shell\/","name":"Muschelkissen Light Pink, Samtkissen Shell - Cozy & Dozy","isPartOf":{"@id":"https:\/\/cozyanddozy.com\/de\/#website"},"primaryImageOfPage":{"@id":"https:\/\/cozyanddozy.com\/de\/produkt\/muschelkissen-light-pink-samtkissen-shell\/#primaryimage"},"image":{"@id":"https:\/\/cozyanddozy.com\/de\/produkt\/muschelkissen-light-pink-samtkissen-shell\/#primaryimage"},"thumbnailUrl":"https:\/\/cozyanddozy.com\/de\/wp-content\/uploads\/2023\/02\/pink-shell-pillows.jpg","datePublished":"2022-03-28T10:48:19+00:00","dateModified":"2023-11-08T15:01:25+00:00","description":"Ein gro\u00dfes und weiches dekoratives Velvet Shell Kissen 48 \u00d7 55 cm. Es sieht auf dem Sofa und Sessel wundersch\u00f6n aus.","breadcrumb":{"@id":"https:\/\/cozyanddozy.com\/de\/produkt\/muschelkissen-light-pink-samtkissen-shell\/#breadcrumb"},"inLanguage":"de","potentialAction":[{"@type":"ReadAction","target":["https:\/\/cozyanddozy.com\/de\/produkt\/muschelkissen-light-pink-samtkissen-shell\/"]}]},{"@type":"ImageObject","inLanguage":"de","@id":"https:\/\/cozyanddozy.com\/de\/produkt\/muschelkissen-light-pink-samtkissen-shell\/#primaryimage","url":"https:\/\/cozyanddozy.com\/de\/wp-content\/uploads\/2023\/02\/pink-shell-pillows.jpg","contentUrl":"https:\/\/cozyanddozy.com\/de\/wp-content\/uploads\/2023\/02\/pink-shell-pillows.jpg","width":1200,"height":1200},{"@type":"BreadcrumbList","@id":"https:\/\/cozyanddozy.com\/de\/produkt\/muschelkissen-light-pink-samtkissen-shell\/#breadcrumb","itemListElement":[{"@type":"ListItem","position":1,"name":"Home","item":"https:\/\/cozyanddozy.com\/de\/"},{"@type":"ListItem","position":2,"name":"Shop","item":"https:\/\/cozyanddozy.com\/de\/shop\/"},{"@type":"ListItem","position":3,"name":"Muschelkissen Light Pink, Samtkissen Shell"}]},{"@type":"WebSite","@id":"https:\/\/cozyanddozy.com\/de\/#website","url":"https:\/\/cozyanddozy.com\/de\/","name":"Cozy & Dozy","description":"","publisher":{"@id":"https:\/\/cozyanddozy.com\/de\/#organization"},"potentialAction":[{"@type":"SearchAction","target":{"@type":"EntryPoint","urlTemplate":"https:\/\/cozyanddozy.com\/de\/?s={search_term_string}"},"query-input":{"@type":"PropertyValueSpecification","valueRequired":true,"valueName":"search_term_string"}}],"inLanguage":"de"},{"@type":"Organization","@id":"https:\/\/cozyanddozy.com\/de\/#organization","name":"Cozy & Dozy","url":"https:\/\/cozyanddozy.com\/de\/","logo":{"@type":"ImageObject","inLanguage":"de","@id":"https:\/\/cozyanddozy.com\/de\/#\/schema\/logo\/image\/","url":"https:\/\/cozyanddozy.com\/de\/wp-content\/uploads\/2023\/02\/cozyanddozy_logo_b.png","contentUrl":"https:\/\/cozyanddozy.com\/de\/wp-content\/uploads\/2023\/02\/cozyanddozy_logo_b.png","width":314,"height":85,"caption":"Cozy & Dozy"},"image":{"@id":"https:\/\/cozyanddozy.com\/de\/#\/schema\/logo\/image\/"}}]},"product_price_amount":"29.90","product_price_currency":"EUR","og_availability":"instock","product_availability":"instock","product_retailer_item_id":"5902701496265","product_condition":"new"},"_links":{"self":[{"href":"https:\/\/cozyanddozy.com\/de\/wp-json\/wp\/v2\/product\/1359","targetHints":{"allow":["GET"]}}],"collection":[{"href":"https:\/\/cozyanddozy.com\/de\/wp-json\/wp\/v2\/product"}],"about":[{"href":"https:\/\/cozyanddozy.com\/de\/wp-json\/wp\/v2\/types\/product"}],"replies":[{"embeddable":true,"href":"https:\/\/cozyanddozy.com\/de\/wp-json\/wp\/v2\/comments?post=1359"}],"wp:featuredmedia":[{"embeddable":true,"href":"https:\/\/cozyanddozy.com\/de\/wp-json\/wp\/v2\/media\/870"}],"wp:attachment":[{"href":"https:\/\/cozyanddozy.com\/de\/wp-json\/wp\/v2\/media?parent=1359"}],"wp:term":[{"taxonomy":"product_brand","embeddable":true,"href":"https:\/\/cozyanddozy.com\/de\/wp-json\/wp\/v2\/product_brand?post=1359"},{"taxonomy":"product_cat","embeddable":true,"href":"https:\/\/cozyanddozy.com\/de\/wp-json\/wp\/v2\/product_cat?post=1359"},{"taxonomy":"product_tag","embeddable":true,"href":"https:\/\/cozyanddozy.com\/de\/wp-json\/wp\/v2\/product_tag?post=1359"}],"curies":[{"name":"wp","href":"https:\/\/api.w.org\/{rel}","templated":true}]}}