{"id":1340,"date":"2022-03-17T11:02:37","date_gmt":"2022-03-17T10:02:37","guid":{"rendered":"https:\/\/cozyanddozy.com\/de\/product\/tipi-zelt-adventure-spielzelt-mit-weiche-matte\/"},"modified":"2025-01-29T21:33:34","modified_gmt":"2025-01-29T20:33:34","slug":"tipi-zelt-adventure-spielzelt-mit-weiche-matte","status":"publish","type":"product","link":"https:\/\/cozyanddozy.com\/de\/produkt\/tipi-zelt-adventure-spielzelt-mit-weiche-matte\/","title":{"rendered":"Tipi zelt kinder Adventure, Spielzelt mit weiche Matte"},"content":{"rendered":"<p><img decoding=\"async\" class=\"alignright\" src=\"https:\/\/cozyanddozy.com\/wp-content\/uploads\/2023\/02\/specyfikacja-adventure-de.jpg\" alt=\"\" width=\"600\" \/><\/p>\n<h2>Tipi zelt kinder Adventure<\/h2>\n<p>Das Spielzelt aus der Adventure-Serie ist ein gr\u00fcnes Tipi mit weiche Matte. Das Tipi-Zelt besteht aus starkem Segeltuch und ist mit grauen Pompons verziert. Ein Zelt ist ein gro\u00dfartiger Ort zum Spielen zu Hause, auf der Terrasse oder im Garten<b>.<\/b><\/p>\n<p>Das Spieltipi hat ein Fenster mit aufrollbarem Rollo und zwei Taschen f\u00fcr Spielzeug.<\/p>\n<p>Das Abenteuerzelt f\u00fcr Kinder wird mit einer weichen Matte.\u00a0Das Tipi-Zelt ist ein gro\u00dfartiger Ort zum Spielen und eine gem\u00fctliche Ecke zum Ausruhen.<\/p>\n<p>Wigwam wurde entwickelt, um das Auge lange zu erfreuen und sicheren Spielspa\u00df zu gew\u00e4hrleisten.<\/p>\n<p><b>Tipi hat 4 Seiten \u2013 Spielfl\u00e4che ca. 1 m2, H\u00f6he aufgeklappt ca. 150cm.<\/b><\/p>\n<p>Jedes Zelt wird mit klappbaren Kiefernstangen und einem Stabilisator geliefert, der die Stangen steif h\u00e4lt, um die Stabilit\u00e4t des Zeltes zu gew\u00e4hrleisten.<\/p>\n<p>Unsere Produkte werden mit viel Liebe zum Detail handgen\u00e4ht und zeichnen sich durch Benutzerfreundlichkeit und Sicherheit aus.<\/p>\n<p>Alle Produkte von COZY &amp; DOZY wurden in Polen entworfen und hergestellt und verf\u00fcgen \u00fcber eine CE-Erkl\u00e4rung f\u00fcr Kinderprodukte.<\/p>\n<h3>Das Kit beinhaltet:<\/h3>\n<ul>\n<li>Tipi-Zelt<\/li>\n<li>weiche Matte &#8211; velvet<\/li>\n<li>4 klappbare Kiefernst\u00f6cke (8 H\u00e4lften) + Elemente zum Verbinden von St\u00f6cken (8 Schrauben und 4 lange Muttern)<\/li>\n<li>Anweisung<\/li>\n<li>Stabilisator + Schnur<\/li>\n<\/ul>\n","protected":false},"excerpt":{"rendered":"<p>Das Spieltipi hat ein Fenster mit aufrollbarem Rollo und zwei Taschen f\u00fcr Spielzeug. Set mit Matte.<\/p>\n","protected":false},"featured_media":845,"comment_status":"open","ping_status":"closed","template":"","meta":[],"product_brand":[],"product_cat":[71],"product_tag":[24],"class_list":{"0":"post-1340","1":"product","2":"type-product","3":"status-publish","4":"has-post-thumbnail","6":"product_cat-tipi-zelt","7":"product_tag-pla","8":"pa_model-adventure","10":"first","11":"instock","12":"sale","13":"shipping-taxable","14":"product-type-simple"},"yoast_head":"<!-- This site is optimized with the Yoast SEO Premium plugin v21.9 (Yoast SEO v27.0) - https:\/\/yoast.com\/product\/yoast-seo-premium-wordpress\/ -->\n<title>Tipi zelt kinder Adventure, Spielzelt mit weiche Matte - Cozy &amp; Dozy<\/title>\n<meta name=\"description\" content=\"Das Spielzelt aus der Adventure-Serie ist ein gr\u00fcnes Tipi mit weiche Matte. Das Tipi-Zelt besteht aus starkem Segeltuch und ist mit grauen Pompons verziert.\" \/>\n<meta name=\"robots\" content=\"index, follow, max-snippet:-1, max-image-preview:large, max-video-preview:-1\" \/>\n<link rel=\"canonical\" href=\"https:\/\/cozyanddozy.com\/de\/produkt\/tipi-zelt-adventure-spielzelt-mit-weiche-matte\/\" \/>\n<meta property=\"og:locale\" content=\"de_DE\" \/>\n<meta property=\"og:type\" content=\"article\" \/>\n<meta property=\"og:title\" content=\"Tipi zelt kinder Adventure, Spielzelt mit weiche Matte\" \/>\n<meta property=\"og:description\" content=\"Das Spielzelt aus der Adventure-Serie ist ein gr\u00fcnes Tipi mit weiche Matte. Das Tipi-Zelt besteht aus starkem Segeltuch und ist mit grauen Pompons verziert.\" \/>\n<meta property=\"og:url\" content=\"https:\/\/cozyanddozy.com\/de\/produkt\/tipi-zelt-adventure-spielzelt-mit-weiche-matte\/\" \/>\n<meta property=\"og:site_name\" content=\"Cozy &amp; Dozy\" \/>\n<meta property=\"article:modified_time\" content=\"2025-01-29T20:33:34+00:00\" \/>\n<meta property=\"og:image\" content=\"https:\/\/cozyanddozy.com\/de\/wp-content\/uploads\/2023\/02\/kids_tipi_tent_adventure_s1_f9.jpg\" \/>\n\t<meta property=\"og:image:width\" content=\"1200\" \/>\n\t<meta property=\"og:image:height\" content=\"1200\" \/>\n\t<meta property=\"og:image:type\" content=\"image\/jpeg\" \/>\n<meta name=\"twitter:card\" content=\"summary_large_image\" \/>\n<meta name=\"twitter:label1\" content=\"Preis\" \/>\n\t<meta name=\"twitter:data1\" content=\"109,00&nbsp;&euro;\" \/>\n\t<meta name=\"twitter:label2\" content=\"Verf\u00fcgbarkeit\" \/>\n\t<meta name=\"twitter:data2\" content=\"Auf Lager\" \/>\n<script type=\"application\/ld+json\" class=\"yoast-schema-graph\">{\"@context\":\"https:\/\/schema.org\",\"@graph\":[{\"@type\":\"WebPage\",\"@id\":\"https:\/\/cozyanddozy.com\/de\/produkt\/tipi-zelt-adventure-spielzelt-mit-weiche-matte\/\",\"url\":\"https:\/\/cozyanddozy.com\/de\/produkt\/tipi-zelt-adventure-spielzelt-mit-weiche-matte\/\",\"name\":\"Tipi zelt kinder Adventure, Spielzelt mit weiche Matte - Cozy & Dozy\",\"isPartOf\":{\"@id\":\"https:\/\/cozyanddozy.com\/de\/#website\"},\"primaryImageOfPage\":{\"@id\":\"https:\/\/cozyanddozy.com\/de\/produkt\/tipi-zelt-adventure-spielzelt-mit-weiche-matte\/#primaryimage\"},\"image\":{\"@id\":\"https:\/\/cozyanddozy.com\/de\/produkt\/tipi-zelt-adventure-spielzelt-mit-weiche-matte\/#primaryimage\"},\"thumbnailUrl\":\"https:\/\/cozyanddozy.com\/de\/wp-content\/uploads\/2023\/02\/kids_tipi_tent_adventure_s1_f9.jpg\",\"datePublished\":\"2022-03-17T10:02:37+00:00\",\"dateModified\":\"2025-01-29T20:33:34+00:00\",\"description\":\"Das Spielzelt aus der Adventure-Serie ist ein gr\u00fcnes Tipi mit weiche Matte. Das Tipi-Zelt besteht aus starkem Segeltuch und ist mit grauen Pompons verziert.\",\"breadcrumb\":{\"@id\":\"https:\/\/cozyanddozy.com\/de\/produkt\/tipi-zelt-adventure-spielzelt-mit-weiche-matte\/#breadcrumb\"},\"inLanguage\":\"de\",\"potentialAction\":[{\"@type\":\"ReadAction\",\"target\":[\"https:\/\/cozyanddozy.com\/de\/produkt\/tipi-zelt-adventure-spielzelt-mit-weiche-matte\/\"]}]},{\"@type\":\"ImageObject\",\"inLanguage\":\"de\",\"@id\":\"https:\/\/cozyanddozy.com\/de\/produkt\/tipi-zelt-adventure-spielzelt-mit-weiche-matte\/#primaryimage\",\"url\":\"https:\/\/cozyanddozy.com\/de\/wp-content\/uploads\/2023\/02\/kids_tipi_tent_adventure_s1_f9.jpg\",\"contentUrl\":\"https:\/\/cozyanddozy.com\/de\/wp-content\/uploads\/2023\/02\/kids_tipi_tent_adventure_s1_f9.jpg\",\"width\":1200,\"height\":1200,\"caption\":\"kids tipi tent adventure\"},{\"@type\":\"BreadcrumbList\",\"@id\":\"https:\/\/cozyanddozy.com\/de\/produkt\/tipi-zelt-adventure-spielzelt-mit-weiche-matte\/#breadcrumb\",\"itemListElement\":[{\"@type\":\"ListItem\",\"position\":1,\"name\":\"Home\",\"item\":\"https:\/\/cozyanddozy.com\/de\/\"},{\"@type\":\"ListItem\",\"position\":2,\"name\":\"Shop\",\"item\":\"https:\/\/cozyanddozy.com\/de\/shop\/\"},{\"@type\":\"ListItem\",\"position\":3,\"name\":\"Tipi zelt kinder Adventure, Spielzelt mit weiche Matte\"}]},{\"@type\":\"WebSite\",\"@id\":\"https:\/\/cozyanddozy.com\/de\/#website\",\"url\":\"https:\/\/cozyanddozy.com\/de\/\",\"name\":\"Cozy & Dozy\",\"description\":\"\",\"publisher\":{\"@id\":\"https:\/\/cozyanddozy.com\/de\/#organization\"},\"potentialAction\":[{\"@type\":\"SearchAction\",\"target\":{\"@type\":\"EntryPoint\",\"urlTemplate\":\"https:\/\/cozyanddozy.com\/de\/?s={search_term_string}\"},\"query-input\":{\"@type\":\"PropertyValueSpecification\",\"valueRequired\":true,\"valueName\":\"search_term_string\"}}],\"inLanguage\":\"de\"},{\"@type\":\"Organization\",\"@id\":\"https:\/\/cozyanddozy.com\/de\/#organization\",\"name\":\"Cozy & Dozy\",\"url\":\"https:\/\/cozyanddozy.com\/de\/\",\"logo\":{\"@type\":\"ImageObject\",\"inLanguage\":\"de\",\"@id\":\"https:\/\/cozyanddozy.com\/de\/#\/schema\/logo\/image\/\",\"url\":\"https:\/\/cozyanddozy.com\/de\/wp-content\/uploads\/2023\/02\/cozyanddozy_logo_b.png\",\"contentUrl\":\"https:\/\/cozyanddozy.com\/de\/wp-content\/uploads\/2023\/02\/cozyanddozy_logo_b.png\",\"width\":314,\"height\":85,\"caption\":\"Cozy & Dozy\"},\"image\":{\"@id\":\"https:\/\/cozyanddozy.com\/de\/#\/schema\/logo\/image\/\"}}]}<\/script>\n<meta property=\"product:price:amount\" content=\"109.00\" \/>\n<meta property=\"product:price:currency\" content=\"EUR\" \/>\n<meta property=\"og:availability\" content=\"instock\" \/>\n<meta property=\"product:availability\" content=\"instock\" \/>\n<meta property=\"product:retailer_item_id\" content=\"5902701496197\" \/>\n<meta property=\"product:condition\" content=\"new\" \/>\n<!-- \/ Yoast SEO Premium plugin. -->","yoast_head_json":{"title":"Tipi zelt kinder Adventure, Spielzelt mit weiche Matte - Cozy & Dozy","description":"Das Spielzelt aus der Adventure-Serie ist ein gr\u00fcnes Tipi mit weiche Matte. Das Tipi-Zelt besteht aus starkem Segeltuch und ist mit grauen Pompons verziert.","robots":{"index":"index","follow":"follow","max-snippet":"max-snippet:-1","max-image-preview":"max-image-preview:large","max-video-preview":"max-video-preview:-1"},"canonical":"https:\/\/cozyanddozy.com\/de\/produkt\/tipi-zelt-adventure-spielzelt-mit-weiche-matte\/","og_locale":"de_DE","og_type":"article","og_title":"Tipi zelt kinder Adventure, Spielzelt mit weiche Matte","og_description":"Das Spielzelt aus der Adventure-Serie ist ein gr\u00fcnes Tipi mit weiche Matte. Das Tipi-Zelt besteht aus starkem Segeltuch und ist mit grauen Pompons verziert.","og_url":"https:\/\/cozyanddozy.com\/de\/produkt\/tipi-zelt-adventure-spielzelt-mit-weiche-matte\/","og_site_name":"Cozy &amp; Dozy","article_modified_time":"2025-01-29T20:33:34+00:00","og_image":[{"width":1200,"height":1200,"url":"https:\/\/cozyanddozy.com\/de\/wp-content\/uploads\/2023\/02\/kids_tipi_tent_adventure_s1_f9.jpg","type":"image\/jpeg"}],"twitter_card":"summary_large_image","twitter_misc":{"Preis":"109,00&nbsp;&euro;","Verf\u00fcgbarkeit":"Auf Lager"},"schema":{"@context":"https:\/\/schema.org","@graph":[{"@type":"WebPage","@id":"https:\/\/cozyanddozy.com\/de\/produkt\/tipi-zelt-adventure-spielzelt-mit-weiche-matte\/","url":"https:\/\/cozyanddozy.com\/de\/produkt\/tipi-zelt-adventure-spielzelt-mit-weiche-matte\/","name":"Tipi zelt kinder Adventure, Spielzelt mit weiche Matte - Cozy & Dozy","isPartOf":{"@id":"https:\/\/cozyanddozy.com\/de\/#website"},"primaryImageOfPage":{"@id":"https:\/\/cozyanddozy.com\/de\/produkt\/tipi-zelt-adventure-spielzelt-mit-weiche-matte\/#primaryimage"},"image":{"@id":"https:\/\/cozyanddozy.com\/de\/produkt\/tipi-zelt-adventure-spielzelt-mit-weiche-matte\/#primaryimage"},"thumbnailUrl":"https:\/\/cozyanddozy.com\/de\/wp-content\/uploads\/2023\/02\/kids_tipi_tent_adventure_s1_f9.jpg","datePublished":"2022-03-17T10:02:37+00:00","dateModified":"2025-01-29T20:33:34+00:00","description":"Das Spielzelt aus der Adventure-Serie ist ein gr\u00fcnes Tipi mit weiche Matte. Das Tipi-Zelt besteht aus starkem Segeltuch und ist mit grauen Pompons verziert.","breadcrumb":{"@id":"https:\/\/cozyanddozy.com\/de\/produkt\/tipi-zelt-adventure-spielzelt-mit-weiche-matte\/#breadcrumb"},"inLanguage":"de","potentialAction":[{"@type":"ReadAction","target":["https:\/\/cozyanddozy.com\/de\/produkt\/tipi-zelt-adventure-spielzelt-mit-weiche-matte\/"]}]},{"@type":"ImageObject","inLanguage":"de","@id":"https:\/\/cozyanddozy.com\/de\/produkt\/tipi-zelt-adventure-spielzelt-mit-weiche-matte\/#primaryimage","url":"https:\/\/cozyanddozy.com\/de\/wp-content\/uploads\/2023\/02\/kids_tipi_tent_adventure_s1_f9.jpg","contentUrl":"https:\/\/cozyanddozy.com\/de\/wp-content\/uploads\/2023\/02\/kids_tipi_tent_adventure_s1_f9.jpg","width":1200,"height":1200,"caption":"kids tipi tent adventure"},{"@type":"BreadcrumbList","@id":"https:\/\/cozyanddozy.com\/de\/produkt\/tipi-zelt-adventure-spielzelt-mit-weiche-matte\/#breadcrumb","itemListElement":[{"@type":"ListItem","position":1,"name":"Home","item":"https:\/\/cozyanddozy.com\/de\/"},{"@type":"ListItem","position":2,"name":"Shop","item":"https:\/\/cozyanddozy.com\/de\/shop\/"},{"@type":"ListItem","position":3,"name":"Tipi zelt kinder Adventure, Spielzelt mit weiche Matte"}]},{"@type":"WebSite","@id":"https:\/\/cozyanddozy.com\/de\/#website","url":"https:\/\/cozyanddozy.com\/de\/","name":"Cozy & Dozy","description":"","publisher":{"@id":"https:\/\/cozyanddozy.com\/de\/#organization"},"potentialAction":[{"@type":"SearchAction","target":{"@type":"EntryPoint","urlTemplate":"https:\/\/cozyanddozy.com\/de\/?s={search_term_string}"},"query-input":{"@type":"PropertyValueSpecification","valueRequired":true,"valueName":"search_term_string"}}],"inLanguage":"de"},{"@type":"Organization","@id":"https:\/\/cozyanddozy.com\/de\/#organization","name":"Cozy & Dozy","url":"https:\/\/cozyanddozy.com\/de\/","logo":{"@type":"ImageObject","inLanguage":"de","@id":"https:\/\/cozyanddozy.com\/de\/#\/schema\/logo\/image\/","url":"https:\/\/cozyanddozy.com\/de\/wp-content\/uploads\/2023\/02\/cozyanddozy_logo_b.png","contentUrl":"https:\/\/cozyanddozy.com\/de\/wp-content\/uploads\/2023\/02\/cozyanddozy_logo_b.png","width":314,"height":85,"caption":"Cozy & Dozy"},"image":{"@id":"https:\/\/cozyanddozy.com\/de\/#\/schema\/logo\/image\/"}}]},"product_price_amount":"109.00","product_price_currency":"EUR","og_availability":"instock","product_availability":"instock","product_retailer_item_id":"5902701496197","product_condition":"new"},"_links":{"self":[{"href":"https:\/\/cozyanddozy.com\/de\/wp-json\/wp\/v2\/product\/1340","targetHints":{"allow":["GET"]}}],"collection":[{"href":"https:\/\/cozyanddozy.com\/de\/wp-json\/wp\/v2\/product"}],"about":[{"href":"https:\/\/cozyanddozy.com\/de\/wp-json\/wp\/v2\/types\/product"}],"replies":[{"embeddable":true,"href":"https:\/\/cozyanddozy.com\/de\/wp-json\/wp\/v2\/comments?post=1340"}],"wp:featuredmedia":[{"embeddable":true,"href":"https:\/\/cozyanddozy.com\/de\/wp-json\/wp\/v2\/media\/845"}],"wp:attachment":[{"href":"https:\/\/cozyanddozy.com\/de\/wp-json\/wp\/v2\/media?parent=1340"}],"wp:term":[{"taxonomy":"product_brand","embeddable":true,"href":"https:\/\/cozyanddozy.com\/de\/wp-json\/wp\/v2\/product_brand?post=1340"},{"taxonomy":"product_cat","embeddable":true,"href":"https:\/\/cozyanddozy.com\/de\/wp-json\/wp\/v2\/product_cat?post=1340"},{"taxonomy":"product_tag","embeddable":true,"href":"https:\/\/cozyanddozy.com\/de\/wp-json\/wp\/v2\/product_tag?post=1340"}],"curies":[{"name":"wp","href":"https:\/\/api.w.org\/{rel}","templated":true}]}}