{"id":1339,"date":"2022-03-02T14:38:01","date_gmt":"2022-03-02T13:38:01","guid":{"rendered":"https:\/\/cozyanddozy.com\/de\/product\/tipi-zelt-pink-mermaid-velvet-tipi-fuer-kinder\/"},"modified":"2025-01-29T21:33:42","modified_gmt":"2025-01-29T20:33:42","slug":"tipi-zelt-pink-mermaid-velvet-tipi-fuer-kinder","status":"publish","type":"product","link":"https:\/\/cozyanddozy.com\/de\/produkt\/tipi-zelt-pink-mermaid-velvet-tipi-fuer-kinder\/","title":{"rendered":"Tipi zelt Pink Mermaid, Velvet Tipi f\u00fcr Kinder"},"content":{"rendered":"<p><b>Das Spielzelt aus der Pink Mermaid Serie ist ein rosa Tipi aus starkem Canvas und verziert mit weichem Samt und silbernem Klebeband.<\/b><\/p>\n<p>Ein Tipi-Zelt ist ein gro\u00dfartiger Ort zum Spielen zu Hause, auf der Terrasse oder im Garten.<\/p>\n<p><b>Das rosa Spiel-Tipi hat ein Fenster mit Rollo und zwei Taschen f\u00fcr Spielzeug. <\/b>Das rosa Babyzelt kann mit einer muschel- oder seesternf\u00f6rmigen Matte, Kissen und einer Girlande kombiniert werden.<\/p>\n<p>Pink Mermaid ist eine Kollektion, die von der Unterwasserwelt inspiriert wurde \u2013 das Blau des Meeres, Seesterne am Strand, bunte Muscheln und freundliche Seepferdchen.<\/p>\n<p>Wigwam wurde entwickelt, um das Auge lange zu erfreuen und f\u00fcr sicheren Spa\u00df zu sorgen.<\/p>\n<p><b>Tipi hat 4 Seiten \u2013 Spielfl\u00e4che ca. 1 m2, H\u00f6he ausgeklappt ca. 150cm.<\/b><\/p>\n<p>Jedes Zelt wird mit klappbaren Kiefernstangen und einem Stabilisator geliefert, der die Stangen steif h\u00e4lt, um die Stabilit\u00e4t des Zeltes zu gew\u00e4hrleisten.<\/p>\n<p><b>Alle Produkte von COZY &amp; DOZY wurden in Polen entwickelt und hergestellt und haben CE-Erkl\u00e4rungen f\u00fcr Kinderprodukte.<\/b><\/p>\n<p>Das Set beinhaltet:<\/p>\n<ul>\n<li>Tipi-Zelt<\/li>\n<li>4 klappbare Kiefernst\u00e4be (8 H\u00e4lften) + Elemente zum Verbinden von St\u00f6cken (8 Schrauben und 4 lange Muttern)<\/li>\n<li>Anweisung<\/li>\n<li>Stabilisator + Saite<\/li>\n<\/ul>\n<p>Materialien:<\/p>\n<ul>\n<li>starke Baumwolle mit Zertifikat<\/li>\n<li>Samt mit Zertifikat<\/li>\n<\/ul>\n<p>Pflegemethode:<\/p>\n<ul>\n<li>Maschinenwaschbar bei 40 Grad,<\/li>\n<li>Spin \u2013 800 Umdrehungen<\/li>\n<li>Reinige chemisch nicht<\/li>\n<li>Nicht bleichen<\/li>\n<\/ul>\n","protected":false},"excerpt":{"rendered":"<p>Tipi-Zelt aus starker Baumwolle und Samt. Rosa Tipi mit Tasche f\u00fcr Spielzeug und Rollfenster. Kiefernst\u00e4bchen und Stabilisator enthalten.<\/p>\n","protected":false},"featured_media":839,"comment_status":"open","ping_status":"closed","template":"","meta":[],"product_brand":[],"product_cat":[71],"product_tag":[],"class_list":{"0":"post-1339","1":"product","2":"type-product","3":"status-publish","4":"has-post-thumbnail","6":"product_cat-tipi-zelt","8":"first","9":"instock","10":"sale","11":"shipping-taxable","12":"product-type-simple"},"yoast_head":"<!-- This site is optimized with the Yoast SEO Premium plugin v21.9 (Yoast SEO v27.0) - https:\/\/yoast.com\/product\/yoast-seo-premium-wordpress\/ -->\n<title>Tipi zelt Pink Mermaid, Velvet Tipi f\u00fcr Kinder - Cozy &amp; Dozy<\/title>\n<meta name=\"description\" content=\"Tipi-Zelt aus starker Baumwolle und Samt. Rosa Tipi mit Tasche f\u00fcr Spielzeug und Rollfenster. Kiefernst\u00e4bchen und Stabilisator enthalten.\" \/>\n<meta name=\"robots\" content=\"index, follow, max-snippet:-1, max-image-preview:large, max-video-preview:-1\" \/>\n<link rel=\"canonical\" href=\"https:\/\/cozyanddozy.com\/de\/produkt\/tipi-zelt-pink-mermaid-velvet-tipi-fuer-kinder\/\" \/>\n<meta property=\"og:locale\" content=\"de_DE\" \/>\n<meta property=\"og:type\" content=\"article\" \/>\n<meta property=\"og:title\" content=\"Tipi zelt Pink Mermaid, Velvet Tipi f\u00fcr Kinder\" \/>\n<meta property=\"og:description\" content=\"Tipi-Zelt aus starker Baumwolle und Samt. Rosa Tipi mit Tasche f\u00fcr Spielzeug und Rollfenster. Kiefernst\u00e4bchen und Stabilisator enthalten.\" \/>\n<meta property=\"og:url\" content=\"https:\/\/cozyanddozy.com\/de\/produkt\/tipi-zelt-pink-mermaid-velvet-tipi-fuer-kinder\/\" \/>\n<meta property=\"og:site_name\" content=\"Cozy &amp; Dozy\" \/>\n<meta property=\"article:modified_time\" content=\"2025-01-29T20:33:42+00:00\" \/>\n<meta property=\"og:image\" content=\"https:\/\/cozyanddozy.com\/de\/wp-content\/uploads\/2023\/02\/pink-mermaid-tipi.jpg\" \/>\n\t<meta property=\"og:image:width\" content=\"1361\" \/>\n\t<meta property=\"og:image:height\" content=\"1480\" \/>\n\t<meta property=\"og:image:type\" content=\"image\/jpeg\" \/>\n<meta name=\"twitter:card\" content=\"summary_large_image\" \/>\n<meta name=\"twitter:label1\" content=\"Preis\" \/>\n\t<meta name=\"twitter:data1\" content=\"79,00&nbsp;&euro;\" \/>\n\t<meta name=\"twitter:label2\" content=\"Verf\u00fcgbarkeit\" \/>\n\t<meta name=\"twitter:data2\" content=\"Auf Lager\" \/>\n<script type=\"application\/ld+json\" class=\"yoast-schema-graph\">{\"@context\":\"https:\/\/schema.org\",\"@graph\":[{\"@type\":\"WebPage\",\"@id\":\"https:\/\/cozyanddozy.com\/de\/produkt\/tipi-zelt-pink-mermaid-velvet-tipi-fuer-kinder\/\",\"url\":\"https:\/\/cozyanddozy.com\/de\/produkt\/tipi-zelt-pink-mermaid-velvet-tipi-fuer-kinder\/\",\"name\":\"Tipi zelt Pink Mermaid, Velvet Tipi f\u00fcr Kinder - Cozy & Dozy\",\"isPartOf\":{\"@id\":\"https:\/\/cozyanddozy.com\/de\/#website\"},\"primaryImageOfPage\":{\"@id\":\"https:\/\/cozyanddozy.com\/de\/produkt\/tipi-zelt-pink-mermaid-velvet-tipi-fuer-kinder\/#primaryimage\"},\"image\":{\"@id\":\"https:\/\/cozyanddozy.com\/de\/produkt\/tipi-zelt-pink-mermaid-velvet-tipi-fuer-kinder\/#primaryimage\"},\"thumbnailUrl\":\"https:\/\/cozyanddozy.com\/de\/wp-content\/uploads\/2023\/02\/pink-mermaid-tipi.jpg\",\"datePublished\":\"2022-03-02T13:38:01+00:00\",\"dateModified\":\"2025-01-29T20:33:42+00:00\",\"description\":\"Tipi-Zelt aus starker Baumwolle und Samt. Rosa Tipi mit Tasche f\u00fcr Spielzeug und Rollfenster. Kiefernst\u00e4bchen und Stabilisator enthalten.\",\"breadcrumb\":{\"@id\":\"https:\/\/cozyanddozy.com\/de\/produkt\/tipi-zelt-pink-mermaid-velvet-tipi-fuer-kinder\/#breadcrumb\"},\"inLanguage\":\"de\",\"potentialAction\":[{\"@type\":\"ReadAction\",\"target\":[\"https:\/\/cozyanddozy.com\/de\/produkt\/tipi-zelt-pink-mermaid-velvet-tipi-fuer-kinder\/\"]}]},{\"@type\":\"ImageObject\",\"inLanguage\":\"de\",\"@id\":\"https:\/\/cozyanddozy.com\/de\/produkt\/tipi-zelt-pink-mermaid-velvet-tipi-fuer-kinder\/#primaryimage\",\"url\":\"https:\/\/cozyanddozy.com\/de\/wp-content\/uploads\/2023\/02\/pink-mermaid-tipi.jpg\",\"contentUrl\":\"https:\/\/cozyanddozy.com\/de\/wp-content\/uploads\/2023\/02\/pink-mermaid-tipi.jpg\",\"width\":1361,\"height\":1480},{\"@type\":\"BreadcrumbList\",\"@id\":\"https:\/\/cozyanddozy.com\/de\/produkt\/tipi-zelt-pink-mermaid-velvet-tipi-fuer-kinder\/#breadcrumb\",\"itemListElement\":[{\"@type\":\"ListItem\",\"position\":1,\"name\":\"Home\",\"item\":\"https:\/\/cozyanddozy.com\/de\/\"},{\"@type\":\"ListItem\",\"position\":2,\"name\":\"Shop\",\"item\":\"https:\/\/cozyanddozy.com\/de\/shop\/\"},{\"@type\":\"ListItem\",\"position\":3,\"name\":\"Tipi zelt Pink Mermaid, Velvet Tipi f\u00fcr Kinder\"}]},{\"@type\":\"WebSite\",\"@id\":\"https:\/\/cozyanddozy.com\/de\/#website\",\"url\":\"https:\/\/cozyanddozy.com\/de\/\",\"name\":\"Cozy & Dozy\",\"description\":\"\",\"publisher\":{\"@id\":\"https:\/\/cozyanddozy.com\/de\/#organization\"},\"potentialAction\":[{\"@type\":\"SearchAction\",\"target\":{\"@type\":\"EntryPoint\",\"urlTemplate\":\"https:\/\/cozyanddozy.com\/de\/?s={search_term_string}\"},\"query-input\":{\"@type\":\"PropertyValueSpecification\",\"valueRequired\":true,\"valueName\":\"search_term_string\"}}],\"inLanguage\":\"de\"},{\"@type\":\"Organization\",\"@id\":\"https:\/\/cozyanddozy.com\/de\/#organization\",\"name\":\"Cozy & Dozy\",\"url\":\"https:\/\/cozyanddozy.com\/de\/\",\"logo\":{\"@type\":\"ImageObject\",\"inLanguage\":\"de\",\"@id\":\"https:\/\/cozyanddozy.com\/de\/#\/schema\/logo\/image\/\",\"url\":\"https:\/\/cozyanddozy.com\/de\/wp-content\/uploads\/2023\/02\/cozyanddozy_logo_b.png\",\"contentUrl\":\"https:\/\/cozyanddozy.com\/de\/wp-content\/uploads\/2023\/02\/cozyanddozy_logo_b.png\",\"width\":314,\"height\":85,\"caption\":\"Cozy & Dozy\"},\"image\":{\"@id\":\"https:\/\/cozyanddozy.com\/de\/#\/schema\/logo\/image\/\"}}]}<\/script>\n<meta property=\"product:price:amount\" content=\"79.00\" \/>\n<meta property=\"product:price:currency\" content=\"EUR\" \/>\n<meta property=\"og:availability\" content=\"instock\" \/>\n<meta property=\"product:availability\" content=\"instock\" \/>\n<meta property=\"product:retailer_item_id\" content=\"5902701496173\" \/>\n<meta property=\"product:condition\" content=\"new\" \/>\n<!-- \/ Yoast SEO Premium plugin. -->","yoast_head_json":{"title":"Tipi zelt Pink Mermaid, Velvet Tipi f\u00fcr Kinder - Cozy & Dozy","description":"Tipi-Zelt aus starker Baumwolle und Samt. Rosa Tipi mit Tasche f\u00fcr Spielzeug und Rollfenster. Kiefernst\u00e4bchen und Stabilisator enthalten.","robots":{"index":"index","follow":"follow","max-snippet":"max-snippet:-1","max-image-preview":"max-image-preview:large","max-video-preview":"max-video-preview:-1"},"canonical":"https:\/\/cozyanddozy.com\/de\/produkt\/tipi-zelt-pink-mermaid-velvet-tipi-fuer-kinder\/","og_locale":"de_DE","og_type":"article","og_title":"Tipi zelt Pink Mermaid, Velvet Tipi f\u00fcr Kinder","og_description":"Tipi-Zelt aus starker Baumwolle und Samt. Rosa Tipi mit Tasche f\u00fcr Spielzeug und Rollfenster. Kiefernst\u00e4bchen und Stabilisator enthalten.","og_url":"https:\/\/cozyanddozy.com\/de\/produkt\/tipi-zelt-pink-mermaid-velvet-tipi-fuer-kinder\/","og_site_name":"Cozy &amp; Dozy","article_modified_time":"2025-01-29T20:33:42+00:00","og_image":[{"width":1361,"height":1480,"url":"https:\/\/cozyanddozy.com\/de\/wp-content\/uploads\/2023\/02\/pink-mermaid-tipi.jpg","type":"image\/jpeg"}],"twitter_card":"summary_large_image","twitter_misc":{"Preis":"79,00&nbsp;&euro;","Verf\u00fcgbarkeit":"Auf Lager"},"schema":{"@context":"https:\/\/schema.org","@graph":[{"@type":"WebPage","@id":"https:\/\/cozyanddozy.com\/de\/produkt\/tipi-zelt-pink-mermaid-velvet-tipi-fuer-kinder\/","url":"https:\/\/cozyanddozy.com\/de\/produkt\/tipi-zelt-pink-mermaid-velvet-tipi-fuer-kinder\/","name":"Tipi zelt Pink Mermaid, Velvet Tipi f\u00fcr Kinder - Cozy & Dozy","isPartOf":{"@id":"https:\/\/cozyanddozy.com\/de\/#website"},"primaryImageOfPage":{"@id":"https:\/\/cozyanddozy.com\/de\/produkt\/tipi-zelt-pink-mermaid-velvet-tipi-fuer-kinder\/#primaryimage"},"image":{"@id":"https:\/\/cozyanddozy.com\/de\/produkt\/tipi-zelt-pink-mermaid-velvet-tipi-fuer-kinder\/#primaryimage"},"thumbnailUrl":"https:\/\/cozyanddozy.com\/de\/wp-content\/uploads\/2023\/02\/pink-mermaid-tipi.jpg","datePublished":"2022-03-02T13:38:01+00:00","dateModified":"2025-01-29T20:33:42+00:00","description":"Tipi-Zelt aus starker Baumwolle und Samt. Rosa Tipi mit Tasche f\u00fcr Spielzeug und Rollfenster. Kiefernst\u00e4bchen und Stabilisator enthalten.","breadcrumb":{"@id":"https:\/\/cozyanddozy.com\/de\/produkt\/tipi-zelt-pink-mermaid-velvet-tipi-fuer-kinder\/#breadcrumb"},"inLanguage":"de","potentialAction":[{"@type":"ReadAction","target":["https:\/\/cozyanddozy.com\/de\/produkt\/tipi-zelt-pink-mermaid-velvet-tipi-fuer-kinder\/"]}]},{"@type":"ImageObject","inLanguage":"de","@id":"https:\/\/cozyanddozy.com\/de\/produkt\/tipi-zelt-pink-mermaid-velvet-tipi-fuer-kinder\/#primaryimage","url":"https:\/\/cozyanddozy.com\/de\/wp-content\/uploads\/2023\/02\/pink-mermaid-tipi.jpg","contentUrl":"https:\/\/cozyanddozy.com\/de\/wp-content\/uploads\/2023\/02\/pink-mermaid-tipi.jpg","width":1361,"height":1480},{"@type":"BreadcrumbList","@id":"https:\/\/cozyanddozy.com\/de\/produkt\/tipi-zelt-pink-mermaid-velvet-tipi-fuer-kinder\/#breadcrumb","itemListElement":[{"@type":"ListItem","position":1,"name":"Home","item":"https:\/\/cozyanddozy.com\/de\/"},{"@type":"ListItem","position":2,"name":"Shop","item":"https:\/\/cozyanddozy.com\/de\/shop\/"},{"@type":"ListItem","position":3,"name":"Tipi zelt Pink Mermaid, Velvet Tipi f\u00fcr Kinder"}]},{"@type":"WebSite","@id":"https:\/\/cozyanddozy.com\/de\/#website","url":"https:\/\/cozyanddozy.com\/de\/","name":"Cozy & Dozy","description":"","publisher":{"@id":"https:\/\/cozyanddozy.com\/de\/#organization"},"potentialAction":[{"@type":"SearchAction","target":{"@type":"EntryPoint","urlTemplate":"https:\/\/cozyanddozy.com\/de\/?s={search_term_string}"},"query-input":{"@type":"PropertyValueSpecification","valueRequired":true,"valueName":"search_term_string"}}],"inLanguage":"de"},{"@type":"Organization","@id":"https:\/\/cozyanddozy.com\/de\/#organization","name":"Cozy & Dozy","url":"https:\/\/cozyanddozy.com\/de\/","logo":{"@type":"ImageObject","inLanguage":"de","@id":"https:\/\/cozyanddozy.com\/de\/#\/schema\/logo\/image\/","url":"https:\/\/cozyanddozy.com\/de\/wp-content\/uploads\/2023\/02\/cozyanddozy_logo_b.png","contentUrl":"https:\/\/cozyanddozy.com\/de\/wp-content\/uploads\/2023\/02\/cozyanddozy_logo_b.png","width":314,"height":85,"caption":"Cozy & Dozy"},"image":{"@id":"https:\/\/cozyanddozy.com\/de\/#\/schema\/logo\/image\/"}}]},"product_price_amount":"79.00","product_price_currency":"EUR","og_availability":"instock","product_availability":"instock","product_retailer_item_id":"5902701496173","product_condition":"new"},"_links":{"self":[{"href":"https:\/\/cozyanddozy.com\/de\/wp-json\/wp\/v2\/product\/1339","targetHints":{"allow":["GET"]}}],"collection":[{"href":"https:\/\/cozyanddozy.com\/de\/wp-json\/wp\/v2\/product"}],"about":[{"href":"https:\/\/cozyanddozy.com\/de\/wp-json\/wp\/v2\/types\/product"}],"replies":[{"embeddable":true,"href":"https:\/\/cozyanddozy.com\/de\/wp-json\/wp\/v2\/comments?post=1339"}],"wp:featuredmedia":[{"embeddable":true,"href":"https:\/\/cozyanddozy.com\/de\/wp-json\/wp\/v2\/media\/839"}],"wp:attachment":[{"href":"https:\/\/cozyanddozy.com\/de\/wp-json\/wp\/v2\/media?parent=1339"}],"wp:term":[{"taxonomy":"product_brand","embeddable":true,"href":"https:\/\/cozyanddozy.com\/de\/wp-json\/wp\/v2\/product_brand?post=1339"},{"taxonomy":"product_cat","embeddable":true,"href":"https:\/\/cozyanddozy.com\/de\/wp-json\/wp\/v2\/product_cat?post=1339"},{"taxonomy":"product_tag","embeddable":true,"href":"https:\/\/cozyanddozy.com\/de\/wp-json\/wp\/v2\/product_tag?post=1339"}],"curies":[{"name":"wp","href":"https:\/\/api.w.org\/{rel}","templated":true}]}}