{"id":1337,"date":"2022-11-02T14:11:17","date_gmt":"2022-11-02T13:11:17","guid":{"rendered":"https:\/\/cozyanddozy.com\/de\/product\/tipi-zelt-pink-mermaid-velvet-tipi-fuer-kinder-mit-matte-und-kissen\/"},"modified":"2025-01-29T21:28:08","modified_gmt":"2025-01-29T20:28:08","slug":"tipi-zelt-pink-mermaid-velvet-tipi-fuer-kinder-mit-matte-und-kissen","status":"publish","type":"product","link":"https:\/\/cozyanddozy.com\/de\/produkt\/tipi-zelt-pink-mermaid-velvet-tipi-fuer-kinder-mit-matte-und-kissen\/","title":{"rendered":"Tipi zelt Pink Mermaid, Velvet Tipi f\u00fcr Kinder mit Matte und Kissen"},"content":{"rendered":"<p><b>Das Spielzelt aus der Pink Mermaid Serie ist ein rosa Tipi aus starkem Canvas und verziert mit weichem Samt und silbernem Klebeband.<\/b><\/p>\n<p>Ein Tipi-Zelt ist ein gro\u00dfartiger Ort zum Spielen zu Hause, auf der Terrasse oder im Garten. <b>Das rosa Spiel-Tipi hat ein Fenster mit Rollo und zwei Taschen f\u00fcr Spielzeug.<\/b><\/p>\n<p>Das rosa Babyzelt kann mit einer muschel- oder seesternf\u00f6rmigen Matte, Kissen und einer Girlande kombiniert werden. Pink Mermaid ist eine Kollektion, die von der Unterwasserwelt inspiriert wurde \u2013 das Blau des Meeres, Seesterne am Strand, bunte Muscheln und freundliche Seepferdchen.<\/p>\n<p>Wigwam wurde entwickelt, um das Auge lange zu erfreuen und f\u00fcr sicheren Spa\u00df zu sorgen.<\/p>\n<p><b>Tipi hat 4 Seiten \u2013 Spielfl\u00e4che ca. 1 m2, H\u00f6he ausgeklappt ca. 150cm.<\/b><\/p>\n<p>Jedes Zelt wird mit klappbaren Kiefernstangen und einem Stabilisator geliefert, der die Stangen steif h\u00e4lt, um die Stabilit\u00e4t des Zeltes zu gew\u00e4hrleisten.<\/p>\n<p><b>Alle Produkte von COZY &amp; DOZY wurden in Polen entwickelt und hergestellt und haben CE-Erkl\u00e4rungen f\u00fcr Kinderprodukte.<\/b><\/p>\n<p>Das Set beinhaltet:<\/p>\n<ul>\n<li>Tipi-Zelt<\/li>\n<li>1 hellrosa Muschelkissen<\/li>\n<li>1 hellrosa Muschelspielmatte<\/li>\n<li>4 klappbare Kiefernst\u00e4be (8 H\u00e4lften) + Elemente zum Verbinden von St\u00f6cken (8 Schrauben und 4 lange Muttern)<\/li>\n<li>Anweisung<\/li>\n<li>Stabilisator + Saite<\/li>\n<\/ul>\n<p>Materialien:<\/p>\n<ul>\n<li>starke Baumwolle mit Zertifikat<\/li>\n<li>Samt mit Zertifikat<\/li>\n<\/ul>\n<p>Pflegemethode:<\/p>\n<ul>\n<li>Maschinenwaschbar bei 40 Grad,<\/li>\n<li>Spin \u2013 800 Umdrehungen<\/li>\n<li>Reinige chemisch nicht<\/li>\n<li>Nicht bleichen<\/li>\n<\/ul>\n","protected":false},"excerpt":{"rendered":"<p>Tipi-Zelt aus fester Baumwolle und Samt, hellrosa Tipi mit einer gro\u00dfen Matte und einem Kissen. St\u00f6cke und Stabilisator enthalten.<\/p>\n","protected":false},"featured_media":619,"comment_status":"open","ping_status":"closed","template":"","meta":[],"product_brand":[],"product_cat":[71],"product_tag":[],"class_list":{"0":"post-1337","1":"product","2":"type-product","3":"status-publish","4":"has-post-thumbnail","6":"product_cat-tipi-zelt","8":"first","9":"instock","10":"sale","11":"shipping-taxable","12":"product-type-simple"},"yoast_head":"<!-- This site is optimized with the Yoast SEO Premium plugin v21.9 (Yoast SEO v27.0) - https:\/\/yoast.com\/product\/yoast-seo-premium-wordpress\/ -->\n<title>Tipi zelt Pink Mermaid, Velvet Tipi f\u00fcr Kinder mit Matte und Kissen - Cozy &amp; Dozy<\/title>\n<meta name=\"description\" content=\"Tipi-Zelt aus fester Baumwolle und Samt, hellrosa Tipi mit einer gro\u00dfen Matte und einem Kissen. St\u00f6cke und Stabilisator enthalten.\" \/>\n<meta name=\"robots\" content=\"index, follow, max-snippet:-1, max-image-preview:large, max-video-preview:-1\" \/>\n<link rel=\"canonical\" href=\"https:\/\/cozyanddozy.com\/de\/produkt\/tipi-zelt-pink-mermaid-velvet-tipi-fuer-kinder-mit-matte-und-kissen\/\" \/>\n<meta property=\"og:locale\" content=\"de_DE\" \/>\n<meta property=\"og:type\" content=\"article\" \/>\n<meta property=\"og:title\" content=\"Tipi zelt Pink Mermaid, Velvet Tipi f\u00fcr Kinder mit Matte und Kissen\" \/>\n<meta property=\"og:description\" content=\"Tipi-Zelt aus fester Baumwolle und Samt, hellrosa Tipi mit einer gro\u00dfen Matte und einem Kissen. St\u00f6cke und Stabilisator enthalten.\" \/>\n<meta property=\"og:url\" content=\"https:\/\/cozyanddozy.com\/de\/produkt\/tipi-zelt-pink-mermaid-velvet-tipi-fuer-kinder-mit-matte-und-kissen\/\" \/>\n<meta property=\"og:site_name\" content=\"Cozy &amp; Dozy\" \/>\n<meta property=\"article:modified_time\" content=\"2025-01-29T20:28:08+00:00\" \/>\n<meta property=\"og:image\" content=\"https:\/\/cozyanddozy.com\/de\/wp-content\/uploads\/2023\/02\/velvet-pink-tipi-2.jpg\" \/>\n\t<meta property=\"og:image:width\" content=\"1200\" \/>\n\t<meta property=\"og:image:height\" content=\"1204\" \/>\n\t<meta property=\"og:image:type\" content=\"image\/jpeg\" \/>\n<meta name=\"twitter:card\" content=\"summary_large_image\" \/>\n<meta name=\"twitter:label1\" content=\"Preis\" \/>\n\t<meta name=\"twitter:data1\" content=\"149,00&nbsp;&euro;\" \/>\n\t<meta name=\"twitter:label2\" content=\"Verf\u00fcgbarkeit\" \/>\n\t<meta name=\"twitter:data2\" content=\"Auf Lager\" \/>\n<script type=\"application\/ld+json\" class=\"yoast-schema-graph\">{\"@context\":\"https:\/\/schema.org\",\"@graph\":[{\"@type\":\"WebPage\",\"@id\":\"https:\/\/cozyanddozy.com\/de\/produkt\/tipi-zelt-pink-mermaid-velvet-tipi-fuer-kinder-mit-matte-und-kissen\/\",\"url\":\"https:\/\/cozyanddozy.com\/de\/produkt\/tipi-zelt-pink-mermaid-velvet-tipi-fuer-kinder-mit-matte-und-kissen\/\",\"name\":\"Tipi zelt Pink Mermaid, Velvet Tipi f\u00fcr Kinder mit Matte und Kissen - Cozy & Dozy\",\"isPartOf\":{\"@id\":\"https:\/\/cozyanddozy.com\/de\/#website\"},\"primaryImageOfPage\":{\"@id\":\"https:\/\/cozyanddozy.com\/de\/produkt\/tipi-zelt-pink-mermaid-velvet-tipi-fuer-kinder-mit-matte-und-kissen\/#primaryimage\"},\"image\":{\"@id\":\"https:\/\/cozyanddozy.com\/de\/produkt\/tipi-zelt-pink-mermaid-velvet-tipi-fuer-kinder-mit-matte-und-kissen\/#primaryimage\"},\"thumbnailUrl\":\"https:\/\/cozyanddozy.com\/de\/wp-content\/uploads\/2023\/02\/velvet-pink-tipi-2.jpg\",\"datePublished\":\"2022-11-02T13:11:17+00:00\",\"dateModified\":\"2025-01-29T20:28:08+00:00\",\"description\":\"Tipi-Zelt aus fester Baumwolle und Samt, hellrosa Tipi mit einer gro\u00dfen Matte und einem Kissen. St\u00f6cke und Stabilisator enthalten.\",\"breadcrumb\":{\"@id\":\"https:\/\/cozyanddozy.com\/de\/produkt\/tipi-zelt-pink-mermaid-velvet-tipi-fuer-kinder-mit-matte-und-kissen\/#breadcrumb\"},\"inLanguage\":\"de\",\"potentialAction\":[{\"@type\":\"ReadAction\",\"target\":[\"https:\/\/cozyanddozy.com\/de\/produkt\/tipi-zelt-pink-mermaid-velvet-tipi-fuer-kinder-mit-matte-und-kissen\/\"]}]},{\"@type\":\"ImageObject\",\"inLanguage\":\"de\",\"@id\":\"https:\/\/cozyanddozy.com\/de\/produkt\/tipi-zelt-pink-mermaid-velvet-tipi-fuer-kinder-mit-matte-und-kissen\/#primaryimage\",\"url\":\"https:\/\/cozyanddozy.com\/de\/wp-content\/uploads\/2023\/02\/velvet-pink-tipi-2.jpg\",\"contentUrl\":\"https:\/\/cozyanddozy.com\/de\/wp-content\/uploads\/2023\/02\/velvet-pink-tipi-2.jpg\",\"width\":1200,\"height\":1204},{\"@type\":\"BreadcrumbList\",\"@id\":\"https:\/\/cozyanddozy.com\/de\/produkt\/tipi-zelt-pink-mermaid-velvet-tipi-fuer-kinder-mit-matte-und-kissen\/#breadcrumb\",\"itemListElement\":[{\"@type\":\"ListItem\",\"position\":1,\"name\":\"Home\",\"item\":\"https:\/\/cozyanddozy.com\/de\/\"},{\"@type\":\"ListItem\",\"position\":2,\"name\":\"Shop\",\"item\":\"https:\/\/cozyanddozy.com\/de\/shop\/\"},{\"@type\":\"ListItem\",\"position\":3,\"name\":\"Tipi zelt Pink Mermaid, Velvet Tipi f\u00fcr Kinder mit Matte und Kissen\"}]},{\"@type\":\"WebSite\",\"@id\":\"https:\/\/cozyanddozy.com\/de\/#website\",\"url\":\"https:\/\/cozyanddozy.com\/de\/\",\"name\":\"Cozy & Dozy\",\"description\":\"\",\"publisher\":{\"@id\":\"https:\/\/cozyanddozy.com\/de\/#organization\"},\"potentialAction\":[{\"@type\":\"SearchAction\",\"target\":{\"@type\":\"EntryPoint\",\"urlTemplate\":\"https:\/\/cozyanddozy.com\/de\/?s={search_term_string}\"},\"query-input\":{\"@type\":\"PropertyValueSpecification\",\"valueRequired\":true,\"valueName\":\"search_term_string\"}}],\"inLanguage\":\"de\"},{\"@type\":\"Organization\",\"@id\":\"https:\/\/cozyanddozy.com\/de\/#organization\",\"name\":\"Cozy & Dozy\",\"url\":\"https:\/\/cozyanddozy.com\/de\/\",\"logo\":{\"@type\":\"ImageObject\",\"inLanguage\":\"de\",\"@id\":\"https:\/\/cozyanddozy.com\/de\/#\/schema\/logo\/image\/\",\"url\":\"https:\/\/cozyanddozy.com\/de\/wp-content\/uploads\/2023\/02\/cozyanddozy_logo_b.png\",\"contentUrl\":\"https:\/\/cozyanddozy.com\/de\/wp-content\/uploads\/2023\/02\/cozyanddozy_logo_b.png\",\"width\":314,\"height\":85,\"caption\":\"Cozy & Dozy\"},\"image\":{\"@id\":\"https:\/\/cozyanddozy.com\/de\/#\/schema\/logo\/image\/\"}}]}<\/script>\n<meta property=\"product:price:amount\" content=\"149.00\" \/>\n<meta property=\"product:price:currency\" content=\"EUR\" \/>\n<meta property=\"og:availability\" content=\"instock\" \/>\n<meta property=\"product:availability\" content=\"instock\" \/>\n<meta property=\"product:retailer_item_id\" content=\"5902701496166\" \/>\n<meta property=\"product:condition\" content=\"new\" \/>\n<!-- \/ Yoast SEO Premium plugin. -->","yoast_head_json":{"title":"Tipi zelt Pink Mermaid, Velvet Tipi f\u00fcr Kinder mit Matte und Kissen - Cozy & Dozy","description":"Tipi-Zelt aus fester Baumwolle und Samt, hellrosa Tipi mit einer gro\u00dfen Matte und einem Kissen. St\u00f6cke und Stabilisator enthalten.","robots":{"index":"index","follow":"follow","max-snippet":"max-snippet:-1","max-image-preview":"max-image-preview:large","max-video-preview":"max-video-preview:-1"},"canonical":"https:\/\/cozyanddozy.com\/de\/produkt\/tipi-zelt-pink-mermaid-velvet-tipi-fuer-kinder-mit-matte-und-kissen\/","og_locale":"de_DE","og_type":"article","og_title":"Tipi zelt Pink Mermaid, Velvet Tipi f\u00fcr Kinder mit Matte und Kissen","og_description":"Tipi-Zelt aus fester Baumwolle und Samt, hellrosa Tipi mit einer gro\u00dfen Matte und einem Kissen. St\u00f6cke und Stabilisator enthalten.","og_url":"https:\/\/cozyanddozy.com\/de\/produkt\/tipi-zelt-pink-mermaid-velvet-tipi-fuer-kinder-mit-matte-und-kissen\/","og_site_name":"Cozy &amp; Dozy","article_modified_time":"2025-01-29T20:28:08+00:00","og_image":[{"width":1200,"height":1204,"url":"https:\/\/cozyanddozy.com\/de\/wp-content\/uploads\/2023\/02\/velvet-pink-tipi-2.jpg","type":"image\/jpeg"}],"twitter_card":"summary_large_image","twitter_misc":{"Preis":"149,00&nbsp;&euro;","Verf\u00fcgbarkeit":"Auf Lager"},"schema":{"@context":"https:\/\/schema.org","@graph":[{"@type":"WebPage","@id":"https:\/\/cozyanddozy.com\/de\/produkt\/tipi-zelt-pink-mermaid-velvet-tipi-fuer-kinder-mit-matte-und-kissen\/","url":"https:\/\/cozyanddozy.com\/de\/produkt\/tipi-zelt-pink-mermaid-velvet-tipi-fuer-kinder-mit-matte-und-kissen\/","name":"Tipi zelt Pink Mermaid, Velvet Tipi f\u00fcr Kinder mit Matte und Kissen - Cozy & Dozy","isPartOf":{"@id":"https:\/\/cozyanddozy.com\/de\/#website"},"primaryImageOfPage":{"@id":"https:\/\/cozyanddozy.com\/de\/produkt\/tipi-zelt-pink-mermaid-velvet-tipi-fuer-kinder-mit-matte-und-kissen\/#primaryimage"},"image":{"@id":"https:\/\/cozyanddozy.com\/de\/produkt\/tipi-zelt-pink-mermaid-velvet-tipi-fuer-kinder-mit-matte-und-kissen\/#primaryimage"},"thumbnailUrl":"https:\/\/cozyanddozy.com\/de\/wp-content\/uploads\/2023\/02\/velvet-pink-tipi-2.jpg","datePublished":"2022-11-02T13:11:17+00:00","dateModified":"2025-01-29T20:28:08+00:00","description":"Tipi-Zelt aus fester Baumwolle und Samt, hellrosa Tipi mit einer gro\u00dfen Matte und einem Kissen. St\u00f6cke und Stabilisator enthalten.","breadcrumb":{"@id":"https:\/\/cozyanddozy.com\/de\/produkt\/tipi-zelt-pink-mermaid-velvet-tipi-fuer-kinder-mit-matte-und-kissen\/#breadcrumb"},"inLanguage":"de","potentialAction":[{"@type":"ReadAction","target":["https:\/\/cozyanddozy.com\/de\/produkt\/tipi-zelt-pink-mermaid-velvet-tipi-fuer-kinder-mit-matte-und-kissen\/"]}]},{"@type":"ImageObject","inLanguage":"de","@id":"https:\/\/cozyanddozy.com\/de\/produkt\/tipi-zelt-pink-mermaid-velvet-tipi-fuer-kinder-mit-matte-und-kissen\/#primaryimage","url":"https:\/\/cozyanddozy.com\/de\/wp-content\/uploads\/2023\/02\/velvet-pink-tipi-2.jpg","contentUrl":"https:\/\/cozyanddozy.com\/de\/wp-content\/uploads\/2023\/02\/velvet-pink-tipi-2.jpg","width":1200,"height":1204},{"@type":"BreadcrumbList","@id":"https:\/\/cozyanddozy.com\/de\/produkt\/tipi-zelt-pink-mermaid-velvet-tipi-fuer-kinder-mit-matte-und-kissen\/#breadcrumb","itemListElement":[{"@type":"ListItem","position":1,"name":"Home","item":"https:\/\/cozyanddozy.com\/de\/"},{"@type":"ListItem","position":2,"name":"Shop","item":"https:\/\/cozyanddozy.com\/de\/shop\/"},{"@type":"ListItem","position":3,"name":"Tipi zelt Pink Mermaid, Velvet Tipi f\u00fcr Kinder mit Matte und Kissen"}]},{"@type":"WebSite","@id":"https:\/\/cozyanddozy.com\/de\/#website","url":"https:\/\/cozyanddozy.com\/de\/","name":"Cozy & Dozy","description":"","publisher":{"@id":"https:\/\/cozyanddozy.com\/de\/#organization"},"potentialAction":[{"@type":"SearchAction","target":{"@type":"EntryPoint","urlTemplate":"https:\/\/cozyanddozy.com\/de\/?s={search_term_string}"},"query-input":{"@type":"PropertyValueSpecification","valueRequired":true,"valueName":"search_term_string"}}],"inLanguage":"de"},{"@type":"Organization","@id":"https:\/\/cozyanddozy.com\/de\/#organization","name":"Cozy & Dozy","url":"https:\/\/cozyanddozy.com\/de\/","logo":{"@type":"ImageObject","inLanguage":"de","@id":"https:\/\/cozyanddozy.com\/de\/#\/schema\/logo\/image\/","url":"https:\/\/cozyanddozy.com\/de\/wp-content\/uploads\/2023\/02\/cozyanddozy_logo_b.png","contentUrl":"https:\/\/cozyanddozy.com\/de\/wp-content\/uploads\/2023\/02\/cozyanddozy_logo_b.png","width":314,"height":85,"caption":"Cozy & Dozy"},"image":{"@id":"https:\/\/cozyanddozy.com\/de\/#\/schema\/logo\/image\/"}}]},"product_price_amount":"149.00","product_price_currency":"EUR","og_availability":"instock","product_availability":"instock","product_retailer_item_id":"5902701496166","product_condition":"new"},"_links":{"self":[{"href":"https:\/\/cozyanddozy.com\/de\/wp-json\/wp\/v2\/product\/1337","targetHints":{"allow":["GET"]}}],"collection":[{"href":"https:\/\/cozyanddozy.com\/de\/wp-json\/wp\/v2\/product"}],"about":[{"href":"https:\/\/cozyanddozy.com\/de\/wp-json\/wp\/v2\/types\/product"}],"replies":[{"embeddable":true,"href":"https:\/\/cozyanddozy.com\/de\/wp-json\/wp\/v2\/comments?post=1337"}],"wp:featuredmedia":[{"embeddable":true,"href":"https:\/\/cozyanddozy.com\/de\/wp-json\/wp\/v2\/media\/619"}],"wp:attachment":[{"href":"https:\/\/cozyanddozy.com\/de\/wp-json\/wp\/v2\/media?parent=1337"}],"wp:term":[{"taxonomy":"product_brand","embeddable":true,"href":"https:\/\/cozyanddozy.com\/de\/wp-json\/wp\/v2\/product_brand?post=1337"},{"taxonomy":"product_cat","embeddable":true,"href":"https:\/\/cozyanddozy.com\/de\/wp-json\/wp\/v2\/product_cat?post=1337"},{"taxonomy":"product_tag","embeddable":true,"href":"https:\/\/cozyanddozy.com\/de\/wp-json\/wp\/v2\/product_tag?post=1337"}],"curies":[{"name":"wp","href":"https:\/\/api.w.org\/{rel}","templated":true}]}}