{"id":1334,"date":"2022-02-28T17:57:15","date_gmt":"2022-02-28T16:57:15","guid":{"rendered":"https:\/\/cozyanddozy.com\/de\/product\/tipi-zelt-green-velvet-set-kinderzelt-mit-spielmatte-und-blaetterkissen\/"},"modified":"2024-01-23T11:52:59","modified_gmt":"2024-01-23T10:52:59","slug":"tipi-zelt-green-velvet-set-kinderzelt-mit-spielmatte-und-blaetterkissen","status":"publish","type":"product","link":"https:\/\/cozyanddozy.com\/de\/produkt\/tipi-zelt-green-velvet-set-kinderzelt-mit-spielmatte-und-blaetterkissen\/","title":{"rendered":"Tipi zelt Green Velvet set \u2013 Kinderzelt mit spielmatte und Bl\u00e4tterkissen"},"content":{"rendered":"<p>Das Tipi-Spielzelt aus der Velvet-Serie ist ein gem\u00fctlicher Ort zum Spielen zu Hause. Das Indianer-Tipi von Cozy &amp; Dozy ist eine Garantie f\u00fcr gro\u00dfen Spa\u00df und beste Qualit\u00e4t.<\/p>\n<p>Das Wigwam aus der Velvet-Serie ist ein gro\u00dfes Zelt 110\u00d7110 cm mit Tasche und Fenster, hergestellt aus starker Premium-Baumwolle. Der Eingang zum Zelt ist mit Honigquasten verziert. Weiche Samtmatte \u2013 gesteppte Zeltdecke.<\/p>\n<p>Das Tipi-Set beinhaltet:<\/p>\n<ul>\n<li>Tipi Zelt<\/li>\n<li>spiel matte Blue Velvet<\/li>\n<li>zwei Bl\u00e4tterkissen<\/li>\n<li>4 Klappkiefernholzst\u00f6cke + 4 Metallverbinde<\/li>\n<li>Anleitung<\/li>\n<li>Stabilisator<\/li>\n<\/ul>\n<p>Abmessungen:<\/p>\n<ul>\n<li>H\u00f6he (mit Stangen) nach dem Auseinanderfalten: 150 cm<\/li>\n<li>H\u00f6he (mit Stangen) nach dem Falten: 170 cm<\/li>\n<li>Bodenfl\u00e4che: ca. 110 \u00d7 110 cm<\/li>\n<\/ul>\n<p>Das Zelt ist f\u00fcr 2-3 Kinder ausgelegt. Das Tipi l\u00e4sst sich leicht zusammenlegen und nimmt nicht viel Platz ein.<\/p>\n<p>Zusammensetzung:<\/p>\n<ul>\n<li>100% Baumwolle, 100% Samt, s<span style=\"color: #555555;\">icher f\u00fcr Kinder, zertifizierte Stoffe<\/span><\/li>\n<li>Matte und Kissenf\u00fcllung: 100% hypoallergener Silikonschaum<\/li>\n<\/ul>\n<p>&nbsp;<\/p>\n<p>Alle Stoffe, aus denen unsere Tipi-Zelte hergestellt werden, sind zertifiziert und stammen aus europ\u00e4ischen L\u00e4ndern, was sie f\u00fcr Kinder sicher macht. Alle Cozy &amp; Dozy-Artikel werden in Polen entworfen und gen\u00e4ht.<\/p>\n<p>Die Pflegemethode:<\/p>\n<ul>\n<li>Waschen bei 40 \u00b0 \u2013 Schonwaschgang B\u00fcgeln bei niedriger Temperatur Nicht im W\u00e4schetrockner trocknen<\/li>\n<li>Nicht chemisch reinigen<\/li>\n<li>Nicht chlorieren<\/li>\n<\/ul>\n<p>ACHTUNG: Pompons und Quasten nicht b\u00fcgeln \u2013 sie k\u00f6nnen schmelzen!<\/p>\n","protected":false},"excerpt":{"rendered":"<p>Ein Zeltset mit einer Premium-Spielplatzmatte aus Samt. Tipi Zelt 110\u00d7110 cm mit Tasche und Fenster, hergestellt aus starker Premium-Baumwolle.<\/p>\n","protected":false},"featured_media":447,"comment_status":"open","ping_status":"closed","template":"","meta":[],"product_brand":[],"product_cat":[71],"product_tag":[],"class_list":{"0":"post-1334","1":"product","2":"type-product","3":"status-publish","4":"has-post-thumbnail","6":"product_cat-tipi-zelt","8":"first","9":"instock","10":"sale","11":"shipping-taxable","12":"product-type-simple"},"yoast_head":"<!-- This site is optimized with the Yoast SEO Premium plugin v21.9 (Yoast SEO v27.0) - https:\/\/yoast.com\/product\/yoast-seo-premium-wordpress\/ -->\n<title>Tipi zelt Green Velvet set \u2013 Kinderzelt mit spielmatte und Bl\u00e4tterkissen - Cozy &amp; Dozy<\/title>\n<meta name=\"description\" content=\"Ein Zeltset mit einer Premium-Spielplatzmatte aus Samt. Tipi Zelt 110\u00d7110 cm mit Tasche und Fenster, hergestellt aus starker Premium-Baumwolle.\" \/>\n<meta name=\"robots\" content=\"index, follow, max-snippet:-1, max-image-preview:large, max-video-preview:-1\" \/>\n<link rel=\"canonical\" href=\"https:\/\/cozyanddozy.com\/de\/produkt\/tipi-zelt-green-velvet-set-kinderzelt-mit-spielmatte-und-blaetterkissen\/\" \/>\n<meta property=\"og:locale\" content=\"de_DE\" \/>\n<meta property=\"og:type\" content=\"article\" \/>\n<meta property=\"og:title\" content=\"Tipi zelt Green Velvet set \u2013 Kinderzelt mit spielmatte und Bl\u00e4tterkissen\" \/>\n<meta property=\"og:description\" content=\"Ein Zeltset mit einer Premium-Spielplatzmatte aus Samt. Tipi Zelt 110\u00d7110 cm mit Tasche und Fenster, hergestellt aus starker Premium-Baumwolle.\" \/>\n<meta property=\"og:url\" content=\"https:\/\/cozyanddozy.com\/de\/produkt\/tipi-zelt-green-velvet-set-kinderzelt-mit-spielmatte-und-blaetterkissen\/\" \/>\n<meta property=\"og:site_name\" content=\"Cozy &amp; Dozy\" \/>\n<meta property=\"article:modified_time\" content=\"2024-01-23T10:52:59+00:00\" \/>\n<meta property=\"og:image\" content=\"https:\/\/cozyanddozy.com\/de\/wp-content\/uploads\/2023\/02\/pp-1283.jpg\" \/>\n\t<meta property=\"og:image:width\" content=\"1200\" \/>\n\t<meta property=\"og:image:height\" content=\"1200\" \/>\n\t<meta property=\"og:image:type\" content=\"image\/jpeg\" \/>\n<meta name=\"twitter:card\" content=\"summary_large_image\" \/>\n<meta name=\"twitter:label1\" content=\"Preis\" \/>\n\t<meta name=\"twitter:data1\" content=\"161,10&nbsp;&euro;\" \/>\n\t<meta name=\"twitter:label2\" content=\"Verf\u00fcgbarkeit\" \/>\n\t<meta name=\"twitter:data2\" content=\"Auf Lager\" \/>\n<script type=\"application\/ld+json\" class=\"yoast-schema-graph\">{\"@context\":\"https:\/\/schema.org\",\"@graph\":[{\"@type\":\"WebPage\",\"@id\":\"https:\/\/cozyanddozy.com\/de\/produkt\/tipi-zelt-green-velvet-set-kinderzelt-mit-spielmatte-und-blaetterkissen\/\",\"url\":\"https:\/\/cozyanddozy.com\/de\/produkt\/tipi-zelt-green-velvet-set-kinderzelt-mit-spielmatte-und-blaetterkissen\/\",\"name\":\"Tipi zelt Green Velvet set \u2013 Kinderzelt mit spielmatte und Bl\u00e4tterkissen - Cozy & Dozy\",\"isPartOf\":{\"@id\":\"https:\/\/cozyanddozy.com\/de\/#website\"},\"primaryImageOfPage\":{\"@id\":\"https:\/\/cozyanddozy.com\/de\/produkt\/tipi-zelt-green-velvet-set-kinderzelt-mit-spielmatte-und-blaetterkissen\/#primaryimage\"},\"image\":{\"@id\":\"https:\/\/cozyanddozy.com\/de\/produkt\/tipi-zelt-green-velvet-set-kinderzelt-mit-spielmatte-und-blaetterkissen\/#primaryimage\"},\"thumbnailUrl\":\"https:\/\/cozyanddozy.com\/de\/wp-content\/uploads\/2023\/02\/pp-1283.jpg\",\"datePublished\":\"2022-02-28T16:57:15+00:00\",\"dateModified\":\"2024-01-23T10:52:59+00:00\",\"description\":\"Ein Zeltset mit einer Premium-Spielplatzmatte aus Samt. Tipi Zelt 110\u00d7110 cm mit Tasche und Fenster, hergestellt aus starker Premium-Baumwolle.\",\"breadcrumb\":{\"@id\":\"https:\/\/cozyanddozy.com\/de\/produkt\/tipi-zelt-green-velvet-set-kinderzelt-mit-spielmatte-und-blaetterkissen\/#breadcrumb\"},\"inLanguage\":\"de\",\"potentialAction\":[{\"@type\":\"ReadAction\",\"target\":[\"https:\/\/cozyanddozy.com\/de\/produkt\/tipi-zelt-green-velvet-set-kinderzelt-mit-spielmatte-und-blaetterkissen\/\"]}]},{\"@type\":\"ImageObject\",\"inLanguage\":\"de\",\"@id\":\"https:\/\/cozyanddozy.com\/de\/produkt\/tipi-zelt-green-velvet-set-kinderzelt-mit-spielmatte-und-blaetterkissen\/#primaryimage\",\"url\":\"https:\/\/cozyanddozy.com\/de\/wp-content\/uploads\/2023\/02\/pp-1283.jpg\",\"contentUrl\":\"https:\/\/cozyanddozy.com\/de\/wp-content\/uploads\/2023\/02\/pp-1283.jpg\",\"width\":1200,\"height\":1200},{\"@type\":\"BreadcrumbList\",\"@id\":\"https:\/\/cozyanddozy.com\/de\/produkt\/tipi-zelt-green-velvet-set-kinderzelt-mit-spielmatte-und-blaetterkissen\/#breadcrumb\",\"itemListElement\":[{\"@type\":\"ListItem\",\"position\":1,\"name\":\"Home\",\"item\":\"https:\/\/cozyanddozy.com\/de\/\"},{\"@type\":\"ListItem\",\"position\":2,\"name\":\"Shop\",\"item\":\"https:\/\/cozyanddozy.com\/de\/shop\/\"},{\"@type\":\"ListItem\",\"position\":3,\"name\":\"Tipi zelt Green Velvet set \u2013 Kinderzelt mit spielmatte und Bl\u00e4tterkissen\"}]},{\"@type\":\"WebSite\",\"@id\":\"https:\/\/cozyanddozy.com\/de\/#website\",\"url\":\"https:\/\/cozyanddozy.com\/de\/\",\"name\":\"Cozy & Dozy\",\"description\":\"\",\"publisher\":{\"@id\":\"https:\/\/cozyanddozy.com\/de\/#organization\"},\"potentialAction\":[{\"@type\":\"SearchAction\",\"target\":{\"@type\":\"EntryPoint\",\"urlTemplate\":\"https:\/\/cozyanddozy.com\/de\/?s={search_term_string}\"},\"query-input\":{\"@type\":\"PropertyValueSpecification\",\"valueRequired\":true,\"valueName\":\"search_term_string\"}}],\"inLanguage\":\"de\"},{\"@type\":\"Organization\",\"@id\":\"https:\/\/cozyanddozy.com\/de\/#organization\",\"name\":\"Cozy & Dozy\",\"url\":\"https:\/\/cozyanddozy.com\/de\/\",\"logo\":{\"@type\":\"ImageObject\",\"inLanguage\":\"de\",\"@id\":\"https:\/\/cozyanddozy.com\/de\/#\/schema\/logo\/image\/\",\"url\":\"https:\/\/cozyanddozy.com\/de\/wp-content\/uploads\/2023\/02\/cozyanddozy_logo_b.png\",\"contentUrl\":\"https:\/\/cozyanddozy.com\/de\/wp-content\/uploads\/2023\/02\/cozyanddozy_logo_b.png\",\"width\":314,\"height\":85,\"caption\":\"Cozy & Dozy\"},\"image\":{\"@id\":\"https:\/\/cozyanddozy.com\/de\/#\/schema\/logo\/image\/\"}}]}<\/script>\n<meta property=\"product:price:amount\" content=\"161.10\" \/>\n<meta property=\"product:price:currency\" content=\"EUR\" \/>\n<meta property=\"og:availability\" content=\"instock\" \/>\n<meta property=\"product:availability\" content=\"instock\" \/>\n<meta property=\"product:retailer_item_id\" content=\"5902701495459\" \/>\n<meta property=\"product:condition\" content=\"new\" \/>\n<!-- \/ Yoast SEO Premium plugin. -->","yoast_head_json":{"title":"Tipi zelt Green Velvet set \u2013 Kinderzelt mit spielmatte und Bl\u00e4tterkissen - Cozy & Dozy","description":"Ein Zeltset mit einer Premium-Spielplatzmatte aus Samt. Tipi Zelt 110\u00d7110 cm mit Tasche und Fenster, hergestellt aus starker Premium-Baumwolle.","robots":{"index":"index","follow":"follow","max-snippet":"max-snippet:-1","max-image-preview":"max-image-preview:large","max-video-preview":"max-video-preview:-1"},"canonical":"https:\/\/cozyanddozy.com\/de\/produkt\/tipi-zelt-green-velvet-set-kinderzelt-mit-spielmatte-und-blaetterkissen\/","og_locale":"de_DE","og_type":"article","og_title":"Tipi zelt Green Velvet set \u2013 Kinderzelt mit spielmatte und Bl\u00e4tterkissen","og_description":"Ein Zeltset mit einer Premium-Spielplatzmatte aus Samt. Tipi Zelt 110\u00d7110 cm mit Tasche und Fenster, hergestellt aus starker Premium-Baumwolle.","og_url":"https:\/\/cozyanddozy.com\/de\/produkt\/tipi-zelt-green-velvet-set-kinderzelt-mit-spielmatte-und-blaetterkissen\/","og_site_name":"Cozy &amp; Dozy","article_modified_time":"2024-01-23T10:52:59+00:00","og_image":[{"width":1200,"height":1200,"url":"https:\/\/cozyanddozy.com\/de\/wp-content\/uploads\/2023\/02\/pp-1283.jpg","type":"image\/jpeg"}],"twitter_card":"summary_large_image","twitter_misc":{"Preis":"161,10&nbsp;&euro;","Verf\u00fcgbarkeit":"Auf Lager"},"schema":{"@context":"https:\/\/schema.org","@graph":[{"@type":"WebPage","@id":"https:\/\/cozyanddozy.com\/de\/produkt\/tipi-zelt-green-velvet-set-kinderzelt-mit-spielmatte-und-blaetterkissen\/","url":"https:\/\/cozyanddozy.com\/de\/produkt\/tipi-zelt-green-velvet-set-kinderzelt-mit-spielmatte-und-blaetterkissen\/","name":"Tipi zelt Green Velvet set \u2013 Kinderzelt mit spielmatte und Bl\u00e4tterkissen - Cozy & Dozy","isPartOf":{"@id":"https:\/\/cozyanddozy.com\/de\/#website"},"primaryImageOfPage":{"@id":"https:\/\/cozyanddozy.com\/de\/produkt\/tipi-zelt-green-velvet-set-kinderzelt-mit-spielmatte-und-blaetterkissen\/#primaryimage"},"image":{"@id":"https:\/\/cozyanddozy.com\/de\/produkt\/tipi-zelt-green-velvet-set-kinderzelt-mit-spielmatte-und-blaetterkissen\/#primaryimage"},"thumbnailUrl":"https:\/\/cozyanddozy.com\/de\/wp-content\/uploads\/2023\/02\/pp-1283.jpg","datePublished":"2022-02-28T16:57:15+00:00","dateModified":"2024-01-23T10:52:59+00:00","description":"Ein Zeltset mit einer Premium-Spielplatzmatte aus Samt. Tipi Zelt 110\u00d7110 cm mit Tasche und Fenster, hergestellt aus starker Premium-Baumwolle.","breadcrumb":{"@id":"https:\/\/cozyanddozy.com\/de\/produkt\/tipi-zelt-green-velvet-set-kinderzelt-mit-spielmatte-und-blaetterkissen\/#breadcrumb"},"inLanguage":"de","potentialAction":[{"@type":"ReadAction","target":["https:\/\/cozyanddozy.com\/de\/produkt\/tipi-zelt-green-velvet-set-kinderzelt-mit-spielmatte-und-blaetterkissen\/"]}]},{"@type":"ImageObject","inLanguage":"de","@id":"https:\/\/cozyanddozy.com\/de\/produkt\/tipi-zelt-green-velvet-set-kinderzelt-mit-spielmatte-und-blaetterkissen\/#primaryimage","url":"https:\/\/cozyanddozy.com\/de\/wp-content\/uploads\/2023\/02\/pp-1283.jpg","contentUrl":"https:\/\/cozyanddozy.com\/de\/wp-content\/uploads\/2023\/02\/pp-1283.jpg","width":1200,"height":1200},{"@type":"BreadcrumbList","@id":"https:\/\/cozyanddozy.com\/de\/produkt\/tipi-zelt-green-velvet-set-kinderzelt-mit-spielmatte-und-blaetterkissen\/#breadcrumb","itemListElement":[{"@type":"ListItem","position":1,"name":"Home","item":"https:\/\/cozyanddozy.com\/de\/"},{"@type":"ListItem","position":2,"name":"Shop","item":"https:\/\/cozyanddozy.com\/de\/shop\/"},{"@type":"ListItem","position":3,"name":"Tipi zelt Green Velvet set \u2013 Kinderzelt mit spielmatte und Bl\u00e4tterkissen"}]},{"@type":"WebSite","@id":"https:\/\/cozyanddozy.com\/de\/#website","url":"https:\/\/cozyanddozy.com\/de\/","name":"Cozy & Dozy","description":"","publisher":{"@id":"https:\/\/cozyanddozy.com\/de\/#organization"},"potentialAction":[{"@type":"SearchAction","target":{"@type":"EntryPoint","urlTemplate":"https:\/\/cozyanddozy.com\/de\/?s={search_term_string}"},"query-input":{"@type":"PropertyValueSpecification","valueRequired":true,"valueName":"search_term_string"}}],"inLanguage":"de"},{"@type":"Organization","@id":"https:\/\/cozyanddozy.com\/de\/#organization","name":"Cozy & Dozy","url":"https:\/\/cozyanddozy.com\/de\/","logo":{"@type":"ImageObject","inLanguage":"de","@id":"https:\/\/cozyanddozy.com\/de\/#\/schema\/logo\/image\/","url":"https:\/\/cozyanddozy.com\/de\/wp-content\/uploads\/2023\/02\/cozyanddozy_logo_b.png","contentUrl":"https:\/\/cozyanddozy.com\/de\/wp-content\/uploads\/2023\/02\/cozyanddozy_logo_b.png","width":314,"height":85,"caption":"Cozy & Dozy"},"image":{"@id":"https:\/\/cozyanddozy.com\/de\/#\/schema\/logo\/image\/"}}]},"product_price_amount":"161.10","product_price_currency":"EUR","og_availability":"instock","product_availability":"instock","product_retailer_item_id":"5902701495459","product_condition":"new"},"_links":{"self":[{"href":"https:\/\/cozyanddozy.com\/de\/wp-json\/wp\/v2\/product\/1334","targetHints":{"allow":["GET"]}}],"collection":[{"href":"https:\/\/cozyanddozy.com\/de\/wp-json\/wp\/v2\/product"}],"about":[{"href":"https:\/\/cozyanddozy.com\/de\/wp-json\/wp\/v2\/types\/product"}],"replies":[{"embeddable":true,"href":"https:\/\/cozyanddozy.com\/de\/wp-json\/wp\/v2\/comments?post=1334"}],"wp:featuredmedia":[{"embeddable":true,"href":"https:\/\/cozyanddozy.com\/de\/wp-json\/wp\/v2\/media\/447"}],"wp:attachment":[{"href":"https:\/\/cozyanddozy.com\/de\/wp-json\/wp\/v2\/media?parent=1334"}],"wp:term":[{"taxonomy":"product_brand","embeddable":true,"href":"https:\/\/cozyanddozy.com\/de\/wp-json\/wp\/v2\/product_brand?post=1334"},{"taxonomy":"product_cat","embeddable":true,"href":"https:\/\/cozyanddozy.com\/de\/wp-json\/wp\/v2\/product_cat?post=1334"},{"taxonomy":"product_tag","embeddable":true,"href":"https:\/\/cozyanddozy.com\/de\/wp-json\/wp\/v2\/product_tag?post=1334"}],"curies":[{"name":"wp","href":"https:\/\/api.w.org\/{rel}","templated":true}]}}