{"id":1316,"date":"2022-02-25T13:45:55","date_gmt":"2022-02-25T12:45:55","guid":{"rendered":"https:\/\/cozyanddozy.com\/de\/product\/bettwaesche-basic-pink-bettbezug-rosa\/"},"modified":"2023-11-08T16:01:18","modified_gmt":"2023-11-08T15:01:18","slug":"bettwaesche-basic-pink-bettbezug-rosa","status":"publish","type":"product","link":"https:\/\/cozyanddozy.com\/de\/produkt\/bettwaesche-basic-pink-bettbezug-rosa\/","title":{"rendered":"Bettw\u00e4sche Basic Pink, Bettbezug Rosa"},"content":{"rendered":"<p><strong>Doppelseitige Bettw\u00e4sche aus der Basic-Linie ist ein klassischer Schnitt und eine \u00c4sthetik, die in jedes Interieur passt.<\/strong><\/p>\n<p>Bequeme Bettw\u00e4sche aus zertifizierter, hypoallergener Baumwolle in 3 Farbvarianten:<\/p>\n<ul>\n<li>wei\u00df Gr\u00fcn<\/li>\n<li><span style=\"color: #555555;\">wei\u00df \u2013 rosa,<\/span><\/li>\n<li><span style=\"color: #555555;\">wei\u00df grau<\/span><\/li>\n<\/ul>\n<p>Bettw\u00e4sche in mehreren Gr\u00f6\u00dfen erh\u00e4ltlich.<\/p>\n<p>Kommt mit einem Bettbezug und einem Kissenbezug mit unsichtbarem Rei\u00dfverschluss.<\/p>\n<p>Komposition:<\/p>\n<ul>\n<li>100 % Baumwolle ( Zertifikat, CE)<\/li>\n<\/ul>\n<p>Waschen:<\/p>\n<ul>\n<li>Maschinenwaschbar bei 40 Grad,<\/li>\n<li><span style=\"color: #555555;\">Schleudern \u2013 800 Umdrehungen,<\/span><\/li>\n<li><span style=\"color: #555555;\">nicht chemisch reinigen, nicht bleichen<\/span><\/li>\n<\/ul>\n","protected":false},"excerpt":{"rendered":"<p>Doppelseitige Bettw\u00e4sche aus der Basic-Linie ist ein klassischer Schnitt und eine \u00c4sthetik, die in jedes Interieur passt.<span class=\"Apple-converted-space\">\u00a0<\/span><\/p>\n","protected":false},"featured_media":585,"comment_status":"open","ping_status":"closed","template":"","meta":[],"product_brand":[],"product_cat":[80],"product_tag":[],"class_list":{"0":"post-1316","1":"product","2":"type-product","3":"status-publish","4":"has-post-thumbnail","6":"product_cat-bettwaesche","8":"first","9":"instock","10":"shipping-taxable","11":"product-type-variable"},"yoast_head":"<!-- This site is optimized with the Yoast SEO Premium plugin v21.9 (Yoast SEO v27.0) - https:\/\/yoast.com\/product\/yoast-seo-premium-wordpress\/ -->\n<title>Bettw\u00e4sche Basic Pink, Bettbezug Rosa - Cozy &amp; Dozy<\/title>\n<meta name=\"description\" content=\"Doppelseitige Bettw\u00e4sche aus der Basic-Linie ist ein klassischer Schnitt und eine \u00c4sthetik, die in jedes Interieur passt.\" \/>\n<meta name=\"robots\" content=\"index, follow, max-snippet:-1, max-image-preview:large, max-video-preview:-1\" \/>\n<link rel=\"canonical\" href=\"https:\/\/cozyanddozy.com\/de\/produkt\/bettwaesche-basic-pink-bettbezug-rosa\/\" \/>\n<meta property=\"og:locale\" content=\"de_DE\" \/>\n<meta property=\"og:type\" content=\"article\" \/>\n<meta property=\"og:title\" content=\"Bettw\u00e4sche Basic Pink, Bettbezug Rosa\" \/>\n<meta property=\"og:description\" content=\"Doppelseitige Bettw\u00e4sche aus der Basic-Linie ist ein klassischer Schnitt und eine \u00c4sthetik, die in jedes Interieur passt.\" \/>\n<meta property=\"og:url\" content=\"https:\/\/cozyanddozy.com\/de\/produkt\/bettwaesche-basic-pink-bettbezug-rosa\/\" \/>\n<meta property=\"og:site_name\" content=\"Cozy &amp; Dozy\" \/>\n<meta property=\"article:modified_time\" content=\"2023-11-08T15:01:18+00:00\" \/>\n<meta property=\"og:image\" content=\"https:\/\/cozyanddozy.com\/de\/wp-content\/uploads\/2023\/02\/pink-bedding.jpg\" \/>\n\t<meta property=\"og:image:width\" content=\"1800\" \/>\n\t<meta property=\"og:image:height\" content=\"1200\" \/>\n\t<meta property=\"og:image:type\" content=\"image\/jpeg\" \/>\n<meta name=\"twitter:card\" content=\"summary_large_image\" \/>\n<meta name=\"twitter:label1\" content=\"Verf\u00fcgbarkeit\" \/>\n\t<meta name=\"twitter:data1\" content=\"Auf Lager\" \/>\n<script type=\"application\/ld+json\" class=\"yoast-schema-graph\">{\"@context\":\"https:\/\/schema.org\",\"@graph\":[{\"@type\":\"WebPage\",\"@id\":\"https:\/\/cozyanddozy.com\/de\/produkt\/bettwaesche-basic-pink-bettbezug-rosa\/\",\"url\":\"https:\/\/cozyanddozy.com\/de\/produkt\/bettwaesche-basic-pink-bettbezug-rosa\/\",\"name\":\"Bettw\u00e4sche Basic Pink, Bettbezug Rosa - Cozy & Dozy\",\"isPartOf\":{\"@id\":\"https:\/\/cozyanddozy.com\/de\/#website\"},\"primaryImageOfPage\":{\"@id\":\"https:\/\/cozyanddozy.com\/de\/produkt\/bettwaesche-basic-pink-bettbezug-rosa\/#primaryimage\"},\"image\":{\"@id\":\"https:\/\/cozyanddozy.com\/de\/produkt\/bettwaesche-basic-pink-bettbezug-rosa\/#primaryimage\"},\"thumbnailUrl\":\"https:\/\/cozyanddozy.com\/de\/wp-content\/uploads\/2023\/02\/pink-bedding.jpg\",\"datePublished\":\"2022-02-25T12:45:55+00:00\",\"dateModified\":\"2023-11-08T15:01:18+00:00\",\"description\":\"Doppelseitige Bettw\u00e4sche aus der Basic-Linie ist ein klassischer Schnitt und eine \u00c4sthetik, die in jedes Interieur passt.\",\"breadcrumb\":{\"@id\":\"https:\/\/cozyanddozy.com\/de\/produkt\/bettwaesche-basic-pink-bettbezug-rosa\/#breadcrumb\"},\"inLanguage\":\"de\",\"potentialAction\":[{\"@type\":\"ReadAction\",\"target\":[\"https:\/\/cozyanddozy.com\/de\/produkt\/bettwaesche-basic-pink-bettbezug-rosa\/\"]}]},{\"@type\":\"ImageObject\",\"inLanguage\":\"de\",\"@id\":\"https:\/\/cozyanddozy.com\/de\/produkt\/bettwaesche-basic-pink-bettbezug-rosa\/#primaryimage\",\"url\":\"https:\/\/cozyanddozy.com\/de\/wp-content\/uploads\/2023\/02\/pink-bedding.jpg\",\"contentUrl\":\"https:\/\/cozyanddozy.com\/de\/wp-content\/uploads\/2023\/02\/pink-bedding.jpg\",\"width\":1800,\"height\":1200},{\"@type\":\"BreadcrumbList\",\"@id\":\"https:\/\/cozyanddozy.com\/de\/produkt\/bettwaesche-basic-pink-bettbezug-rosa\/#breadcrumb\",\"itemListElement\":[{\"@type\":\"ListItem\",\"position\":1,\"name\":\"Home\",\"item\":\"https:\/\/cozyanddozy.com\/de\/\"},{\"@type\":\"ListItem\",\"position\":2,\"name\":\"Shop\",\"item\":\"https:\/\/cozyanddozy.com\/de\/shop\/\"},{\"@type\":\"ListItem\",\"position\":3,\"name\":\"Bettw\u00e4sche Basic Pink, Bettbezug Rosa\"}]},{\"@type\":\"WebSite\",\"@id\":\"https:\/\/cozyanddozy.com\/de\/#website\",\"url\":\"https:\/\/cozyanddozy.com\/de\/\",\"name\":\"Cozy & Dozy\",\"description\":\"\",\"publisher\":{\"@id\":\"https:\/\/cozyanddozy.com\/de\/#organization\"},\"potentialAction\":[{\"@type\":\"SearchAction\",\"target\":{\"@type\":\"EntryPoint\",\"urlTemplate\":\"https:\/\/cozyanddozy.com\/de\/?s={search_term_string}\"},\"query-input\":{\"@type\":\"PropertyValueSpecification\",\"valueRequired\":true,\"valueName\":\"search_term_string\"}}],\"inLanguage\":\"de\"},{\"@type\":\"Organization\",\"@id\":\"https:\/\/cozyanddozy.com\/de\/#organization\",\"name\":\"Cozy & Dozy\",\"url\":\"https:\/\/cozyanddozy.com\/de\/\",\"logo\":{\"@type\":\"ImageObject\",\"inLanguage\":\"de\",\"@id\":\"https:\/\/cozyanddozy.com\/de\/#\/schema\/logo\/image\/\",\"url\":\"https:\/\/cozyanddozy.com\/de\/wp-content\/uploads\/2023\/02\/cozyanddozy_logo_b.png\",\"contentUrl\":\"https:\/\/cozyanddozy.com\/de\/wp-content\/uploads\/2023\/02\/cozyanddozy_logo_b.png\",\"width\":314,\"height\":85,\"caption\":\"Cozy & Dozy\"},\"image\":{\"@id\":\"https:\/\/cozyanddozy.com\/de\/#\/schema\/logo\/image\/\"}}]}<\/script>\n<meta property=\"og:availability\" content=\"instock\" \/>\n<meta property=\"product:availability\" content=\"instock\" \/>\n<meta property=\"product:retailer_item_id\" content=\"5902701496135\" \/>\n<meta property=\"product:condition\" content=\"new\" \/>\n<!-- \/ Yoast SEO Premium plugin. -->","yoast_head_json":{"title":"Bettw\u00e4sche Basic Pink, Bettbezug Rosa - Cozy & Dozy","description":"Doppelseitige Bettw\u00e4sche aus der Basic-Linie ist ein klassischer Schnitt und eine \u00c4sthetik, die in jedes Interieur passt.","robots":{"index":"index","follow":"follow","max-snippet":"max-snippet:-1","max-image-preview":"max-image-preview:large","max-video-preview":"max-video-preview:-1"},"canonical":"https:\/\/cozyanddozy.com\/de\/produkt\/bettwaesche-basic-pink-bettbezug-rosa\/","og_locale":"de_DE","og_type":"article","og_title":"Bettw\u00e4sche Basic Pink, Bettbezug Rosa","og_description":"Doppelseitige Bettw\u00e4sche aus der Basic-Linie ist ein klassischer Schnitt und eine \u00c4sthetik, die in jedes Interieur passt.","og_url":"https:\/\/cozyanddozy.com\/de\/produkt\/bettwaesche-basic-pink-bettbezug-rosa\/","og_site_name":"Cozy &amp; Dozy","article_modified_time":"2023-11-08T15:01:18+00:00","og_image":[{"width":1800,"height":1200,"url":"https:\/\/cozyanddozy.com\/de\/wp-content\/uploads\/2023\/02\/pink-bedding.jpg","type":"image\/jpeg"}],"twitter_card":"summary_large_image","twitter_misc":{"Verf\u00fcgbarkeit":"Auf Lager"},"schema":{"@context":"https:\/\/schema.org","@graph":[{"@type":"WebPage","@id":"https:\/\/cozyanddozy.com\/de\/produkt\/bettwaesche-basic-pink-bettbezug-rosa\/","url":"https:\/\/cozyanddozy.com\/de\/produkt\/bettwaesche-basic-pink-bettbezug-rosa\/","name":"Bettw\u00e4sche Basic Pink, Bettbezug Rosa - Cozy & Dozy","isPartOf":{"@id":"https:\/\/cozyanddozy.com\/de\/#website"},"primaryImageOfPage":{"@id":"https:\/\/cozyanddozy.com\/de\/produkt\/bettwaesche-basic-pink-bettbezug-rosa\/#primaryimage"},"image":{"@id":"https:\/\/cozyanddozy.com\/de\/produkt\/bettwaesche-basic-pink-bettbezug-rosa\/#primaryimage"},"thumbnailUrl":"https:\/\/cozyanddozy.com\/de\/wp-content\/uploads\/2023\/02\/pink-bedding.jpg","datePublished":"2022-02-25T12:45:55+00:00","dateModified":"2023-11-08T15:01:18+00:00","description":"Doppelseitige Bettw\u00e4sche aus der Basic-Linie ist ein klassischer Schnitt und eine \u00c4sthetik, die in jedes Interieur passt.","breadcrumb":{"@id":"https:\/\/cozyanddozy.com\/de\/produkt\/bettwaesche-basic-pink-bettbezug-rosa\/#breadcrumb"},"inLanguage":"de","potentialAction":[{"@type":"ReadAction","target":["https:\/\/cozyanddozy.com\/de\/produkt\/bettwaesche-basic-pink-bettbezug-rosa\/"]}]},{"@type":"ImageObject","inLanguage":"de","@id":"https:\/\/cozyanddozy.com\/de\/produkt\/bettwaesche-basic-pink-bettbezug-rosa\/#primaryimage","url":"https:\/\/cozyanddozy.com\/de\/wp-content\/uploads\/2023\/02\/pink-bedding.jpg","contentUrl":"https:\/\/cozyanddozy.com\/de\/wp-content\/uploads\/2023\/02\/pink-bedding.jpg","width":1800,"height":1200},{"@type":"BreadcrumbList","@id":"https:\/\/cozyanddozy.com\/de\/produkt\/bettwaesche-basic-pink-bettbezug-rosa\/#breadcrumb","itemListElement":[{"@type":"ListItem","position":1,"name":"Home","item":"https:\/\/cozyanddozy.com\/de\/"},{"@type":"ListItem","position":2,"name":"Shop","item":"https:\/\/cozyanddozy.com\/de\/shop\/"},{"@type":"ListItem","position":3,"name":"Bettw\u00e4sche Basic Pink, Bettbezug Rosa"}]},{"@type":"WebSite","@id":"https:\/\/cozyanddozy.com\/de\/#website","url":"https:\/\/cozyanddozy.com\/de\/","name":"Cozy & Dozy","description":"","publisher":{"@id":"https:\/\/cozyanddozy.com\/de\/#organization"},"potentialAction":[{"@type":"SearchAction","target":{"@type":"EntryPoint","urlTemplate":"https:\/\/cozyanddozy.com\/de\/?s={search_term_string}"},"query-input":{"@type":"PropertyValueSpecification","valueRequired":true,"valueName":"search_term_string"}}],"inLanguage":"de"},{"@type":"Organization","@id":"https:\/\/cozyanddozy.com\/de\/#organization","name":"Cozy & Dozy","url":"https:\/\/cozyanddozy.com\/de\/","logo":{"@type":"ImageObject","inLanguage":"de","@id":"https:\/\/cozyanddozy.com\/de\/#\/schema\/logo\/image\/","url":"https:\/\/cozyanddozy.com\/de\/wp-content\/uploads\/2023\/02\/cozyanddozy_logo_b.png","contentUrl":"https:\/\/cozyanddozy.com\/de\/wp-content\/uploads\/2023\/02\/cozyanddozy_logo_b.png","width":314,"height":85,"caption":"Cozy & Dozy"},"image":{"@id":"https:\/\/cozyanddozy.com\/de\/#\/schema\/logo\/image\/"}}]},"og_availability":"instock","product_availability":"instock","product_retailer_item_id":"5902701496135","product_condition":"new"},"_links":{"self":[{"href":"https:\/\/cozyanddozy.com\/de\/wp-json\/wp\/v2\/product\/1316","targetHints":{"allow":["GET"]}}],"collection":[{"href":"https:\/\/cozyanddozy.com\/de\/wp-json\/wp\/v2\/product"}],"about":[{"href":"https:\/\/cozyanddozy.com\/de\/wp-json\/wp\/v2\/types\/product"}],"replies":[{"embeddable":true,"href":"https:\/\/cozyanddozy.com\/de\/wp-json\/wp\/v2\/comments?post=1316"}],"wp:featuredmedia":[{"embeddable":true,"href":"https:\/\/cozyanddozy.com\/de\/wp-json\/wp\/v2\/media\/585"}],"wp:attachment":[{"href":"https:\/\/cozyanddozy.com\/de\/wp-json\/wp\/v2\/media?parent=1316"}],"wp:term":[{"taxonomy":"product_brand","embeddable":true,"href":"https:\/\/cozyanddozy.com\/de\/wp-json\/wp\/v2\/product_brand?post=1316"},{"taxonomy":"product_cat","embeddable":true,"href":"https:\/\/cozyanddozy.com\/de\/wp-json\/wp\/v2\/product_cat?post=1316"},{"taxonomy":"product_tag","embeddable":true,"href":"https:\/\/cozyanddozy.com\/de\/wp-json\/wp\/v2\/product_tag?post=1316"}],"curies":[{"name":"wp","href":"https:\/\/api.w.org\/{rel}","templated":true}]}}