{"id":1306,"date":"2022-02-23T14:52:33","date_gmt":"2022-02-23T13:52:33","guid":{"rendered":"https:\/\/cozyanddozy.com\/de\/product\/blattfoermige-spielmatte-honey-leaf-play-mat\/"},"modified":"2025-01-29T21:35:26","modified_gmt":"2025-01-29T20:35:26","slug":"blattfoermige-spielmatte-honey-leaf-play-mat","status":"publish","type":"product","link":"https:\/\/cozyanddozy.com\/de\/produkt\/blattfoermige-spielmatte-honey-leaf-play-mat\/","title":{"rendered":"Blattf\u00f6rmige Spielmatte Honey Leaf Play mat"},"content":{"rendered":"<p><b>Eine weiche Matte aus dickem Samt mit einem Honigblatt<\/b><\/p>\n<p>Die Matte eignet sich perfekt als dekoratives Element in einem Kinderzimmer, ein Teppich \u2013 eine Spielmatte. Die Matte steht im Einklang mit unserer Velvet-Kollektion, die Kissen, Girlanden und Tipi-Zelte umfasst.<\/p>\n<p>Ma\u00dfe: ca. 105\u00d795 cm (+\/- 2,5 cm)<\/p>\n<p>Stoff: Samt Velours \u2013 Annex 4, Produktklasse I, CE<\/p>\n<p>Pflegemethode:<\/p>\n<ul>\n<li>Kein B\u00fcgeln<\/li>\n<li>Maschinenwaschbar bei 40 Grad, Schleudern \u2013 800 Umdrehungen<\/li>\n<li>Reinige chemisch nicht<\/li>\n<li>Nicht bleichen<\/li>\n<\/ul>\n<p>Entworfen und gen\u00e4ht in Polen von Cozy &amp; Dozy<\/p>\n","protected":false},"excerpt":{"rendered":"<p><b>Eine Matte, ein blattf\u00f6rmiger Teppich. Ein Bl\u00e4tterteppich 105 \u00d7 95 cm aus dickem Samt.<\/b><\/p>\n","protected":false},"featured_media":623,"comment_status":"open","ping_status":"closed","template":"","meta":[],"product_brand":[],"product_cat":[74],"product_tag":[],"class_list":{"0":"post-1306","1":"product","2":"type-product","3":"status-publish","4":"has-post-thumbnail","6":"product_cat-spielsack-and-spielmatte","8":"first","9":"instock","10":"sale","11":"shipping-taxable","12":"product-type-simple"},"yoast_head":"<!-- This site is optimized with the Yoast SEO Premium plugin v21.9 (Yoast SEO v27.0) - https:\/\/yoast.com\/product\/yoast-seo-premium-wordpress\/ -->\n<title>Blattf\u00f6rmige Spielmatte Honey Leaf Play mat - Cozy &amp; Dozy<\/title>\n<meta name=\"description\" content=\"Eine Matte, ein blattf\u00f6rmiger Teppich. Ein Bl\u00e4tterteppich 105 \u00d7 95 cm aus dickem Samt.\" \/>\n<meta name=\"robots\" content=\"index, follow, max-snippet:-1, max-image-preview:large, max-video-preview:-1\" \/>\n<link rel=\"canonical\" href=\"https:\/\/cozyanddozy.com\/de\/produkt\/blattfoermige-spielmatte-honey-leaf-play-mat\/\" \/>\n<meta property=\"og:locale\" content=\"de_DE\" \/>\n<meta property=\"og:type\" content=\"article\" \/>\n<meta property=\"og:title\" content=\"Blattf\u00f6rmige Spielmatte Honey Leaf Play mat\" \/>\n<meta property=\"og:description\" content=\"Eine Matte, ein blattf\u00f6rmiger Teppich. Ein Bl\u00e4tterteppich 105 \u00d7 95 cm aus dickem Samt.\" \/>\n<meta property=\"og:url\" content=\"https:\/\/cozyanddozy.com\/de\/produkt\/blattfoermige-spielmatte-honey-leaf-play-mat\/\" \/>\n<meta property=\"og:site_name\" content=\"Cozy &amp; Dozy\" \/>\n<meta property=\"article:modified_time\" content=\"2025-01-29T20:35:26+00:00\" \/>\n<meta property=\"og:image\" content=\"https:\/\/cozyanddozy.com\/de\/wp-content\/uploads\/2023\/02\/mata_lisc.jpg\" \/>\n\t<meta property=\"og:image:width\" content=\"1200\" \/>\n\t<meta property=\"og:image:height\" content=\"1200\" \/>\n\t<meta property=\"og:image:type\" content=\"image\/jpeg\" \/>\n<meta name=\"twitter:card\" content=\"summary_large_image\" \/>\n<meta name=\"twitter:label1\" content=\"Preis\" \/>\n\t<meta name=\"twitter:data1\" content=\"29,00&nbsp;&euro;\" \/>\n\t<meta name=\"twitter:label2\" content=\"Verf\u00fcgbarkeit\" \/>\n\t<meta name=\"twitter:data2\" content=\"Auf Lager\" \/>\n<script type=\"application\/ld+json\" class=\"yoast-schema-graph\">{\"@context\":\"https:\/\/schema.org\",\"@graph\":[{\"@type\":\"WebPage\",\"@id\":\"https:\/\/cozyanddozy.com\/de\/produkt\/blattfoermige-spielmatte-honey-leaf-play-mat\/\",\"url\":\"https:\/\/cozyanddozy.com\/de\/produkt\/blattfoermige-spielmatte-honey-leaf-play-mat\/\",\"name\":\"Blattf\u00f6rmige Spielmatte Honey Leaf Play mat - Cozy & Dozy\",\"isPartOf\":{\"@id\":\"https:\/\/cozyanddozy.com\/de\/#website\"},\"primaryImageOfPage\":{\"@id\":\"https:\/\/cozyanddozy.com\/de\/produkt\/blattfoermige-spielmatte-honey-leaf-play-mat\/#primaryimage\"},\"image\":{\"@id\":\"https:\/\/cozyanddozy.com\/de\/produkt\/blattfoermige-spielmatte-honey-leaf-play-mat\/#primaryimage\"},\"thumbnailUrl\":\"https:\/\/cozyanddozy.com\/de\/wp-content\/uploads\/2023\/02\/mata_lisc.jpg\",\"datePublished\":\"2022-02-23T13:52:33+00:00\",\"dateModified\":\"2025-01-29T20:35:26+00:00\",\"description\":\"Eine Matte, ein blattf\u00f6rmiger Teppich. Ein Bl\u00e4tterteppich 105 \u00d7 95 cm aus dickem Samt.\",\"breadcrumb\":{\"@id\":\"https:\/\/cozyanddozy.com\/de\/produkt\/blattfoermige-spielmatte-honey-leaf-play-mat\/#breadcrumb\"},\"inLanguage\":\"de\",\"potentialAction\":[{\"@type\":\"ReadAction\",\"target\":[\"https:\/\/cozyanddozy.com\/de\/produkt\/blattfoermige-spielmatte-honey-leaf-play-mat\/\"]}]},{\"@type\":\"ImageObject\",\"inLanguage\":\"de\",\"@id\":\"https:\/\/cozyanddozy.com\/de\/produkt\/blattfoermige-spielmatte-honey-leaf-play-mat\/#primaryimage\",\"url\":\"https:\/\/cozyanddozy.com\/de\/wp-content\/uploads\/2023\/02\/mata_lisc.jpg\",\"contentUrl\":\"https:\/\/cozyanddozy.com\/de\/wp-content\/uploads\/2023\/02\/mata_lisc.jpg\",\"width\":1200,\"height\":1200},{\"@type\":\"BreadcrumbList\",\"@id\":\"https:\/\/cozyanddozy.com\/de\/produkt\/blattfoermige-spielmatte-honey-leaf-play-mat\/#breadcrumb\",\"itemListElement\":[{\"@type\":\"ListItem\",\"position\":1,\"name\":\"Home\",\"item\":\"https:\/\/cozyanddozy.com\/de\/\"},{\"@type\":\"ListItem\",\"position\":2,\"name\":\"Shop\",\"item\":\"https:\/\/cozyanddozy.com\/de\/shop\/\"},{\"@type\":\"ListItem\",\"position\":3,\"name\":\"Blattf\u00f6rmige Spielmatte Honey Leaf Play mat\"}]},{\"@type\":\"WebSite\",\"@id\":\"https:\/\/cozyanddozy.com\/de\/#website\",\"url\":\"https:\/\/cozyanddozy.com\/de\/\",\"name\":\"Cozy & Dozy\",\"description\":\"\",\"publisher\":{\"@id\":\"https:\/\/cozyanddozy.com\/de\/#organization\"},\"potentialAction\":[{\"@type\":\"SearchAction\",\"target\":{\"@type\":\"EntryPoint\",\"urlTemplate\":\"https:\/\/cozyanddozy.com\/de\/?s={search_term_string}\"},\"query-input\":{\"@type\":\"PropertyValueSpecification\",\"valueRequired\":true,\"valueName\":\"search_term_string\"}}],\"inLanguage\":\"de\"},{\"@type\":\"Organization\",\"@id\":\"https:\/\/cozyanddozy.com\/de\/#organization\",\"name\":\"Cozy & Dozy\",\"url\":\"https:\/\/cozyanddozy.com\/de\/\",\"logo\":{\"@type\":\"ImageObject\",\"inLanguage\":\"de\",\"@id\":\"https:\/\/cozyanddozy.com\/de\/#\/schema\/logo\/image\/\",\"url\":\"https:\/\/cozyanddozy.com\/de\/wp-content\/uploads\/2023\/02\/cozyanddozy_logo_b.png\",\"contentUrl\":\"https:\/\/cozyanddozy.com\/de\/wp-content\/uploads\/2023\/02\/cozyanddozy_logo_b.png\",\"width\":314,\"height\":85,\"caption\":\"Cozy & Dozy\"},\"image\":{\"@id\":\"https:\/\/cozyanddozy.com\/de\/#\/schema\/logo\/image\/\"}}]}<\/script>\n<meta property=\"product:price:amount\" content=\"29.00\" \/>\n<meta property=\"product:price:currency\" content=\"EUR\" \/>\n<meta property=\"og:availability\" content=\"instock\" \/>\n<meta property=\"product:availability\" content=\"instock\" \/>\n<meta property=\"product:retailer_item_id\" content=\"5902701495725\" \/>\n<meta property=\"product:condition\" content=\"new\" \/>\n<!-- \/ Yoast SEO Premium plugin. -->","yoast_head_json":{"title":"Blattf\u00f6rmige Spielmatte Honey Leaf Play mat - Cozy & Dozy","description":"Eine Matte, ein blattf\u00f6rmiger Teppich. Ein Bl\u00e4tterteppich 105 \u00d7 95 cm aus dickem Samt.","robots":{"index":"index","follow":"follow","max-snippet":"max-snippet:-1","max-image-preview":"max-image-preview:large","max-video-preview":"max-video-preview:-1"},"canonical":"https:\/\/cozyanddozy.com\/de\/produkt\/blattfoermige-spielmatte-honey-leaf-play-mat\/","og_locale":"de_DE","og_type":"article","og_title":"Blattf\u00f6rmige Spielmatte Honey Leaf Play mat","og_description":"Eine Matte, ein blattf\u00f6rmiger Teppich. Ein Bl\u00e4tterteppich 105 \u00d7 95 cm aus dickem Samt.","og_url":"https:\/\/cozyanddozy.com\/de\/produkt\/blattfoermige-spielmatte-honey-leaf-play-mat\/","og_site_name":"Cozy &amp; Dozy","article_modified_time":"2025-01-29T20:35:26+00:00","og_image":[{"width":1200,"height":1200,"url":"https:\/\/cozyanddozy.com\/de\/wp-content\/uploads\/2023\/02\/mata_lisc.jpg","type":"image\/jpeg"}],"twitter_card":"summary_large_image","twitter_misc":{"Preis":"29,00&nbsp;&euro;","Verf\u00fcgbarkeit":"Auf Lager"},"schema":{"@context":"https:\/\/schema.org","@graph":[{"@type":"WebPage","@id":"https:\/\/cozyanddozy.com\/de\/produkt\/blattfoermige-spielmatte-honey-leaf-play-mat\/","url":"https:\/\/cozyanddozy.com\/de\/produkt\/blattfoermige-spielmatte-honey-leaf-play-mat\/","name":"Blattf\u00f6rmige Spielmatte Honey Leaf Play mat - Cozy & Dozy","isPartOf":{"@id":"https:\/\/cozyanddozy.com\/de\/#website"},"primaryImageOfPage":{"@id":"https:\/\/cozyanddozy.com\/de\/produkt\/blattfoermige-spielmatte-honey-leaf-play-mat\/#primaryimage"},"image":{"@id":"https:\/\/cozyanddozy.com\/de\/produkt\/blattfoermige-spielmatte-honey-leaf-play-mat\/#primaryimage"},"thumbnailUrl":"https:\/\/cozyanddozy.com\/de\/wp-content\/uploads\/2023\/02\/mata_lisc.jpg","datePublished":"2022-02-23T13:52:33+00:00","dateModified":"2025-01-29T20:35:26+00:00","description":"Eine Matte, ein blattf\u00f6rmiger Teppich. Ein Bl\u00e4tterteppich 105 \u00d7 95 cm aus dickem Samt.","breadcrumb":{"@id":"https:\/\/cozyanddozy.com\/de\/produkt\/blattfoermige-spielmatte-honey-leaf-play-mat\/#breadcrumb"},"inLanguage":"de","potentialAction":[{"@type":"ReadAction","target":["https:\/\/cozyanddozy.com\/de\/produkt\/blattfoermige-spielmatte-honey-leaf-play-mat\/"]}]},{"@type":"ImageObject","inLanguage":"de","@id":"https:\/\/cozyanddozy.com\/de\/produkt\/blattfoermige-spielmatte-honey-leaf-play-mat\/#primaryimage","url":"https:\/\/cozyanddozy.com\/de\/wp-content\/uploads\/2023\/02\/mata_lisc.jpg","contentUrl":"https:\/\/cozyanddozy.com\/de\/wp-content\/uploads\/2023\/02\/mata_lisc.jpg","width":1200,"height":1200},{"@type":"BreadcrumbList","@id":"https:\/\/cozyanddozy.com\/de\/produkt\/blattfoermige-spielmatte-honey-leaf-play-mat\/#breadcrumb","itemListElement":[{"@type":"ListItem","position":1,"name":"Home","item":"https:\/\/cozyanddozy.com\/de\/"},{"@type":"ListItem","position":2,"name":"Shop","item":"https:\/\/cozyanddozy.com\/de\/shop\/"},{"@type":"ListItem","position":3,"name":"Blattf\u00f6rmige Spielmatte Honey Leaf Play mat"}]},{"@type":"WebSite","@id":"https:\/\/cozyanddozy.com\/de\/#website","url":"https:\/\/cozyanddozy.com\/de\/","name":"Cozy & Dozy","description":"","publisher":{"@id":"https:\/\/cozyanddozy.com\/de\/#organization"},"potentialAction":[{"@type":"SearchAction","target":{"@type":"EntryPoint","urlTemplate":"https:\/\/cozyanddozy.com\/de\/?s={search_term_string}"},"query-input":{"@type":"PropertyValueSpecification","valueRequired":true,"valueName":"search_term_string"}}],"inLanguage":"de"},{"@type":"Organization","@id":"https:\/\/cozyanddozy.com\/de\/#organization","name":"Cozy & Dozy","url":"https:\/\/cozyanddozy.com\/de\/","logo":{"@type":"ImageObject","inLanguage":"de","@id":"https:\/\/cozyanddozy.com\/de\/#\/schema\/logo\/image\/","url":"https:\/\/cozyanddozy.com\/de\/wp-content\/uploads\/2023\/02\/cozyanddozy_logo_b.png","contentUrl":"https:\/\/cozyanddozy.com\/de\/wp-content\/uploads\/2023\/02\/cozyanddozy_logo_b.png","width":314,"height":85,"caption":"Cozy & Dozy"},"image":{"@id":"https:\/\/cozyanddozy.com\/de\/#\/schema\/logo\/image\/"}}]},"product_price_amount":"29.00","product_price_currency":"EUR","og_availability":"instock","product_availability":"instock","product_retailer_item_id":"5902701495725","product_condition":"new"},"_links":{"self":[{"href":"https:\/\/cozyanddozy.com\/de\/wp-json\/wp\/v2\/product\/1306","targetHints":{"allow":["GET"]}}],"collection":[{"href":"https:\/\/cozyanddozy.com\/de\/wp-json\/wp\/v2\/product"}],"about":[{"href":"https:\/\/cozyanddozy.com\/de\/wp-json\/wp\/v2\/types\/product"}],"replies":[{"embeddable":true,"href":"https:\/\/cozyanddozy.com\/de\/wp-json\/wp\/v2\/comments?post=1306"}],"wp:featuredmedia":[{"embeddable":true,"href":"https:\/\/cozyanddozy.com\/de\/wp-json\/wp\/v2\/media\/623"}],"wp:attachment":[{"href":"https:\/\/cozyanddozy.com\/de\/wp-json\/wp\/v2\/media?parent=1306"}],"wp:term":[{"taxonomy":"product_brand","embeddable":true,"href":"https:\/\/cozyanddozy.com\/de\/wp-json\/wp\/v2\/product_brand?post=1306"},{"taxonomy":"product_cat","embeddable":true,"href":"https:\/\/cozyanddozy.com\/de\/wp-json\/wp\/v2\/product_cat?post=1306"},{"taxonomy":"product_tag","embeddable":true,"href":"https:\/\/cozyanddozy.com\/de\/wp-json\/wp\/v2\/product_tag?post=1306"}],"curies":[{"name":"wp","href":"https:\/\/api.w.org\/{rel}","templated":true}]}}