{"id":1302,"date":"2022-02-09T12:21:26","date_gmt":"2022-02-09T11:21:26","guid":{"rendered":"https:\/\/cozyanddozy.com\/de\/product\/sternenkissen-velvet-stars-girl-kissenset\/"},"modified":"2025-01-29T21:36:10","modified_gmt":"2025-01-29T20:36:10","slug":"sternenkissen-velvet-stars-girl-kissenset","status":"publish","type":"product","link":"https:\/\/cozyanddozy.com\/de\/produkt\/sternenkissen-velvet-stars-girl-kissenset\/","title":{"rendered":"Sternenkissen \u2013 Velvet Stars Girl Kissenset"},"content":{"rendered":"<p style=\"text-align: left;\"><strong>Das Kissen Cozy &amp; Dozy Velvet Stars wird nicht nur Kinder faszinieren<\/strong><\/p>\n<p>Es gibt nie zu viele Kissen zu Hause \u2013 von diesem Slogan muss man niemanden \u00fcberzeugen, oder? Sch\u00f6ne und angenehm anzufassende Kissen schaffen eine gem\u00fctliche und warme Atmosph\u00e4re in jedem, selbst dem strengsten Interieur. Das Wichtigste f\u00fcr uns ist jedoch, dass kein Kind ein Nickerchen auf einem weichen und bequemen Kissen verachten wird. \u00dcbrigens: F\u00fcr unsere Kinder, die von klein auf viele verschiedene Abenteuer erleben, ist ein gutes Nickerchen Gold wert.<\/p>\n<p><strong>Auch Kinder nutzen das Sternenkissen gerne beim Spielen. Die ungew\u00f6hnliche Form des Kissens regt die Fantasie an und verwandelt die Sterne manchmal in einen Kuschellutscher oder eine W\u00e4rmflasche. Die seltene Form des Sternenkissens zieht nicht nur die Aufmerksamkeit von Kindern, sondern auch von Erwachsenen auf sich. Manchmal h\u00f6ren wir sogar, dass Eltern ihren Kindern unsere Kissen klauen und ihr Wohnzimmer damit dekorieren.<\/strong><\/p>\n<p>Unsere Kissen finden selbst bei den gr\u00f6\u00dften Kritikern Anerkennung, weil sie mit gr\u00f6\u00dfter Sorgfalt und Liebe zum Detail hergestellt wurden. Dar\u00fcber hinaus bestehen sie aus dem hochwertigsten Material \u2013 100 % Samt \u2013 was f\u00fcr eine sehr lange sch\u00f6ne und effektvolle Optik des Kissens sorgt. Dieses Material ist au\u00dferdem , CE-zertifiziert, was bedeutet, dass es sicher in der Anwendung ist und keine sch\u00e4dlichen Substanzen enth\u00e4lt. So k\u00f6nnen Sie unsere Kissen auch Kindern mit der empfindlichsten Haut bedenkenlos geben.<\/p>\n<p>Cozy &amp; Dozy Kissen sind au\u00dfergew\u00f6hnliche und einzigartige Produkte. Sie wurden von uns entworfen, bis ins kleinste Detail verfeinert und von unseren erfahrenen N\u00e4herinnen gen\u00e4ht. Dadurch k\u00f6nnen Sie sicher sein, dass Sie ein wirklich sorgf\u00e4ltig hergestelltes Produkt von h\u00f6chster Qualit\u00e4t erhalten. Es ist uns aus einem bestimmten Grund sehr wichtig. Unsere Erfahrung zeigt, dass Kinder am besten vom guten Beispiel ihrer Eltern lernen. Wenn Ihr Kind ein sch\u00f6nes und hochwertiges Produkt erh\u00e4lt, lernt es schon fr\u00fch Farbkombinationen und Sinn f\u00fcr \u00c4sthetik. Sie werden auch wissen, dass es sich lohnt, in qualitativ hochwertige Produkte zu investieren, da sie l\u00e4nger bei uns bleiben.<\/p>\n<p><strong>Inbegriffen:<\/strong><\/p>\n<ul>\n<li><strong>rosa Sternkissen<\/strong><\/li>\n<li><strong><span style=\"color: #555555;\">Blaubeersternkissen<\/span><\/strong><\/li>\n<li><strong><span style=\"color: #555555;\">graues Sternenkissen<\/span><\/strong><\/li>\n<\/ul>\n<p>Abmessungen:<\/p>\n<ul>\n<li>40 x 40 cm<\/li>\n<\/ul>\n<p>Komposition:<\/p>\n<ul>\n<li>100 % Samt ( Zertifikat, CE)<\/li>\n<li>Kissenf\u00fcllung \u2013 Silikonkugel, antiallergisch. Zus\u00e4tzlich verhindert die innen eingen\u00e4hte Silikonwolle ein Verklumpen der F\u00fcllung.<\/li>\n<\/ul>\n<p>Waschen:<\/p>\n<ul>\n<li>Maschinenwaschbar bei 40 Grad,<\/li>\n<li><span style=\"color: #555555;\">Schleudern \u2013 800 Umdrehungen,<\/span><\/li>\n<li><span style=\"color: #555555;\">nicht chemisch reinigen, nicht bleichen,<\/span><\/li>\n<li><span style=\"color: #555555;\">Nach dem Waschen sch\u00fctteln, um den Guss zu arrangieren,<\/span><\/li>\n<li><span style=\"color: #555555;\">auf einer ebenen Fl\u00e4che trocknen<\/span><\/li>\n<\/ul>\n","protected":false},"excerpt":{"rendered":"<p>Weiche, bunte Sternenkissen aus Samt, Gr\u00f6\u00dfe 40\u00d740 cm. 3er-Set.<\/p>\n","protected":false},"featured_media":587,"comment_status":"open","ping_status":"closed","template":"","meta":[],"product_brand":[],"product_cat":[73],"product_tag":[],"class_list":{"0":"post-1302","1":"product","2":"type-product","3":"status-publish","4":"has-post-thumbnail","6":"product_cat-kissen-puffs","8":"first","9":"instock","10":"sale","11":"shipping-taxable","12":"product-type-simple"},"yoast_head":"<!-- This site is optimized with the Yoast SEO Premium plugin v21.9 (Yoast SEO v27.0) - https:\/\/yoast.com\/product\/yoast-seo-premium-wordpress\/ -->\n<title>Sternenkissen \u2013 Velvet Stars Girl Kissenset - Cozy &amp; Dozy<\/title>\n<meta name=\"description\" content=\"Weiche, bunte Sternenkissen aus Samt, Gr\u00f6\u00dfe 40\u00d740 cm. 3er-Set.\" \/>\n<meta name=\"robots\" content=\"index, follow, max-snippet:-1, max-image-preview:large, max-video-preview:-1\" \/>\n<link rel=\"canonical\" href=\"https:\/\/cozyanddozy.com\/de\/produkt\/sternenkissen-velvet-stars-girl-kissenset\/\" \/>\n<meta property=\"og:locale\" content=\"de_DE\" \/>\n<meta property=\"og:type\" content=\"article\" \/>\n<meta property=\"og:title\" content=\"Sternenkissen \u2013 Velvet Stars Girl Kissenset\" \/>\n<meta property=\"og:description\" content=\"Weiche, bunte Sternenkissen aus Samt, Gr\u00f6\u00dfe 40\u00d740 cm. 3er-Set.\" \/>\n<meta property=\"og:url\" content=\"https:\/\/cozyanddozy.com\/de\/produkt\/sternenkissen-velvet-stars-girl-kissenset\/\" \/>\n<meta property=\"og:site_name\" content=\"Cozy &amp; Dozy\" \/>\n<meta property=\"article:modified_time\" content=\"2025-01-29T20:36:10+00:00\" \/>\n<meta property=\"og:image\" content=\"https:\/\/cozyanddozy.com\/de\/wp-content\/uploads\/2023\/02\/pink-star-pillow.jpg\" \/>\n\t<meta property=\"og:image:width\" content=\"1200\" \/>\n\t<meta property=\"og:image:height\" content=\"1187\" \/>\n\t<meta property=\"og:image:type\" content=\"image\/jpeg\" \/>\n<meta name=\"twitter:card\" content=\"summary_large_image\" \/>\n<meta name=\"twitter:label1\" content=\"Preis\" \/>\n\t<meta name=\"twitter:data1\" content=\"29,00&nbsp;&euro;\" \/>\n\t<meta name=\"twitter:label2\" content=\"Verf\u00fcgbarkeit\" \/>\n\t<meta name=\"twitter:data2\" content=\"Auf Lager\" \/>\n<script type=\"application\/ld+json\" class=\"yoast-schema-graph\">{\"@context\":\"https:\/\/schema.org\",\"@graph\":[{\"@type\":\"WebPage\",\"@id\":\"https:\/\/cozyanddozy.com\/de\/produkt\/sternenkissen-velvet-stars-girl-kissenset\/\",\"url\":\"https:\/\/cozyanddozy.com\/de\/produkt\/sternenkissen-velvet-stars-girl-kissenset\/\",\"name\":\"Sternenkissen \u2013 Velvet Stars Girl Kissenset - Cozy & Dozy\",\"isPartOf\":{\"@id\":\"https:\/\/cozyanddozy.com\/de\/#website\"},\"primaryImageOfPage\":{\"@id\":\"https:\/\/cozyanddozy.com\/de\/produkt\/sternenkissen-velvet-stars-girl-kissenset\/#primaryimage\"},\"image\":{\"@id\":\"https:\/\/cozyanddozy.com\/de\/produkt\/sternenkissen-velvet-stars-girl-kissenset\/#primaryimage\"},\"thumbnailUrl\":\"https:\/\/cozyanddozy.com\/de\/wp-content\/uploads\/2023\/02\/pink-star-pillow.jpg\",\"datePublished\":\"2022-02-09T11:21:26+00:00\",\"dateModified\":\"2025-01-29T20:36:10+00:00\",\"description\":\"Weiche, bunte Sternenkissen aus Samt, Gr\u00f6\u00dfe 40\u00d740 cm. 3er-Set.\",\"breadcrumb\":{\"@id\":\"https:\/\/cozyanddozy.com\/de\/produkt\/sternenkissen-velvet-stars-girl-kissenset\/#breadcrumb\"},\"inLanguage\":\"de\",\"potentialAction\":[{\"@type\":\"ReadAction\",\"target\":[\"https:\/\/cozyanddozy.com\/de\/produkt\/sternenkissen-velvet-stars-girl-kissenset\/\"]}]},{\"@type\":\"ImageObject\",\"inLanguage\":\"de\",\"@id\":\"https:\/\/cozyanddozy.com\/de\/produkt\/sternenkissen-velvet-stars-girl-kissenset\/#primaryimage\",\"url\":\"https:\/\/cozyanddozy.com\/de\/wp-content\/uploads\/2023\/02\/pink-star-pillow.jpg\",\"contentUrl\":\"https:\/\/cozyanddozy.com\/de\/wp-content\/uploads\/2023\/02\/pink-star-pillow.jpg\",\"width\":1200,\"height\":1187},{\"@type\":\"BreadcrumbList\",\"@id\":\"https:\/\/cozyanddozy.com\/de\/produkt\/sternenkissen-velvet-stars-girl-kissenset\/#breadcrumb\",\"itemListElement\":[{\"@type\":\"ListItem\",\"position\":1,\"name\":\"Home\",\"item\":\"https:\/\/cozyanddozy.com\/de\/\"},{\"@type\":\"ListItem\",\"position\":2,\"name\":\"Shop\",\"item\":\"https:\/\/cozyanddozy.com\/de\/shop\/\"},{\"@type\":\"ListItem\",\"position\":3,\"name\":\"Sternenkissen \u2013 Velvet Stars Girl Kissenset\"}]},{\"@type\":\"WebSite\",\"@id\":\"https:\/\/cozyanddozy.com\/de\/#website\",\"url\":\"https:\/\/cozyanddozy.com\/de\/\",\"name\":\"Cozy & Dozy\",\"description\":\"\",\"publisher\":{\"@id\":\"https:\/\/cozyanddozy.com\/de\/#organization\"},\"potentialAction\":[{\"@type\":\"SearchAction\",\"target\":{\"@type\":\"EntryPoint\",\"urlTemplate\":\"https:\/\/cozyanddozy.com\/de\/?s={search_term_string}\"},\"query-input\":{\"@type\":\"PropertyValueSpecification\",\"valueRequired\":true,\"valueName\":\"search_term_string\"}}],\"inLanguage\":\"de\"},{\"@type\":\"Organization\",\"@id\":\"https:\/\/cozyanddozy.com\/de\/#organization\",\"name\":\"Cozy & Dozy\",\"url\":\"https:\/\/cozyanddozy.com\/de\/\",\"logo\":{\"@type\":\"ImageObject\",\"inLanguage\":\"de\",\"@id\":\"https:\/\/cozyanddozy.com\/de\/#\/schema\/logo\/image\/\",\"url\":\"https:\/\/cozyanddozy.com\/de\/wp-content\/uploads\/2023\/02\/cozyanddozy_logo_b.png\",\"contentUrl\":\"https:\/\/cozyanddozy.com\/de\/wp-content\/uploads\/2023\/02\/cozyanddozy_logo_b.png\",\"width\":314,\"height\":85,\"caption\":\"Cozy & Dozy\"},\"image\":{\"@id\":\"https:\/\/cozyanddozy.com\/de\/#\/schema\/logo\/image\/\"}}]}<\/script>\n<meta property=\"product:price:amount\" content=\"29.00\" \/>\n<meta property=\"product:price:currency\" content=\"EUR\" \/>\n<meta property=\"og:availability\" content=\"instock\" \/>\n<meta property=\"product:availability\" content=\"instock\" \/>\n<meta property=\"product:retailer_item_id\" content=\"5902701495923\" \/>\n<meta property=\"product:condition\" content=\"new\" \/>\n<!-- \/ Yoast SEO Premium plugin. -->","yoast_head_json":{"title":"Sternenkissen \u2013 Velvet Stars Girl Kissenset - Cozy & Dozy","description":"Weiche, bunte Sternenkissen aus Samt, Gr\u00f6\u00dfe 40\u00d740 cm. 3er-Set.","robots":{"index":"index","follow":"follow","max-snippet":"max-snippet:-1","max-image-preview":"max-image-preview:large","max-video-preview":"max-video-preview:-1"},"canonical":"https:\/\/cozyanddozy.com\/de\/produkt\/sternenkissen-velvet-stars-girl-kissenset\/","og_locale":"de_DE","og_type":"article","og_title":"Sternenkissen \u2013 Velvet Stars Girl Kissenset","og_description":"Weiche, bunte Sternenkissen aus Samt, Gr\u00f6\u00dfe 40\u00d740 cm. 3er-Set.","og_url":"https:\/\/cozyanddozy.com\/de\/produkt\/sternenkissen-velvet-stars-girl-kissenset\/","og_site_name":"Cozy &amp; Dozy","article_modified_time":"2025-01-29T20:36:10+00:00","og_image":[{"width":1200,"height":1187,"url":"https:\/\/cozyanddozy.com\/de\/wp-content\/uploads\/2023\/02\/pink-star-pillow.jpg","type":"image\/jpeg"}],"twitter_card":"summary_large_image","twitter_misc":{"Preis":"29,00&nbsp;&euro;","Verf\u00fcgbarkeit":"Auf Lager"},"schema":{"@context":"https:\/\/schema.org","@graph":[{"@type":"WebPage","@id":"https:\/\/cozyanddozy.com\/de\/produkt\/sternenkissen-velvet-stars-girl-kissenset\/","url":"https:\/\/cozyanddozy.com\/de\/produkt\/sternenkissen-velvet-stars-girl-kissenset\/","name":"Sternenkissen \u2013 Velvet Stars Girl Kissenset - Cozy & Dozy","isPartOf":{"@id":"https:\/\/cozyanddozy.com\/de\/#website"},"primaryImageOfPage":{"@id":"https:\/\/cozyanddozy.com\/de\/produkt\/sternenkissen-velvet-stars-girl-kissenset\/#primaryimage"},"image":{"@id":"https:\/\/cozyanddozy.com\/de\/produkt\/sternenkissen-velvet-stars-girl-kissenset\/#primaryimage"},"thumbnailUrl":"https:\/\/cozyanddozy.com\/de\/wp-content\/uploads\/2023\/02\/pink-star-pillow.jpg","datePublished":"2022-02-09T11:21:26+00:00","dateModified":"2025-01-29T20:36:10+00:00","description":"Weiche, bunte Sternenkissen aus Samt, Gr\u00f6\u00dfe 40\u00d740 cm. 3er-Set.","breadcrumb":{"@id":"https:\/\/cozyanddozy.com\/de\/produkt\/sternenkissen-velvet-stars-girl-kissenset\/#breadcrumb"},"inLanguage":"de","potentialAction":[{"@type":"ReadAction","target":["https:\/\/cozyanddozy.com\/de\/produkt\/sternenkissen-velvet-stars-girl-kissenset\/"]}]},{"@type":"ImageObject","inLanguage":"de","@id":"https:\/\/cozyanddozy.com\/de\/produkt\/sternenkissen-velvet-stars-girl-kissenset\/#primaryimage","url":"https:\/\/cozyanddozy.com\/de\/wp-content\/uploads\/2023\/02\/pink-star-pillow.jpg","contentUrl":"https:\/\/cozyanddozy.com\/de\/wp-content\/uploads\/2023\/02\/pink-star-pillow.jpg","width":1200,"height":1187},{"@type":"BreadcrumbList","@id":"https:\/\/cozyanddozy.com\/de\/produkt\/sternenkissen-velvet-stars-girl-kissenset\/#breadcrumb","itemListElement":[{"@type":"ListItem","position":1,"name":"Home","item":"https:\/\/cozyanddozy.com\/de\/"},{"@type":"ListItem","position":2,"name":"Shop","item":"https:\/\/cozyanddozy.com\/de\/shop\/"},{"@type":"ListItem","position":3,"name":"Sternenkissen \u2013 Velvet Stars Girl Kissenset"}]},{"@type":"WebSite","@id":"https:\/\/cozyanddozy.com\/de\/#website","url":"https:\/\/cozyanddozy.com\/de\/","name":"Cozy & Dozy","description":"","publisher":{"@id":"https:\/\/cozyanddozy.com\/de\/#organization"},"potentialAction":[{"@type":"SearchAction","target":{"@type":"EntryPoint","urlTemplate":"https:\/\/cozyanddozy.com\/de\/?s={search_term_string}"},"query-input":{"@type":"PropertyValueSpecification","valueRequired":true,"valueName":"search_term_string"}}],"inLanguage":"de"},{"@type":"Organization","@id":"https:\/\/cozyanddozy.com\/de\/#organization","name":"Cozy & Dozy","url":"https:\/\/cozyanddozy.com\/de\/","logo":{"@type":"ImageObject","inLanguage":"de","@id":"https:\/\/cozyanddozy.com\/de\/#\/schema\/logo\/image\/","url":"https:\/\/cozyanddozy.com\/de\/wp-content\/uploads\/2023\/02\/cozyanddozy_logo_b.png","contentUrl":"https:\/\/cozyanddozy.com\/de\/wp-content\/uploads\/2023\/02\/cozyanddozy_logo_b.png","width":314,"height":85,"caption":"Cozy & Dozy"},"image":{"@id":"https:\/\/cozyanddozy.com\/de\/#\/schema\/logo\/image\/"}}]},"product_price_amount":"29.00","product_price_currency":"EUR","og_availability":"instock","product_availability":"instock","product_retailer_item_id":"5902701495923","product_condition":"new"},"_links":{"self":[{"href":"https:\/\/cozyanddozy.com\/de\/wp-json\/wp\/v2\/product\/1302","targetHints":{"allow":["GET"]}}],"collection":[{"href":"https:\/\/cozyanddozy.com\/de\/wp-json\/wp\/v2\/product"}],"about":[{"href":"https:\/\/cozyanddozy.com\/de\/wp-json\/wp\/v2\/types\/product"}],"replies":[{"embeddable":true,"href":"https:\/\/cozyanddozy.com\/de\/wp-json\/wp\/v2\/comments?post=1302"}],"wp:featuredmedia":[{"embeddable":true,"href":"https:\/\/cozyanddozy.com\/de\/wp-json\/wp\/v2\/media\/587"}],"wp:attachment":[{"href":"https:\/\/cozyanddozy.com\/de\/wp-json\/wp\/v2\/media?parent=1302"}],"wp:term":[{"taxonomy":"product_brand","embeddable":true,"href":"https:\/\/cozyanddozy.com\/de\/wp-json\/wp\/v2\/product_brand?post=1302"},{"taxonomy":"product_cat","embeddable":true,"href":"https:\/\/cozyanddozy.com\/de\/wp-json\/wp\/v2\/product_cat?post=1302"},{"taxonomy":"product_tag","embeddable":true,"href":"https:\/\/cozyanddozy.com\/de\/wp-json\/wp\/v2\/product_tag?post=1302"}],"curies":[{"name":"wp","href":"https:\/\/api.w.org\/{rel}","templated":true}]}}