{"id":1297,"date":"2022-01-29T16:23:37","date_gmt":"2022-01-29T15:23:37","guid":{"rendered":"https:\/\/cozyanddozy.com\/de\/product\/kissen-koala-grau-samtkissen\/"},"modified":"2025-01-29T21:36:35","modified_gmt":"2025-01-29T20:36:35","slug":"kissen-koala-grau-samtkissen","status":"publish","type":"product","link":"https:\/\/cozyanddozy.com\/de\/produkt\/kissen-koala-grau-samtkissen\/","title":{"rendered":"Kissen Koala, Grau Samtkissen"},"content":{"rendered":"<div>\n<p style=\"text-align: left;\"><strong>Hallo Abenteuer! Viel Spa\u00df mit Cozy &amp; Dozy<\/strong><\/p>\n<p>Sie k\u00f6nnen die H\u00e4nde nicht von dem kuscheligen Koala-Kissen lassen! Es ist aus einem sehr weichen Samt. Dieses Material macht die Verwendung des Kissens zu einem \u00e4u\u00dferst angenehmen Erlebnis. Ihr Baby wird sie gerne umarmen und zu allen Nickerchen mitnehmen.<\/p>\n<p>Die Sicherheit der Kinder steht bei uns immer an erster Stelle, weshalb das Kissen aus 100 % Samt h\u00f6chster Qualit\u00e4t besteht. Dieses Material ist , CE-zertifiziert, was bedeutet, dass es selbst f\u00fcr die empfindlichste Haut freundlich ist \u2013 es verursacht keine Allergien und Reizungen. So k\u00f6nnen Sie Ihrem Kind unbesorgt unser Produkt geben.<\/p>\n<p><strong>Das Koala-Kissen ist ein au\u00dfergew\u00f6hnliches und einzigartiges Produkt. Es wurde von uns entworfen, bis ins kleinste Detail verfeinert und von unseren erfahrenen N\u00e4herinnen gen\u00e4ht.<\/strong> Dadurch k\u00f6nnen Sie sicher sein, dass Sie ein wirklich sorgf\u00e4ltig hergestelltes Produkt von h\u00f6chster Qualit\u00e4t erhalten. Es ist uns aus einem bestimmten Grund sehr wichtig. Unsere Erfahrung zeigt, dass Kinder am besten vom guten Beispiel ihrer Eltern lernen. Wenn Ihr Kind ein sch\u00f6nes und hochwertiges Produkt erh\u00e4lt, lernt es schon fr\u00fch Farbkombinationen und Sinn f\u00fcr \u00c4sthetik. Sie werden auch wissen, dass es sich lohnt, in qualitativ hochwertige Produkte zu investieren, weil sie l\u00e4nger bei uns bleiben.<\/p>\n<p>Wir haben schon oft erlebt, dass Eltern vor Familienfeiern die Kissen oder Spielsachen ihrer Kinder versteckt haben. Cozy &amp; Dozy Kissen sind sicher \u2013 sie sehen in jedem Raum sch\u00f6n und effektiv aus. Au\u00dferdem h\u00f6ren wir manchmal sogar, dass Eltern ihren Kindern unsere Kissen stehlen.<\/p>\n<p>Liebt Ihr Kind Tiere?<\/p>\n<p>Das Koala-Kissen passt wunderbar zu anderen Produkten aus der Adventure-Kollektion \u2013 im Cozy &amp; Dozy-Angebot finden Sie ein Tipi-Zelt, Matten, andere Kissen und eine Girlande zum Set. So k\u00f6nnen Sie f\u00fcr Ihr Kind einen stimmigen Raum voller abwechslungsreicher Produkte schaffen, mit dem garantiert keine Langeweile in seinem Zimmer aufkommen wird.<\/p>\n<\/div>\n<div><\/div>\n<div>\n<div>\n<p><span lang=\"EN-US\">Abmessungen:<\/span><\/p>\n<\/div>\n<div>\n<p><span lang=\"EN-US\">\u2022 50 x 40 cm<\/span><\/p>\n<\/div>\n<div>\n<p><span lang=\"EN-US\">Komposition:<\/span><\/p>\n<\/div>\n<div>\n<p><span lang=\"EN-US\">\u2022 100 % Samt ( Zertifikat, CE)<\/span><\/p>\n<\/div>\n<div>\n<p><span lang=\"EN-US\">\u2022 Kissenf\u00fcllung &#8211; Silikonkugel, antiallergisch. Zus\u00e4tzlich verhindert die eingen\u00e4hte Silikonwolle ein Verklumpen der F\u00fcllung.<\/span><\/p>\n<\/div>\n<div>\n<p><span lang=\"EN-US\">Waschen:<\/span><\/p>\n<\/div>\n<div>\n<p><span lang=\"EN-US\">\u2022 Maschinenwaschbar bei 40 Grad,<\/span><\/p>\n<\/div>\n<div>\n<p><span lang=\"EN-US\">\u2022 Spinnen &#8211; 800 Umdrehungen,<\/span><\/p>\n<\/div>\n<div>\n<p><span lang=\"EN-US\">\u2022 nicht chemisch reinigen, nicht bleichen,<\/span><\/p>\n<\/div>\n<div>\n<p><span lang=\"EN-US\">\u2022 Nach dem Waschen sch\u00fctteln, um das Gie\u00dfen zu arrangieren,<\/span><\/p>\n<\/div>\n<div>\n<p><span lang=\"EN-US\">\u2022 auf einer ebenen Fl\u00e4che trocknen. Ohne was k\u00f6nnen wir uns das Meer nicht vorstellen? Nat\u00fcrlich ohne sch\u00f6ne und einzigartige Muscheln. Und es ist am besten, wenn diese Schalen weich sind und sich angenehm anf\u00fchlen!<\/span><\/p>\n<\/div>\n<\/div>\n","protected":false},"excerpt":{"rendered":"<p>Ein gem\u00fctliches und gro\u00dfes dekoratives Koala-Kissen aus zartem Samt.<\/p>\n","protected":false},"featured_media":548,"comment_status":"open","ping_status":"closed","template":"","meta":[],"product_brand":[],"product_cat":[73],"product_tag":[],"class_list":{"0":"post-1297","1":"product","2":"type-product","3":"status-publish","4":"has-post-thumbnail","6":"product_cat-kissen-puffs","8":"first","9":"instock","10":"sale","11":"shipping-taxable","12":"product-type-simple"},"yoast_head":"<!-- This site is optimized with the Yoast SEO Premium plugin v21.9 (Yoast SEO v27.0) - https:\/\/yoast.com\/product\/yoast-seo-premium-wordpress\/ -->\n<title>Kissen Koala, Grau Samtkissen - Cozy &amp; Dozy<\/title>\n<meta name=\"description\" content=\"Ein gem\u00fctliches und gro\u00dfes dekoratives Koala-Kissen aus zartem Samt.\" \/>\n<meta name=\"robots\" content=\"index, follow, max-snippet:-1, max-image-preview:large, max-video-preview:-1\" \/>\n<link rel=\"canonical\" href=\"https:\/\/cozyanddozy.com\/de\/produkt\/kissen-koala-grau-samtkissen\/\" \/>\n<meta property=\"og:locale\" content=\"de_DE\" \/>\n<meta property=\"og:type\" content=\"article\" \/>\n<meta property=\"og:title\" content=\"Kissen Koala, Grau Samtkissen\" \/>\n<meta property=\"og:description\" content=\"Ein gem\u00fctliches und gro\u00dfes dekoratives Koala-Kissen aus zartem Samt.\" \/>\n<meta property=\"og:url\" content=\"https:\/\/cozyanddozy.com\/de\/produkt\/kissen-koala-grau-samtkissen\/\" \/>\n<meta property=\"og:site_name\" content=\"Cozy &amp; Dozy\" \/>\n<meta property=\"article:modified_time\" content=\"2025-01-29T20:36:35+00:00\" \/>\n<meta property=\"og:image\" content=\"https:\/\/cozyanddozy.com\/de\/wp-content\/uploads\/2023\/02\/12.jpg\" \/>\n\t<meta property=\"og:image:width\" content=\"1200\" \/>\n\t<meta property=\"og:image:height\" content=\"1200\" \/>\n\t<meta property=\"og:image:type\" content=\"image\/jpeg\" \/>\n<meta name=\"twitter:card\" content=\"summary_large_image\" \/>\n<meta name=\"twitter:label1\" content=\"Preis\" \/>\n\t<meta name=\"twitter:data1\" content=\"29,00&nbsp;&euro;\" \/>\n\t<meta name=\"twitter:label2\" content=\"Verf\u00fcgbarkeit\" \/>\n\t<meta name=\"twitter:data2\" content=\"Auf Lager\" \/>\n<script type=\"application\/ld+json\" class=\"yoast-schema-graph\">{\"@context\":\"https:\/\/schema.org\",\"@graph\":[{\"@type\":\"WebPage\",\"@id\":\"https:\/\/cozyanddozy.com\/de\/produkt\/kissen-koala-grau-samtkissen\/\",\"url\":\"https:\/\/cozyanddozy.com\/de\/produkt\/kissen-koala-grau-samtkissen\/\",\"name\":\"Kissen Koala, Grau Samtkissen - Cozy & Dozy\",\"isPartOf\":{\"@id\":\"https:\/\/cozyanddozy.com\/de\/#website\"},\"primaryImageOfPage\":{\"@id\":\"https:\/\/cozyanddozy.com\/de\/produkt\/kissen-koala-grau-samtkissen\/#primaryimage\"},\"image\":{\"@id\":\"https:\/\/cozyanddozy.com\/de\/produkt\/kissen-koala-grau-samtkissen\/#primaryimage\"},\"thumbnailUrl\":\"https:\/\/cozyanddozy.com\/de\/wp-content\/uploads\/2023\/02\/12.jpg\",\"datePublished\":\"2022-01-29T15:23:37+00:00\",\"dateModified\":\"2025-01-29T20:36:35+00:00\",\"description\":\"Ein gem\u00fctliches und gro\u00dfes dekoratives Koala-Kissen aus zartem Samt.\",\"breadcrumb\":{\"@id\":\"https:\/\/cozyanddozy.com\/de\/produkt\/kissen-koala-grau-samtkissen\/#breadcrumb\"},\"inLanguage\":\"de\",\"potentialAction\":[{\"@type\":\"ReadAction\",\"target\":[\"https:\/\/cozyanddozy.com\/de\/produkt\/kissen-koala-grau-samtkissen\/\"]}]},{\"@type\":\"ImageObject\",\"inLanguage\":\"de\",\"@id\":\"https:\/\/cozyanddozy.com\/de\/produkt\/kissen-koala-grau-samtkissen\/#primaryimage\",\"url\":\"https:\/\/cozyanddozy.com\/de\/wp-content\/uploads\/2023\/02\/12.jpg\",\"contentUrl\":\"https:\/\/cozyanddozy.com\/de\/wp-content\/uploads\/2023\/02\/12.jpg\",\"width\":1200,\"height\":1200},{\"@type\":\"BreadcrumbList\",\"@id\":\"https:\/\/cozyanddozy.com\/de\/produkt\/kissen-koala-grau-samtkissen\/#breadcrumb\",\"itemListElement\":[{\"@type\":\"ListItem\",\"position\":1,\"name\":\"Home\",\"item\":\"https:\/\/cozyanddozy.com\/de\/\"},{\"@type\":\"ListItem\",\"position\":2,\"name\":\"Shop\",\"item\":\"https:\/\/cozyanddozy.com\/de\/shop\/\"},{\"@type\":\"ListItem\",\"position\":3,\"name\":\"Kissen Koala, Grau Samtkissen\"}]},{\"@type\":\"WebSite\",\"@id\":\"https:\/\/cozyanddozy.com\/de\/#website\",\"url\":\"https:\/\/cozyanddozy.com\/de\/\",\"name\":\"Cozy & Dozy\",\"description\":\"\",\"publisher\":{\"@id\":\"https:\/\/cozyanddozy.com\/de\/#organization\"},\"potentialAction\":[{\"@type\":\"SearchAction\",\"target\":{\"@type\":\"EntryPoint\",\"urlTemplate\":\"https:\/\/cozyanddozy.com\/de\/?s={search_term_string}\"},\"query-input\":{\"@type\":\"PropertyValueSpecification\",\"valueRequired\":true,\"valueName\":\"search_term_string\"}}],\"inLanguage\":\"de\"},{\"@type\":\"Organization\",\"@id\":\"https:\/\/cozyanddozy.com\/de\/#organization\",\"name\":\"Cozy & Dozy\",\"url\":\"https:\/\/cozyanddozy.com\/de\/\",\"logo\":{\"@type\":\"ImageObject\",\"inLanguage\":\"de\",\"@id\":\"https:\/\/cozyanddozy.com\/de\/#\/schema\/logo\/image\/\",\"url\":\"https:\/\/cozyanddozy.com\/de\/wp-content\/uploads\/2023\/02\/cozyanddozy_logo_b.png\",\"contentUrl\":\"https:\/\/cozyanddozy.com\/de\/wp-content\/uploads\/2023\/02\/cozyanddozy_logo_b.png\",\"width\":314,\"height\":85,\"caption\":\"Cozy & Dozy\"},\"image\":{\"@id\":\"https:\/\/cozyanddozy.com\/de\/#\/schema\/logo\/image\/\"}}]}<\/script>\n<meta property=\"product:price:amount\" content=\"29.00\" \/>\n<meta property=\"product:price:currency\" content=\"EUR\" \/>\n<meta property=\"og:availability\" content=\"instock\" \/>\n<meta property=\"product:availability\" content=\"instock\" \/>\n<meta property=\"product:retailer_item_id\" content=\"5902701495855\" \/>\n<meta property=\"product:condition\" content=\"new\" \/>\n<!-- \/ Yoast SEO Premium plugin. -->","yoast_head_json":{"title":"Kissen Koala, Grau Samtkissen - Cozy & Dozy","description":"Ein gem\u00fctliches und gro\u00dfes dekoratives Koala-Kissen aus zartem Samt.","robots":{"index":"index","follow":"follow","max-snippet":"max-snippet:-1","max-image-preview":"max-image-preview:large","max-video-preview":"max-video-preview:-1"},"canonical":"https:\/\/cozyanddozy.com\/de\/produkt\/kissen-koala-grau-samtkissen\/","og_locale":"de_DE","og_type":"article","og_title":"Kissen Koala, Grau Samtkissen","og_description":"Ein gem\u00fctliches und gro\u00dfes dekoratives Koala-Kissen aus zartem Samt.","og_url":"https:\/\/cozyanddozy.com\/de\/produkt\/kissen-koala-grau-samtkissen\/","og_site_name":"Cozy &amp; Dozy","article_modified_time":"2025-01-29T20:36:35+00:00","og_image":[{"width":1200,"height":1200,"url":"https:\/\/cozyanddozy.com\/de\/wp-content\/uploads\/2023\/02\/12.jpg","type":"image\/jpeg"}],"twitter_card":"summary_large_image","twitter_misc":{"Preis":"29,00&nbsp;&euro;","Verf\u00fcgbarkeit":"Auf Lager"},"schema":{"@context":"https:\/\/schema.org","@graph":[{"@type":"WebPage","@id":"https:\/\/cozyanddozy.com\/de\/produkt\/kissen-koala-grau-samtkissen\/","url":"https:\/\/cozyanddozy.com\/de\/produkt\/kissen-koala-grau-samtkissen\/","name":"Kissen Koala, Grau Samtkissen - Cozy & Dozy","isPartOf":{"@id":"https:\/\/cozyanddozy.com\/de\/#website"},"primaryImageOfPage":{"@id":"https:\/\/cozyanddozy.com\/de\/produkt\/kissen-koala-grau-samtkissen\/#primaryimage"},"image":{"@id":"https:\/\/cozyanddozy.com\/de\/produkt\/kissen-koala-grau-samtkissen\/#primaryimage"},"thumbnailUrl":"https:\/\/cozyanddozy.com\/de\/wp-content\/uploads\/2023\/02\/12.jpg","datePublished":"2022-01-29T15:23:37+00:00","dateModified":"2025-01-29T20:36:35+00:00","description":"Ein gem\u00fctliches und gro\u00dfes dekoratives Koala-Kissen aus zartem Samt.","breadcrumb":{"@id":"https:\/\/cozyanddozy.com\/de\/produkt\/kissen-koala-grau-samtkissen\/#breadcrumb"},"inLanguage":"de","potentialAction":[{"@type":"ReadAction","target":["https:\/\/cozyanddozy.com\/de\/produkt\/kissen-koala-grau-samtkissen\/"]}]},{"@type":"ImageObject","inLanguage":"de","@id":"https:\/\/cozyanddozy.com\/de\/produkt\/kissen-koala-grau-samtkissen\/#primaryimage","url":"https:\/\/cozyanddozy.com\/de\/wp-content\/uploads\/2023\/02\/12.jpg","contentUrl":"https:\/\/cozyanddozy.com\/de\/wp-content\/uploads\/2023\/02\/12.jpg","width":1200,"height":1200},{"@type":"BreadcrumbList","@id":"https:\/\/cozyanddozy.com\/de\/produkt\/kissen-koala-grau-samtkissen\/#breadcrumb","itemListElement":[{"@type":"ListItem","position":1,"name":"Home","item":"https:\/\/cozyanddozy.com\/de\/"},{"@type":"ListItem","position":2,"name":"Shop","item":"https:\/\/cozyanddozy.com\/de\/shop\/"},{"@type":"ListItem","position":3,"name":"Kissen Koala, Grau Samtkissen"}]},{"@type":"WebSite","@id":"https:\/\/cozyanddozy.com\/de\/#website","url":"https:\/\/cozyanddozy.com\/de\/","name":"Cozy & Dozy","description":"","publisher":{"@id":"https:\/\/cozyanddozy.com\/de\/#organization"},"potentialAction":[{"@type":"SearchAction","target":{"@type":"EntryPoint","urlTemplate":"https:\/\/cozyanddozy.com\/de\/?s={search_term_string}"},"query-input":{"@type":"PropertyValueSpecification","valueRequired":true,"valueName":"search_term_string"}}],"inLanguage":"de"},{"@type":"Organization","@id":"https:\/\/cozyanddozy.com\/de\/#organization","name":"Cozy & Dozy","url":"https:\/\/cozyanddozy.com\/de\/","logo":{"@type":"ImageObject","inLanguage":"de","@id":"https:\/\/cozyanddozy.com\/de\/#\/schema\/logo\/image\/","url":"https:\/\/cozyanddozy.com\/de\/wp-content\/uploads\/2023\/02\/cozyanddozy_logo_b.png","contentUrl":"https:\/\/cozyanddozy.com\/de\/wp-content\/uploads\/2023\/02\/cozyanddozy_logo_b.png","width":314,"height":85,"caption":"Cozy & Dozy"},"image":{"@id":"https:\/\/cozyanddozy.com\/de\/#\/schema\/logo\/image\/"}}]},"product_price_amount":"29.00","product_price_currency":"EUR","og_availability":"instock","product_availability":"instock","product_retailer_item_id":"5902701495855","product_condition":"new"},"_links":{"self":[{"href":"https:\/\/cozyanddozy.com\/de\/wp-json\/wp\/v2\/product\/1297","targetHints":{"allow":["GET"]}}],"collection":[{"href":"https:\/\/cozyanddozy.com\/de\/wp-json\/wp\/v2\/product"}],"about":[{"href":"https:\/\/cozyanddozy.com\/de\/wp-json\/wp\/v2\/types\/product"}],"replies":[{"embeddable":true,"href":"https:\/\/cozyanddozy.com\/de\/wp-json\/wp\/v2\/comments?post=1297"}],"wp:featuredmedia":[{"embeddable":true,"href":"https:\/\/cozyanddozy.com\/de\/wp-json\/wp\/v2\/media\/548"}],"wp:attachment":[{"href":"https:\/\/cozyanddozy.com\/de\/wp-json\/wp\/v2\/media?parent=1297"}],"wp:term":[{"taxonomy":"product_brand","embeddable":true,"href":"https:\/\/cozyanddozy.com\/de\/wp-json\/wp\/v2\/product_brand?post=1297"},{"taxonomy":"product_cat","embeddable":true,"href":"https:\/\/cozyanddozy.com\/de\/wp-json\/wp\/v2\/product_cat?post=1297"},{"taxonomy":"product_tag","embeddable":true,"href":"https:\/\/cozyanddozy.com\/de\/wp-json\/wp\/v2\/product_tag?post=1297"}],"curies":[{"name":"wp","href":"https:\/\/api.w.org\/{rel}","templated":true}]}}