{"id":1291,"date":"2022-01-13T11:21:46","date_gmt":"2022-01-13T10:21:46","guid":{"rendered":"https:\/\/cozyanddozy.com\/de\/product\/girlande-candy-green-wimpelkette\/"},"modified":"2023-11-08T16:01:05","modified_gmt":"2023-11-08T15:01:05","slug":"girlande-candy-green-wimpelkette","status":"publish","type":"product","link":"https:\/\/cozyanddozy.com\/de\/produkt\/girlande-candy-green-wimpelkette\/","title":{"rendered":"Girlande Candy Green, Wimpelkette"},"content":{"rendered":"<p style=\"text-align: left;\"><strong>Gr\u00e2ce \u00e0 Cozy &amp; Dozy, la magie s&#8217;installe chez vous<\/strong><\/p>\n<p>Nous associons le cirque \u00e0 un lieu o\u00f9 il n&#8217;y a pas de limites et o\u00f9 tout est possible.<\/p>\n<p>Et aussi avec des personnes pour qui la foi en leurs capacit\u00e9s et leur travail assidu sont les plus importants. <strong>Nous essayons \u00e9galement d&#8217;enseigner ces valeurs \u00e0 nos enfants, c&#8217;est pourquoi nous avons cr\u00e9\u00e9 la collection Candy &#8211; c&#8217;est pour rappeler aux enfants que le monde leur est ouvert.<\/strong><\/p>\n<p>Lorsqu&#8217;un enfant voit la guirlande bicolore Candy Green, il pense imm\u00e9diatement \u00e0 une belle ar\u00e8ne de cirque color\u00e9e. La salle commence \u00e0 prendre des couleurs, et son imagination lui donne des sc\u00e8nes d&#8217;acrobaties de cirque \u00e9tonnantes ou de tours de magie. Par cons\u00e9quent, nous sommes s\u00fbrs que la guirlande peut \u00eatre un point de d\u00e9part pour les id\u00e9es des enfants pour s&#8217;amuser et passer du temps libre. Gr\u00e2ce \u00e0 lui, les enfants peuvent plonger dans le monde de la fantaisie et des possibilit\u00e9s illimit\u00e9es pendant de longues heures.<\/p>\n<p>La guirlande Candy Green sera parfaite en d\u00e9coration pour une chambre d&#8217;enfant, une salle de jeux, un anniversaire ou une s\u00e9ance photo. Il ajoutera un caract\u00e8re magique \u00e0 l&#8217;int\u00e9rieur et soulignera la force de l&#8217;originalit\u00e9.<\/p>\n<p>De plus, la guirlande a \u00e9t\u00e9 r\u00e9alis\u00e9e dans notre atelier du d\u00e9but \u00e0 la fin. Par cons\u00e9quent, nous pouvons garantir que votre enfant recevra un cadeau unique et irrempla\u00e7able. Le nouvel ornement attirera s\u00fbrement son attention et sera un plaisir. Les enfants aiment aussi montrer des cadeaux \u00e0 leurs amis, et notre guirlande suscitera s\u00fbrement leur int\u00e9r\u00eat.<\/p>\n<p>La s\u00e9curit\u00e9 des enfants est notre premi\u00e8re priorit\u00e9, c&#8217;est pourquoi la guirlande est fabriqu\u00e9e en 100 % coton de la plus haute qualit\u00e9. Ce mat\u00e9riau est certifi\u00e9 , CE, ce qui signifie qu&#8217;il convient m\u00eame aux peaux sensibles &#8211; il ne provoque pas d&#8217;allergies ni d&#8217;irritations. Ainsi, vous pouvez donner \u00e0 votre enfant notre produit sans aucun souci.<\/p>\n<p>Votre enfant aime un monde de cirque de conte de f\u00e9es ?<\/p>\n<p>Alors, nous vous invitons \u00e0 vous familiariser avec la tente tipi de la collection Candy. Gr\u00e2ce \u00e0 lui, vous cr\u00e9erez une aire de jeux color\u00e9e et s\u00e9curis\u00e9e pour votre enfant, o\u00f9 il passera s\u00fbrement de longues heures.<\/p>\n<p><strong>De plus, nous voulons que chacun trouve le produit parfait dans notre magasin, c&#8217;est pourquoi vous trouverez notre collection Candy en trois autres couleurs &#8211; rouge, rose et gris.<\/strong><\/p>\n<p>Dimensions:<\/p>\n<p>* Length: cotton string \u2013 160 cm<\/p>\n<p>* The size of the pennant: 14 x 11 cm<\/p>\n<p>Composition:<\/p>\n<p>* Decoration: 100% cotton ( certificate, CE)<\/p>\n<p>* String: 100% cotton<\/p>\n<p>Washing:<\/p>\n<p>* Decorations can be washed at 40 degrees,<\/p>\n<p>* Spin \u2013 800 revolutions,<\/p>\n<p>* Do not dry clean, do not bleach<\/p>\n<p>* Dry on a flat surface.<\/p>\n","protected":false},"excerpt":{"rendered":"<p>Immer \u00f6fter sehen wir sch\u00f6ne Girlanden in Kinderzimmern und es \u00fcberrascht uns \u00fcberhaupt nicht! Girlanden sind zarte Dekorationen, die wie eine Kirsche auf einem Kuchen sind \u2013 sie schaffen eine magische Atmosph\u00e4re des Innenraums. Und dank der Candy Green Girlande f\u00fchlt sich Ihr Kind wie der Star der Zirkusszene.<\/p>\n","protected":false},"featured_media":529,"comment_status":"open","ping_status":"closed","template":"","meta":[],"product_brand":[],"product_cat":[72],"product_tag":[],"class_list":{"0":"post-1291","1":"product","2":"type-product","3":"status-publish","4":"has-post-thumbnail","6":"product_cat-zubehoer","8":"first","9":"instock","10":"shipping-taxable","11":"product-type-simple"},"yoast_head":"<!-- This site is optimized with the Yoast SEO Premium plugin v21.9 (Yoast SEO v27.0) - https:\/\/yoast.com\/product\/yoast-seo-premium-wordpress\/ -->\n<title>Girlande Candy Green, Wimpelkette - Cozy &amp; Dozy<\/title>\n<meta name=\"description\" content=\"Immer \u00f6fter sehen wir sch\u00f6ne Girlanden in Kinderzimmern und es \u00fcberrascht uns \u00fcberhaupt nicht! Girlanden sind zarte Dekorationen, die wie eine Kirsche auf einem Kuchen sind \u2013 sie schaffen eine magische Atmosph\u00e4re des Innenraums. Und dank der Candy Green Girlande f\u00fchlt sich Ihr Kind wie der Star der Zirkusszene.\" \/>\n<meta name=\"robots\" content=\"index, follow, max-snippet:-1, max-image-preview:large, max-video-preview:-1\" \/>\n<link rel=\"canonical\" href=\"https:\/\/cozyanddozy.com\/de\/produkt\/girlande-candy-green-wimpelkette\/\" \/>\n<meta property=\"og:locale\" content=\"de_DE\" \/>\n<meta property=\"og:type\" content=\"article\" \/>\n<meta property=\"og:title\" content=\"Girlande Candy Green, Wimpelkette\" \/>\n<meta property=\"og:description\" content=\"Immer \u00f6fter sehen wir sch\u00f6ne Girlanden in Kinderzimmern und es \u00fcberrascht uns \u00fcberhaupt nicht! Girlanden sind zarte Dekorationen, die wie eine Kirsche auf einem Kuchen sind \u2013 sie schaffen eine magische Atmosph\u00e4re des Innenraums. Und dank der Candy Green Girlande f\u00fchlt sich Ihr Kind wie der Star der Zirkusszene.\" \/>\n<meta property=\"og:url\" content=\"https:\/\/cozyanddozy.com\/de\/produkt\/girlande-candy-green-wimpelkette\/\" \/>\n<meta property=\"og:site_name\" content=\"Cozy &amp; Dozy\" \/>\n<meta property=\"article:modified_time\" content=\"2023-11-08T15:01:05+00:00\" \/>\n<meta property=\"og:image\" content=\"https:\/\/cozyanddozy.com\/de\/wp-content\/uploads\/2023\/02\/girlanda_candy_green.jpg\" \/>\n\t<meta property=\"og:image:width\" content=\"1200\" \/>\n\t<meta property=\"og:image:height\" content=\"1200\" \/>\n\t<meta property=\"og:image:type\" content=\"image\/jpeg\" \/>\n<meta name=\"twitter:card\" content=\"summary_large_image\" \/>\n<meta name=\"twitter:label1\" content=\"Preis\" \/>\n\t<meta name=\"twitter:data1\" content=\"12,00&nbsp;&euro;\" \/>\n\t<meta name=\"twitter:label2\" content=\"Verf\u00fcgbarkeit\" \/>\n\t<meta name=\"twitter:data2\" content=\"Auf Lager\" \/>\n<script type=\"application\/ld+json\" class=\"yoast-schema-graph\">{\"@context\":\"https:\/\/schema.org\",\"@graph\":[{\"@type\":\"WebPage\",\"@id\":\"https:\/\/cozyanddozy.com\/de\/produkt\/girlande-candy-green-wimpelkette\/\",\"url\":\"https:\/\/cozyanddozy.com\/de\/produkt\/girlande-candy-green-wimpelkette\/\",\"name\":\"Girlande Candy Green, Wimpelkette - Cozy & Dozy\",\"isPartOf\":{\"@id\":\"https:\/\/cozyanddozy.com\/de\/#website\"},\"primaryImageOfPage\":{\"@id\":\"https:\/\/cozyanddozy.com\/de\/produkt\/girlande-candy-green-wimpelkette\/#primaryimage\"},\"image\":{\"@id\":\"https:\/\/cozyanddozy.com\/de\/produkt\/girlande-candy-green-wimpelkette\/#primaryimage\"},\"thumbnailUrl\":\"https:\/\/cozyanddozy.com\/de\/wp-content\/uploads\/2023\/02\/girlanda_candy_green.jpg\",\"datePublished\":\"2022-01-13T10:21:46+00:00\",\"dateModified\":\"2023-11-08T15:01:05+00:00\",\"description\":\"Immer \u00f6fter sehen wir sch\u00f6ne Girlanden in Kinderzimmern und es \u00fcberrascht uns \u00fcberhaupt nicht! Girlanden sind zarte Dekorationen, die wie eine Kirsche auf einem Kuchen sind \u2013 sie schaffen eine magische Atmosph\u00e4re des Innenraums. Und dank der Candy Green Girlande f\u00fchlt sich Ihr Kind wie der Star der Zirkusszene.\",\"breadcrumb\":{\"@id\":\"https:\/\/cozyanddozy.com\/de\/produkt\/girlande-candy-green-wimpelkette\/#breadcrumb\"},\"inLanguage\":\"de\",\"potentialAction\":[{\"@type\":\"ReadAction\",\"target\":[\"https:\/\/cozyanddozy.com\/de\/produkt\/girlande-candy-green-wimpelkette\/\"]}]},{\"@type\":\"ImageObject\",\"inLanguage\":\"de\",\"@id\":\"https:\/\/cozyanddozy.com\/de\/produkt\/girlande-candy-green-wimpelkette\/#primaryimage\",\"url\":\"https:\/\/cozyanddozy.com\/de\/wp-content\/uploads\/2023\/02\/girlanda_candy_green.jpg\",\"contentUrl\":\"https:\/\/cozyanddozy.com\/de\/wp-content\/uploads\/2023\/02\/girlanda_candy_green.jpg\",\"width\":1200,\"height\":1200},{\"@type\":\"BreadcrumbList\",\"@id\":\"https:\/\/cozyanddozy.com\/de\/produkt\/girlande-candy-green-wimpelkette\/#breadcrumb\",\"itemListElement\":[{\"@type\":\"ListItem\",\"position\":1,\"name\":\"Home\",\"item\":\"https:\/\/cozyanddozy.com\/de\/\"},{\"@type\":\"ListItem\",\"position\":2,\"name\":\"Shop\",\"item\":\"https:\/\/cozyanddozy.com\/de\/shop\/\"},{\"@type\":\"ListItem\",\"position\":3,\"name\":\"Girlande Candy Green, Wimpelkette\"}]},{\"@type\":\"WebSite\",\"@id\":\"https:\/\/cozyanddozy.com\/de\/#website\",\"url\":\"https:\/\/cozyanddozy.com\/de\/\",\"name\":\"Cozy & Dozy\",\"description\":\"\",\"publisher\":{\"@id\":\"https:\/\/cozyanddozy.com\/de\/#organization\"},\"potentialAction\":[{\"@type\":\"SearchAction\",\"target\":{\"@type\":\"EntryPoint\",\"urlTemplate\":\"https:\/\/cozyanddozy.com\/de\/?s={search_term_string}\"},\"query-input\":{\"@type\":\"PropertyValueSpecification\",\"valueRequired\":true,\"valueName\":\"search_term_string\"}}],\"inLanguage\":\"de\"},{\"@type\":\"Organization\",\"@id\":\"https:\/\/cozyanddozy.com\/de\/#organization\",\"name\":\"Cozy & Dozy\",\"url\":\"https:\/\/cozyanddozy.com\/de\/\",\"logo\":{\"@type\":\"ImageObject\",\"inLanguage\":\"de\",\"@id\":\"https:\/\/cozyanddozy.com\/de\/#\/schema\/logo\/image\/\",\"url\":\"https:\/\/cozyanddozy.com\/de\/wp-content\/uploads\/2023\/02\/cozyanddozy_logo_b.png\",\"contentUrl\":\"https:\/\/cozyanddozy.com\/de\/wp-content\/uploads\/2023\/02\/cozyanddozy_logo_b.png\",\"width\":314,\"height\":85,\"caption\":\"Cozy & Dozy\"},\"image\":{\"@id\":\"https:\/\/cozyanddozy.com\/de\/#\/schema\/logo\/image\/\"}}]}<\/script>\n<meta property=\"product:price:amount\" content=\"12.00\" \/>\n<meta property=\"product:price:currency\" content=\"EUR\" \/>\n<meta property=\"og:availability\" content=\"instock\" \/>\n<meta property=\"product:availability\" content=\"instock\" \/>\n<meta property=\"product:retailer_item_id\" content=\"5902701495572\" \/>\n<meta property=\"product:condition\" content=\"new\" \/>\n<!-- \/ Yoast SEO Premium plugin. -->","yoast_head_json":{"title":"Girlande Candy Green, Wimpelkette - Cozy & Dozy","description":"Immer \u00f6fter sehen wir sch\u00f6ne Girlanden in Kinderzimmern und es \u00fcberrascht uns \u00fcberhaupt nicht! Girlanden sind zarte Dekorationen, die wie eine Kirsche auf einem Kuchen sind \u2013 sie schaffen eine magische Atmosph\u00e4re des Innenraums. Und dank der Candy Green Girlande f\u00fchlt sich Ihr Kind wie der Star der Zirkusszene.","robots":{"index":"index","follow":"follow","max-snippet":"max-snippet:-1","max-image-preview":"max-image-preview:large","max-video-preview":"max-video-preview:-1"},"canonical":"https:\/\/cozyanddozy.com\/de\/produkt\/girlande-candy-green-wimpelkette\/","og_locale":"de_DE","og_type":"article","og_title":"Girlande Candy Green, Wimpelkette","og_description":"Immer \u00f6fter sehen wir sch\u00f6ne Girlanden in Kinderzimmern und es \u00fcberrascht uns \u00fcberhaupt nicht! Girlanden sind zarte Dekorationen, die wie eine Kirsche auf einem Kuchen sind \u2013 sie schaffen eine magische Atmosph\u00e4re des Innenraums. Und dank der Candy Green Girlande f\u00fchlt sich Ihr Kind wie der Star der Zirkusszene.","og_url":"https:\/\/cozyanddozy.com\/de\/produkt\/girlande-candy-green-wimpelkette\/","og_site_name":"Cozy &amp; Dozy","article_modified_time":"2023-11-08T15:01:05+00:00","og_image":[{"width":1200,"height":1200,"url":"https:\/\/cozyanddozy.com\/de\/wp-content\/uploads\/2023\/02\/girlanda_candy_green.jpg","type":"image\/jpeg"}],"twitter_card":"summary_large_image","twitter_misc":{"Preis":"12,00&nbsp;&euro;","Verf\u00fcgbarkeit":"Auf Lager"},"schema":{"@context":"https:\/\/schema.org","@graph":[{"@type":"WebPage","@id":"https:\/\/cozyanddozy.com\/de\/produkt\/girlande-candy-green-wimpelkette\/","url":"https:\/\/cozyanddozy.com\/de\/produkt\/girlande-candy-green-wimpelkette\/","name":"Girlande Candy Green, Wimpelkette - Cozy & Dozy","isPartOf":{"@id":"https:\/\/cozyanddozy.com\/de\/#website"},"primaryImageOfPage":{"@id":"https:\/\/cozyanddozy.com\/de\/produkt\/girlande-candy-green-wimpelkette\/#primaryimage"},"image":{"@id":"https:\/\/cozyanddozy.com\/de\/produkt\/girlande-candy-green-wimpelkette\/#primaryimage"},"thumbnailUrl":"https:\/\/cozyanddozy.com\/de\/wp-content\/uploads\/2023\/02\/girlanda_candy_green.jpg","datePublished":"2022-01-13T10:21:46+00:00","dateModified":"2023-11-08T15:01:05+00:00","description":"Immer \u00f6fter sehen wir sch\u00f6ne Girlanden in Kinderzimmern und es \u00fcberrascht uns \u00fcberhaupt nicht! Girlanden sind zarte Dekorationen, die wie eine Kirsche auf einem Kuchen sind \u2013 sie schaffen eine magische Atmosph\u00e4re des Innenraums. Und dank der Candy Green Girlande f\u00fchlt sich Ihr Kind wie der Star der Zirkusszene.","breadcrumb":{"@id":"https:\/\/cozyanddozy.com\/de\/produkt\/girlande-candy-green-wimpelkette\/#breadcrumb"},"inLanguage":"de","potentialAction":[{"@type":"ReadAction","target":["https:\/\/cozyanddozy.com\/de\/produkt\/girlande-candy-green-wimpelkette\/"]}]},{"@type":"ImageObject","inLanguage":"de","@id":"https:\/\/cozyanddozy.com\/de\/produkt\/girlande-candy-green-wimpelkette\/#primaryimage","url":"https:\/\/cozyanddozy.com\/de\/wp-content\/uploads\/2023\/02\/girlanda_candy_green.jpg","contentUrl":"https:\/\/cozyanddozy.com\/de\/wp-content\/uploads\/2023\/02\/girlanda_candy_green.jpg","width":1200,"height":1200},{"@type":"BreadcrumbList","@id":"https:\/\/cozyanddozy.com\/de\/produkt\/girlande-candy-green-wimpelkette\/#breadcrumb","itemListElement":[{"@type":"ListItem","position":1,"name":"Home","item":"https:\/\/cozyanddozy.com\/de\/"},{"@type":"ListItem","position":2,"name":"Shop","item":"https:\/\/cozyanddozy.com\/de\/shop\/"},{"@type":"ListItem","position":3,"name":"Girlande Candy Green, Wimpelkette"}]},{"@type":"WebSite","@id":"https:\/\/cozyanddozy.com\/de\/#website","url":"https:\/\/cozyanddozy.com\/de\/","name":"Cozy & Dozy","description":"","publisher":{"@id":"https:\/\/cozyanddozy.com\/de\/#organization"},"potentialAction":[{"@type":"SearchAction","target":{"@type":"EntryPoint","urlTemplate":"https:\/\/cozyanddozy.com\/de\/?s={search_term_string}"},"query-input":{"@type":"PropertyValueSpecification","valueRequired":true,"valueName":"search_term_string"}}],"inLanguage":"de"},{"@type":"Organization","@id":"https:\/\/cozyanddozy.com\/de\/#organization","name":"Cozy & Dozy","url":"https:\/\/cozyanddozy.com\/de\/","logo":{"@type":"ImageObject","inLanguage":"de","@id":"https:\/\/cozyanddozy.com\/de\/#\/schema\/logo\/image\/","url":"https:\/\/cozyanddozy.com\/de\/wp-content\/uploads\/2023\/02\/cozyanddozy_logo_b.png","contentUrl":"https:\/\/cozyanddozy.com\/de\/wp-content\/uploads\/2023\/02\/cozyanddozy_logo_b.png","width":314,"height":85,"caption":"Cozy & Dozy"},"image":{"@id":"https:\/\/cozyanddozy.com\/de\/#\/schema\/logo\/image\/"}}]},"product_price_amount":"12.00","product_price_currency":"EUR","og_availability":"instock","product_availability":"instock","product_retailer_item_id":"5902701495572","product_condition":"new"},"_links":{"self":[{"href":"https:\/\/cozyanddozy.com\/de\/wp-json\/wp\/v2\/product\/1291","targetHints":{"allow":["GET"]}}],"collection":[{"href":"https:\/\/cozyanddozy.com\/de\/wp-json\/wp\/v2\/product"}],"about":[{"href":"https:\/\/cozyanddozy.com\/de\/wp-json\/wp\/v2\/types\/product"}],"replies":[{"embeddable":true,"href":"https:\/\/cozyanddozy.com\/de\/wp-json\/wp\/v2\/comments?post=1291"}],"wp:featuredmedia":[{"embeddable":true,"href":"https:\/\/cozyanddozy.com\/de\/wp-json\/wp\/v2\/media\/529"}],"wp:attachment":[{"href":"https:\/\/cozyanddozy.com\/de\/wp-json\/wp\/v2\/media?parent=1291"}],"wp:term":[{"taxonomy":"product_brand","embeddable":true,"href":"https:\/\/cozyanddozy.com\/de\/wp-json\/wp\/v2\/product_brand?post=1291"},{"taxonomy":"product_cat","embeddable":true,"href":"https:\/\/cozyanddozy.com\/de\/wp-json\/wp\/v2\/product_cat?post=1291"},{"taxonomy":"product_tag","embeddable":true,"href":"https:\/\/cozyanddozy.com\/de\/wp-json\/wp\/v2\/product_tag?post=1291"}],"curies":[{"name":"wp","href":"https:\/\/api.w.org\/{rel}","templated":true}]}}