{"id":1290,"date":"2022-01-13T10:56:22","date_gmt":"2022-01-13T09:56:22","guid":{"rendered":"https:\/\/cozyanddozy.com\/de\/product\/wimpelkette-candy-pink-girlande\/"},"modified":"2025-01-29T21:38:18","modified_gmt":"2025-01-29T20:38:18","slug":"wimpelkette-candy-pink-girlande","status":"publish","type":"product","link":"https:\/\/cozyanddozy.com\/de\/produkt\/wimpelkette-candy-pink-girlande\/","title":{"rendered":"Wimpelkette Candy Pink, Girlande"},"content":{"rendered":"<p><strong>Dank Cozy &amp; Dozy kommt die Magie zu Ihnen nach Hause<\/strong><\/p>\n<p>Wir verbinden den Zirkus mit einem Ort, an dem es keine Grenzen gibt und alles m\u00f6glich ist. Und auch mit Menschen, denen das Vertrauen in ihre F\u00e4higkeiten und flei\u00dfige Arbeit am wichtigsten sind. <strong>Wir versuchen auch, unseren Kindern diese Werte beizubringen, weshalb wir die Candy-Kollektion geschaffen haben \u2013 sie soll Kinder daran erinnern, dass ihnen die Welt offen steht.<\/strong><\/p>\n<p>Wenn ein Kind die zweifarbige Candy Pink Girlande sieht, denkt es sofort an eine sch\u00f6ne, bunte Zirkusarena. Der Raum nimmt Farbe an, und seine Fantasie beschert ihm Szenen erstaunlicher Zirkusakrobatik oder Zaubertricks. Daher sind wir sicher, dass die Girlande ein Ausgangspunkt f\u00fcr Kinderideen zum Spa\u00df und zur Freizeitgestaltung sein kann. Dank ihm k\u00f6nnen Kinder stundenlang in die Welt der Fantasie und unbegrenzten M\u00f6glichkeiten eintauchen.<\/p>\n<p><strong>Die Candy Pink Wimpelkette eignet sich perfekt als Dekoration f\u00fcr ein Kinderzimmer, ein Spielzimmer, eine Geburtstagsfeier oder eine Fotosession. Es wird dem Interieur einen magischen Charakter verleihen und die St\u00e4rke der Originalit\u00e4t betonen.<\/strong><\/p>\n<p>Au\u00dferdem wurde die Girlande von Anfang bis Ende in unserem Studio hergestellt. Daher k\u00f6nnen wir garantieren, dass Ihr Kind ein einzigartiges und unwiederholbares Geschenk erh\u00e4lt. Das neue Schmuckst\u00fcck wird sicherlich seine Aufmerksamkeit erregen und ihm Freude bereiten. Kinder zeigen ihren Freunden auch gerne Geschenke, und unsere Girlande wird sicherlich ihr Interesse wecken.<\/p>\n<p>&nbsp;<\/p>\n<p>Die Sicherheit der Kinder hat f\u00fcr uns oberste Priorit\u00e4t, weshalb die Wimpelkette aus 100 % Baumwolle h\u00f6chster Qualit\u00e4t hergestellt wird. Dieses Material ist , CE-zertifiziert, was bedeutet, dass es auch f\u00fcr empfindliche Haut freundlich ist &#8211; es verursacht keine Allergien und Reizungen. So k\u00f6nnen Sie Ihrem Kind unbesorgt unser Produkt geben.<\/p>\n<p>Ihr Kind liebt eine m\u00e4rchenhafte Zirkuswelt?<\/p>\n<p>Wir laden Sie also ein, sich mit dem Tipi-Zelt aus der Candy-Kollektion vertraut zu machen. Dadurch schaffen Sie einen farbenfrohen und sicheren Spielbereich f\u00fcr Ihr Kind, wo es sicherlich viele Stunden verbringen wird.<\/p>\n<p><strong>Dar\u00fcber hinaus m\u00f6chten wir, dass jeder das perfekte Produkt in unserem Shop findet, weshalb Sie unsere Candy-Kollektion in drei weiteren Farben finden &#8211; rot, gr\u00fcn und grau.<\/strong><\/p>\n<p>Ma\u00dfe:<\/p>\n<ul>\n<li>L\u00e4nge: Baumwollschnur &#8211; 160 cm<\/li>\n<li><span style=\"color: #555555;\">Die Gr\u00f6\u00dfe des Wimpels: 14 x 11 cm<\/span><\/li>\n<\/ul>\n<p>Komposition:<\/p>\n<ul>\n<li>Dekoration: 100 % ( Zertifikat, CE)<\/li>\n<li><span style=\"color: #555555;\">Schnur: 100 % Baumwolle<\/span><\/li>\n<\/ul>\n<p>Waschen:<\/p>\n<ul>\n<li>Dekorationen k\u00f6nnen bei 40 Grad gewaschen werden,<\/li>\n<li><span style=\"color: #555555;\">Spin &#8211; 800 Umdrehungen,<\/span><\/li>\n<li><span style=\"color: #555555;\">Nicht chemisch reinigen, nicht bleichen<\/span><\/li>\n<li><span style=\"color: #555555;\">Auf einer ebenen Fl\u00e4che trocknen.<\/span><\/li>\n<\/ul>\n","protected":false},"excerpt":{"rendered":"<p>Immer \u00f6fter sehen wir sch\u00f6ne Girlanden in Kinderzimmern und es \u00fcberrascht uns \u00fcberhaupt nicht! Girlanden sind zarte Dekorationen, die wie eine Kirsche auf einem Kuchen sind &#8211; sie schaffen eine magische Atmosph\u00e4re des Innenraums. Und dank der Candy Pink Girlande f\u00fchlt sich Ihr Kind wie der Star der Zirkusszene.<\/p>\n","protected":false},"featured_media":525,"comment_status":"open","ping_status":"closed","template":"","meta":[],"product_brand":[],"product_cat":[72],"product_tag":[],"class_list":{"0":"post-1290","1":"product","2":"type-product","3":"status-publish","4":"has-post-thumbnail","6":"product_cat-zubehoer","8":"first","9":"instock","10":"sale","11":"shipping-taxable","12":"product-type-simple"},"yoast_head":"<!-- This site is optimized with the Yoast SEO Premium plugin v21.9 (Yoast SEO v27.0) - https:\/\/yoast.com\/product\/yoast-seo-premium-wordpress\/ -->\n<title>Wimpelkette Candy Pink, Girlande - Cozy &amp; Dozy<\/title>\n<meta name=\"description\" content=\"Immer \u00f6fter sehen wir sch\u00f6ne Girlanden in Kinderzimmern und es \u00fcberrascht uns \u00fcberhaupt nicht! Girlanden sind zarte Dekorationen, die wie eine Kirsche auf einem Kuchen sind - sie schaffen eine magische Atmosph\u00e4re des Innenraums. Und dank der Candy Pink Girlande f\u00fchlt sich Ihr Kind wie der Star der Zirkusszene.\" \/>\n<meta name=\"robots\" content=\"index, follow, max-snippet:-1, max-image-preview:large, max-video-preview:-1\" \/>\n<link rel=\"canonical\" href=\"https:\/\/cozyanddozy.com\/de\/produkt\/wimpelkette-candy-pink-girlande\/\" \/>\n<meta property=\"og:locale\" content=\"de_DE\" \/>\n<meta property=\"og:type\" content=\"article\" \/>\n<meta property=\"og:title\" content=\"Wimpelkette Candy Pink, Girlande\" \/>\n<meta property=\"og:description\" content=\"Immer \u00f6fter sehen wir sch\u00f6ne Girlanden in Kinderzimmern und es \u00fcberrascht uns \u00fcberhaupt nicht! Girlanden sind zarte Dekorationen, die wie eine Kirsche auf einem Kuchen sind - sie schaffen eine magische Atmosph\u00e4re des Innenraums. Und dank der Candy Pink Girlande f\u00fchlt sich Ihr Kind wie der Star der Zirkusszene.\" \/>\n<meta property=\"og:url\" content=\"https:\/\/cozyanddozy.com\/de\/produkt\/wimpelkette-candy-pink-girlande\/\" \/>\n<meta property=\"og:site_name\" content=\"Cozy &amp; Dozy\" \/>\n<meta property=\"article:modified_time\" content=\"2025-01-29T20:38:18+00:00\" \/>\n<meta property=\"og:image\" content=\"https:\/\/cozyanddozy.com\/de\/wp-content\/uploads\/2023\/02\/girlanda_candy_pink.jpg\" \/>\n\t<meta property=\"og:image:width\" content=\"1200\" \/>\n\t<meta property=\"og:image:height\" content=\"1200\" \/>\n\t<meta property=\"og:image:type\" content=\"image\/jpeg\" \/>\n<meta name=\"twitter:card\" content=\"summary_large_image\" \/>\n<meta name=\"twitter:label1\" content=\"Preis\" \/>\n\t<meta name=\"twitter:data1\" content=\"9,00&nbsp;&euro;\" \/>\n\t<meta name=\"twitter:label2\" content=\"Verf\u00fcgbarkeit\" \/>\n\t<meta name=\"twitter:data2\" content=\"Auf Lager\" \/>\n<script type=\"application\/ld+json\" class=\"yoast-schema-graph\">{\"@context\":\"https:\/\/schema.org\",\"@graph\":[{\"@type\":\"WebPage\",\"@id\":\"https:\/\/cozyanddozy.com\/de\/produkt\/wimpelkette-candy-pink-girlande\/\",\"url\":\"https:\/\/cozyanddozy.com\/de\/produkt\/wimpelkette-candy-pink-girlande\/\",\"name\":\"Wimpelkette Candy Pink, Girlande - Cozy & Dozy\",\"isPartOf\":{\"@id\":\"https:\/\/cozyanddozy.com\/de\/#website\"},\"primaryImageOfPage\":{\"@id\":\"https:\/\/cozyanddozy.com\/de\/produkt\/wimpelkette-candy-pink-girlande\/#primaryimage\"},\"image\":{\"@id\":\"https:\/\/cozyanddozy.com\/de\/produkt\/wimpelkette-candy-pink-girlande\/#primaryimage\"},\"thumbnailUrl\":\"https:\/\/cozyanddozy.com\/de\/wp-content\/uploads\/2023\/02\/girlanda_candy_pink.jpg\",\"datePublished\":\"2022-01-13T09:56:22+00:00\",\"dateModified\":\"2025-01-29T20:38:18+00:00\",\"description\":\"Immer \u00f6fter sehen wir sch\u00f6ne Girlanden in Kinderzimmern und es \u00fcberrascht uns \u00fcberhaupt nicht! Girlanden sind zarte Dekorationen, die wie eine Kirsche auf einem Kuchen sind - sie schaffen eine magische Atmosph\u00e4re des Innenraums. Und dank der Candy Pink Girlande f\u00fchlt sich Ihr Kind wie der Star der Zirkusszene.\",\"breadcrumb\":{\"@id\":\"https:\/\/cozyanddozy.com\/de\/produkt\/wimpelkette-candy-pink-girlande\/#breadcrumb\"},\"inLanguage\":\"de\",\"potentialAction\":[{\"@type\":\"ReadAction\",\"target\":[\"https:\/\/cozyanddozy.com\/de\/produkt\/wimpelkette-candy-pink-girlande\/\"]}]},{\"@type\":\"ImageObject\",\"inLanguage\":\"de\",\"@id\":\"https:\/\/cozyanddozy.com\/de\/produkt\/wimpelkette-candy-pink-girlande\/#primaryimage\",\"url\":\"https:\/\/cozyanddozy.com\/de\/wp-content\/uploads\/2023\/02\/girlanda_candy_pink.jpg\",\"contentUrl\":\"https:\/\/cozyanddozy.com\/de\/wp-content\/uploads\/2023\/02\/girlanda_candy_pink.jpg\",\"width\":1200,\"height\":1200},{\"@type\":\"BreadcrumbList\",\"@id\":\"https:\/\/cozyanddozy.com\/de\/produkt\/wimpelkette-candy-pink-girlande\/#breadcrumb\",\"itemListElement\":[{\"@type\":\"ListItem\",\"position\":1,\"name\":\"Home\",\"item\":\"https:\/\/cozyanddozy.com\/de\/\"},{\"@type\":\"ListItem\",\"position\":2,\"name\":\"Shop\",\"item\":\"https:\/\/cozyanddozy.com\/de\/shop\/\"},{\"@type\":\"ListItem\",\"position\":3,\"name\":\"Wimpelkette Candy Pink, Girlande\"}]},{\"@type\":\"WebSite\",\"@id\":\"https:\/\/cozyanddozy.com\/de\/#website\",\"url\":\"https:\/\/cozyanddozy.com\/de\/\",\"name\":\"Cozy & Dozy\",\"description\":\"\",\"publisher\":{\"@id\":\"https:\/\/cozyanddozy.com\/de\/#organization\"},\"potentialAction\":[{\"@type\":\"SearchAction\",\"target\":{\"@type\":\"EntryPoint\",\"urlTemplate\":\"https:\/\/cozyanddozy.com\/de\/?s={search_term_string}\"},\"query-input\":{\"@type\":\"PropertyValueSpecification\",\"valueRequired\":true,\"valueName\":\"search_term_string\"}}],\"inLanguage\":\"de\"},{\"@type\":\"Organization\",\"@id\":\"https:\/\/cozyanddozy.com\/de\/#organization\",\"name\":\"Cozy & Dozy\",\"url\":\"https:\/\/cozyanddozy.com\/de\/\",\"logo\":{\"@type\":\"ImageObject\",\"inLanguage\":\"de\",\"@id\":\"https:\/\/cozyanddozy.com\/de\/#\/schema\/logo\/image\/\",\"url\":\"https:\/\/cozyanddozy.com\/de\/wp-content\/uploads\/2023\/02\/cozyanddozy_logo_b.png\",\"contentUrl\":\"https:\/\/cozyanddozy.com\/de\/wp-content\/uploads\/2023\/02\/cozyanddozy_logo_b.png\",\"width\":314,\"height\":85,\"caption\":\"Cozy & Dozy\"},\"image\":{\"@id\":\"https:\/\/cozyanddozy.com\/de\/#\/schema\/logo\/image\/\"}}]}<\/script>\n<meta property=\"product:price:amount\" content=\"9.00\" \/>\n<meta property=\"product:price:currency\" content=\"EUR\" \/>\n<meta property=\"og:availability\" content=\"instock\" \/>\n<meta property=\"product:availability\" content=\"instock\" \/>\n<meta property=\"product:retailer_item_id\" content=\"5902701495565\" \/>\n<meta property=\"product:condition\" content=\"new\" \/>\n<!-- \/ Yoast SEO Premium plugin. -->","yoast_head_json":{"title":"Wimpelkette Candy Pink, Girlande - Cozy & Dozy","description":"Immer \u00f6fter sehen wir sch\u00f6ne Girlanden in Kinderzimmern und es \u00fcberrascht uns \u00fcberhaupt nicht! Girlanden sind zarte Dekorationen, die wie eine Kirsche auf einem Kuchen sind - sie schaffen eine magische Atmosph\u00e4re des Innenraums. Und dank der Candy Pink Girlande f\u00fchlt sich Ihr Kind wie der Star der Zirkusszene.","robots":{"index":"index","follow":"follow","max-snippet":"max-snippet:-1","max-image-preview":"max-image-preview:large","max-video-preview":"max-video-preview:-1"},"canonical":"https:\/\/cozyanddozy.com\/de\/produkt\/wimpelkette-candy-pink-girlande\/","og_locale":"de_DE","og_type":"article","og_title":"Wimpelkette Candy Pink, Girlande","og_description":"Immer \u00f6fter sehen wir sch\u00f6ne Girlanden in Kinderzimmern und es \u00fcberrascht uns \u00fcberhaupt nicht! Girlanden sind zarte Dekorationen, die wie eine Kirsche auf einem Kuchen sind - sie schaffen eine magische Atmosph\u00e4re des Innenraums. Und dank der Candy Pink Girlande f\u00fchlt sich Ihr Kind wie der Star der Zirkusszene.","og_url":"https:\/\/cozyanddozy.com\/de\/produkt\/wimpelkette-candy-pink-girlande\/","og_site_name":"Cozy &amp; Dozy","article_modified_time":"2025-01-29T20:38:18+00:00","og_image":[{"width":1200,"height":1200,"url":"https:\/\/cozyanddozy.com\/de\/wp-content\/uploads\/2023\/02\/girlanda_candy_pink.jpg","type":"image\/jpeg"}],"twitter_card":"summary_large_image","twitter_misc":{"Preis":"9,00&nbsp;&euro;","Verf\u00fcgbarkeit":"Auf Lager"},"schema":{"@context":"https:\/\/schema.org","@graph":[{"@type":"WebPage","@id":"https:\/\/cozyanddozy.com\/de\/produkt\/wimpelkette-candy-pink-girlande\/","url":"https:\/\/cozyanddozy.com\/de\/produkt\/wimpelkette-candy-pink-girlande\/","name":"Wimpelkette Candy Pink, Girlande - Cozy & Dozy","isPartOf":{"@id":"https:\/\/cozyanddozy.com\/de\/#website"},"primaryImageOfPage":{"@id":"https:\/\/cozyanddozy.com\/de\/produkt\/wimpelkette-candy-pink-girlande\/#primaryimage"},"image":{"@id":"https:\/\/cozyanddozy.com\/de\/produkt\/wimpelkette-candy-pink-girlande\/#primaryimage"},"thumbnailUrl":"https:\/\/cozyanddozy.com\/de\/wp-content\/uploads\/2023\/02\/girlanda_candy_pink.jpg","datePublished":"2022-01-13T09:56:22+00:00","dateModified":"2025-01-29T20:38:18+00:00","description":"Immer \u00f6fter sehen wir sch\u00f6ne Girlanden in Kinderzimmern und es \u00fcberrascht uns \u00fcberhaupt nicht! Girlanden sind zarte Dekorationen, die wie eine Kirsche auf einem Kuchen sind - sie schaffen eine magische Atmosph\u00e4re des Innenraums. Und dank der Candy Pink Girlande f\u00fchlt sich Ihr Kind wie der Star der Zirkusszene.","breadcrumb":{"@id":"https:\/\/cozyanddozy.com\/de\/produkt\/wimpelkette-candy-pink-girlande\/#breadcrumb"},"inLanguage":"de","potentialAction":[{"@type":"ReadAction","target":["https:\/\/cozyanddozy.com\/de\/produkt\/wimpelkette-candy-pink-girlande\/"]}]},{"@type":"ImageObject","inLanguage":"de","@id":"https:\/\/cozyanddozy.com\/de\/produkt\/wimpelkette-candy-pink-girlande\/#primaryimage","url":"https:\/\/cozyanddozy.com\/de\/wp-content\/uploads\/2023\/02\/girlanda_candy_pink.jpg","contentUrl":"https:\/\/cozyanddozy.com\/de\/wp-content\/uploads\/2023\/02\/girlanda_candy_pink.jpg","width":1200,"height":1200},{"@type":"BreadcrumbList","@id":"https:\/\/cozyanddozy.com\/de\/produkt\/wimpelkette-candy-pink-girlande\/#breadcrumb","itemListElement":[{"@type":"ListItem","position":1,"name":"Home","item":"https:\/\/cozyanddozy.com\/de\/"},{"@type":"ListItem","position":2,"name":"Shop","item":"https:\/\/cozyanddozy.com\/de\/shop\/"},{"@type":"ListItem","position":3,"name":"Wimpelkette Candy Pink, Girlande"}]},{"@type":"WebSite","@id":"https:\/\/cozyanddozy.com\/de\/#website","url":"https:\/\/cozyanddozy.com\/de\/","name":"Cozy & Dozy","description":"","publisher":{"@id":"https:\/\/cozyanddozy.com\/de\/#organization"},"potentialAction":[{"@type":"SearchAction","target":{"@type":"EntryPoint","urlTemplate":"https:\/\/cozyanddozy.com\/de\/?s={search_term_string}"},"query-input":{"@type":"PropertyValueSpecification","valueRequired":true,"valueName":"search_term_string"}}],"inLanguage":"de"},{"@type":"Organization","@id":"https:\/\/cozyanddozy.com\/de\/#organization","name":"Cozy & Dozy","url":"https:\/\/cozyanddozy.com\/de\/","logo":{"@type":"ImageObject","inLanguage":"de","@id":"https:\/\/cozyanddozy.com\/de\/#\/schema\/logo\/image\/","url":"https:\/\/cozyanddozy.com\/de\/wp-content\/uploads\/2023\/02\/cozyanddozy_logo_b.png","contentUrl":"https:\/\/cozyanddozy.com\/de\/wp-content\/uploads\/2023\/02\/cozyanddozy_logo_b.png","width":314,"height":85,"caption":"Cozy & Dozy"},"image":{"@id":"https:\/\/cozyanddozy.com\/de\/#\/schema\/logo\/image\/"}}]},"product_price_amount":"9.00","product_price_currency":"EUR","og_availability":"instock","product_availability":"instock","product_retailer_item_id":"5902701495565","product_condition":"new"},"_links":{"self":[{"href":"https:\/\/cozyanddozy.com\/de\/wp-json\/wp\/v2\/product\/1290","targetHints":{"allow":["GET"]}}],"collection":[{"href":"https:\/\/cozyanddozy.com\/de\/wp-json\/wp\/v2\/product"}],"about":[{"href":"https:\/\/cozyanddozy.com\/de\/wp-json\/wp\/v2\/types\/product"}],"replies":[{"embeddable":true,"href":"https:\/\/cozyanddozy.com\/de\/wp-json\/wp\/v2\/comments?post=1290"}],"wp:featuredmedia":[{"embeddable":true,"href":"https:\/\/cozyanddozy.com\/de\/wp-json\/wp\/v2\/media\/525"}],"wp:attachment":[{"href":"https:\/\/cozyanddozy.com\/de\/wp-json\/wp\/v2\/media?parent=1290"}],"wp:term":[{"taxonomy":"product_brand","embeddable":true,"href":"https:\/\/cozyanddozy.com\/de\/wp-json\/wp\/v2\/product_brand?post=1290"},{"taxonomy":"product_cat","embeddable":true,"href":"https:\/\/cozyanddozy.com\/de\/wp-json\/wp\/v2\/product_cat?post=1290"},{"taxonomy":"product_tag","embeddable":true,"href":"https:\/\/cozyanddozy.com\/de\/wp-json\/wp\/v2\/product_tag?post=1290"}],"curies":[{"name":"wp","href":"https:\/\/api.w.org\/{rel}","templated":true}]}}