{"id":1275,"date":"2020-10-21T20:27:18","date_gmt":"2020-10-21T18:27:18","guid":{"rendered":"https:\/\/cozyanddozy.com\/de\/product\/tipi-zelt-blue-velvet-kinderzelt-mit-spielmatte\/"},"modified":"2025-01-29T21:42:48","modified_gmt":"2025-01-29T20:42:48","slug":"tipi-zelt-blue-velvet-kinderzelt-mit-spielmatte","status":"publish","type":"product","link":"https:\/\/cozyanddozy.com\/de\/produkt\/tipi-zelt-blue-velvet-kinderzelt-mit-spielmatte\/","title":{"rendered":"Tipi zelt Blue Velvet &#8211; Kinderzelt mit spielmatte"},"content":{"rendered":"<p>Das Tipi-Spielzelt aus der Velvet-Serie ist ein gem\u00fctlicher Ort zum Spielen zu Hause. Das Indianer-Tipi von Cozyshop ist eine Garantie f\u00fcr gro\u00dfen Spa\u00df und beste Qualit\u00e4t.<\/p>\n<p><strong>Das Wigwam aus der Velvet-Serie ist ein gro\u00dfes Zelt 110&#215;110 cm mit Tasche und Fenster, hergestellt aus starker Premium-Baumwolle. Der Eingang zum Zelt ist mit Honigquasten verziert. Weiche Samtmatte &#8211; gesteppte Zeltdecke.<\/strong><\/p>\n<p>Das Tipi-Set beinhaltet:<\/p>\n<ul>\n<li>Tipi Zelt<\/li>\n<li>spiel matte Blue Velvet<\/li>\n<li>4 Klappkiefernholzst\u00f6cke + 4 Metallverbinde<\/li>\n<li>Anleitung<\/li>\n<li>Stabilisator<\/li>\n<\/ul>\n<p>Abmessungen:<\/p>\n<ul>\n<li>H\u00f6he (mit Stangen) nach dem Auseinanderfalten: 150 cm<\/li>\n<li>H\u00f6he (mit Stangen) nach dem Falten: 170 cm<\/li>\n<li>Bodenfl\u00e4che: ca. 110 \u00d7 110 cm<\/li>\n<\/ul>\n<p>Das Zelt ist f\u00fcr 2-3 Kinder ausgelegt. Das Tipi l\u00e4sst sich leicht zusammenlegen und nimmt nicht viel Platz ein.<\/p>\n<p>Zusammensetzung:<\/p>\n<ul>\n<li>100% Baumwolle, 100% Samt, CE-Zertifikat<\/li>\n<li>Matte und Kissenf\u00fcllung: 100% hypoallergener Silikonschaum<\/li>\n<\/ul>\n<p>&nbsp;<\/p>\n<p>Alle Stoffe, aus denen unsere Tipi-Zelte hergestellt werden, sind zertifiziert und stammen aus europ\u00e4ischen L\u00e4ndern, was sie f\u00fcr Kinder sicher macht. Alle Cozyshop-Artikel werden in Polen entworfen und gen\u00e4ht.<\/p>\n<p>Die Pflegemethode:<\/p>\n<ul>\n<li>Waschen bei 40 \u00b0 &#8211; Schonwaschgang B\u00fcgeln bei niedriger Temperatur Nicht im W\u00e4schetrockner trocknen<\/li>\n<li>Nicht chemisch reinigen<\/li>\n<li>Nicht chlorieren<\/li>\n<\/ul>\n<p>ACHTUNG: Pompons und Quasten nicht b\u00fcgeln &#8211; sie k\u00f6nnen schmelzen!<\/p>\n<p>&nbsp;<\/p>\n","protected":false},"excerpt":{"rendered":"<p>Ein Zeltset mit einer Premium-Spielplatzmatte aus Samt. Tipi Zelt 110&#215;110 cm mit Tasche und Fenster, hergestellt aus starker Premium-Baumwolle.<\/p>\n","protected":false},"featured_media":459,"comment_status":"open","ping_status":"closed","template":"","meta":[],"product_brand":[],"product_cat":[71],"product_tag":[24],"class_list":{"0":"post-1275","1":"product","2":"type-product","3":"status-publish","4":"has-post-thumbnail","6":"product_cat-tipi-zelt","7":"product_tag-pla","9":"first","10":"instock","11":"sale","12":"shipping-taxable","13":"product-type-simple"},"yoast_head":"<!-- This site is optimized with the Yoast SEO Premium plugin v21.9 (Yoast SEO v27.0) - https:\/\/yoast.com\/product\/yoast-seo-premium-wordpress\/ -->\n<title>Tipi zelt Blue Velvet - Kinderzelt mit spielmatte - Cozy &amp; Dozy<\/title>\n<meta name=\"description\" content=\"Ein Zeltset mit einer Premium-Spielplatzmatte aus Samt. Tipi Zelt 110x110 cm mit Tasche und Fenster, hergestellt aus starker Premium-Baumwolle.\" \/>\n<meta name=\"robots\" content=\"index, follow, max-snippet:-1, max-image-preview:large, max-video-preview:-1\" \/>\n<link rel=\"canonical\" href=\"https:\/\/cozyanddozy.com\/de\/produkt\/tipi-zelt-blue-velvet-kinderzelt-mit-spielmatte\/\" \/>\n<meta property=\"og:locale\" content=\"de_DE\" \/>\n<meta property=\"og:type\" content=\"article\" \/>\n<meta property=\"og:title\" content=\"Tipi zelt Blue Velvet - Kinderzelt mit spielmatte\" \/>\n<meta property=\"og:description\" content=\"Ein Zeltset mit einer Premium-Spielplatzmatte aus Samt. Tipi Zelt 110x110 cm mit Tasche und Fenster, hergestellt aus starker Premium-Baumwolle.\" \/>\n<meta property=\"og:url\" content=\"https:\/\/cozyanddozy.com\/de\/produkt\/tipi-zelt-blue-velvet-kinderzelt-mit-spielmatte\/\" \/>\n<meta property=\"og:site_name\" content=\"Cozy &amp; Dozy\" \/>\n<meta property=\"article:modified_time\" content=\"2025-01-29T20:42:48+00:00\" \/>\n<meta property=\"og:image\" content=\"https:\/\/cozyanddozy.com\/de\/wp-content\/uploads\/2023\/02\/kids_tipi_tent_velvet_blue_s1.jpg\" \/>\n\t<meta property=\"og:image:width\" content=\"1200\" \/>\n\t<meta property=\"og:image:height\" content=\"1200\" \/>\n\t<meta property=\"og:image:type\" content=\"image\/jpeg\" \/>\n<meta name=\"twitter:card\" content=\"summary_large_image\" \/>\n<meta name=\"twitter:label1\" content=\"Preis\" \/>\n\t<meta name=\"twitter:data1\" content=\"109,00&nbsp;&euro;\" \/>\n\t<meta name=\"twitter:label2\" content=\"Verf\u00fcgbarkeit\" \/>\n\t<meta name=\"twitter:data2\" content=\"Auf Lager\" \/>\n<script type=\"application\/ld+json\" class=\"yoast-schema-graph\">{\"@context\":\"https:\/\/schema.org\",\"@graph\":[{\"@type\":\"WebPage\",\"@id\":\"https:\/\/cozyanddozy.com\/de\/produkt\/tipi-zelt-blue-velvet-kinderzelt-mit-spielmatte\/\",\"url\":\"https:\/\/cozyanddozy.com\/de\/produkt\/tipi-zelt-blue-velvet-kinderzelt-mit-spielmatte\/\",\"name\":\"Tipi zelt Blue Velvet - Kinderzelt mit spielmatte - Cozy & Dozy\",\"isPartOf\":{\"@id\":\"https:\/\/cozyanddozy.com\/de\/#website\"},\"primaryImageOfPage\":{\"@id\":\"https:\/\/cozyanddozy.com\/de\/produkt\/tipi-zelt-blue-velvet-kinderzelt-mit-spielmatte\/#primaryimage\"},\"image\":{\"@id\":\"https:\/\/cozyanddozy.com\/de\/produkt\/tipi-zelt-blue-velvet-kinderzelt-mit-spielmatte\/#primaryimage\"},\"thumbnailUrl\":\"https:\/\/cozyanddozy.com\/de\/wp-content\/uploads\/2023\/02\/kids_tipi_tent_velvet_blue_s1.jpg\",\"datePublished\":\"2020-10-21T18:27:18+00:00\",\"dateModified\":\"2025-01-29T20:42:48+00:00\",\"description\":\"Ein Zeltset mit einer Premium-Spielplatzmatte aus Samt. Tipi Zelt 110x110 cm mit Tasche und Fenster, hergestellt aus starker Premium-Baumwolle.\",\"breadcrumb\":{\"@id\":\"https:\/\/cozyanddozy.com\/de\/produkt\/tipi-zelt-blue-velvet-kinderzelt-mit-spielmatte\/#breadcrumb\"},\"inLanguage\":\"de\",\"potentialAction\":[{\"@type\":\"ReadAction\",\"target\":[\"https:\/\/cozyanddozy.com\/de\/produkt\/tipi-zelt-blue-velvet-kinderzelt-mit-spielmatte\/\"]}]},{\"@type\":\"ImageObject\",\"inLanguage\":\"de\",\"@id\":\"https:\/\/cozyanddozy.com\/de\/produkt\/tipi-zelt-blue-velvet-kinderzelt-mit-spielmatte\/#primaryimage\",\"url\":\"https:\/\/cozyanddozy.com\/de\/wp-content\/uploads\/2023\/02\/kids_tipi_tent_velvet_blue_s1.jpg\",\"contentUrl\":\"https:\/\/cozyanddozy.com\/de\/wp-content\/uploads\/2023\/02\/kids_tipi_tent_velvet_blue_s1.jpg\",\"width\":1200,\"height\":1200,\"caption\":\"pp-1285.jpg\"},{\"@type\":\"BreadcrumbList\",\"@id\":\"https:\/\/cozyanddozy.com\/de\/produkt\/tipi-zelt-blue-velvet-kinderzelt-mit-spielmatte\/#breadcrumb\",\"itemListElement\":[{\"@type\":\"ListItem\",\"position\":1,\"name\":\"Home\",\"item\":\"https:\/\/cozyanddozy.com\/de\/\"},{\"@type\":\"ListItem\",\"position\":2,\"name\":\"Shop\",\"item\":\"https:\/\/cozyanddozy.com\/de\/shop\/\"},{\"@type\":\"ListItem\",\"position\":3,\"name\":\"Tipi zelt Blue Velvet &#8211; Kinderzelt mit spielmatte\"}]},{\"@type\":\"WebSite\",\"@id\":\"https:\/\/cozyanddozy.com\/de\/#website\",\"url\":\"https:\/\/cozyanddozy.com\/de\/\",\"name\":\"Cozy & Dozy\",\"description\":\"\",\"publisher\":{\"@id\":\"https:\/\/cozyanddozy.com\/de\/#organization\"},\"potentialAction\":[{\"@type\":\"SearchAction\",\"target\":{\"@type\":\"EntryPoint\",\"urlTemplate\":\"https:\/\/cozyanddozy.com\/de\/?s={search_term_string}\"},\"query-input\":{\"@type\":\"PropertyValueSpecification\",\"valueRequired\":true,\"valueName\":\"search_term_string\"}}],\"inLanguage\":\"de\"},{\"@type\":\"Organization\",\"@id\":\"https:\/\/cozyanddozy.com\/de\/#organization\",\"name\":\"Cozy & Dozy\",\"url\":\"https:\/\/cozyanddozy.com\/de\/\",\"logo\":{\"@type\":\"ImageObject\",\"inLanguage\":\"de\",\"@id\":\"https:\/\/cozyanddozy.com\/de\/#\/schema\/logo\/image\/\",\"url\":\"https:\/\/cozyanddozy.com\/de\/wp-content\/uploads\/2023\/02\/cozyanddozy_logo_b.png\",\"contentUrl\":\"https:\/\/cozyanddozy.com\/de\/wp-content\/uploads\/2023\/02\/cozyanddozy_logo_b.png\",\"width\":314,\"height\":85,\"caption\":\"Cozy & Dozy\"},\"image\":{\"@id\":\"https:\/\/cozyanddozy.com\/de\/#\/schema\/logo\/image\/\"}}]}<\/script>\n<meta property=\"product:price:amount\" content=\"109.00\" \/>\n<meta property=\"product:price:currency\" content=\"EUR\" \/>\n<meta property=\"og:availability\" content=\"instock\" \/>\n<meta property=\"product:availability\" content=\"instock\" \/>\n<meta property=\"product:retailer_item_id\" content=\"5902701495190\" \/>\n<meta property=\"product:condition\" content=\"new\" \/>\n<!-- \/ Yoast SEO Premium plugin. -->","yoast_head_json":{"title":"Tipi zelt Blue Velvet - Kinderzelt mit spielmatte - Cozy & Dozy","description":"Ein Zeltset mit einer Premium-Spielplatzmatte aus Samt. Tipi Zelt 110x110 cm mit Tasche und Fenster, hergestellt aus starker Premium-Baumwolle.","robots":{"index":"index","follow":"follow","max-snippet":"max-snippet:-1","max-image-preview":"max-image-preview:large","max-video-preview":"max-video-preview:-1"},"canonical":"https:\/\/cozyanddozy.com\/de\/produkt\/tipi-zelt-blue-velvet-kinderzelt-mit-spielmatte\/","og_locale":"de_DE","og_type":"article","og_title":"Tipi zelt Blue Velvet - Kinderzelt mit spielmatte","og_description":"Ein Zeltset mit einer Premium-Spielplatzmatte aus Samt. Tipi Zelt 110x110 cm mit Tasche und Fenster, hergestellt aus starker Premium-Baumwolle.","og_url":"https:\/\/cozyanddozy.com\/de\/produkt\/tipi-zelt-blue-velvet-kinderzelt-mit-spielmatte\/","og_site_name":"Cozy &amp; Dozy","article_modified_time":"2025-01-29T20:42:48+00:00","og_image":[{"width":1200,"height":1200,"url":"https:\/\/cozyanddozy.com\/de\/wp-content\/uploads\/2023\/02\/kids_tipi_tent_velvet_blue_s1.jpg","type":"image\/jpeg"}],"twitter_card":"summary_large_image","twitter_misc":{"Preis":"109,00&nbsp;&euro;","Verf\u00fcgbarkeit":"Auf Lager"},"schema":{"@context":"https:\/\/schema.org","@graph":[{"@type":"WebPage","@id":"https:\/\/cozyanddozy.com\/de\/produkt\/tipi-zelt-blue-velvet-kinderzelt-mit-spielmatte\/","url":"https:\/\/cozyanddozy.com\/de\/produkt\/tipi-zelt-blue-velvet-kinderzelt-mit-spielmatte\/","name":"Tipi zelt Blue Velvet - Kinderzelt mit spielmatte - Cozy & Dozy","isPartOf":{"@id":"https:\/\/cozyanddozy.com\/de\/#website"},"primaryImageOfPage":{"@id":"https:\/\/cozyanddozy.com\/de\/produkt\/tipi-zelt-blue-velvet-kinderzelt-mit-spielmatte\/#primaryimage"},"image":{"@id":"https:\/\/cozyanddozy.com\/de\/produkt\/tipi-zelt-blue-velvet-kinderzelt-mit-spielmatte\/#primaryimage"},"thumbnailUrl":"https:\/\/cozyanddozy.com\/de\/wp-content\/uploads\/2023\/02\/kids_tipi_tent_velvet_blue_s1.jpg","datePublished":"2020-10-21T18:27:18+00:00","dateModified":"2025-01-29T20:42:48+00:00","description":"Ein Zeltset mit einer Premium-Spielplatzmatte aus Samt. Tipi Zelt 110x110 cm mit Tasche und Fenster, hergestellt aus starker Premium-Baumwolle.","breadcrumb":{"@id":"https:\/\/cozyanddozy.com\/de\/produkt\/tipi-zelt-blue-velvet-kinderzelt-mit-spielmatte\/#breadcrumb"},"inLanguage":"de","potentialAction":[{"@type":"ReadAction","target":["https:\/\/cozyanddozy.com\/de\/produkt\/tipi-zelt-blue-velvet-kinderzelt-mit-spielmatte\/"]}]},{"@type":"ImageObject","inLanguage":"de","@id":"https:\/\/cozyanddozy.com\/de\/produkt\/tipi-zelt-blue-velvet-kinderzelt-mit-spielmatte\/#primaryimage","url":"https:\/\/cozyanddozy.com\/de\/wp-content\/uploads\/2023\/02\/kids_tipi_tent_velvet_blue_s1.jpg","contentUrl":"https:\/\/cozyanddozy.com\/de\/wp-content\/uploads\/2023\/02\/kids_tipi_tent_velvet_blue_s1.jpg","width":1200,"height":1200,"caption":"pp-1285.jpg"},{"@type":"BreadcrumbList","@id":"https:\/\/cozyanddozy.com\/de\/produkt\/tipi-zelt-blue-velvet-kinderzelt-mit-spielmatte\/#breadcrumb","itemListElement":[{"@type":"ListItem","position":1,"name":"Home","item":"https:\/\/cozyanddozy.com\/de\/"},{"@type":"ListItem","position":2,"name":"Shop","item":"https:\/\/cozyanddozy.com\/de\/shop\/"},{"@type":"ListItem","position":3,"name":"Tipi zelt Blue Velvet &#8211; Kinderzelt mit spielmatte"}]},{"@type":"WebSite","@id":"https:\/\/cozyanddozy.com\/de\/#website","url":"https:\/\/cozyanddozy.com\/de\/","name":"Cozy & Dozy","description":"","publisher":{"@id":"https:\/\/cozyanddozy.com\/de\/#organization"},"potentialAction":[{"@type":"SearchAction","target":{"@type":"EntryPoint","urlTemplate":"https:\/\/cozyanddozy.com\/de\/?s={search_term_string}"},"query-input":{"@type":"PropertyValueSpecification","valueRequired":true,"valueName":"search_term_string"}}],"inLanguage":"de"},{"@type":"Organization","@id":"https:\/\/cozyanddozy.com\/de\/#organization","name":"Cozy & Dozy","url":"https:\/\/cozyanddozy.com\/de\/","logo":{"@type":"ImageObject","inLanguage":"de","@id":"https:\/\/cozyanddozy.com\/de\/#\/schema\/logo\/image\/","url":"https:\/\/cozyanddozy.com\/de\/wp-content\/uploads\/2023\/02\/cozyanddozy_logo_b.png","contentUrl":"https:\/\/cozyanddozy.com\/de\/wp-content\/uploads\/2023\/02\/cozyanddozy_logo_b.png","width":314,"height":85,"caption":"Cozy & Dozy"},"image":{"@id":"https:\/\/cozyanddozy.com\/de\/#\/schema\/logo\/image\/"}}]},"product_price_amount":"109.00","product_price_currency":"EUR","og_availability":"instock","product_availability":"instock","product_retailer_item_id":"5902701495190","product_condition":"new"},"_links":{"self":[{"href":"https:\/\/cozyanddozy.com\/de\/wp-json\/wp\/v2\/product\/1275","targetHints":{"allow":["GET"]}}],"collection":[{"href":"https:\/\/cozyanddozy.com\/de\/wp-json\/wp\/v2\/product"}],"about":[{"href":"https:\/\/cozyanddozy.com\/de\/wp-json\/wp\/v2\/types\/product"}],"replies":[{"embeddable":true,"href":"https:\/\/cozyanddozy.com\/de\/wp-json\/wp\/v2\/comments?post=1275"}],"wp:featuredmedia":[{"embeddable":true,"href":"https:\/\/cozyanddozy.com\/de\/wp-json\/wp\/v2\/media\/459"}],"wp:attachment":[{"href":"https:\/\/cozyanddozy.com\/de\/wp-json\/wp\/v2\/media?parent=1275"}],"wp:term":[{"taxonomy":"product_brand","embeddable":true,"href":"https:\/\/cozyanddozy.com\/de\/wp-json\/wp\/v2\/product_brand?post=1275"},{"taxonomy":"product_cat","embeddable":true,"href":"https:\/\/cozyanddozy.com\/de\/wp-json\/wp\/v2\/product_cat?post=1275"},{"taxonomy":"product_tag","embeddable":true,"href":"https:\/\/cozyanddozy.com\/de\/wp-json\/wp\/v2\/product_tag?post=1275"}],"curies":[{"name":"wp","href":"https:\/\/api.w.org\/{rel}","templated":true}]}}