{"id":1273,"date":"2020-10-21T19:01:47","date_gmt":"2020-10-21T17:01:47","guid":{"rendered":"https:\/\/cozyanddozy.com\/de\/product\/kinderzelt-mit-kissen-und-matte-sage\/"},"modified":"2025-01-29T21:42:22","modified_gmt":"2025-01-29T20:42:22","slug":"kinderzelt-mit-kissen-und-matte-sage","status":"publish","type":"product","link":"https:\/\/cozyanddozy.com\/de\/produkt\/kinderzelt-mit-kissen-und-matte-sage\/","title":{"rendered":"Kinderzelt mit Kissen und Matte &#8211; Sage"},"content":{"rendered":"<p>Das Tipi-Spielzelt aus der Sage-Serie ist ein gem\u00fctlicher Ort, um zu Hause zu spielen. Indischer Tipi von Cozyshop ist ein Garant f\u00fcr viel Spa\u00df und beste Qualit\u00e4t.<\/p>\n<p><strong>Wigwam aus der Sage-Serie ist ein gro\u00dfes Zelt 110 \u00d7 110 cm mit einer Tasche und einem Fenster aus starker Premium-Baumwolle. Der Eingang zum Zelt ist mit schwarzen Quasten verziert.<\/strong><\/p>\n<p>Das Tipi-Set enth\u00e4lt:<\/p>\n<ul>\n<li>Tipi-Zelt<\/li>\n<li>Spielmatte (Farbe dunkelgrau)<\/li>\n<li>zwei sternf\u00f6rmige Kissen mit schwarzer Quaste<\/li>\n<li>4 Klappstangen + 4 Metallverbinder<\/li>\n<li>Anweisung<\/li>\n<li>Stabilisator<\/li>\n<\/ul>\n","protected":false},"excerpt":{"rendered":"<p>Tipi-Zelt aus starkem Premium-Canvas-Stoff, verziert mit schwarzen Quasten, im Set mit zwei Kissen und einer weichen Matte. Mitgelieferter Stabilisator<\/p>\n","protected":false},"featured_media":449,"comment_status":"open","ping_status":"closed","template":"","meta":[],"product_brand":[],"product_cat":[71],"product_tag":[],"class_list":{"0":"post-1273","1":"product","2":"type-product","3":"status-publish","4":"has-post-thumbnail","6":"product_cat-tipi-zelt","8":"first","9":"instock","10":"sale","11":"shipping-taxable","12":"product-type-simple"},"yoast_head":"<!-- This site is optimized with the Yoast SEO Premium plugin v21.9 (Yoast SEO v27.0) - https:\/\/yoast.com\/product\/yoast-seo-premium-wordpress\/ -->\n<title>Kinderzelt mit Kissen und Matte - Sage - Cozy &amp; Dozy<\/title>\n<meta name=\"description\" content=\"Tipi-Zelt aus starkem Premium-Canvas-Stoff, verziert mit schwarzen Quasten, im Set mit zwei Kissen und einer weichen Matte. Mitgelieferter Stabilisator\" \/>\n<meta name=\"robots\" content=\"index, follow, max-snippet:-1, max-image-preview:large, max-video-preview:-1\" \/>\n<link rel=\"canonical\" href=\"https:\/\/cozyanddozy.com\/de\/produkt\/kinderzelt-mit-kissen-und-matte-sage\/\" \/>\n<meta property=\"og:locale\" content=\"de_DE\" \/>\n<meta property=\"og:type\" content=\"article\" \/>\n<meta property=\"og:title\" content=\"Kinderzelt mit Kissen und Matte - Sage\" \/>\n<meta property=\"og:description\" content=\"Tipi-Zelt aus starkem Premium-Canvas-Stoff, verziert mit schwarzen Quasten, im Set mit zwei Kissen und einer weichen Matte. Mitgelieferter Stabilisator\" \/>\n<meta property=\"og:url\" content=\"https:\/\/cozyanddozy.com\/de\/produkt\/kinderzelt-mit-kissen-und-matte-sage\/\" \/>\n<meta property=\"og:site_name\" content=\"Cozy &amp; Dozy\" \/>\n<meta property=\"article:modified_time\" content=\"2025-01-29T20:42:22+00:00\" \/>\n<meta property=\"og:image\" content=\"https:\/\/cozyanddozy.com\/de\/wp-content\/uploads\/2023\/02\/pp-1125.jpg\" \/>\n\t<meta property=\"og:image:width\" content=\"1200\" \/>\n\t<meta property=\"og:image:height\" content=\"1200\" \/>\n\t<meta property=\"og:image:type\" content=\"image\/jpeg\" \/>\n<meta name=\"twitter:card\" content=\"summary_large_image\" \/>\n<meta name=\"twitter:label1\" content=\"Preis\" \/>\n\t<meta name=\"twitter:data1\" content=\"139,00&nbsp;&euro;\" \/>\n\t<meta name=\"twitter:label2\" content=\"Verf\u00fcgbarkeit\" \/>\n\t<meta name=\"twitter:data2\" content=\"Auf Lager\" \/>\n<script type=\"application\/ld+json\" class=\"yoast-schema-graph\">{\"@context\":\"https:\/\/schema.org\",\"@graph\":[{\"@type\":\"WebPage\",\"@id\":\"https:\/\/cozyanddozy.com\/de\/produkt\/kinderzelt-mit-kissen-und-matte-sage\/\",\"url\":\"https:\/\/cozyanddozy.com\/de\/produkt\/kinderzelt-mit-kissen-und-matte-sage\/\",\"name\":\"Kinderzelt mit Kissen und Matte - Sage - Cozy & Dozy\",\"isPartOf\":{\"@id\":\"https:\/\/cozyanddozy.com\/de\/#website\"},\"primaryImageOfPage\":{\"@id\":\"https:\/\/cozyanddozy.com\/de\/produkt\/kinderzelt-mit-kissen-und-matte-sage\/#primaryimage\"},\"image\":{\"@id\":\"https:\/\/cozyanddozy.com\/de\/produkt\/kinderzelt-mit-kissen-und-matte-sage\/#primaryimage\"},\"thumbnailUrl\":\"https:\/\/cozyanddozy.com\/de\/wp-content\/uploads\/2023\/02\/pp-1125.jpg\",\"datePublished\":\"2020-10-21T17:01:47+00:00\",\"dateModified\":\"2025-01-29T20:42:22+00:00\",\"description\":\"Tipi-Zelt aus starkem Premium-Canvas-Stoff, verziert mit schwarzen Quasten, im Set mit zwei Kissen und einer weichen Matte. Mitgelieferter Stabilisator\",\"breadcrumb\":{\"@id\":\"https:\/\/cozyanddozy.com\/de\/produkt\/kinderzelt-mit-kissen-und-matte-sage\/#breadcrumb\"},\"inLanguage\":\"de\",\"potentialAction\":[{\"@type\":\"ReadAction\",\"target\":[\"https:\/\/cozyanddozy.com\/de\/produkt\/kinderzelt-mit-kissen-und-matte-sage\/\"]}]},{\"@type\":\"ImageObject\",\"inLanguage\":\"de\",\"@id\":\"https:\/\/cozyanddozy.com\/de\/produkt\/kinderzelt-mit-kissen-und-matte-sage\/#primaryimage\",\"url\":\"https:\/\/cozyanddozy.com\/de\/wp-content\/uploads\/2023\/02\/pp-1125.jpg\",\"contentUrl\":\"https:\/\/cozyanddozy.com\/de\/wp-content\/uploads\/2023\/02\/pp-1125.jpg\",\"width\":1200,\"height\":1200},{\"@type\":\"BreadcrumbList\",\"@id\":\"https:\/\/cozyanddozy.com\/de\/produkt\/kinderzelt-mit-kissen-und-matte-sage\/#breadcrumb\",\"itemListElement\":[{\"@type\":\"ListItem\",\"position\":1,\"name\":\"Home\",\"item\":\"https:\/\/cozyanddozy.com\/de\/\"},{\"@type\":\"ListItem\",\"position\":2,\"name\":\"Shop\",\"item\":\"https:\/\/cozyanddozy.com\/de\/shop\/\"},{\"@type\":\"ListItem\",\"position\":3,\"name\":\"Kinderzelt mit Kissen und Matte &#8211; Sage\"}]},{\"@type\":\"WebSite\",\"@id\":\"https:\/\/cozyanddozy.com\/de\/#website\",\"url\":\"https:\/\/cozyanddozy.com\/de\/\",\"name\":\"Cozy & Dozy\",\"description\":\"\",\"publisher\":{\"@id\":\"https:\/\/cozyanddozy.com\/de\/#organization\"},\"potentialAction\":[{\"@type\":\"SearchAction\",\"target\":{\"@type\":\"EntryPoint\",\"urlTemplate\":\"https:\/\/cozyanddozy.com\/de\/?s={search_term_string}\"},\"query-input\":{\"@type\":\"PropertyValueSpecification\",\"valueRequired\":true,\"valueName\":\"search_term_string\"}}],\"inLanguage\":\"de\"},{\"@type\":\"Organization\",\"@id\":\"https:\/\/cozyanddozy.com\/de\/#organization\",\"name\":\"Cozy & Dozy\",\"url\":\"https:\/\/cozyanddozy.com\/de\/\",\"logo\":{\"@type\":\"ImageObject\",\"inLanguage\":\"de\",\"@id\":\"https:\/\/cozyanddozy.com\/de\/#\/schema\/logo\/image\/\",\"url\":\"https:\/\/cozyanddozy.com\/de\/wp-content\/uploads\/2023\/02\/cozyanddozy_logo_b.png\",\"contentUrl\":\"https:\/\/cozyanddozy.com\/de\/wp-content\/uploads\/2023\/02\/cozyanddozy_logo_b.png\",\"width\":314,\"height\":85,\"caption\":\"Cozy & Dozy\"},\"image\":{\"@id\":\"https:\/\/cozyanddozy.com\/de\/#\/schema\/logo\/image\/\"}}]}<\/script>\n<meta property=\"product:price:amount\" content=\"139.00\" \/>\n<meta property=\"product:price:currency\" content=\"EUR\" \/>\n<meta property=\"og:availability\" content=\"instock\" \/>\n<meta property=\"product:availability\" content=\"instock\" \/>\n<meta property=\"product:retailer_item_id\" content=\"5902701495251\" \/>\n<meta property=\"product:condition\" content=\"new\" \/>\n<!-- \/ Yoast SEO Premium plugin. -->","yoast_head_json":{"title":"Kinderzelt mit Kissen und Matte - Sage - Cozy & Dozy","description":"Tipi-Zelt aus starkem Premium-Canvas-Stoff, verziert mit schwarzen Quasten, im Set mit zwei Kissen und einer weichen Matte. Mitgelieferter Stabilisator","robots":{"index":"index","follow":"follow","max-snippet":"max-snippet:-1","max-image-preview":"max-image-preview:large","max-video-preview":"max-video-preview:-1"},"canonical":"https:\/\/cozyanddozy.com\/de\/produkt\/kinderzelt-mit-kissen-und-matte-sage\/","og_locale":"de_DE","og_type":"article","og_title":"Kinderzelt mit Kissen und Matte - Sage","og_description":"Tipi-Zelt aus starkem Premium-Canvas-Stoff, verziert mit schwarzen Quasten, im Set mit zwei Kissen und einer weichen Matte. Mitgelieferter Stabilisator","og_url":"https:\/\/cozyanddozy.com\/de\/produkt\/kinderzelt-mit-kissen-und-matte-sage\/","og_site_name":"Cozy &amp; Dozy","article_modified_time":"2025-01-29T20:42:22+00:00","og_image":[{"width":1200,"height":1200,"url":"https:\/\/cozyanddozy.com\/de\/wp-content\/uploads\/2023\/02\/pp-1125.jpg","type":"image\/jpeg"}],"twitter_card":"summary_large_image","twitter_misc":{"Preis":"139,00&nbsp;&euro;","Verf\u00fcgbarkeit":"Auf Lager"},"schema":{"@context":"https:\/\/schema.org","@graph":[{"@type":"WebPage","@id":"https:\/\/cozyanddozy.com\/de\/produkt\/kinderzelt-mit-kissen-und-matte-sage\/","url":"https:\/\/cozyanddozy.com\/de\/produkt\/kinderzelt-mit-kissen-und-matte-sage\/","name":"Kinderzelt mit Kissen und Matte - Sage - Cozy & Dozy","isPartOf":{"@id":"https:\/\/cozyanddozy.com\/de\/#website"},"primaryImageOfPage":{"@id":"https:\/\/cozyanddozy.com\/de\/produkt\/kinderzelt-mit-kissen-und-matte-sage\/#primaryimage"},"image":{"@id":"https:\/\/cozyanddozy.com\/de\/produkt\/kinderzelt-mit-kissen-und-matte-sage\/#primaryimage"},"thumbnailUrl":"https:\/\/cozyanddozy.com\/de\/wp-content\/uploads\/2023\/02\/pp-1125.jpg","datePublished":"2020-10-21T17:01:47+00:00","dateModified":"2025-01-29T20:42:22+00:00","description":"Tipi-Zelt aus starkem Premium-Canvas-Stoff, verziert mit schwarzen Quasten, im Set mit zwei Kissen und einer weichen Matte. Mitgelieferter Stabilisator","breadcrumb":{"@id":"https:\/\/cozyanddozy.com\/de\/produkt\/kinderzelt-mit-kissen-und-matte-sage\/#breadcrumb"},"inLanguage":"de","potentialAction":[{"@type":"ReadAction","target":["https:\/\/cozyanddozy.com\/de\/produkt\/kinderzelt-mit-kissen-und-matte-sage\/"]}]},{"@type":"ImageObject","inLanguage":"de","@id":"https:\/\/cozyanddozy.com\/de\/produkt\/kinderzelt-mit-kissen-und-matte-sage\/#primaryimage","url":"https:\/\/cozyanddozy.com\/de\/wp-content\/uploads\/2023\/02\/pp-1125.jpg","contentUrl":"https:\/\/cozyanddozy.com\/de\/wp-content\/uploads\/2023\/02\/pp-1125.jpg","width":1200,"height":1200},{"@type":"BreadcrumbList","@id":"https:\/\/cozyanddozy.com\/de\/produkt\/kinderzelt-mit-kissen-und-matte-sage\/#breadcrumb","itemListElement":[{"@type":"ListItem","position":1,"name":"Home","item":"https:\/\/cozyanddozy.com\/de\/"},{"@type":"ListItem","position":2,"name":"Shop","item":"https:\/\/cozyanddozy.com\/de\/shop\/"},{"@type":"ListItem","position":3,"name":"Kinderzelt mit Kissen und Matte &#8211; Sage"}]},{"@type":"WebSite","@id":"https:\/\/cozyanddozy.com\/de\/#website","url":"https:\/\/cozyanddozy.com\/de\/","name":"Cozy & Dozy","description":"","publisher":{"@id":"https:\/\/cozyanddozy.com\/de\/#organization"},"potentialAction":[{"@type":"SearchAction","target":{"@type":"EntryPoint","urlTemplate":"https:\/\/cozyanddozy.com\/de\/?s={search_term_string}"},"query-input":{"@type":"PropertyValueSpecification","valueRequired":true,"valueName":"search_term_string"}}],"inLanguage":"de"},{"@type":"Organization","@id":"https:\/\/cozyanddozy.com\/de\/#organization","name":"Cozy & Dozy","url":"https:\/\/cozyanddozy.com\/de\/","logo":{"@type":"ImageObject","inLanguage":"de","@id":"https:\/\/cozyanddozy.com\/de\/#\/schema\/logo\/image\/","url":"https:\/\/cozyanddozy.com\/de\/wp-content\/uploads\/2023\/02\/cozyanddozy_logo_b.png","contentUrl":"https:\/\/cozyanddozy.com\/de\/wp-content\/uploads\/2023\/02\/cozyanddozy_logo_b.png","width":314,"height":85,"caption":"Cozy & Dozy"},"image":{"@id":"https:\/\/cozyanddozy.com\/de\/#\/schema\/logo\/image\/"}}]},"product_price_amount":"139.00","product_price_currency":"EUR","og_availability":"instock","product_availability":"instock","product_retailer_item_id":"5902701495251","product_condition":"new"},"_links":{"self":[{"href":"https:\/\/cozyanddozy.com\/de\/wp-json\/wp\/v2\/product\/1273","targetHints":{"allow":["GET"]}}],"collection":[{"href":"https:\/\/cozyanddozy.com\/de\/wp-json\/wp\/v2\/product"}],"about":[{"href":"https:\/\/cozyanddozy.com\/de\/wp-json\/wp\/v2\/types\/product"}],"replies":[{"embeddable":true,"href":"https:\/\/cozyanddozy.com\/de\/wp-json\/wp\/v2\/comments?post=1273"}],"wp:featuredmedia":[{"embeddable":true,"href":"https:\/\/cozyanddozy.com\/de\/wp-json\/wp\/v2\/media\/449"}],"wp:attachment":[{"href":"https:\/\/cozyanddozy.com\/de\/wp-json\/wp\/v2\/media?parent=1273"}],"wp:term":[{"taxonomy":"product_brand","embeddable":true,"href":"https:\/\/cozyanddozy.com\/de\/wp-json\/wp\/v2\/product_brand?post=1273"},{"taxonomy":"product_cat","embeddable":true,"href":"https:\/\/cozyanddozy.com\/de\/wp-json\/wp\/v2\/product_cat?post=1273"},{"taxonomy":"product_tag","embeddable":true,"href":"https:\/\/cozyanddozy.com\/de\/wp-json\/wp\/v2\/product_tag?post=1273"}],"curies":[{"name":"wp","href":"https:\/\/api.w.org\/{rel}","templated":true}]}}