{"id":1268,"date":"2019-05-13T08:54:42","date_gmt":"2019-05-13T06:54:42","guid":{"rendered":"https:\/\/cozyanddozy.com\/de\/product\/tipi-zelt-boho-pink-kinderzelt-mit-quasten\/"},"modified":"2025-01-29T21:41:34","modified_gmt":"2025-01-29T20:41:34","slug":"tipi-zelt-boho-pink-kinderzelt-mit-quasten","status":"publish","type":"product","link":"https:\/\/cozyanddozy.com\/de\/produkt\/tipi-zelt-boho-pink-kinderzelt-mit-quasten\/","title":{"rendered":"Tipi zelt Boho Pink &#8211; Kinderzelt mit Quasten"},"content":{"rendered":"<p><strong>Tipi zelt Boho f\u00fcr Kinder ist aus starker PREMIUM Baumwolle gefertigt<\/strong>. Das Boho Tipi Zelt ist ein beige-rosa Tipi, das mit blauem Quasten verziert.<\/p>\n<p>Das Haus &#8211; rosa Tipi f\u00fcr ein M\u00e4dchen hat im Set: Kiefernst\u00e4bchen, einen Stabilisator und ein Buch mit Spielen.<\/p>\n<p>Alle Gewebeelemente k\u00f6nnen in der Waschmaschine gewaschen werden.\u00a0Alle Modelle werden von uns entworfen und wir garantieren Ihnen, dass Sie ein einzigartiges und hochwertiges Produkt erhalten.<\/p>\n<p>Das Boho-Kit \u00a0besteht aus:<\/p>\n<ul>\n<li>rosa Tipi<\/li>\n<li>Stabilisator (starrer Rahmen)<\/li>\n<li>4 Sticks aus nat\u00fcrlichem Kiefernholz (Rahmen).<\/li>\n<\/ul>\n<p>Dimensions:<\/p>\n<ul>\n<li>H\u00f6he (mit Sticks) im aufgeklappten Zustand: 150 cmH\u00f6he (mit Stangen) im eingeklappten 170cm<\/li>\n<li>Bodenfl\u00e4che: ca. 110\u00d7110 cm<\/li>\n<li>Wigwam in dieser Gr\u00f6\u00dfe bietet Platz f\u00fcr 2-3 Kinder.<\/li>\n<\/ul>\n<p>Es ist leicht und daher leicht zu transportieren. Es kann in einer speziellen Tasche mit einem Griff am Set aufbewahrt werden.<\/p>\n<p>Zusammensetzung:<\/p>\n<ul>\n<li>100% Baumwolle &#8211; es hat das Zertifikat<\/li>\n<li>tipi zelt das Zertifikat CE<\/li>\n<\/ul>\n<p>Stoffen europ\u00e4ischer Herkunft. Das Zelt wird in Polen hergestellt.<\/p>\n<p>Pflegemethode:<\/p>\n<ul>\n<li>Kann in der Waschmaschine bei 40\u00b0C gewaschen werden,<\/li>\n<li>Zentrifugation \u2013 800 U\/min<\/li>\n<li>Nicht chemisch waschen<\/li>\n<li>Nicht bleichen<\/li>\n<\/ul>\n<p>Zeit der Auftragsabwicklung: 2-3 Werktage + Lieferzeit.<\/p>\n<p>!! Wenn Sie eine schnellere Auftragsabwicklung ben\u00f6tigen, schreiben Sie uns:<\/p>\n<ul>\n<li>E-Mail shop@cozyanddozy.com<\/li>\n<li>WhatsApp (Nachricht) +48791981501<\/li>\n<\/ul>\n<p>Gerne n\u00e4hen wir Ihnen einen Tipi zelt speziell f\u00fcr Sie \u2013 nach Ihrer Idee. Schreiben Sie uns und erfahren Sie mehr.<\/p>\n","protected":false},"excerpt":{"rendered":"<p id=\"tw-target-text\" class=\"tw-data-text tw-ta tw-text-small\" dir=\"ltr\" data-placeholder=\"T\u0142umaczenie\">Pinkes Tipi-Zelt zum Spielen, verziert mit blauen Quasten. Tipi mit Fenster und Tasche f\u00fcr Spielzeug.<\/p>\n","protected":false},"featured_media":429,"comment_status":"open","ping_status":"closed","template":"","meta":[],"product_brand":[],"product_cat":[71],"product_tag":[],"class_list":{"0":"post-1268","1":"product","2":"type-product","3":"status-publish","4":"has-post-thumbnail","6":"product_cat-tipi-zelt","8":"first","9":"instock","10":"sale","11":"shipping-taxable","12":"product-type-simple"},"yoast_head":"<!-- This site is optimized with the Yoast SEO Premium plugin v21.9 (Yoast SEO v27.0) - https:\/\/yoast.com\/product\/yoast-seo-premium-wordpress\/ -->\n<title>Tipi zelt Boho Pink - Kinderzelt mit Quasten - Cozy &amp; Dozy<\/title>\n<meta name=\"description\" content=\"Pinkes Tipi-Zelt zum Spielen, verziert mit blauen Quasten. Tipi mit Fenster und Tasche f\u00fcr Spielzeug.\" \/>\n<meta name=\"robots\" content=\"index, follow, max-snippet:-1, max-image-preview:large, max-video-preview:-1\" \/>\n<link rel=\"canonical\" href=\"https:\/\/cozyanddozy.com\/de\/produkt\/tipi-zelt-boho-pink-kinderzelt-mit-quasten\/\" \/>\n<meta property=\"og:locale\" content=\"de_DE\" \/>\n<meta property=\"og:type\" content=\"article\" \/>\n<meta property=\"og:title\" content=\"Tipi zelt Boho Pink - Kinderzelt mit Quasten\" \/>\n<meta property=\"og:description\" content=\"Pinkes Tipi-Zelt zum Spielen, verziert mit blauen Quasten. Tipi mit Fenster und Tasche f\u00fcr Spielzeug.\" \/>\n<meta property=\"og:url\" content=\"https:\/\/cozyanddozy.com\/de\/produkt\/tipi-zelt-boho-pink-kinderzelt-mit-quasten\/\" \/>\n<meta property=\"og:site_name\" content=\"Cozy &amp; Dozy\" \/>\n<meta property=\"article:modified_time\" content=\"2025-01-29T20:41:34+00:00\" \/>\n<meta property=\"og:image\" content=\"https:\/\/cozyanddozy.com\/de\/wp-content\/uploads\/2023\/02\/pp-1415.jpg\" \/>\n\t<meta property=\"og:image:width\" content=\"1200\" \/>\n\t<meta property=\"og:image:height\" content=\"1200\" \/>\n\t<meta property=\"og:image:type\" content=\"image\/jpeg\" \/>\n<meta name=\"twitter:card\" content=\"summary_large_image\" \/>\n<meta name=\"twitter:label1\" content=\"Preis\" \/>\n\t<meta name=\"twitter:data1\" content=\"79,00&nbsp;&euro;\" \/>\n\t<meta name=\"twitter:label2\" content=\"Verf\u00fcgbarkeit\" \/>\n\t<meta name=\"twitter:data2\" content=\"Auf Lager\" \/>\n<script type=\"application\/ld+json\" class=\"yoast-schema-graph\">{\"@context\":\"https:\/\/schema.org\",\"@graph\":[{\"@type\":\"WebPage\",\"@id\":\"https:\/\/cozyanddozy.com\/de\/produkt\/tipi-zelt-boho-pink-kinderzelt-mit-quasten\/\",\"url\":\"https:\/\/cozyanddozy.com\/de\/produkt\/tipi-zelt-boho-pink-kinderzelt-mit-quasten\/\",\"name\":\"Tipi zelt Boho Pink - Kinderzelt mit Quasten - Cozy & Dozy\",\"isPartOf\":{\"@id\":\"https:\/\/cozyanddozy.com\/de\/#website\"},\"primaryImageOfPage\":{\"@id\":\"https:\/\/cozyanddozy.com\/de\/produkt\/tipi-zelt-boho-pink-kinderzelt-mit-quasten\/#primaryimage\"},\"image\":{\"@id\":\"https:\/\/cozyanddozy.com\/de\/produkt\/tipi-zelt-boho-pink-kinderzelt-mit-quasten\/#primaryimage\"},\"thumbnailUrl\":\"https:\/\/cozyanddozy.com\/de\/wp-content\/uploads\/2023\/02\/pp-1415.jpg\",\"datePublished\":\"2019-05-13T06:54:42+00:00\",\"dateModified\":\"2025-01-29T20:41:34+00:00\",\"description\":\"Pinkes Tipi-Zelt zum Spielen, verziert mit blauen Quasten. Tipi mit Fenster und Tasche f\u00fcr Spielzeug.\",\"breadcrumb\":{\"@id\":\"https:\/\/cozyanddozy.com\/de\/produkt\/tipi-zelt-boho-pink-kinderzelt-mit-quasten\/#breadcrumb\"},\"inLanguage\":\"de\",\"potentialAction\":[{\"@type\":\"ReadAction\",\"target\":[\"https:\/\/cozyanddozy.com\/de\/produkt\/tipi-zelt-boho-pink-kinderzelt-mit-quasten\/\"]}]},{\"@type\":\"ImageObject\",\"inLanguage\":\"de\",\"@id\":\"https:\/\/cozyanddozy.com\/de\/produkt\/tipi-zelt-boho-pink-kinderzelt-mit-quasten\/#primaryimage\",\"url\":\"https:\/\/cozyanddozy.com\/de\/wp-content\/uploads\/2023\/02\/pp-1415.jpg\",\"contentUrl\":\"https:\/\/cozyanddozy.com\/de\/wp-content\/uploads\/2023\/02\/pp-1415.jpg\",\"width\":1200,\"height\":1200},{\"@type\":\"BreadcrumbList\",\"@id\":\"https:\/\/cozyanddozy.com\/de\/produkt\/tipi-zelt-boho-pink-kinderzelt-mit-quasten\/#breadcrumb\",\"itemListElement\":[{\"@type\":\"ListItem\",\"position\":1,\"name\":\"Home\",\"item\":\"https:\/\/cozyanddozy.com\/de\/\"},{\"@type\":\"ListItem\",\"position\":2,\"name\":\"Shop\",\"item\":\"https:\/\/cozyanddozy.com\/de\/shop\/\"},{\"@type\":\"ListItem\",\"position\":3,\"name\":\"Tipi zelt Boho Pink &#8211; Kinderzelt mit Quasten\"}]},{\"@type\":\"WebSite\",\"@id\":\"https:\/\/cozyanddozy.com\/de\/#website\",\"url\":\"https:\/\/cozyanddozy.com\/de\/\",\"name\":\"Cozy & Dozy\",\"description\":\"\",\"publisher\":{\"@id\":\"https:\/\/cozyanddozy.com\/de\/#organization\"},\"potentialAction\":[{\"@type\":\"SearchAction\",\"target\":{\"@type\":\"EntryPoint\",\"urlTemplate\":\"https:\/\/cozyanddozy.com\/de\/?s={search_term_string}\"},\"query-input\":{\"@type\":\"PropertyValueSpecification\",\"valueRequired\":true,\"valueName\":\"search_term_string\"}}],\"inLanguage\":\"de\"},{\"@type\":\"Organization\",\"@id\":\"https:\/\/cozyanddozy.com\/de\/#organization\",\"name\":\"Cozy & Dozy\",\"url\":\"https:\/\/cozyanddozy.com\/de\/\",\"logo\":{\"@type\":\"ImageObject\",\"inLanguage\":\"de\",\"@id\":\"https:\/\/cozyanddozy.com\/de\/#\/schema\/logo\/image\/\",\"url\":\"https:\/\/cozyanddozy.com\/de\/wp-content\/uploads\/2023\/02\/cozyanddozy_logo_b.png\",\"contentUrl\":\"https:\/\/cozyanddozy.com\/de\/wp-content\/uploads\/2023\/02\/cozyanddozy_logo_b.png\",\"width\":314,\"height\":85,\"caption\":\"Cozy & Dozy\"},\"image\":{\"@id\":\"https:\/\/cozyanddozy.com\/de\/#\/schema\/logo\/image\/\"}}]}<\/script>\n<meta property=\"product:price:amount\" content=\"79.00\" \/>\n<meta property=\"product:price:currency\" content=\"EUR\" \/>\n<meta property=\"og:availability\" content=\"instock\" \/>\n<meta property=\"product:availability\" content=\"instock\" \/>\n<meta property=\"product:retailer_item_id\" content=\"5902701494667\" \/>\n<meta property=\"product:condition\" content=\"new\" \/>\n<!-- \/ Yoast SEO Premium plugin. -->","yoast_head_json":{"title":"Tipi zelt Boho Pink - Kinderzelt mit Quasten - Cozy & Dozy","description":"Pinkes Tipi-Zelt zum Spielen, verziert mit blauen Quasten. Tipi mit Fenster und Tasche f\u00fcr Spielzeug.","robots":{"index":"index","follow":"follow","max-snippet":"max-snippet:-1","max-image-preview":"max-image-preview:large","max-video-preview":"max-video-preview:-1"},"canonical":"https:\/\/cozyanddozy.com\/de\/produkt\/tipi-zelt-boho-pink-kinderzelt-mit-quasten\/","og_locale":"de_DE","og_type":"article","og_title":"Tipi zelt Boho Pink - Kinderzelt mit Quasten","og_description":"Pinkes Tipi-Zelt zum Spielen, verziert mit blauen Quasten. Tipi mit Fenster und Tasche f\u00fcr Spielzeug.","og_url":"https:\/\/cozyanddozy.com\/de\/produkt\/tipi-zelt-boho-pink-kinderzelt-mit-quasten\/","og_site_name":"Cozy &amp; Dozy","article_modified_time":"2025-01-29T20:41:34+00:00","og_image":[{"width":1200,"height":1200,"url":"https:\/\/cozyanddozy.com\/de\/wp-content\/uploads\/2023\/02\/pp-1415.jpg","type":"image\/jpeg"}],"twitter_card":"summary_large_image","twitter_misc":{"Preis":"79,00&nbsp;&euro;","Verf\u00fcgbarkeit":"Auf Lager"},"schema":{"@context":"https:\/\/schema.org","@graph":[{"@type":"WebPage","@id":"https:\/\/cozyanddozy.com\/de\/produkt\/tipi-zelt-boho-pink-kinderzelt-mit-quasten\/","url":"https:\/\/cozyanddozy.com\/de\/produkt\/tipi-zelt-boho-pink-kinderzelt-mit-quasten\/","name":"Tipi zelt Boho Pink - Kinderzelt mit Quasten - Cozy & Dozy","isPartOf":{"@id":"https:\/\/cozyanddozy.com\/de\/#website"},"primaryImageOfPage":{"@id":"https:\/\/cozyanddozy.com\/de\/produkt\/tipi-zelt-boho-pink-kinderzelt-mit-quasten\/#primaryimage"},"image":{"@id":"https:\/\/cozyanddozy.com\/de\/produkt\/tipi-zelt-boho-pink-kinderzelt-mit-quasten\/#primaryimage"},"thumbnailUrl":"https:\/\/cozyanddozy.com\/de\/wp-content\/uploads\/2023\/02\/pp-1415.jpg","datePublished":"2019-05-13T06:54:42+00:00","dateModified":"2025-01-29T20:41:34+00:00","description":"Pinkes Tipi-Zelt zum Spielen, verziert mit blauen Quasten. Tipi mit Fenster und Tasche f\u00fcr Spielzeug.","breadcrumb":{"@id":"https:\/\/cozyanddozy.com\/de\/produkt\/tipi-zelt-boho-pink-kinderzelt-mit-quasten\/#breadcrumb"},"inLanguage":"de","potentialAction":[{"@type":"ReadAction","target":["https:\/\/cozyanddozy.com\/de\/produkt\/tipi-zelt-boho-pink-kinderzelt-mit-quasten\/"]}]},{"@type":"ImageObject","inLanguage":"de","@id":"https:\/\/cozyanddozy.com\/de\/produkt\/tipi-zelt-boho-pink-kinderzelt-mit-quasten\/#primaryimage","url":"https:\/\/cozyanddozy.com\/de\/wp-content\/uploads\/2023\/02\/pp-1415.jpg","contentUrl":"https:\/\/cozyanddozy.com\/de\/wp-content\/uploads\/2023\/02\/pp-1415.jpg","width":1200,"height":1200},{"@type":"BreadcrumbList","@id":"https:\/\/cozyanddozy.com\/de\/produkt\/tipi-zelt-boho-pink-kinderzelt-mit-quasten\/#breadcrumb","itemListElement":[{"@type":"ListItem","position":1,"name":"Home","item":"https:\/\/cozyanddozy.com\/de\/"},{"@type":"ListItem","position":2,"name":"Shop","item":"https:\/\/cozyanddozy.com\/de\/shop\/"},{"@type":"ListItem","position":3,"name":"Tipi zelt Boho Pink &#8211; Kinderzelt mit Quasten"}]},{"@type":"WebSite","@id":"https:\/\/cozyanddozy.com\/de\/#website","url":"https:\/\/cozyanddozy.com\/de\/","name":"Cozy & Dozy","description":"","publisher":{"@id":"https:\/\/cozyanddozy.com\/de\/#organization"},"potentialAction":[{"@type":"SearchAction","target":{"@type":"EntryPoint","urlTemplate":"https:\/\/cozyanddozy.com\/de\/?s={search_term_string}"},"query-input":{"@type":"PropertyValueSpecification","valueRequired":true,"valueName":"search_term_string"}}],"inLanguage":"de"},{"@type":"Organization","@id":"https:\/\/cozyanddozy.com\/de\/#organization","name":"Cozy & Dozy","url":"https:\/\/cozyanddozy.com\/de\/","logo":{"@type":"ImageObject","inLanguage":"de","@id":"https:\/\/cozyanddozy.com\/de\/#\/schema\/logo\/image\/","url":"https:\/\/cozyanddozy.com\/de\/wp-content\/uploads\/2023\/02\/cozyanddozy_logo_b.png","contentUrl":"https:\/\/cozyanddozy.com\/de\/wp-content\/uploads\/2023\/02\/cozyanddozy_logo_b.png","width":314,"height":85,"caption":"Cozy & Dozy"},"image":{"@id":"https:\/\/cozyanddozy.com\/de\/#\/schema\/logo\/image\/"}}]},"product_price_amount":"79.00","product_price_currency":"EUR","og_availability":"instock","product_availability":"instock","product_retailer_item_id":"5902701494667","product_condition":"new"},"_links":{"self":[{"href":"https:\/\/cozyanddozy.com\/de\/wp-json\/wp\/v2\/product\/1268","targetHints":{"allow":["GET"]}}],"collection":[{"href":"https:\/\/cozyanddozy.com\/de\/wp-json\/wp\/v2\/product"}],"about":[{"href":"https:\/\/cozyanddozy.com\/de\/wp-json\/wp\/v2\/types\/product"}],"replies":[{"embeddable":true,"href":"https:\/\/cozyanddozy.com\/de\/wp-json\/wp\/v2\/comments?post=1268"}],"wp:featuredmedia":[{"embeddable":true,"href":"https:\/\/cozyanddozy.com\/de\/wp-json\/wp\/v2\/media\/429"}],"wp:attachment":[{"href":"https:\/\/cozyanddozy.com\/de\/wp-json\/wp\/v2\/media?parent=1268"}],"wp:term":[{"taxonomy":"product_brand","embeddable":true,"href":"https:\/\/cozyanddozy.com\/de\/wp-json\/wp\/v2\/product_brand?post=1268"},{"taxonomy":"product_cat","embeddable":true,"href":"https:\/\/cozyanddozy.com\/de\/wp-json\/wp\/v2\/product_cat?post=1268"},{"taxonomy":"product_tag","embeddable":true,"href":"https:\/\/cozyanddozy.com\/de\/wp-json\/wp\/v2\/product_tag?post=1268"}],"curies":[{"name":"wp","href":"https:\/\/api.w.org\/{rel}","templated":true}]}}