{"id":1263,"date":"2017-10-31T12:09:25","date_gmt":"2017-10-31T11:09:25","guid":{"rendered":"https:\/\/cozyanddozy.com\/de\/product\/rosa-tipi-fuer-ein-maedchen-pink-tipi-set-7-el\/"},"modified":"2025-01-29T21:40:32","modified_gmt":"2025-01-29T20:40:32","slug":"rosa-tipi-fuer-ein-maedchen-pink-tipi-set-7-el","status":"publish","type":"product","link":"https:\/\/cozyanddozy.com\/de\/produkt\/rosa-tipi-fuer-ein-maedchen-pink-tipi-set-7-el\/","title":{"rendered":"Rosa Tipi f\u00fcr ein M\u00e4dchen. Pink Tipi Set 6 el."},"content":{"rendered":"<p><img decoding=\"async\" class=\"wp-image-41233 alignright\" src=\"https:\/\/www.cozydots.com\/wp-content\/uploads\/2021\/11\/pp-1094-400x400.jpg\" alt=\"\" width=\"650\" height=\"650\" \/>Indian Tipi ist ein einzigartiger Ort, um unter freiem Himmel und zu Hause zu spielen. Ein Kinderzelt ist ein guter Platz zum Ausruhen und Leseecke f\u00fcr B\u00fccher.\u00a0Kinder-Tipi ist ein modisches Gestaltungselement eines Kinderzimmers.<\/p>\n<p>Das Pink tipi Kinderzelt besteht aus einer starken Leinwand und rosa Baumwolle.\u00a0Der Eingang zum Wigwam ist mit einem rosa Band mit Pompons verziert. \u00a0Zus\u00e4tzlich sind zwei Kissen und eine warme Matte im Set enthalten. Das Kinder Zelt hat eine Zeltfach f\u00fcr Spielzeug und ein Rollladenfenster, alle Stoffteile k\u00f6nnen in der Waschmaschine gewaschen werden.\u00a0Das Kinderzelt l\u00e4sst sich leicht zusammenfalten und nimmt wenig Platz in Anspruch.<\/p>\n<p>Indische Tipi \u00a0Zelt werden nach der handwerklichen Methode hergestellt, hergestellt aus kindersicheren Stoffen europ\u00e4ischer Herkunft und in gepr\u00fcfter Qualit\u00e4t. Alle Modelle sind von uns entworfen und wir geben Ihnen die Garantie, dass Sie ein einzigartiges Produkt von bester Qualit\u00e4t erhalten.<\/p>\n<h2>Der rosa Cozy &amp; Dozy Tipi Pink enth\u00e4lt:<\/h2>\n<ul>\n<li>Spielzelt Tipi f\u00fcr M\u00e4dchen<\/li>\n<li>weiche Matte<\/li>\n<li>zwei Kissen,<\/li>\n<li>stabilizer<\/li>\n<li>4 Stangen aus nat\u00fcrlichem Kiefernholz (Rahmen).<\/li>\n<\/ul>\n<p>Wigwam kann auch ohne Matten und Kissen gekauft werden.<\/p>\n","protected":false},"excerpt":{"rendered":"<p>Das Pink tipi Kinderzelt besteht aus einer starken Leinwand und rosa Baumwolle.\u00a0Der Eingang zum Wigwam ist mit einem rosa Band mit Pompons verziert.<\/p>\n","protected":false},"featured_media":410,"comment_status":"open","ping_status":"closed","template":"","meta":[],"product_brand":[],"product_cat":[71],"product_tag":[24],"class_list":{"0":"post-1263","1":"product","2":"type-product","3":"status-publish","4":"has-post-thumbnail","6":"product_cat-tipi-zelt","7":"product_tag-pla","9":"first","10":"instock","11":"sale","12":"shipping-taxable","13":"product-type-simple"},"yoast_head":"<!-- This site is optimized with the Yoast SEO Premium plugin v21.9 (Yoast SEO v27.0) - https:\/\/yoast.com\/product\/yoast-seo-premium-wordpress\/ -->\n<title>Rosa Tipi f\u00fcr ein M\u00e4dchen. Pink Tipi Set 6 el. - Cozy &amp; Dozy<\/title>\n<meta name=\"description\" content=\"Das Pink tipi Kinderzelt besteht aus einer starken Leinwand und rosa Baumwolle.\u00a0Der Eingang zum Wigwam ist mit einem rosa Band mit Pompons verziert. \u00a0\" \/>\n<meta name=\"robots\" content=\"index, follow, max-snippet:-1, max-image-preview:large, max-video-preview:-1\" \/>\n<link rel=\"canonical\" href=\"https:\/\/cozyanddozy.com\/de\/produkt\/rosa-tipi-fuer-ein-maedchen-pink-tipi-set-7-el\/\" \/>\n<meta property=\"og:locale\" content=\"de_DE\" \/>\n<meta property=\"og:type\" content=\"article\" \/>\n<meta property=\"og:title\" content=\"Rosa Tipi f\u00fcr ein M\u00e4dchen. Pink Tipi Set 6 el.\" \/>\n<meta property=\"og:description\" content=\"Das Pink tipi Kinderzelt besteht aus einer starken Leinwand und rosa Baumwolle.\u00a0Der Eingang zum Wigwam ist mit einem rosa Band mit Pompons verziert. \u00a0\" \/>\n<meta property=\"og:url\" content=\"https:\/\/cozyanddozy.com\/de\/produkt\/rosa-tipi-fuer-ein-maedchen-pink-tipi-set-7-el\/\" \/>\n<meta property=\"og:site_name\" content=\"Cozy &amp; Dozy\" \/>\n<meta property=\"article:modified_time\" content=\"2025-01-29T20:40:32+00:00\" \/>\n<meta property=\"og:image\" content=\"https:\/\/cozyanddozy.com\/de\/wp-content\/uploads\/2023\/02\/kids_tipi_tent_Pink_s1.jpg\" \/>\n\t<meta property=\"og:image:width\" content=\"1200\" \/>\n\t<meta property=\"og:image:height\" content=\"1200\" \/>\n\t<meta property=\"og:image:type\" content=\"image\/jpeg\" \/>\n<meta name=\"twitter:card\" content=\"summary_large_image\" \/>\n<meta name=\"twitter:label1\" content=\"Preis\" \/>\n\t<meta name=\"twitter:data1\" content=\"129,00&nbsp;&euro;\" \/>\n\t<meta name=\"twitter:label2\" content=\"Verf\u00fcgbarkeit\" \/>\n\t<meta name=\"twitter:data2\" content=\"Auf Lager\" \/>\n<script type=\"application\/ld+json\" class=\"yoast-schema-graph\">{\"@context\":\"https:\/\/schema.org\",\"@graph\":[{\"@type\":\"WebPage\",\"@id\":\"https:\/\/cozyanddozy.com\/de\/produkt\/rosa-tipi-fuer-ein-maedchen-pink-tipi-set-7-el\/\",\"url\":\"https:\/\/cozyanddozy.com\/de\/produkt\/rosa-tipi-fuer-ein-maedchen-pink-tipi-set-7-el\/\",\"name\":\"Rosa Tipi f\u00fcr ein M\u00e4dchen. Pink Tipi Set 6 el. - Cozy &amp; Dozy\",\"isPartOf\":{\"@id\":\"https:\/\/cozyanddozy.com\/de\/#website\"},\"primaryImageOfPage\":{\"@id\":\"https:\/\/cozyanddozy.com\/de\/produkt\/rosa-tipi-fuer-ein-maedchen-pink-tipi-set-7-el\/#primaryimage\"},\"image\":{\"@id\":\"https:\/\/cozyanddozy.com\/de\/produkt\/rosa-tipi-fuer-ein-maedchen-pink-tipi-set-7-el\/#primaryimage\"},\"thumbnailUrl\":\"https:\/\/cozyanddozy.com\/de\/wp-content\/uploads\/2023\/02\/kids_tipi_tent_Pink_s1.jpg\",\"datePublished\":\"2017-10-31T11:09:25+00:00\",\"dateModified\":\"2025-01-29T20:40:32+00:00\",\"description\":\"Das Pink tipi Kinderzelt besteht aus einer starken Leinwand und rosa Baumwolle.\u00a0Der Eingang zum Wigwam ist mit einem rosa Band mit Pompons verziert. \u00a0\",\"breadcrumb\":{\"@id\":\"https:\/\/cozyanddozy.com\/de\/produkt\/rosa-tipi-fuer-ein-maedchen-pink-tipi-set-7-el\/#breadcrumb\"},\"inLanguage\":\"de\",\"potentialAction\":[{\"@type\":\"ReadAction\",\"target\":[\"https:\/\/cozyanddozy.com\/de\/produkt\/rosa-tipi-fuer-ein-maedchen-pink-tipi-set-7-el\/\"]}]},{\"@type\":\"ImageObject\",\"inLanguage\":\"de\",\"@id\":\"https:\/\/cozyanddozy.com\/de\/produkt\/rosa-tipi-fuer-ein-maedchen-pink-tipi-set-7-el\/#primaryimage\",\"url\":\"https:\/\/cozyanddozy.com\/de\/wp-content\/uploads\/2023\/02\/kids_tipi_tent_Pink_s1.jpg\",\"contentUrl\":\"https:\/\/cozyanddozy.com\/de\/wp-content\/uploads\/2023\/02\/kids_tipi_tent_Pink_s1.jpg\",\"width\":1200,\"height\":1200,\"caption\":\"pp-1094.jpg\"},{\"@type\":\"BreadcrumbList\",\"@id\":\"https:\/\/cozyanddozy.com\/de\/produkt\/rosa-tipi-fuer-ein-maedchen-pink-tipi-set-7-el\/#breadcrumb\",\"itemListElement\":[{\"@type\":\"ListItem\",\"position\":1,\"name\":\"Home\",\"item\":\"https:\/\/cozyanddozy.com\/de\/\"},{\"@type\":\"ListItem\",\"position\":2,\"name\":\"Shop\",\"item\":\"https:\/\/cozyanddozy.com\/de\/shop\/\"},{\"@type\":\"ListItem\",\"position\":3,\"name\":\"Rosa Tipi f\u00fcr ein M\u00e4dchen. Pink Tipi Set 6 el.\"}]},{\"@type\":\"WebSite\",\"@id\":\"https:\/\/cozyanddozy.com\/de\/#website\",\"url\":\"https:\/\/cozyanddozy.com\/de\/\",\"name\":\"Cozy & Dozy\",\"description\":\"\",\"publisher\":{\"@id\":\"https:\/\/cozyanddozy.com\/de\/#organization\"},\"potentialAction\":[{\"@type\":\"SearchAction\",\"target\":{\"@type\":\"EntryPoint\",\"urlTemplate\":\"https:\/\/cozyanddozy.com\/de\/?s={search_term_string}\"},\"query-input\":{\"@type\":\"PropertyValueSpecification\",\"valueRequired\":true,\"valueName\":\"search_term_string\"}}],\"inLanguage\":\"de\"},{\"@type\":\"Organization\",\"@id\":\"https:\/\/cozyanddozy.com\/de\/#organization\",\"name\":\"Cozy & Dozy\",\"url\":\"https:\/\/cozyanddozy.com\/de\/\",\"logo\":{\"@type\":\"ImageObject\",\"inLanguage\":\"de\",\"@id\":\"https:\/\/cozyanddozy.com\/de\/#\/schema\/logo\/image\/\",\"url\":\"https:\/\/cozyanddozy.com\/de\/wp-content\/uploads\/2023\/02\/cozyanddozy_logo_b.png\",\"contentUrl\":\"https:\/\/cozyanddozy.com\/de\/wp-content\/uploads\/2023\/02\/cozyanddozy_logo_b.png\",\"width\":314,\"height\":85,\"caption\":\"Cozy & Dozy\"},\"image\":{\"@id\":\"https:\/\/cozyanddozy.com\/de\/#\/schema\/logo\/image\/\"}}]}<\/script>\n<meta property=\"product:price:amount\" content=\"129.00\" \/>\n<meta property=\"product:price:currency\" content=\"EUR\" \/>\n<meta property=\"og:availability\" content=\"instock\" \/>\n<meta property=\"product:availability\" content=\"instock\" \/>\n<meta property=\"product:retailer_item_id\" content=\"5902701493035\" \/>\n<meta property=\"product:condition\" content=\"new\" \/>\n<!-- \/ Yoast SEO Premium plugin. -->","yoast_head_json":{"title":"Rosa Tipi f\u00fcr ein M\u00e4dchen. Pink Tipi Set 6 el. - Cozy &amp; Dozy","description":"Das Pink tipi Kinderzelt besteht aus einer starken Leinwand und rosa Baumwolle.\u00a0Der Eingang zum Wigwam ist mit einem rosa Band mit Pompons verziert. \u00a0","robots":{"index":"index","follow":"follow","max-snippet":"max-snippet:-1","max-image-preview":"max-image-preview:large","max-video-preview":"max-video-preview:-1"},"canonical":"https:\/\/cozyanddozy.com\/de\/produkt\/rosa-tipi-fuer-ein-maedchen-pink-tipi-set-7-el\/","og_locale":"de_DE","og_type":"article","og_title":"Rosa Tipi f\u00fcr ein M\u00e4dchen. Pink Tipi Set 6 el.","og_description":"Das Pink tipi Kinderzelt besteht aus einer starken Leinwand und rosa Baumwolle.\u00a0Der Eingang zum Wigwam ist mit einem rosa Band mit Pompons verziert. \u00a0","og_url":"https:\/\/cozyanddozy.com\/de\/produkt\/rosa-tipi-fuer-ein-maedchen-pink-tipi-set-7-el\/","og_site_name":"Cozy &amp; Dozy","article_modified_time":"2025-01-29T20:40:32+00:00","og_image":[{"width":1200,"height":1200,"url":"https:\/\/cozyanddozy.com\/de\/wp-content\/uploads\/2023\/02\/kids_tipi_tent_Pink_s1.jpg","type":"image\/jpeg"}],"twitter_card":"summary_large_image","twitter_misc":{"Preis":"129,00&nbsp;&euro;","Verf\u00fcgbarkeit":"Auf Lager"},"schema":{"@context":"https:\/\/schema.org","@graph":[{"@type":"WebPage","@id":"https:\/\/cozyanddozy.com\/de\/produkt\/rosa-tipi-fuer-ein-maedchen-pink-tipi-set-7-el\/","url":"https:\/\/cozyanddozy.com\/de\/produkt\/rosa-tipi-fuer-ein-maedchen-pink-tipi-set-7-el\/","name":"Rosa Tipi f\u00fcr ein M\u00e4dchen. Pink Tipi Set 6 el. - Cozy &amp; Dozy","isPartOf":{"@id":"https:\/\/cozyanddozy.com\/de\/#website"},"primaryImageOfPage":{"@id":"https:\/\/cozyanddozy.com\/de\/produkt\/rosa-tipi-fuer-ein-maedchen-pink-tipi-set-7-el\/#primaryimage"},"image":{"@id":"https:\/\/cozyanddozy.com\/de\/produkt\/rosa-tipi-fuer-ein-maedchen-pink-tipi-set-7-el\/#primaryimage"},"thumbnailUrl":"https:\/\/cozyanddozy.com\/de\/wp-content\/uploads\/2023\/02\/kids_tipi_tent_Pink_s1.jpg","datePublished":"2017-10-31T11:09:25+00:00","dateModified":"2025-01-29T20:40:32+00:00","description":"Das Pink tipi Kinderzelt besteht aus einer starken Leinwand und rosa Baumwolle.\u00a0Der Eingang zum Wigwam ist mit einem rosa Band mit Pompons verziert. \u00a0","breadcrumb":{"@id":"https:\/\/cozyanddozy.com\/de\/produkt\/rosa-tipi-fuer-ein-maedchen-pink-tipi-set-7-el\/#breadcrumb"},"inLanguage":"de","potentialAction":[{"@type":"ReadAction","target":["https:\/\/cozyanddozy.com\/de\/produkt\/rosa-tipi-fuer-ein-maedchen-pink-tipi-set-7-el\/"]}]},{"@type":"ImageObject","inLanguage":"de","@id":"https:\/\/cozyanddozy.com\/de\/produkt\/rosa-tipi-fuer-ein-maedchen-pink-tipi-set-7-el\/#primaryimage","url":"https:\/\/cozyanddozy.com\/de\/wp-content\/uploads\/2023\/02\/kids_tipi_tent_Pink_s1.jpg","contentUrl":"https:\/\/cozyanddozy.com\/de\/wp-content\/uploads\/2023\/02\/kids_tipi_tent_Pink_s1.jpg","width":1200,"height":1200,"caption":"pp-1094.jpg"},{"@type":"BreadcrumbList","@id":"https:\/\/cozyanddozy.com\/de\/produkt\/rosa-tipi-fuer-ein-maedchen-pink-tipi-set-7-el\/#breadcrumb","itemListElement":[{"@type":"ListItem","position":1,"name":"Home","item":"https:\/\/cozyanddozy.com\/de\/"},{"@type":"ListItem","position":2,"name":"Shop","item":"https:\/\/cozyanddozy.com\/de\/shop\/"},{"@type":"ListItem","position":3,"name":"Rosa Tipi f\u00fcr ein M\u00e4dchen. Pink Tipi Set 6 el."}]},{"@type":"WebSite","@id":"https:\/\/cozyanddozy.com\/de\/#website","url":"https:\/\/cozyanddozy.com\/de\/","name":"Cozy & Dozy","description":"","publisher":{"@id":"https:\/\/cozyanddozy.com\/de\/#organization"},"potentialAction":[{"@type":"SearchAction","target":{"@type":"EntryPoint","urlTemplate":"https:\/\/cozyanddozy.com\/de\/?s={search_term_string}"},"query-input":{"@type":"PropertyValueSpecification","valueRequired":true,"valueName":"search_term_string"}}],"inLanguage":"de"},{"@type":"Organization","@id":"https:\/\/cozyanddozy.com\/de\/#organization","name":"Cozy & Dozy","url":"https:\/\/cozyanddozy.com\/de\/","logo":{"@type":"ImageObject","inLanguage":"de","@id":"https:\/\/cozyanddozy.com\/de\/#\/schema\/logo\/image\/","url":"https:\/\/cozyanddozy.com\/de\/wp-content\/uploads\/2023\/02\/cozyanddozy_logo_b.png","contentUrl":"https:\/\/cozyanddozy.com\/de\/wp-content\/uploads\/2023\/02\/cozyanddozy_logo_b.png","width":314,"height":85,"caption":"Cozy & Dozy"},"image":{"@id":"https:\/\/cozyanddozy.com\/de\/#\/schema\/logo\/image\/"}}]},"product_price_amount":"129.00","product_price_currency":"EUR","og_availability":"instock","product_availability":"instock","product_retailer_item_id":"5902701493035","product_condition":"new"},"_links":{"self":[{"href":"https:\/\/cozyanddozy.com\/de\/wp-json\/wp\/v2\/product\/1263","targetHints":{"allow":["GET"]}}],"collection":[{"href":"https:\/\/cozyanddozy.com\/de\/wp-json\/wp\/v2\/product"}],"about":[{"href":"https:\/\/cozyanddozy.com\/de\/wp-json\/wp\/v2\/types\/product"}],"replies":[{"embeddable":true,"href":"https:\/\/cozyanddozy.com\/de\/wp-json\/wp\/v2\/comments?post=1263"}],"wp:featuredmedia":[{"embeddable":true,"href":"https:\/\/cozyanddozy.com\/de\/wp-json\/wp\/v2\/media\/410"}],"wp:attachment":[{"href":"https:\/\/cozyanddozy.com\/de\/wp-json\/wp\/v2\/media?parent=1263"}],"wp:term":[{"taxonomy":"product_brand","embeddable":true,"href":"https:\/\/cozyanddozy.com\/de\/wp-json\/wp\/v2\/product_brand?post=1263"},{"taxonomy":"product_cat","embeddable":true,"href":"https:\/\/cozyanddozy.com\/de\/wp-json\/wp\/v2\/product_cat?post=1263"},{"taxonomy":"product_tag","embeddable":true,"href":"https:\/\/cozyanddozy.com\/de\/wp-json\/wp\/v2\/product_tag?post=1263"}],"curies":[{"name":"wp","href":"https:\/\/api.w.org\/{rel}","templated":true}]}}