{"id":1260,"date":"2017-10-20T09:11:43","date_gmt":"2017-10-20T07:11:43","guid":{"rendered":"https:\/\/cozyanddozy.com\/de\/product\/kinderzelt-indian-tipi-fuer-jungen-indianerzelt-set-6-stueck\/"},"modified":"2024-01-23T11:53:00","modified_gmt":"2024-01-23T10:53:00","slug":"kinderzelt-indian-tipi-fuer-jungen-indianerzelt-set-6-stueck","status":"publish","type":"product","link":"https:\/\/cozyanddozy.com\/de\/produkt\/kinderzelt-indian-tipi-fuer-jungen-indianerzelt-set-6-stueck\/","title":{"rendered":"Tipi zelt Indian, tipi f\u00fcr Kinder, Indianerzelt set 4 St\u00fcck"},"content":{"rendered":"<p><img decoding=\"async\" class=\"alignright wp-image-41428\" src=\"https:\/\/www.cozydots.com\/wp-content\/uploads\/2021\/11\/pp-1410.jpg\" alt=\"tipi tent\" width=\"600\" height=\"600\" \/>Etno Tipi ist ein einzigartiger Ort, um unter freiem Himmel und zu Hause zu spielen. Ein Kinderzelt ist ein guter Ort zum Lesen und Entspannen.\u00a0Kinder-Tipi ist ein modisches Gestaltungselement eines Kinderzimmers.<\/p>\n<p>Tipi Indianerzelt ist aus einer starken Leinwand und Baumwolle in bunten, aztekischen Mustern gefertigt. Der Eingang zum Wigwam ist mit einem t\u00fcrkisfarbenen G\u00fcrtel mit Pompons verziert. Au\u00dferdem gibt es: eine Kissen mit Pumps und eine warme Matte. Das Spielzelt hat eine Zeltfach f\u00fcr Spielzeug und ein Rollladenfenster, alle Stoffteile k\u00f6nnen in der Waschmaschine gewaschen werden. Das Kinderzelt l\u00e4sst sich leicht zusammenfalten und nimmt wenig Platz in Anspruch.<\/p>\n<p>Tipi werden nach der handwerklichen Methode hergestellt, hergestellt aus kindersicheren Stoffen europ\u00e4ischer Herkunft und in gepr\u00fcfter Qualit\u00e4t. Alle Modelle sind von uns entworfen und wir geben Ihnen die Garantie, dass Sie ein einzigartiges<strong> Produkt von bester Qualit\u00e4t erhalten.<\/strong><\/p>\n<h2>Das Cozy &amp; Dozy Tipi Set beinhaltet folgende Teile:<\/h2>\n<ul>\n<li><strong>Tipi Zelt<\/strong><\/li>\n<li>weiche <strong>Matte<\/strong> in Minze<\/li>\n<li><strong>Stabilisator<\/strong>\u00a0(verhindert, dass sich der Rahmen bewegt)<\/li>\n<li>4 Stangen aus nat\u00fcrlichem Kiefernholz (Rahmen).<\/li>\n<\/ul>\n<p>Tipi kann auch ohne Matten und Kissen gekauft werden.<\/p>\n<p>&nbsp;<\/p>\n","protected":false},"excerpt":{"rendered":"<p>Tipi Indianerzelt ist aus einer starken Leinwand und Baumwolle in bunten, aztekischen Mustern gefertigt. Der Eingang zum Wigwam ist mit einem t\u00fcrkisfarbenen G\u00fcrtel mit Pompons verziert.<\/p>\n","protected":false},"featured_media":391,"comment_status":"open","ping_status":"closed","template":"","meta":[],"product_brand":[],"product_cat":[71],"product_tag":[24],"class_list":{"0":"post-1260","1":"product","2":"type-product","3":"status-publish","4":"has-post-thumbnail","6":"product_cat-tipi-zelt","7":"product_tag-pla","8":"pa_model-indian","10":"first","11":"outofstock","12":"sale","13":"shipping-taxable","14":"product-type-simple"},"yoast_head":"<!-- This site is optimized with the Yoast SEO Premium plugin v21.9 (Yoast SEO v27.0) - https:\/\/yoast.com\/product\/yoast-seo-premium-wordpress\/ -->\n<title>Tipi zelt Indian, tipi f\u00fcr Kinder, Indianerzelt set 4 St\u00fcck - Cozy &amp; Dozy<\/title>\n<meta name=\"description\" content=\"Tipi Indianerzelt ist aus einer starken Leinwand und Baumwolle in bunten, aztekischen Mustern gefertigt.\u00a0Der Eingang zum Tipi ist mit einem t\u00fcrkisfarbenen G\u00fcrtel mit Pompons verziert.\" \/>\n<meta name=\"robots\" content=\"index, follow, max-snippet:-1, max-image-preview:large, max-video-preview:-1\" \/>\n<link rel=\"canonical\" href=\"https:\/\/cozyanddozy.com\/de\/produkt\/kinderzelt-indian-tipi-fuer-jungen-indianerzelt-set-6-stueck\/\" \/>\n<meta property=\"og:locale\" content=\"de_DE\" \/>\n<meta property=\"og:type\" content=\"article\" \/>\n<meta property=\"og:title\" content=\"Tipi zelt Indian, tipi f\u00fcr Kinder, Indianerzelt set 4 St\u00fcck\" \/>\n<meta property=\"og:description\" content=\"Tipi Indianerzelt ist aus einer starken Leinwand und Baumwolle in bunten, aztekischen Mustern gefertigt.\u00a0Der Eingang zum Tipi ist mit einem t\u00fcrkisfarbenen G\u00fcrtel mit Pompons verziert.\" \/>\n<meta property=\"og:url\" content=\"https:\/\/cozyanddozy.com\/de\/produkt\/kinderzelt-indian-tipi-fuer-jungen-indianerzelt-set-6-stueck\/\" \/>\n<meta property=\"og:site_name\" content=\"Cozy &amp; Dozy\" \/>\n<meta property=\"article:modified_time\" content=\"2024-01-23T10:53:00+00:00\" \/>\n<meta property=\"og:image\" content=\"https:\/\/cozyanddozy.com\/de\/wp-content\/uploads\/2023\/02\/tipi_tent_etno_set_f9.jpg\" \/>\n\t<meta property=\"og:image:width\" content=\"1200\" \/>\n\t<meta property=\"og:image:height\" content=\"1200\" \/>\n\t<meta property=\"og:image:type\" content=\"image\/jpeg\" \/>\n<meta name=\"twitter:card\" content=\"summary_large_image\" \/>\n<meta name=\"twitter:label1\" content=\"Preis\" \/>\n\t<meta name=\"twitter:data1\" content=\"125,10&nbsp;&euro;\" \/>\n\t<meta name=\"twitter:label2\" content=\"Verf\u00fcgbarkeit\" \/>\n\t<meta name=\"twitter:data2\" content=\"ausverkauft\" \/>\n<script type=\"application\/ld+json\" class=\"yoast-schema-graph\">{\"@context\":\"https:\/\/schema.org\",\"@graph\":[{\"@type\":\"WebPage\",\"@id\":\"https:\/\/cozyanddozy.com\/de\/produkt\/kinderzelt-indian-tipi-fuer-jungen-indianerzelt-set-6-stueck\/\",\"url\":\"https:\/\/cozyanddozy.com\/de\/produkt\/kinderzelt-indian-tipi-fuer-jungen-indianerzelt-set-6-stueck\/\",\"name\":\"Tipi zelt Indian, tipi f\u00fcr Kinder, Indianerzelt set 4 St\u00fcck - Cozy &amp; Dozy\",\"isPartOf\":{\"@id\":\"https:\/\/cozyanddozy.com\/de\/#website\"},\"primaryImageOfPage\":{\"@id\":\"https:\/\/cozyanddozy.com\/de\/produkt\/kinderzelt-indian-tipi-fuer-jungen-indianerzelt-set-6-stueck\/#primaryimage\"},\"image\":{\"@id\":\"https:\/\/cozyanddozy.com\/de\/produkt\/kinderzelt-indian-tipi-fuer-jungen-indianerzelt-set-6-stueck\/#primaryimage\"},\"thumbnailUrl\":\"https:\/\/cozyanddozy.com\/de\/wp-content\/uploads\/2023\/02\/tipi_tent_etno_set_f9.jpg\",\"datePublished\":\"2017-10-20T07:11:43+00:00\",\"dateModified\":\"2024-01-23T10:53:00+00:00\",\"description\":\"Tipi Indianerzelt ist aus einer starken Leinwand und Baumwolle in bunten, aztekischen Mustern gefertigt.\u00a0Der Eingang zum Tipi ist mit einem t\u00fcrkisfarbenen G\u00fcrtel mit Pompons verziert.\",\"breadcrumb\":{\"@id\":\"https:\/\/cozyanddozy.com\/de\/produkt\/kinderzelt-indian-tipi-fuer-jungen-indianerzelt-set-6-stueck\/#breadcrumb\"},\"inLanguage\":\"de\",\"potentialAction\":[{\"@type\":\"ReadAction\",\"target\":[\"https:\/\/cozyanddozy.com\/de\/produkt\/kinderzelt-indian-tipi-fuer-jungen-indianerzelt-set-6-stueck\/\"]}]},{\"@type\":\"ImageObject\",\"inLanguage\":\"de\",\"@id\":\"https:\/\/cozyanddozy.com\/de\/produkt\/kinderzelt-indian-tipi-fuer-jungen-indianerzelt-set-6-stueck\/#primaryimage\",\"url\":\"https:\/\/cozyanddozy.com\/de\/wp-content\/uploads\/2023\/02\/tipi_tent_etno_set_f9.jpg\",\"contentUrl\":\"https:\/\/cozyanddozy.com\/de\/wp-content\/uploads\/2023\/02\/tipi_tent_etno_set_f9.jpg\",\"width\":1200,\"height\":1200,\"caption\":\"tipi tent indian\"},{\"@type\":\"BreadcrumbList\",\"@id\":\"https:\/\/cozyanddozy.com\/de\/produkt\/kinderzelt-indian-tipi-fuer-jungen-indianerzelt-set-6-stueck\/#breadcrumb\",\"itemListElement\":[{\"@type\":\"ListItem\",\"position\":1,\"name\":\"Home\",\"item\":\"https:\/\/cozyanddozy.com\/de\/\"},{\"@type\":\"ListItem\",\"position\":2,\"name\":\"Shop\",\"item\":\"https:\/\/cozyanddozy.com\/de\/shop\/\"},{\"@type\":\"ListItem\",\"position\":3,\"name\":\"Tipi zelt Indian, tipi f\u00fcr Kinder, Indianerzelt set 4 St\u00fcck\"}]},{\"@type\":\"WebSite\",\"@id\":\"https:\/\/cozyanddozy.com\/de\/#website\",\"url\":\"https:\/\/cozyanddozy.com\/de\/\",\"name\":\"Cozy & Dozy\",\"description\":\"\",\"publisher\":{\"@id\":\"https:\/\/cozyanddozy.com\/de\/#organization\"},\"potentialAction\":[{\"@type\":\"SearchAction\",\"target\":{\"@type\":\"EntryPoint\",\"urlTemplate\":\"https:\/\/cozyanddozy.com\/de\/?s={search_term_string}\"},\"query-input\":{\"@type\":\"PropertyValueSpecification\",\"valueRequired\":true,\"valueName\":\"search_term_string\"}}],\"inLanguage\":\"de\"},{\"@type\":\"Organization\",\"@id\":\"https:\/\/cozyanddozy.com\/de\/#organization\",\"name\":\"Cozy & Dozy\",\"url\":\"https:\/\/cozyanddozy.com\/de\/\",\"logo\":{\"@type\":\"ImageObject\",\"inLanguage\":\"de\",\"@id\":\"https:\/\/cozyanddozy.com\/de\/#\/schema\/logo\/image\/\",\"url\":\"https:\/\/cozyanddozy.com\/de\/wp-content\/uploads\/2023\/02\/cozyanddozy_logo_b.png\",\"contentUrl\":\"https:\/\/cozyanddozy.com\/de\/wp-content\/uploads\/2023\/02\/cozyanddozy_logo_b.png\",\"width\":314,\"height\":85,\"caption\":\"Cozy & Dozy\"},\"image\":{\"@id\":\"https:\/\/cozyanddozy.com\/de\/#\/schema\/logo\/image\/\"}}]}<\/script>\n<meta property=\"product:price:amount\" content=\"125.10\" \/>\n<meta property=\"product:price:currency\" content=\"EUR\" \/>\n<meta property=\"og:availability\" content=\"out of stock\" \/>\n<meta property=\"product:availability\" content=\"out of stock\" \/>\n<meta property=\"product:retailer_item_id\" content=\"5902701492557\" \/>\n<meta property=\"product:condition\" content=\"new\" \/>\n<!-- \/ Yoast SEO Premium plugin. -->","yoast_head_json":{"title":"Tipi zelt Indian, tipi f\u00fcr Kinder, Indianerzelt set 4 St\u00fcck - Cozy &amp; Dozy","description":"Tipi Indianerzelt ist aus einer starken Leinwand und Baumwolle in bunten, aztekischen Mustern gefertigt.\u00a0Der Eingang zum Tipi ist mit einem t\u00fcrkisfarbenen G\u00fcrtel mit Pompons verziert.","robots":{"index":"index","follow":"follow","max-snippet":"max-snippet:-1","max-image-preview":"max-image-preview:large","max-video-preview":"max-video-preview:-1"},"canonical":"https:\/\/cozyanddozy.com\/de\/produkt\/kinderzelt-indian-tipi-fuer-jungen-indianerzelt-set-6-stueck\/","og_locale":"de_DE","og_type":"article","og_title":"Tipi zelt Indian, tipi f\u00fcr Kinder, Indianerzelt set 4 St\u00fcck","og_description":"Tipi Indianerzelt ist aus einer starken Leinwand und Baumwolle in bunten, aztekischen Mustern gefertigt.\u00a0Der Eingang zum Tipi ist mit einem t\u00fcrkisfarbenen G\u00fcrtel mit Pompons verziert.","og_url":"https:\/\/cozyanddozy.com\/de\/produkt\/kinderzelt-indian-tipi-fuer-jungen-indianerzelt-set-6-stueck\/","og_site_name":"Cozy &amp; Dozy","article_modified_time":"2024-01-23T10:53:00+00:00","og_image":[{"width":1200,"height":1200,"url":"https:\/\/cozyanddozy.com\/de\/wp-content\/uploads\/2023\/02\/tipi_tent_etno_set_f9.jpg","type":"image\/jpeg"}],"twitter_card":"summary_large_image","twitter_misc":{"Preis":"125,10&nbsp;&euro;","Verf\u00fcgbarkeit":"ausverkauft"},"schema":{"@context":"https:\/\/schema.org","@graph":[{"@type":"WebPage","@id":"https:\/\/cozyanddozy.com\/de\/produkt\/kinderzelt-indian-tipi-fuer-jungen-indianerzelt-set-6-stueck\/","url":"https:\/\/cozyanddozy.com\/de\/produkt\/kinderzelt-indian-tipi-fuer-jungen-indianerzelt-set-6-stueck\/","name":"Tipi zelt Indian, tipi f\u00fcr Kinder, Indianerzelt set 4 St\u00fcck - Cozy &amp; Dozy","isPartOf":{"@id":"https:\/\/cozyanddozy.com\/de\/#website"},"primaryImageOfPage":{"@id":"https:\/\/cozyanddozy.com\/de\/produkt\/kinderzelt-indian-tipi-fuer-jungen-indianerzelt-set-6-stueck\/#primaryimage"},"image":{"@id":"https:\/\/cozyanddozy.com\/de\/produkt\/kinderzelt-indian-tipi-fuer-jungen-indianerzelt-set-6-stueck\/#primaryimage"},"thumbnailUrl":"https:\/\/cozyanddozy.com\/de\/wp-content\/uploads\/2023\/02\/tipi_tent_etno_set_f9.jpg","datePublished":"2017-10-20T07:11:43+00:00","dateModified":"2024-01-23T10:53:00+00:00","description":"Tipi Indianerzelt ist aus einer starken Leinwand und Baumwolle in bunten, aztekischen Mustern gefertigt.\u00a0Der Eingang zum Tipi ist mit einem t\u00fcrkisfarbenen G\u00fcrtel mit Pompons verziert.","breadcrumb":{"@id":"https:\/\/cozyanddozy.com\/de\/produkt\/kinderzelt-indian-tipi-fuer-jungen-indianerzelt-set-6-stueck\/#breadcrumb"},"inLanguage":"de","potentialAction":[{"@type":"ReadAction","target":["https:\/\/cozyanddozy.com\/de\/produkt\/kinderzelt-indian-tipi-fuer-jungen-indianerzelt-set-6-stueck\/"]}]},{"@type":"ImageObject","inLanguage":"de","@id":"https:\/\/cozyanddozy.com\/de\/produkt\/kinderzelt-indian-tipi-fuer-jungen-indianerzelt-set-6-stueck\/#primaryimage","url":"https:\/\/cozyanddozy.com\/de\/wp-content\/uploads\/2023\/02\/tipi_tent_etno_set_f9.jpg","contentUrl":"https:\/\/cozyanddozy.com\/de\/wp-content\/uploads\/2023\/02\/tipi_tent_etno_set_f9.jpg","width":1200,"height":1200,"caption":"tipi tent indian"},{"@type":"BreadcrumbList","@id":"https:\/\/cozyanddozy.com\/de\/produkt\/kinderzelt-indian-tipi-fuer-jungen-indianerzelt-set-6-stueck\/#breadcrumb","itemListElement":[{"@type":"ListItem","position":1,"name":"Home","item":"https:\/\/cozyanddozy.com\/de\/"},{"@type":"ListItem","position":2,"name":"Shop","item":"https:\/\/cozyanddozy.com\/de\/shop\/"},{"@type":"ListItem","position":3,"name":"Tipi zelt Indian, tipi f\u00fcr Kinder, Indianerzelt set 4 St\u00fcck"}]},{"@type":"WebSite","@id":"https:\/\/cozyanddozy.com\/de\/#website","url":"https:\/\/cozyanddozy.com\/de\/","name":"Cozy & Dozy","description":"","publisher":{"@id":"https:\/\/cozyanddozy.com\/de\/#organization"},"potentialAction":[{"@type":"SearchAction","target":{"@type":"EntryPoint","urlTemplate":"https:\/\/cozyanddozy.com\/de\/?s={search_term_string}"},"query-input":{"@type":"PropertyValueSpecification","valueRequired":true,"valueName":"search_term_string"}}],"inLanguage":"de"},{"@type":"Organization","@id":"https:\/\/cozyanddozy.com\/de\/#organization","name":"Cozy & Dozy","url":"https:\/\/cozyanddozy.com\/de\/","logo":{"@type":"ImageObject","inLanguage":"de","@id":"https:\/\/cozyanddozy.com\/de\/#\/schema\/logo\/image\/","url":"https:\/\/cozyanddozy.com\/de\/wp-content\/uploads\/2023\/02\/cozyanddozy_logo_b.png","contentUrl":"https:\/\/cozyanddozy.com\/de\/wp-content\/uploads\/2023\/02\/cozyanddozy_logo_b.png","width":314,"height":85,"caption":"Cozy & Dozy"},"image":{"@id":"https:\/\/cozyanddozy.com\/de\/#\/schema\/logo\/image\/"}}]},"product_price_amount":"125.10","product_price_currency":"EUR","og_availability":"out of stock","product_availability":"out of stock","product_retailer_item_id":"5902701492557","product_condition":"new"},"_links":{"self":[{"href":"https:\/\/cozyanddozy.com\/de\/wp-json\/wp\/v2\/product\/1260","targetHints":{"allow":["GET"]}}],"collection":[{"href":"https:\/\/cozyanddozy.com\/de\/wp-json\/wp\/v2\/product"}],"about":[{"href":"https:\/\/cozyanddozy.com\/de\/wp-json\/wp\/v2\/types\/product"}],"replies":[{"embeddable":true,"href":"https:\/\/cozyanddozy.com\/de\/wp-json\/wp\/v2\/comments?post=1260"}],"wp:featuredmedia":[{"embeddable":true,"href":"https:\/\/cozyanddozy.com\/de\/wp-json\/wp\/v2\/media\/391"}],"wp:attachment":[{"href":"https:\/\/cozyanddozy.com\/de\/wp-json\/wp\/v2\/media?parent=1260"}],"wp:term":[{"taxonomy":"product_brand","embeddable":true,"href":"https:\/\/cozyanddozy.com\/de\/wp-json\/wp\/v2\/product_brand?post=1260"},{"taxonomy":"product_cat","embeddable":true,"href":"https:\/\/cozyanddozy.com\/de\/wp-json\/wp\/v2\/product_cat?post=1260"},{"taxonomy":"product_tag","embeddable":true,"href":"https:\/\/cozyanddozy.com\/de\/wp-json\/wp\/v2\/product_tag?post=1260"}],"curies":[{"name":"wp","href":"https:\/\/api.w.org\/{rel}","templated":true}]}}