{"id":1259,"date":"2017-10-11T08:46:32","date_gmt":"2017-10-11T06:46:32","guid":{"rendered":"https:\/\/cozyanddozy.com\/de\/product\/spielzelt-tipi-pink-rosa-kinderzelt-fuer-maedchen-mit-pom-poms\/"},"modified":"2025-01-29T21:43:09","modified_gmt":"2025-01-29T20:43:09","slug":"spielzelt-tipi-pink-rosa-kinderzelt-fuer-maedchen-mit-pom-poms","status":"publish","type":"product","link":"https:\/\/cozyanddozy.com\/de\/produkt\/spielzelt-tipi-pink-rosa-kinderzelt-fuer-maedchen-mit-pom-poms\/","title":{"rendered":"Spielzelt Tipi Pink, Rosa Kinderzelt f\u00fcr M\u00e4dchen mit Pom Poms"},"content":{"rendered":"<h3 class=\"h-tiny\">Rosa Tipi f\u00fcr M\u00e4dchen, Zelt mit Pom Poms<\/h3>\n<p class=\"h-tiny\">Indian Tipi f\u00fcr Kinderzimmer von Pink Serie von Cozy &amp; Dozy ist ein gem\u00fctlicher Ort zum Spielen.<\/p>\n<p>Die nat\u00fcrliche Leinwand wurde mit hellrosa Material \u00fcberzogen und der Fenstervorhang mit einem pinkfarbenen rosa Band verziert. Eingang zum Zelt mit rosa Band mit Pom Pom Quasten dekoriert. Dieses s\u00fc\u00dfe rosa Tipi f\u00fcr ein M\u00e4dchenzimmer, sowie ein abgeschiedenes Spielzimmer im Wohnzimmer oder im Freien.<\/p>\n<p>Baby-Nest ist handgen\u00e4ht aus einem luftigen und angenehm zu ber\u00fchren nat\u00fcrlichen Baumwollgewebe, das in der Waschmaschine gewaschen werden kann. W\u00e4hrend des Spiels im Garten bietet das indische Kinder zeit einen hervorragenden Schutz vor Sonnenstrahlen und Wind. Im Kinder <strong>Spielzelt befinden sich zwei ger\u00e4umige Taschen, in denen sich Kinder sch\u00e4tze befinden, sowie ein Fenster mit verstellbaren Jalousien, mit denen das Innere des Kinderzeltes abgedeckt werden kann.<\/strong><\/p>\n<p>Cozyshop Tipi werden mit handwerklicher Technik, mit gro\u00dfer Pr\u00e4zision und Sorgfalt hergestellt. Das macht jedes Spielger\u00e4t f\u00fcr Ihr Baby einzigartig und Sie werden sicher die beste Qualit\u00e4t bekommen.<\/p>\n<h2>Die rosa Tipi von Cozy &amp; Dozy beinhaltet:<\/h2>\n<ul>\n<li>Tipi Zelt<\/li>\n<li>4 St\u00f6cke aus nat\u00fcrlichem Kiefernholz (Rahmen)<\/li>\n<li>Abdeckung f\u00fcr Zelt (mit gen\u00e4htem Griff und Kordelzug)<\/li>\n<\/ul>\n<p>Rosa Modelle sind auch im Set mit Matte f\u00fcr den Boden und Kissen enthalten.<\/p>\n<h2>Ma\u00dfe:<\/h2>\n<ul>\n<li>H\u00f6he (mit St\u00f6cken) ungefaltet: 150 cm<\/li>\n<li>H\u00f6he (mit St\u00f6cken) nach der Montage: 170 cm<\/li>\n<li>Grundfl\u00e4che: Ca. 110 \u00d7 110 cm<\/li>\n<\/ul>\n<p>Ich habe eine Gr\u00f6\u00dfe von 2-3 Kindern. Wenn gefaltet, kann es in einem Baumwollkoffer mit einem Griff, der Teil des Satzes ist, gelagert werden.<\/p>\n<h2>Zusammensetzung:<\/h2>\n<ul>\n<li>100% Baumwolle, zertifiziert durch und CE zertifiziert<\/li>\n<\/ul>\n<p>Die Textilien, aus denen unsere Zelte bestehen, kommen aus Europa und haben Zertifikate, die ihre Sicherheit f\u00fcr Kinder best\u00e4tigen. Tipi wurde in Polen hergestellt.<\/p>\n<h2>Pflegemethode:<\/h2>\n<ul>\n<li>Maschinenwaschbar bei 40 Grad,<\/li>\n<li>Spinnen &#8211; 800 Umdrehungen<\/li>\n<li>Nicht bleichen<\/li>\n<\/ul>\n<p>Lieferfrist: 1-2 Arbeitstage<\/p>\n<p>Gerne machen wir Tipi speziell f\u00fcr Sie &#8211; je nach Ihrer Idee. Kontaktieren Sie uns und erfahren Sie mehr.<\/p>\n","protected":false},"excerpt":{"rendered":"<p><strong>INDIANISCHES TIPI, Serie PINK\u00a0<\/strong>ist der ideale Ort zum Spa\u00df. In Set: Tipi, eine Zelttasche, vier Kieferstangen.<\/p>\n","protected":false},"featured_media":386,"comment_status":"open","ping_status":"closed","template":"","meta":[],"product_brand":[],"product_cat":[71],"product_tag":[],"class_list":{"0":"post-1259","1":"product","2":"type-product","3":"status-publish","4":"has-post-thumbnail","6":"product_cat-tipi-zelt","8":"first","9":"instock","10":"sale","11":"shipping-taxable","12":"product-type-simple"},"yoast_head":"<!-- This site is optimized with the Yoast SEO Premium plugin v21.9 (Yoast SEO v27.0) - https:\/\/yoast.com\/product\/yoast-seo-premium-wordpress\/ -->\n<title>Spielzelt Tipi Pink, Rosa Kinderzelt f\u00fcr M\u00e4dchen mit Pom Poms - Cozy &amp; Dozy<\/title>\n<meta name=\"robots\" content=\"index, follow, max-snippet:-1, max-image-preview:large, max-video-preview:-1\" \/>\n<link rel=\"canonical\" href=\"https:\/\/cozyanddozy.com\/de\/produkt\/spielzelt-tipi-pink-rosa-kinderzelt-fuer-maedchen-mit-pom-poms\/\" \/>\n<meta property=\"og:locale\" content=\"de_DE\" \/>\n<meta property=\"og:type\" content=\"article\" \/>\n<meta property=\"og:title\" content=\"Spielzelt Tipi Pink, Rosa Kinderzelt f\u00fcr M\u00e4dchen mit Pom Poms\" \/>\n<meta property=\"og:description\" content=\"INDIANISCHES TIPI, Serie PINK\u00a0ist der ideale Ort zum Spa\u00df. In Set: Tipi, eine Zelttasche, vier Kieferstangen.\" \/>\n<meta property=\"og:url\" content=\"https:\/\/cozyanddozy.com\/de\/produkt\/spielzelt-tipi-pink-rosa-kinderzelt-fuer-maedchen-mit-pom-poms\/\" \/>\n<meta property=\"og:site_name\" content=\"Cozy &amp; Dozy\" \/>\n<meta property=\"article:modified_time\" content=\"2025-01-29T20:43:09+00:00\" \/>\n<meta property=\"og:image\" content=\"https:\/\/cozyanddozy.com\/de\/wp-content\/uploads\/2023\/02\/pp-1090.jpg\" \/>\n\t<meta property=\"og:image:width\" content=\"1200\" \/>\n\t<meta property=\"og:image:height\" content=\"1200\" \/>\n\t<meta property=\"og:image:type\" content=\"image\/jpeg\" \/>\n<meta name=\"twitter:card\" content=\"summary_large_image\" \/>\n<meta name=\"twitter:label1\" content=\"Preis\" \/>\n\t<meta name=\"twitter:data1\" content=\"79,00&nbsp;&euro;\" \/>\n\t<meta name=\"twitter:label2\" content=\"Verf\u00fcgbarkeit\" \/>\n\t<meta name=\"twitter:data2\" content=\"Auf Lager\" \/>\n<script type=\"application\/ld+json\" class=\"yoast-schema-graph\">{\"@context\":\"https:\/\/schema.org\",\"@graph\":[{\"@type\":\"WebPage\",\"@id\":\"https:\/\/cozyanddozy.com\/de\/produkt\/spielzelt-tipi-pink-rosa-kinderzelt-fuer-maedchen-mit-pom-poms\/\",\"url\":\"https:\/\/cozyanddozy.com\/de\/produkt\/spielzelt-tipi-pink-rosa-kinderzelt-fuer-maedchen-mit-pom-poms\/\",\"name\":\"Spielzelt Tipi Pink, Rosa Kinderzelt f\u00fcr M\u00e4dchen mit Pom Poms - Cozy & Dozy\",\"isPartOf\":{\"@id\":\"https:\/\/cozyanddozy.com\/de\/#website\"},\"primaryImageOfPage\":{\"@id\":\"https:\/\/cozyanddozy.com\/de\/produkt\/spielzelt-tipi-pink-rosa-kinderzelt-fuer-maedchen-mit-pom-poms\/#primaryimage\"},\"image\":{\"@id\":\"https:\/\/cozyanddozy.com\/de\/produkt\/spielzelt-tipi-pink-rosa-kinderzelt-fuer-maedchen-mit-pom-poms\/#primaryimage\"},\"thumbnailUrl\":\"https:\/\/cozyanddozy.com\/de\/wp-content\/uploads\/2023\/02\/pp-1090.jpg\",\"datePublished\":\"2017-10-11T06:46:32+00:00\",\"dateModified\":\"2025-01-29T20:43:09+00:00\",\"breadcrumb\":{\"@id\":\"https:\/\/cozyanddozy.com\/de\/produkt\/spielzelt-tipi-pink-rosa-kinderzelt-fuer-maedchen-mit-pom-poms\/#breadcrumb\"},\"inLanguage\":\"de\",\"potentialAction\":[{\"@type\":\"ReadAction\",\"target\":[\"https:\/\/cozyanddozy.com\/de\/produkt\/spielzelt-tipi-pink-rosa-kinderzelt-fuer-maedchen-mit-pom-poms\/\"]}]},{\"@type\":\"ImageObject\",\"inLanguage\":\"de\",\"@id\":\"https:\/\/cozyanddozy.com\/de\/produkt\/spielzelt-tipi-pink-rosa-kinderzelt-fuer-maedchen-mit-pom-poms\/#primaryimage\",\"url\":\"https:\/\/cozyanddozy.com\/de\/wp-content\/uploads\/2023\/02\/pp-1090.jpg\",\"contentUrl\":\"https:\/\/cozyanddozy.com\/de\/wp-content\/uploads\/2023\/02\/pp-1090.jpg\",\"width\":1200,\"height\":1200},{\"@type\":\"BreadcrumbList\",\"@id\":\"https:\/\/cozyanddozy.com\/de\/produkt\/spielzelt-tipi-pink-rosa-kinderzelt-fuer-maedchen-mit-pom-poms\/#breadcrumb\",\"itemListElement\":[{\"@type\":\"ListItem\",\"position\":1,\"name\":\"Home\",\"item\":\"https:\/\/cozyanddozy.com\/de\/\"},{\"@type\":\"ListItem\",\"position\":2,\"name\":\"Shop\",\"item\":\"https:\/\/cozyanddozy.com\/de\/shop\/\"},{\"@type\":\"ListItem\",\"position\":3,\"name\":\"Spielzelt Tipi Pink, Rosa Kinderzelt f\u00fcr M\u00e4dchen mit Pom Poms\"}]},{\"@type\":\"WebSite\",\"@id\":\"https:\/\/cozyanddozy.com\/de\/#website\",\"url\":\"https:\/\/cozyanddozy.com\/de\/\",\"name\":\"Cozy & Dozy\",\"description\":\"\",\"publisher\":{\"@id\":\"https:\/\/cozyanddozy.com\/de\/#organization\"},\"potentialAction\":[{\"@type\":\"SearchAction\",\"target\":{\"@type\":\"EntryPoint\",\"urlTemplate\":\"https:\/\/cozyanddozy.com\/de\/?s={search_term_string}\"},\"query-input\":{\"@type\":\"PropertyValueSpecification\",\"valueRequired\":true,\"valueName\":\"search_term_string\"}}],\"inLanguage\":\"de\"},{\"@type\":\"Organization\",\"@id\":\"https:\/\/cozyanddozy.com\/de\/#organization\",\"name\":\"Cozy & Dozy\",\"url\":\"https:\/\/cozyanddozy.com\/de\/\",\"logo\":{\"@type\":\"ImageObject\",\"inLanguage\":\"de\",\"@id\":\"https:\/\/cozyanddozy.com\/de\/#\/schema\/logo\/image\/\",\"url\":\"https:\/\/cozyanddozy.com\/de\/wp-content\/uploads\/2023\/02\/cozyanddozy_logo_b.png\",\"contentUrl\":\"https:\/\/cozyanddozy.com\/de\/wp-content\/uploads\/2023\/02\/cozyanddozy_logo_b.png\",\"width\":314,\"height\":85,\"caption\":\"Cozy & Dozy\"},\"image\":{\"@id\":\"https:\/\/cozyanddozy.com\/de\/#\/schema\/logo\/image\/\"}}]}<\/script>\n<meta property=\"product:price:amount\" content=\"79.00\" \/>\n<meta property=\"product:price:currency\" content=\"EUR\" \/>\n<meta property=\"og:availability\" content=\"instock\" \/>\n<meta property=\"product:availability\" content=\"instock\" \/>\n<meta property=\"product:retailer_item_id\" content=\"5902701492632\" \/>\n<meta property=\"product:condition\" content=\"new\" \/>\n<!-- \/ Yoast SEO Premium plugin. -->","yoast_head_json":{"title":"Spielzelt Tipi Pink, Rosa Kinderzelt f\u00fcr M\u00e4dchen mit Pom Poms - Cozy & Dozy","robots":{"index":"index","follow":"follow","max-snippet":"max-snippet:-1","max-image-preview":"max-image-preview:large","max-video-preview":"max-video-preview:-1"},"canonical":"https:\/\/cozyanddozy.com\/de\/produkt\/spielzelt-tipi-pink-rosa-kinderzelt-fuer-maedchen-mit-pom-poms\/","og_locale":"de_DE","og_type":"article","og_title":"Spielzelt Tipi Pink, Rosa Kinderzelt f\u00fcr M\u00e4dchen mit Pom Poms","og_description":"INDIANISCHES TIPI, Serie PINK\u00a0ist der ideale Ort zum Spa\u00df. In Set: Tipi, eine Zelttasche, vier Kieferstangen.","og_url":"https:\/\/cozyanddozy.com\/de\/produkt\/spielzelt-tipi-pink-rosa-kinderzelt-fuer-maedchen-mit-pom-poms\/","og_site_name":"Cozy &amp; Dozy","article_modified_time":"2025-01-29T20:43:09+00:00","og_image":[{"width":1200,"height":1200,"url":"https:\/\/cozyanddozy.com\/de\/wp-content\/uploads\/2023\/02\/pp-1090.jpg","type":"image\/jpeg"}],"twitter_card":"summary_large_image","twitter_misc":{"Preis":"79,00&nbsp;&euro;","Verf\u00fcgbarkeit":"Auf Lager"},"schema":{"@context":"https:\/\/schema.org","@graph":[{"@type":"WebPage","@id":"https:\/\/cozyanddozy.com\/de\/produkt\/spielzelt-tipi-pink-rosa-kinderzelt-fuer-maedchen-mit-pom-poms\/","url":"https:\/\/cozyanddozy.com\/de\/produkt\/spielzelt-tipi-pink-rosa-kinderzelt-fuer-maedchen-mit-pom-poms\/","name":"Spielzelt Tipi Pink, Rosa Kinderzelt f\u00fcr M\u00e4dchen mit Pom Poms - Cozy & Dozy","isPartOf":{"@id":"https:\/\/cozyanddozy.com\/de\/#website"},"primaryImageOfPage":{"@id":"https:\/\/cozyanddozy.com\/de\/produkt\/spielzelt-tipi-pink-rosa-kinderzelt-fuer-maedchen-mit-pom-poms\/#primaryimage"},"image":{"@id":"https:\/\/cozyanddozy.com\/de\/produkt\/spielzelt-tipi-pink-rosa-kinderzelt-fuer-maedchen-mit-pom-poms\/#primaryimage"},"thumbnailUrl":"https:\/\/cozyanddozy.com\/de\/wp-content\/uploads\/2023\/02\/pp-1090.jpg","datePublished":"2017-10-11T06:46:32+00:00","dateModified":"2025-01-29T20:43:09+00:00","breadcrumb":{"@id":"https:\/\/cozyanddozy.com\/de\/produkt\/spielzelt-tipi-pink-rosa-kinderzelt-fuer-maedchen-mit-pom-poms\/#breadcrumb"},"inLanguage":"de","potentialAction":[{"@type":"ReadAction","target":["https:\/\/cozyanddozy.com\/de\/produkt\/spielzelt-tipi-pink-rosa-kinderzelt-fuer-maedchen-mit-pom-poms\/"]}]},{"@type":"ImageObject","inLanguage":"de","@id":"https:\/\/cozyanddozy.com\/de\/produkt\/spielzelt-tipi-pink-rosa-kinderzelt-fuer-maedchen-mit-pom-poms\/#primaryimage","url":"https:\/\/cozyanddozy.com\/de\/wp-content\/uploads\/2023\/02\/pp-1090.jpg","contentUrl":"https:\/\/cozyanddozy.com\/de\/wp-content\/uploads\/2023\/02\/pp-1090.jpg","width":1200,"height":1200},{"@type":"BreadcrumbList","@id":"https:\/\/cozyanddozy.com\/de\/produkt\/spielzelt-tipi-pink-rosa-kinderzelt-fuer-maedchen-mit-pom-poms\/#breadcrumb","itemListElement":[{"@type":"ListItem","position":1,"name":"Home","item":"https:\/\/cozyanddozy.com\/de\/"},{"@type":"ListItem","position":2,"name":"Shop","item":"https:\/\/cozyanddozy.com\/de\/shop\/"},{"@type":"ListItem","position":3,"name":"Spielzelt Tipi Pink, Rosa Kinderzelt f\u00fcr M\u00e4dchen mit Pom Poms"}]},{"@type":"WebSite","@id":"https:\/\/cozyanddozy.com\/de\/#website","url":"https:\/\/cozyanddozy.com\/de\/","name":"Cozy & Dozy","description":"","publisher":{"@id":"https:\/\/cozyanddozy.com\/de\/#organization"},"potentialAction":[{"@type":"SearchAction","target":{"@type":"EntryPoint","urlTemplate":"https:\/\/cozyanddozy.com\/de\/?s={search_term_string}"},"query-input":{"@type":"PropertyValueSpecification","valueRequired":true,"valueName":"search_term_string"}}],"inLanguage":"de"},{"@type":"Organization","@id":"https:\/\/cozyanddozy.com\/de\/#organization","name":"Cozy & Dozy","url":"https:\/\/cozyanddozy.com\/de\/","logo":{"@type":"ImageObject","inLanguage":"de","@id":"https:\/\/cozyanddozy.com\/de\/#\/schema\/logo\/image\/","url":"https:\/\/cozyanddozy.com\/de\/wp-content\/uploads\/2023\/02\/cozyanddozy_logo_b.png","contentUrl":"https:\/\/cozyanddozy.com\/de\/wp-content\/uploads\/2023\/02\/cozyanddozy_logo_b.png","width":314,"height":85,"caption":"Cozy & Dozy"},"image":{"@id":"https:\/\/cozyanddozy.com\/de\/#\/schema\/logo\/image\/"}}]},"product_price_amount":"79.00","product_price_currency":"EUR","og_availability":"instock","product_availability":"instock","product_retailer_item_id":"5902701492632","product_condition":"new"},"_links":{"self":[{"href":"https:\/\/cozyanddozy.com\/de\/wp-json\/wp\/v2\/product\/1259","targetHints":{"allow":["GET"]}}],"collection":[{"href":"https:\/\/cozyanddozy.com\/de\/wp-json\/wp\/v2\/product"}],"about":[{"href":"https:\/\/cozyanddozy.com\/de\/wp-json\/wp\/v2\/types\/product"}],"replies":[{"embeddable":true,"href":"https:\/\/cozyanddozy.com\/de\/wp-json\/wp\/v2\/comments?post=1259"}],"wp:featuredmedia":[{"embeddable":true,"href":"https:\/\/cozyanddozy.com\/de\/wp-json\/wp\/v2\/media\/386"}],"wp:attachment":[{"href":"https:\/\/cozyanddozy.com\/de\/wp-json\/wp\/v2\/media?parent=1259"}],"wp:term":[{"taxonomy":"product_brand","embeddable":true,"href":"https:\/\/cozyanddozy.com\/de\/wp-json\/wp\/v2\/product_brand?post=1259"},{"taxonomy":"product_cat","embeddable":true,"href":"https:\/\/cozyanddozy.com\/de\/wp-json\/wp\/v2\/product_cat?post=1259"},{"taxonomy":"product_tag","embeddable":true,"href":"https:\/\/cozyanddozy.com\/de\/wp-json\/wp\/v2\/product_tag?post=1259"}],"curies":[{"name":"wp","href":"https:\/\/api.w.org\/{rel}","templated":true}]}}