{"id":1258,"date":"2017-08-13T13:37:55","date_gmt":"2017-08-13T11:37:55","guid":{"rendered":"https:\/\/cozyanddozy.com\/de\/product\/spielzelt-tipi-indisches-kinderzelt-fuer-jungen-indian\/"},"modified":"2025-01-29T21:43:28","modified_gmt":"2025-01-29T20:43:28","slug":"spielzelt-tipi-indisches-kinderzelt-fuer-jungen-indian","status":"publish","type":"product","link":"https:\/\/cozyanddozy.com\/de\/produkt\/spielzelt-tipi-indisches-kinderzelt-fuer-jungen-indian\/","title":{"rendered":"Spielzelt Tipi Indisches Kinderzelt f\u00fcr Jungen Indian"},"content":{"rendered":"<h3>Spielzelt Tipi Indisches Kinderzelt f\u00fcr Jungen Indian<\/h3>\n<p><strong>Tipi Zelt f\u00fcr Kinder im aztekischen Design von Cozy &amp; Dozy.<\/strong> Ein indisches Tipi Zelt Kinder ist eine ideale Dekoration f\u00fcr ein Kinderzimmer und das beste Geschenk f\u00fcr einen Jungen. Tipi f\u00fcr einen Jungen, B\u00fccher zu lesen und zu spielen. Das Spielzelt f\u00fcr Kinder ist ein guter Ort, um das ganze Jahr \u00fcber Spa\u00df zu haben. Kinderzelt Tipi kann zu Hause und im Garten genutzt werden.<\/p>\n<p>Das Tipi Spielzelt hat eine Fenster\u00f6ffnung und eine Tasche f\u00fcr kleine Spielsachen.<\/p>\n<p><strong>Das Baby Tipi ist aus beige Leinwand und farbigen Baumwolle Minze, und der Eingang ist mit t\u00fcrkisfarbenen Pompons verziert.<\/strong><br \/>\nEs bietet Platz f\u00fcr bis zu 3 Kinder<\/p>\n<p><strong>Das Zelt ist perfekt f\u00fcr jeden Jungen Zimmer<\/strong><\/p>\n<h2><strong>Set beinhaltet:<\/strong><\/h2>\n<ul>\n<li>Zelt<\/li>\n<li>4 Stangen aus nat\u00fcrlichem Kiefernholz (Stahl)<\/li>\n<li>Zeltbezug (mit eingen\u00e4hter und aufgereihter Henkel)<\/li>\n<\/ul>\n","protected":false},"excerpt":{"rendered":"<p>Aztekenzelt mit Pompons. Ideal f\u00fcr Kinderzimmer<\/p>\n","protected":false},"featured_media":384,"comment_status":"open","ping_status":"closed","template":"","meta":[],"product_brand":[],"product_cat":[71],"product_tag":[],"class_list":{"0":"post-1258","1":"product","2":"type-product","3":"status-publish","4":"has-post-thumbnail","6":"product_cat-tipi-zelt","8":"first","9":"outofstock","10":"sale","11":"shipping-taxable","12":"product-type-simple"},"yoast_head":"<!-- This site is optimized with the Yoast SEO Premium plugin v21.9 (Yoast SEO v27.0) - https:\/\/yoast.com\/product\/yoast-seo-premium-wordpress\/ -->\n<title>Spielzelt Tipi Indisches Kinderzelt f\u00fcr Jungen Indian - Cozy &amp; Dozy<\/title>\n<meta name=\"description\" content=\"Aztekenzelt mit Pompons. Ideal f\u00fcr Kinderzimmer\" \/>\n<meta name=\"robots\" content=\"index, follow, max-snippet:-1, max-image-preview:large, max-video-preview:-1\" \/>\n<link rel=\"canonical\" href=\"https:\/\/cozyanddozy.com\/de\/produkt\/spielzelt-tipi-indisches-kinderzelt-fuer-jungen-indian\/\" \/>\n<meta property=\"og:locale\" content=\"de_DE\" \/>\n<meta property=\"og:type\" content=\"article\" \/>\n<meta property=\"og:title\" content=\"Spielzelt Tipi Indisches Kinderzelt f\u00fcr Jungen Indian\" \/>\n<meta property=\"og:description\" content=\"Aztekenzelt mit Pompons. Ideal f\u00fcr Kinderzimmer\" \/>\n<meta property=\"og:url\" content=\"https:\/\/cozyanddozy.com\/de\/produkt\/spielzelt-tipi-indisches-kinderzelt-fuer-jungen-indian\/\" \/>\n<meta property=\"og:site_name\" content=\"Cozy &amp; Dozy\" \/>\n<meta property=\"article:modified_time\" content=\"2025-01-29T20:43:28+00:00\" \/>\n<meta property=\"og:image\" content=\"https:\/\/cozyanddozy.com\/de\/wp-content\/uploads\/2023\/02\/pp-1408.jpg\" \/>\n\t<meta property=\"og:image:width\" content=\"1200\" \/>\n\t<meta property=\"og:image:height\" content=\"1200\" \/>\n\t<meta property=\"og:image:type\" content=\"image\/jpeg\" \/>\n<meta name=\"twitter:card\" content=\"summary_large_image\" \/>\n<meta name=\"twitter:label1\" content=\"Preis\" \/>\n\t<meta name=\"twitter:data1\" content=\"89,10&nbsp;&euro;\" \/>\n\t<meta name=\"twitter:label2\" content=\"Verf\u00fcgbarkeit\" \/>\n\t<meta name=\"twitter:data2\" content=\"ausverkauft\" \/>\n<script type=\"application\/ld+json\" class=\"yoast-schema-graph\">{\"@context\":\"https:\/\/schema.org\",\"@graph\":[{\"@type\":\"WebPage\",\"@id\":\"https:\/\/cozyanddozy.com\/de\/produkt\/spielzelt-tipi-indisches-kinderzelt-fuer-jungen-indian\/\",\"url\":\"https:\/\/cozyanddozy.com\/de\/produkt\/spielzelt-tipi-indisches-kinderzelt-fuer-jungen-indian\/\",\"name\":\"Spielzelt Tipi Indisches Kinderzelt f\u00fcr Jungen Indian - Cozy & Dozy\",\"isPartOf\":{\"@id\":\"https:\/\/cozyanddozy.com\/de\/#website\"},\"primaryImageOfPage\":{\"@id\":\"https:\/\/cozyanddozy.com\/de\/produkt\/spielzelt-tipi-indisches-kinderzelt-fuer-jungen-indian\/#primaryimage\"},\"image\":{\"@id\":\"https:\/\/cozyanddozy.com\/de\/produkt\/spielzelt-tipi-indisches-kinderzelt-fuer-jungen-indian\/#primaryimage\"},\"thumbnailUrl\":\"https:\/\/cozyanddozy.com\/de\/wp-content\/uploads\/2023\/02\/pp-1408.jpg\",\"datePublished\":\"2017-08-13T11:37:55+00:00\",\"dateModified\":\"2025-01-29T20:43:28+00:00\",\"description\":\"Aztekenzelt mit Pompons. Ideal f\u00fcr Kinderzimmer\",\"breadcrumb\":{\"@id\":\"https:\/\/cozyanddozy.com\/de\/produkt\/spielzelt-tipi-indisches-kinderzelt-fuer-jungen-indian\/#breadcrumb\"},\"inLanguage\":\"de\",\"potentialAction\":[{\"@type\":\"ReadAction\",\"target\":[\"https:\/\/cozyanddozy.com\/de\/produkt\/spielzelt-tipi-indisches-kinderzelt-fuer-jungen-indian\/\"]}]},{\"@type\":\"ImageObject\",\"inLanguage\":\"de\",\"@id\":\"https:\/\/cozyanddozy.com\/de\/produkt\/spielzelt-tipi-indisches-kinderzelt-fuer-jungen-indian\/#primaryimage\",\"url\":\"https:\/\/cozyanddozy.com\/de\/wp-content\/uploads\/2023\/02\/pp-1408.jpg\",\"contentUrl\":\"https:\/\/cozyanddozy.com\/de\/wp-content\/uploads\/2023\/02\/pp-1408.jpg\",\"width\":1200,\"height\":1200},{\"@type\":\"BreadcrumbList\",\"@id\":\"https:\/\/cozyanddozy.com\/de\/produkt\/spielzelt-tipi-indisches-kinderzelt-fuer-jungen-indian\/#breadcrumb\",\"itemListElement\":[{\"@type\":\"ListItem\",\"position\":1,\"name\":\"Home\",\"item\":\"https:\/\/cozyanddozy.com\/de\/\"},{\"@type\":\"ListItem\",\"position\":2,\"name\":\"Shop\",\"item\":\"https:\/\/cozyanddozy.com\/de\/shop\/\"},{\"@type\":\"ListItem\",\"position\":3,\"name\":\"Spielzelt Tipi Indisches Kinderzelt f\u00fcr Jungen Indian\"}]},{\"@type\":\"WebSite\",\"@id\":\"https:\/\/cozyanddozy.com\/de\/#website\",\"url\":\"https:\/\/cozyanddozy.com\/de\/\",\"name\":\"Cozy & Dozy\",\"description\":\"\",\"publisher\":{\"@id\":\"https:\/\/cozyanddozy.com\/de\/#organization\"},\"potentialAction\":[{\"@type\":\"SearchAction\",\"target\":{\"@type\":\"EntryPoint\",\"urlTemplate\":\"https:\/\/cozyanddozy.com\/de\/?s={search_term_string}\"},\"query-input\":{\"@type\":\"PropertyValueSpecification\",\"valueRequired\":true,\"valueName\":\"search_term_string\"}}],\"inLanguage\":\"de\"},{\"@type\":\"Organization\",\"@id\":\"https:\/\/cozyanddozy.com\/de\/#organization\",\"name\":\"Cozy & Dozy\",\"url\":\"https:\/\/cozyanddozy.com\/de\/\",\"logo\":{\"@type\":\"ImageObject\",\"inLanguage\":\"de\",\"@id\":\"https:\/\/cozyanddozy.com\/de\/#\/schema\/logo\/image\/\",\"url\":\"https:\/\/cozyanddozy.com\/de\/wp-content\/uploads\/2023\/02\/cozyanddozy_logo_b.png\",\"contentUrl\":\"https:\/\/cozyanddozy.com\/de\/wp-content\/uploads\/2023\/02\/cozyanddozy_logo_b.png\",\"width\":314,\"height\":85,\"caption\":\"Cozy & Dozy\"},\"image\":{\"@id\":\"https:\/\/cozyanddozy.com\/de\/#\/schema\/logo\/image\/\"}}]}<\/script>\n<meta property=\"product:price:amount\" content=\"89.10\" \/>\n<meta property=\"product:price:currency\" content=\"EUR\" \/>\n<meta property=\"og:availability\" content=\"out of stock\" \/>\n<meta property=\"product:availability\" content=\"out of stock\" \/>\n<meta property=\"product:retailer_item_id\" content=\"5902701490638\" \/>\n<meta property=\"product:condition\" content=\"new\" \/>\n<!-- \/ Yoast SEO Premium plugin. -->","yoast_head_json":{"title":"Spielzelt Tipi Indisches Kinderzelt f\u00fcr Jungen Indian - Cozy & Dozy","description":"Aztekenzelt mit Pompons. Ideal f\u00fcr Kinderzimmer","robots":{"index":"index","follow":"follow","max-snippet":"max-snippet:-1","max-image-preview":"max-image-preview:large","max-video-preview":"max-video-preview:-1"},"canonical":"https:\/\/cozyanddozy.com\/de\/produkt\/spielzelt-tipi-indisches-kinderzelt-fuer-jungen-indian\/","og_locale":"de_DE","og_type":"article","og_title":"Spielzelt Tipi Indisches Kinderzelt f\u00fcr Jungen Indian","og_description":"Aztekenzelt mit Pompons. Ideal f\u00fcr Kinderzimmer","og_url":"https:\/\/cozyanddozy.com\/de\/produkt\/spielzelt-tipi-indisches-kinderzelt-fuer-jungen-indian\/","og_site_name":"Cozy &amp; Dozy","article_modified_time":"2025-01-29T20:43:28+00:00","og_image":[{"width":1200,"height":1200,"url":"https:\/\/cozyanddozy.com\/de\/wp-content\/uploads\/2023\/02\/pp-1408.jpg","type":"image\/jpeg"}],"twitter_card":"summary_large_image","twitter_misc":{"Preis":"89,10&nbsp;&euro;","Verf\u00fcgbarkeit":"ausverkauft"},"schema":{"@context":"https:\/\/schema.org","@graph":[{"@type":"WebPage","@id":"https:\/\/cozyanddozy.com\/de\/produkt\/spielzelt-tipi-indisches-kinderzelt-fuer-jungen-indian\/","url":"https:\/\/cozyanddozy.com\/de\/produkt\/spielzelt-tipi-indisches-kinderzelt-fuer-jungen-indian\/","name":"Spielzelt Tipi Indisches Kinderzelt f\u00fcr Jungen Indian - Cozy & Dozy","isPartOf":{"@id":"https:\/\/cozyanddozy.com\/de\/#website"},"primaryImageOfPage":{"@id":"https:\/\/cozyanddozy.com\/de\/produkt\/spielzelt-tipi-indisches-kinderzelt-fuer-jungen-indian\/#primaryimage"},"image":{"@id":"https:\/\/cozyanddozy.com\/de\/produkt\/spielzelt-tipi-indisches-kinderzelt-fuer-jungen-indian\/#primaryimage"},"thumbnailUrl":"https:\/\/cozyanddozy.com\/de\/wp-content\/uploads\/2023\/02\/pp-1408.jpg","datePublished":"2017-08-13T11:37:55+00:00","dateModified":"2025-01-29T20:43:28+00:00","description":"Aztekenzelt mit Pompons. Ideal f\u00fcr Kinderzimmer","breadcrumb":{"@id":"https:\/\/cozyanddozy.com\/de\/produkt\/spielzelt-tipi-indisches-kinderzelt-fuer-jungen-indian\/#breadcrumb"},"inLanguage":"de","potentialAction":[{"@type":"ReadAction","target":["https:\/\/cozyanddozy.com\/de\/produkt\/spielzelt-tipi-indisches-kinderzelt-fuer-jungen-indian\/"]}]},{"@type":"ImageObject","inLanguage":"de","@id":"https:\/\/cozyanddozy.com\/de\/produkt\/spielzelt-tipi-indisches-kinderzelt-fuer-jungen-indian\/#primaryimage","url":"https:\/\/cozyanddozy.com\/de\/wp-content\/uploads\/2023\/02\/pp-1408.jpg","contentUrl":"https:\/\/cozyanddozy.com\/de\/wp-content\/uploads\/2023\/02\/pp-1408.jpg","width":1200,"height":1200},{"@type":"BreadcrumbList","@id":"https:\/\/cozyanddozy.com\/de\/produkt\/spielzelt-tipi-indisches-kinderzelt-fuer-jungen-indian\/#breadcrumb","itemListElement":[{"@type":"ListItem","position":1,"name":"Home","item":"https:\/\/cozyanddozy.com\/de\/"},{"@type":"ListItem","position":2,"name":"Shop","item":"https:\/\/cozyanddozy.com\/de\/shop\/"},{"@type":"ListItem","position":3,"name":"Spielzelt Tipi Indisches Kinderzelt f\u00fcr Jungen Indian"}]},{"@type":"WebSite","@id":"https:\/\/cozyanddozy.com\/de\/#website","url":"https:\/\/cozyanddozy.com\/de\/","name":"Cozy & Dozy","description":"","publisher":{"@id":"https:\/\/cozyanddozy.com\/de\/#organization"},"potentialAction":[{"@type":"SearchAction","target":{"@type":"EntryPoint","urlTemplate":"https:\/\/cozyanddozy.com\/de\/?s={search_term_string}"},"query-input":{"@type":"PropertyValueSpecification","valueRequired":true,"valueName":"search_term_string"}}],"inLanguage":"de"},{"@type":"Organization","@id":"https:\/\/cozyanddozy.com\/de\/#organization","name":"Cozy & Dozy","url":"https:\/\/cozyanddozy.com\/de\/","logo":{"@type":"ImageObject","inLanguage":"de","@id":"https:\/\/cozyanddozy.com\/de\/#\/schema\/logo\/image\/","url":"https:\/\/cozyanddozy.com\/de\/wp-content\/uploads\/2023\/02\/cozyanddozy_logo_b.png","contentUrl":"https:\/\/cozyanddozy.com\/de\/wp-content\/uploads\/2023\/02\/cozyanddozy_logo_b.png","width":314,"height":85,"caption":"Cozy & Dozy"},"image":{"@id":"https:\/\/cozyanddozy.com\/de\/#\/schema\/logo\/image\/"}}]},"product_price_amount":"89.10","product_price_currency":"EUR","og_availability":"out of stock","product_availability":"out of stock","product_retailer_item_id":"5902701490638","product_condition":"new"},"_links":{"self":[{"href":"https:\/\/cozyanddozy.com\/de\/wp-json\/wp\/v2\/product\/1258","targetHints":{"allow":["GET"]}}],"collection":[{"href":"https:\/\/cozyanddozy.com\/de\/wp-json\/wp\/v2\/product"}],"about":[{"href":"https:\/\/cozyanddozy.com\/de\/wp-json\/wp\/v2\/types\/product"}],"replies":[{"embeddable":true,"href":"https:\/\/cozyanddozy.com\/de\/wp-json\/wp\/v2\/comments?post=1258"}],"wp:featuredmedia":[{"embeddable":true,"href":"https:\/\/cozyanddozy.com\/de\/wp-json\/wp\/v2\/media\/384"}],"wp:attachment":[{"href":"https:\/\/cozyanddozy.com\/de\/wp-json\/wp\/v2\/media?parent=1258"}],"wp:term":[{"taxonomy":"product_brand","embeddable":true,"href":"https:\/\/cozyanddozy.com\/de\/wp-json\/wp\/v2\/product_brand?post=1258"},{"taxonomy":"product_cat","embeddable":true,"href":"https:\/\/cozyanddozy.com\/de\/wp-json\/wp\/v2\/product_cat?post=1258"},{"taxonomy":"product_tag","embeddable":true,"href":"https:\/\/cozyanddozy.com\/de\/wp-json\/wp\/v2\/product_tag?post=1258"}],"curies":[{"name":"wp","href":"https:\/\/api.w.org\/{rel}","templated":true}]}}