{"id":1257,"date":"2017-08-13T12:03:06","date_gmt":"2017-08-13T10:03:06","guid":{"rendered":"https:\/\/cozyanddozy.com\/de\/product\/grau-kinderzelt-tipi-grey\/"},"modified":"2024-01-23T11:53:00","modified_gmt":"2024-01-23T10:53:00","slug":"grau-kinderzelt-tipi-grey","status":"publish","type":"product","link":"https:\/\/cozyanddozy.com\/de\/produkt\/grau-kinderzelt-tipi-grey\/","title":{"rendered":"Tipi indianerzelt Grey &#8211; Grau Kinderzelt"},"content":{"rendered":"<p><img decoding=\"async\" class=\"alignright\" src=\"https:\/\/cozyanddozy.com\/wp-content\/uploads\/2023\/02\/pp-1399.jpg\" alt=\"tipi grey\" width=\"600\" height=\"600\" \/>TIPI INDIANERZELT ist der ideale Ort zum Spa\u00df, sowohl zu Hause als auch au\u00dferhalb<span lang=\"de\">. Unsere Tipis sind mit Sorgfalt und Liebe zum Details angefertigt. Jedes Exemplar ist einzigartig und handgemacht. Die Zelte wurden aus starkem Segeltuch erzeugt, sodass sie nicht nur sch\u00f6n aussehen sondern auch w\u00e4hrend des Spieles im Garten, auf der Terrasse oder am Strand den Schutz vor dem Wind und der Sonne liefern.<\/span><\/p>\n<p>Der Wigwam ist leicht zu montieren und nimmt wenig Platz in Anspruch. Er besitzt eine Bauwolltasche, in die die ganze Ausr\u00fcstung eingepackt werden kann. Dank der bunten Baumwolle mit modernen Mustern und interessanten Applikationen sowie sorgf\u00e4ltig ausgesuchten Posamenten kann der Wigwam ein originelles Element in jedem Kinderzimmer oder Salon sein.<\/p>\n<p>Das Zelt und seine Accessoires h\u00e4lt man leicht sauber, weil alles in der Waschmaschine gewaschen werden kann. <strong>Jedes Zelt hat ein offenes Fenster\u00a0und Tasche f\u00fcr Ihre Lieblings-Spielzeug und B\u00fccher ge\u00f6ffnet.<\/strong><\/p>\n<p><strong>INDIANERTIPI, Serie GREY\u00a0<\/strong>Tipi ist aus strapazierf\u00e4higem Canvas, verziert mit grauer Baumwolle. Der Eingang zu diesem Tipizelt ist mit einem grauen Band mit Pompons vern\u00e4ht.<\/p>\n<h2>Das tipi Grey, Kinderzelt von Cozy &amp; Dozy beinhaltet:<\/h2>\n<ul>\n<li>Tipi Zelt<\/li>\n<li>4 St\u00f6cke aus nat\u00fcrlichem Kiefernholz (Rahmen)<\/li>\n<li>Abdeckung f\u00fcr Zelt (mit gen\u00e4htem Griff und Kordelzug)<\/li>\n<\/ul>\n","protected":false},"excerpt":{"rendered":"<p><span lang=\"de\">Tipi indianerzelt ist der ideale Ort zum Spa\u00df, sowohl zu Hause als auch au\u00dferhalb<\/span><span lang=\"de\">. Unsere Tipis sind mit Sorgfalt und Liebe zum Details angefertigt.<\/span><\/p>\n","protected":false},"featured_media":380,"comment_status":"open","ping_status":"closed","template":"","meta":[],"product_brand":[],"product_cat":[71],"product_tag":[24],"class_list":{"0":"post-1257","1":"product","2":"type-product","3":"status-publish","4":"has-post-thumbnail","6":"product_cat-tipi-zelt","7":"product_tag-pla","9":"first","10":"outofstock","11":"sale","12":"shipping-taxable","13":"product-type-simple"},"yoast_head":"<!-- This site is optimized with the Yoast SEO Premium plugin v21.9 (Yoast SEO v27.0) - https:\/\/yoast.com\/product\/yoast-seo-premium-wordpress\/ -->\n<title>Tipi indianerzelt Grey - Grau Kinderzelt - Cozy &amp; Dozy<\/title>\n<meta name=\"description\" content=\"TIPI INDIANERZELT ist der ideale Ort zum Spa\u00df, sowohl zu Hause als auch au\u00dferhalb. Unsere Tipis sind mit Sorgfalt und Liebe zum Details angefertigt.\" \/>\n<meta name=\"robots\" content=\"index, follow, max-snippet:-1, max-image-preview:large, max-video-preview:-1\" \/>\n<link rel=\"canonical\" href=\"https:\/\/cozyanddozy.com\/de\/produkt\/grau-kinderzelt-tipi-grey\/\" \/>\n<meta property=\"og:locale\" content=\"de_DE\" \/>\n<meta property=\"og:type\" content=\"article\" \/>\n<meta property=\"og:title\" content=\"Tipi indianerzelt Grey - Grau Kinderzelt\" \/>\n<meta property=\"og:description\" content=\"TIPI INDIANERZELT ist der ideale Ort zum Spa\u00df, sowohl zu Hause als auch au\u00dferhalb. Unsere Tipis sind mit Sorgfalt und Liebe zum Details angefertigt.\" \/>\n<meta property=\"og:url\" content=\"https:\/\/cozyanddozy.com\/de\/produkt\/grau-kinderzelt-tipi-grey\/\" \/>\n<meta property=\"og:site_name\" content=\"Cozy &amp; Dozy\" \/>\n<meta property=\"article:modified_time\" content=\"2024-01-23T10:53:00+00:00\" \/>\n<meta property=\"og:image\" content=\"https:\/\/cozyanddozy.com\/de\/wp-content\/uploads\/2023\/02\/pp-1399.jpg\" \/>\n\t<meta property=\"og:image:width\" content=\"1200\" \/>\n\t<meta property=\"og:image:height\" content=\"1200\" \/>\n\t<meta property=\"og:image:type\" content=\"image\/jpeg\" \/>\n<meta name=\"twitter:card\" content=\"summary_large_image\" \/>\n<meta name=\"twitter:label1\" content=\"Preis\" \/>\n\t<meta name=\"twitter:data1\" content=\"81,00&nbsp;&euro;\" \/>\n\t<meta name=\"twitter:label2\" content=\"Verf\u00fcgbarkeit\" \/>\n\t<meta name=\"twitter:data2\" content=\"ausverkauft\" \/>\n<script type=\"application\/ld+json\" class=\"yoast-schema-graph\">{\"@context\":\"https:\/\/schema.org\",\"@graph\":[{\"@type\":\"WebPage\",\"@id\":\"https:\/\/cozyanddozy.com\/de\/produkt\/grau-kinderzelt-tipi-grey\/\",\"url\":\"https:\/\/cozyanddozy.com\/de\/produkt\/grau-kinderzelt-tipi-grey\/\",\"name\":\"Tipi indianerzelt Grey - Grau Kinderzelt - Cozy &amp; Dozy\",\"isPartOf\":{\"@id\":\"https:\/\/cozyanddozy.com\/de\/#website\"},\"primaryImageOfPage\":{\"@id\":\"https:\/\/cozyanddozy.com\/de\/produkt\/grau-kinderzelt-tipi-grey\/#primaryimage\"},\"image\":{\"@id\":\"https:\/\/cozyanddozy.com\/de\/produkt\/grau-kinderzelt-tipi-grey\/#primaryimage\"},\"thumbnailUrl\":\"https:\/\/cozyanddozy.com\/de\/wp-content\/uploads\/2023\/02\/pp-1399.jpg\",\"datePublished\":\"2017-08-13T10:03:06+00:00\",\"dateModified\":\"2024-01-23T10:53:00+00:00\",\"description\":\"TIPI INDIANERZELT ist der ideale Ort zum Spa\u00df, sowohl zu Hause als auch au\u00dferhalb. Unsere Tipis sind mit Sorgfalt und Liebe zum Details angefertigt.\",\"breadcrumb\":{\"@id\":\"https:\/\/cozyanddozy.com\/de\/produkt\/grau-kinderzelt-tipi-grey\/#breadcrumb\"},\"inLanguage\":\"de\",\"potentialAction\":[{\"@type\":\"ReadAction\",\"target\":[\"https:\/\/cozyanddozy.com\/de\/produkt\/grau-kinderzelt-tipi-grey\/\"]}]},{\"@type\":\"ImageObject\",\"inLanguage\":\"de\",\"@id\":\"https:\/\/cozyanddozy.com\/de\/produkt\/grau-kinderzelt-tipi-grey\/#primaryimage\",\"url\":\"https:\/\/cozyanddozy.com\/de\/wp-content\/uploads\/2023\/02\/pp-1399.jpg\",\"contentUrl\":\"https:\/\/cozyanddozy.com\/de\/wp-content\/uploads\/2023\/02\/pp-1399.jpg\",\"width\":1200,\"height\":1200},{\"@type\":\"BreadcrumbList\",\"@id\":\"https:\/\/cozyanddozy.com\/de\/produkt\/grau-kinderzelt-tipi-grey\/#breadcrumb\",\"itemListElement\":[{\"@type\":\"ListItem\",\"position\":1,\"name\":\"Home\",\"item\":\"https:\/\/cozyanddozy.com\/de\/\"},{\"@type\":\"ListItem\",\"position\":2,\"name\":\"Shop\",\"item\":\"https:\/\/cozyanddozy.com\/de\/shop\/\"},{\"@type\":\"ListItem\",\"position\":3,\"name\":\"Tipi indianerzelt Grey &#8211; Grau Kinderzelt\"}]},{\"@type\":\"WebSite\",\"@id\":\"https:\/\/cozyanddozy.com\/de\/#website\",\"url\":\"https:\/\/cozyanddozy.com\/de\/\",\"name\":\"Cozy & Dozy\",\"description\":\"\",\"publisher\":{\"@id\":\"https:\/\/cozyanddozy.com\/de\/#organization\"},\"potentialAction\":[{\"@type\":\"SearchAction\",\"target\":{\"@type\":\"EntryPoint\",\"urlTemplate\":\"https:\/\/cozyanddozy.com\/de\/?s={search_term_string}\"},\"query-input\":{\"@type\":\"PropertyValueSpecification\",\"valueRequired\":true,\"valueName\":\"search_term_string\"}}],\"inLanguage\":\"de\"},{\"@type\":\"Organization\",\"@id\":\"https:\/\/cozyanddozy.com\/de\/#organization\",\"name\":\"Cozy & Dozy\",\"url\":\"https:\/\/cozyanddozy.com\/de\/\",\"logo\":{\"@type\":\"ImageObject\",\"inLanguage\":\"de\",\"@id\":\"https:\/\/cozyanddozy.com\/de\/#\/schema\/logo\/image\/\",\"url\":\"https:\/\/cozyanddozy.com\/de\/wp-content\/uploads\/2023\/02\/cozyanddozy_logo_b.png\",\"contentUrl\":\"https:\/\/cozyanddozy.com\/de\/wp-content\/uploads\/2023\/02\/cozyanddozy_logo_b.png\",\"width\":314,\"height\":85,\"caption\":\"Cozy & Dozy\"},\"image\":{\"@id\":\"https:\/\/cozyanddozy.com\/de\/#\/schema\/logo\/image\/\"}}]}<\/script>\n<meta property=\"product:price:amount\" content=\"81.00\" \/>\n<meta property=\"product:price:currency\" content=\"EUR\" \/>\n<meta property=\"og:availability\" content=\"out of stock\" \/>\n<meta property=\"product:availability\" content=\"out of stock\" \/>\n<meta property=\"product:retailer_item_id\" content=\"5902701491192\" \/>\n<meta property=\"product:condition\" content=\"new\" \/>\n<!-- \/ Yoast SEO Premium plugin. -->","yoast_head_json":{"title":"Tipi indianerzelt Grey - Grau Kinderzelt - Cozy &amp; Dozy","description":"TIPI INDIANERZELT ist der ideale Ort zum Spa\u00df, sowohl zu Hause als auch au\u00dferhalb. Unsere Tipis sind mit Sorgfalt und Liebe zum Details angefertigt.","robots":{"index":"index","follow":"follow","max-snippet":"max-snippet:-1","max-image-preview":"max-image-preview:large","max-video-preview":"max-video-preview:-1"},"canonical":"https:\/\/cozyanddozy.com\/de\/produkt\/grau-kinderzelt-tipi-grey\/","og_locale":"de_DE","og_type":"article","og_title":"Tipi indianerzelt Grey - Grau Kinderzelt","og_description":"TIPI INDIANERZELT ist der ideale Ort zum Spa\u00df, sowohl zu Hause als auch au\u00dferhalb. Unsere Tipis sind mit Sorgfalt und Liebe zum Details angefertigt.","og_url":"https:\/\/cozyanddozy.com\/de\/produkt\/grau-kinderzelt-tipi-grey\/","og_site_name":"Cozy &amp; Dozy","article_modified_time":"2024-01-23T10:53:00+00:00","og_image":[{"width":1200,"height":1200,"url":"https:\/\/cozyanddozy.com\/de\/wp-content\/uploads\/2023\/02\/pp-1399.jpg","type":"image\/jpeg"}],"twitter_card":"summary_large_image","twitter_misc":{"Preis":"81,00&nbsp;&euro;","Verf\u00fcgbarkeit":"ausverkauft"},"schema":{"@context":"https:\/\/schema.org","@graph":[{"@type":"WebPage","@id":"https:\/\/cozyanddozy.com\/de\/produkt\/grau-kinderzelt-tipi-grey\/","url":"https:\/\/cozyanddozy.com\/de\/produkt\/grau-kinderzelt-tipi-grey\/","name":"Tipi indianerzelt Grey - Grau Kinderzelt - Cozy &amp; Dozy","isPartOf":{"@id":"https:\/\/cozyanddozy.com\/de\/#website"},"primaryImageOfPage":{"@id":"https:\/\/cozyanddozy.com\/de\/produkt\/grau-kinderzelt-tipi-grey\/#primaryimage"},"image":{"@id":"https:\/\/cozyanddozy.com\/de\/produkt\/grau-kinderzelt-tipi-grey\/#primaryimage"},"thumbnailUrl":"https:\/\/cozyanddozy.com\/de\/wp-content\/uploads\/2023\/02\/pp-1399.jpg","datePublished":"2017-08-13T10:03:06+00:00","dateModified":"2024-01-23T10:53:00+00:00","description":"TIPI INDIANERZELT ist der ideale Ort zum Spa\u00df, sowohl zu Hause als auch au\u00dferhalb. Unsere Tipis sind mit Sorgfalt und Liebe zum Details angefertigt.","breadcrumb":{"@id":"https:\/\/cozyanddozy.com\/de\/produkt\/grau-kinderzelt-tipi-grey\/#breadcrumb"},"inLanguage":"de","potentialAction":[{"@type":"ReadAction","target":["https:\/\/cozyanddozy.com\/de\/produkt\/grau-kinderzelt-tipi-grey\/"]}]},{"@type":"ImageObject","inLanguage":"de","@id":"https:\/\/cozyanddozy.com\/de\/produkt\/grau-kinderzelt-tipi-grey\/#primaryimage","url":"https:\/\/cozyanddozy.com\/de\/wp-content\/uploads\/2023\/02\/pp-1399.jpg","contentUrl":"https:\/\/cozyanddozy.com\/de\/wp-content\/uploads\/2023\/02\/pp-1399.jpg","width":1200,"height":1200},{"@type":"BreadcrumbList","@id":"https:\/\/cozyanddozy.com\/de\/produkt\/grau-kinderzelt-tipi-grey\/#breadcrumb","itemListElement":[{"@type":"ListItem","position":1,"name":"Home","item":"https:\/\/cozyanddozy.com\/de\/"},{"@type":"ListItem","position":2,"name":"Shop","item":"https:\/\/cozyanddozy.com\/de\/shop\/"},{"@type":"ListItem","position":3,"name":"Tipi indianerzelt Grey &#8211; Grau Kinderzelt"}]},{"@type":"WebSite","@id":"https:\/\/cozyanddozy.com\/de\/#website","url":"https:\/\/cozyanddozy.com\/de\/","name":"Cozy & Dozy","description":"","publisher":{"@id":"https:\/\/cozyanddozy.com\/de\/#organization"},"potentialAction":[{"@type":"SearchAction","target":{"@type":"EntryPoint","urlTemplate":"https:\/\/cozyanddozy.com\/de\/?s={search_term_string}"},"query-input":{"@type":"PropertyValueSpecification","valueRequired":true,"valueName":"search_term_string"}}],"inLanguage":"de"},{"@type":"Organization","@id":"https:\/\/cozyanddozy.com\/de\/#organization","name":"Cozy & Dozy","url":"https:\/\/cozyanddozy.com\/de\/","logo":{"@type":"ImageObject","inLanguage":"de","@id":"https:\/\/cozyanddozy.com\/de\/#\/schema\/logo\/image\/","url":"https:\/\/cozyanddozy.com\/de\/wp-content\/uploads\/2023\/02\/cozyanddozy_logo_b.png","contentUrl":"https:\/\/cozyanddozy.com\/de\/wp-content\/uploads\/2023\/02\/cozyanddozy_logo_b.png","width":314,"height":85,"caption":"Cozy & Dozy"},"image":{"@id":"https:\/\/cozyanddozy.com\/de\/#\/schema\/logo\/image\/"}}]},"product_price_amount":"81.00","product_price_currency":"EUR","og_availability":"out of stock","product_availability":"out of stock","product_retailer_item_id":"5902701491192","product_condition":"new"},"_links":{"self":[{"href":"https:\/\/cozyanddozy.com\/de\/wp-json\/wp\/v2\/product\/1257","targetHints":{"allow":["GET"]}}],"collection":[{"href":"https:\/\/cozyanddozy.com\/de\/wp-json\/wp\/v2\/product"}],"about":[{"href":"https:\/\/cozyanddozy.com\/de\/wp-json\/wp\/v2\/types\/product"}],"replies":[{"embeddable":true,"href":"https:\/\/cozyanddozy.com\/de\/wp-json\/wp\/v2\/comments?post=1257"}],"wp:featuredmedia":[{"embeddable":true,"href":"https:\/\/cozyanddozy.com\/de\/wp-json\/wp\/v2\/media\/380"}],"wp:attachment":[{"href":"https:\/\/cozyanddozy.com\/de\/wp-json\/wp\/v2\/media?parent=1257"}],"wp:term":[{"taxonomy":"product_brand","embeddable":true,"href":"https:\/\/cozyanddozy.com\/de\/wp-json\/wp\/v2\/product_brand?post=1257"},{"taxonomy":"product_cat","embeddable":true,"href":"https:\/\/cozyanddozy.com\/de\/wp-json\/wp\/v2\/product_cat?post=1257"},{"taxonomy":"product_tag","embeddable":true,"href":"https:\/\/cozyanddozy.com\/de\/wp-json\/wp\/v2\/product_tag?post=1257"}],"curies":[{"name":"wp","href":"https:\/\/api.w.org\/{rel}","templated":true}]}}