{"id":1251,"date":"2017-07-31T16:36:03","date_gmt":"2017-07-31T14:36:03","guid":{"rendered":"https:\/\/cozyanddozy.com\/de\/product\/set-indianertipi-kinderzelt-aztec-2\/"},"modified":"2024-01-23T11:53:01","modified_gmt":"2024-01-23T10:53:01","slug":"set-indianertipi-kinderzelt-aztec-2","status":"publish","type":"product","link":"https:\/\/cozyanddozy.com\/de\/produkt\/set-indianertipi-kinderzelt-aztec-2\/","title":{"rendered":"Tipi Zelt Aztec, Spielezelt 6 Elemente"},"content":{"rendered":"<p><img decoding=\"async\" class=\"alignright\" src=\"https:\/\/cozyanddozy.com\/wp-content\/uploads\/2023\/02\/pp-1503.jpg\" alt=\"indian tipi aztec\" width=\"600\" height=\"600\" \/>Tipi Zelt f\u00fcr Kinder im aztekischen Design von Cozy &amp; Dozy. Ein Tipi ist eine ideale Dekoration f\u00fcr ein Kinderzimmer und das beste Geschenk f\u00fcr einen Jungen. Tipi Spielzelt zum Spielen und Lesen von B\u00fcchern. Das Tipi Zelt Kinder ist ein guter Ort, um das ganze Jahr \u00fcber Spa\u00df zu haben. Tipi Kinderzelt kann zu Hause und im Garten genutzt werden. Das Zelt hat eine Fenster\u00f6ffnung und eine Tasche f\u00fcr kleine Spielsachen.<\/p>\n<p>Die Bodenmatte ist aus kr\u00e4ftigem Canvas gefertigt und hat eine farbige Cactus Anwendung und ist isoliert. Das Tipi Spielzeit des Babys ist aus beigefarbenem Segeltuch und wei\u00dfem Gr\u00fcn mit schwarzer Baumwolle und der Eingang ist mit schwarzen Pompons verziert. 2 Kissen sind in Zeltfarbe mit Cactus<\/p>\n<p>Das Zelt ist perfekt f\u00fcr jedes Kinderzimmer<\/p>\n<h2><strong>Set beinhaltet:<\/strong><\/h2>\n<ul>\n<li>Tipi Zelt<\/li>\n<li>4 Stangen aus nat\u00fcrlichem Kiefernholz (Stahl)<\/li>\n<li>Spielmatte<\/li>\n<li>2 Kissen<\/li>\n<li>stabilizer<\/li>\n<\/ul>\n","protected":false},"excerpt":{"rendered":"<p>Tipi Zelt f\u00fcr Kinder im aztekischen Design von Cozyshop. Ein Tipi ist eine ideale Dekoration f\u00fcr ein Kinderzimmer und das beste Geschenk f\u00fcr einen Jungen.<\/p>\n","protected":false},"featured_media":348,"comment_status":"open","ping_status":"closed","template":"","meta":[],"product_brand":[],"product_cat":[71],"product_tag":[24],"class_list":{"0":"post-1251","1":"product","2":"type-product","3":"status-publish","4":"has-post-thumbnail","6":"product_cat-tipi-zelt","7":"product_tag-pla","9":"first","10":"outofstock","11":"sale","12":"shipping-taxable","13":"product-type-simple"},"yoast_head":"<!-- This site is optimized with the Yoast SEO Premium plugin v21.9 (Yoast SEO v27.0) - https:\/\/yoast.com\/product\/yoast-seo-premium-wordpress\/ -->\n<title>Tipi Zelt Aztec, Spielezelt 6 Elemente - Cozy &amp; Dozy<\/title>\n<meta name=\"description\" content=\"Tipi Zelt f\u00fcr Kinder im aztekischen Design von Cozyshop. Ein Tipi ist eine ideale Dekoration f\u00fcr ein Kinderzimmer und das beste Geschenk f\u00fcr einen Jungen.\" \/>\n<meta name=\"robots\" content=\"index, follow, max-snippet:-1, max-image-preview:large, max-video-preview:-1\" \/>\n<link rel=\"canonical\" href=\"https:\/\/cozyanddozy.com\/de\/produkt\/set-indianertipi-kinderzelt-aztec-2\/\" \/>\n<meta property=\"og:locale\" content=\"de_DE\" \/>\n<meta property=\"og:type\" content=\"article\" \/>\n<meta property=\"og:title\" content=\"Tipi Zelt Aztec, Spielezelt 6 Elemente\" \/>\n<meta property=\"og:description\" content=\"Tipi Zelt f\u00fcr Kinder im aztekischen Design von Cozyshop. Ein Tipi ist eine ideale Dekoration f\u00fcr ein Kinderzimmer und das beste Geschenk f\u00fcr einen Jungen.\" \/>\n<meta property=\"og:url\" content=\"https:\/\/cozyanddozy.com\/de\/produkt\/set-indianertipi-kinderzelt-aztec-2\/\" \/>\n<meta property=\"og:site_name\" content=\"Cozy &amp; Dozy\" \/>\n<meta property=\"article:modified_time\" content=\"2024-01-23T10:53:01+00:00\" \/>\n<meta property=\"og:image\" content=\"https:\/\/cozyanddozy.com\/de\/wp-content\/uploads\/2023\/02\/kids_tipi_tent_indian_s1.jpg\" \/>\n\t<meta property=\"og:image:width\" content=\"1200\" \/>\n\t<meta property=\"og:image:height\" content=\"1200\" \/>\n\t<meta property=\"og:image:type\" content=\"image\/jpeg\" \/>\n<meta name=\"twitter:card\" content=\"summary_large_image\" \/>\n<meta name=\"twitter:label1\" content=\"Preis\" \/>\n\t<meta name=\"twitter:data1\" content=\"141,30&nbsp;&euro;\" \/>\n\t<meta name=\"twitter:label2\" content=\"Verf\u00fcgbarkeit\" \/>\n\t<meta name=\"twitter:data2\" content=\"ausverkauft\" \/>\n<script type=\"application\/ld+json\" class=\"yoast-schema-graph\">{\"@context\":\"https:\/\/schema.org\",\"@graph\":[{\"@type\":\"WebPage\",\"@id\":\"https:\/\/cozyanddozy.com\/de\/produkt\/set-indianertipi-kinderzelt-aztec-2\/\",\"url\":\"https:\/\/cozyanddozy.com\/de\/produkt\/set-indianertipi-kinderzelt-aztec-2\/\",\"name\":\"Tipi Zelt Aztec, Spielezelt 6 Elemente - Cozy &amp; Dozy\",\"isPartOf\":{\"@id\":\"https:\/\/cozyanddozy.com\/de\/#website\"},\"primaryImageOfPage\":{\"@id\":\"https:\/\/cozyanddozy.com\/de\/produkt\/set-indianertipi-kinderzelt-aztec-2\/#primaryimage\"},\"image\":{\"@id\":\"https:\/\/cozyanddozy.com\/de\/produkt\/set-indianertipi-kinderzelt-aztec-2\/#primaryimage\"},\"thumbnailUrl\":\"https:\/\/cozyanddozy.com\/de\/wp-content\/uploads\/2023\/02\/kids_tipi_tent_indian_s1.jpg\",\"datePublished\":\"2017-07-31T14:36:03+00:00\",\"dateModified\":\"2024-01-23T10:53:01+00:00\",\"description\":\"Tipi Zelt f\u00fcr Kinder im aztekischen Design von Cozyshop. Ein Tipi ist eine ideale Dekoration f\u00fcr ein Kinderzimmer und das beste Geschenk f\u00fcr einen Jungen.\",\"breadcrumb\":{\"@id\":\"https:\/\/cozyanddozy.com\/de\/produkt\/set-indianertipi-kinderzelt-aztec-2\/#breadcrumb\"},\"inLanguage\":\"de\",\"potentialAction\":[{\"@type\":\"ReadAction\",\"target\":[\"https:\/\/cozyanddozy.com\/de\/produkt\/set-indianertipi-kinderzelt-aztec-2\/\"]}]},{\"@type\":\"ImageObject\",\"inLanguage\":\"de\",\"@id\":\"https:\/\/cozyanddozy.com\/de\/produkt\/set-indianertipi-kinderzelt-aztec-2\/#primaryimage\",\"url\":\"https:\/\/cozyanddozy.com\/de\/wp-content\/uploads\/2023\/02\/kids_tipi_tent_indian_s1.jpg\",\"contentUrl\":\"https:\/\/cozyanddozy.com\/de\/wp-content\/uploads\/2023\/02\/kids_tipi_tent_indian_s1.jpg\",\"width\":1200,\"height\":1200,\"caption\":\"kids_tipi_tent_indian_s1\"},{\"@type\":\"BreadcrumbList\",\"@id\":\"https:\/\/cozyanddozy.com\/de\/produkt\/set-indianertipi-kinderzelt-aztec-2\/#breadcrumb\",\"itemListElement\":[{\"@type\":\"ListItem\",\"position\":1,\"name\":\"Home\",\"item\":\"https:\/\/cozyanddozy.com\/de\/\"},{\"@type\":\"ListItem\",\"position\":2,\"name\":\"Shop\",\"item\":\"https:\/\/cozyanddozy.com\/de\/shop\/\"},{\"@type\":\"ListItem\",\"position\":3,\"name\":\"Tipi Zelt Aztec, Spielezelt 6 Elemente\"}]},{\"@type\":\"WebSite\",\"@id\":\"https:\/\/cozyanddozy.com\/de\/#website\",\"url\":\"https:\/\/cozyanddozy.com\/de\/\",\"name\":\"Cozy & Dozy\",\"description\":\"\",\"publisher\":{\"@id\":\"https:\/\/cozyanddozy.com\/de\/#organization\"},\"potentialAction\":[{\"@type\":\"SearchAction\",\"target\":{\"@type\":\"EntryPoint\",\"urlTemplate\":\"https:\/\/cozyanddozy.com\/de\/?s={search_term_string}\"},\"query-input\":{\"@type\":\"PropertyValueSpecification\",\"valueRequired\":true,\"valueName\":\"search_term_string\"}}],\"inLanguage\":\"de\"},{\"@type\":\"Organization\",\"@id\":\"https:\/\/cozyanddozy.com\/de\/#organization\",\"name\":\"Cozy & Dozy\",\"url\":\"https:\/\/cozyanddozy.com\/de\/\",\"logo\":{\"@type\":\"ImageObject\",\"inLanguage\":\"de\",\"@id\":\"https:\/\/cozyanddozy.com\/de\/#\/schema\/logo\/image\/\",\"url\":\"https:\/\/cozyanddozy.com\/de\/wp-content\/uploads\/2023\/02\/cozyanddozy_logo_b.png\",\"contentUrl\":\"https:\/\/cozyanddozy.com\/de\/wp-content\/uploads\/2023\/02\/cozyanddozy_logo_b.png\",\"width\":314,\"height\":85,\"caption\":\"Cozy & Dozy\"},\"image\":{\"@id\":\"https:\/\/cozyanddozy.com\/de\/#\/schema\/logo\/image\/\"}}]}<\/script>\n<meta property=\"product:price:amount\" content=\"141.30\" \/>\n<meta property=\"product:price:currency\" content=\"EUR\" \/>\n<meta property=\"og:availability\" content=\"out of stock\" \/>\n<meta property=\"product:availability\" content=\"out of stock\" \/>\n<meta property=\"product:retailer_item_id\" content=\"5902701495176\" \/>\n<meta property=\"product:condition\" content=\"new\" \/>\n<!-- \/ Yoast SEO Premium plugin. -->","yoast_head_json":{"title":"Tipi Zelt Aztec, Spielezelt 6 Elemente - Cozy &amp; Dozy","description":"Tipi Zelt f\u00fcr Kinder im aztekischen Design von Cozyshop. Ein Tipi ist eine ideale Dekoration f\u00fcr ein Kinderzimmer und das beste Geschenk f\u00fcr einen Jungen.","robots":{"index":"index","follow":"follow","max-snippet":"max-snippet:-1","max-image-preview":"max-image-preview:large","max-video-preview":"max-video-preview:-1"},"canonical":"https:\/\/cozyanddozy.com\/de\/produkt\/set-indianertipi-kinderzelt-aztec-2\/","og_locale":"de_DE","og_type":"article","og_title":"Tipi Zelt Aztec, Spielezelt 6 Elemente","og_description":"Tipi Zelt f\u00fcr Kinder im aztekischen Design von Cozyshop. Ein Tipi ist eine ideale Dekoration f\u00fcr ein Kinderzimmer und das beste Geschenk f\u00fcr einen Jungen.","og_url":"https:\/\/cozyanddozy.com\/de\/produkt\/set-indianertipi-kinderzelt-aztec-2\/","og_site_name":"Cozy &amp; Dozy","article_modified_time":"2024-01-23T10:53:01+00:00","og_image":[{"width":1200,"height":1200,"url":"https:\/\/cozyanddozy.com\/de\/wp-content\/uploads\/2023\/02\/kids_tipi_tent_indian_s1.jpg","type":"image\/jpeg"}],"twitter_card":"summary_large_image","twitter_misc":{"Preis":"141,30&nbsp;&euro;","Verf\u00fcgbarkeit":"ausverkauft"},"schema":{"@context":"https:\/\/schema.org","@graph":[{"@type":"WebPage","@id":"https:\/\/cozyanddozy.com\/de\/produkt\/set-indianertipi-kinderzelt-aztec-2\/","url":"https:\/\/cozyanddozy.com\/de\/produkt\/set-indianertipi-kinderzelt-aztec-2\/","name":"Tipi Zelt Aztec, Spielezelt 6 Elemente - Cozy &amp; Dozy","isPartOf":{"@id":"https:\/\/cozyanddozy.com\/de\/#website"},"primaryImageOfPage":{"@id":"https:\/\/cozyanddozy.com\/de\/produkt\/set-indianertipi-kinderzelt-aztec-2\/#primaryimage"},"image":{"@id":"https:\/\/cozyanddozy.com\/de\/produkt\/set-indianertipi-kinderzelt-aztec-2\/#primaryimage"},"thumbnailUrl":"https:\/\/cozyanddozy.com\/de\/wp-content\/uploads\/2023\/02\/kids_tipi_tent_indian_s1.jpg","datePublished":"2017-07-31T14:36:03+00:00","dateModified":"2024-01-23T10:53:01+00:00","description":"Tipi Zelt f\u00fcr Kinder im aztekischen Design von Cozyshop. Ein Tipi ist eine ideale Dekoration f\u00fcr ein Kinderzimmer und das beste Geschenk f\u00fcr einen Jungen.","breadcrumb":{"@id":"https:\/\/cozyanddozy.com\/de\/produkt\/set-indianertipi-kinderzelt-aztec-2\/#breadcrumb"},"inLanguage":"de","potentialAction":[{"@type":"ReadAction","target":["https:\/\/cozyanddozy.com\/de\/produkt\/set-indianertipi-kinderzelt-aztec-2\/"]}]},{"@type":"ImageObject","inLanguage":"de","@id":"https:\/\/cozyanddozy.com\/de\/produkt\/set-indianertipi-kinderzelt-aztec-2\/#primaryimage","url":"https:\/\/cozyanddozy.com\/de\/wp-content\/uploads\/2023\/02\/kids_tipi_tent_indian_s1.jpg","contentUrl":"https:\/\/cozyanddozy.com\/de\/wp-content\/uploads\/2023\/02\/kids_tipi_tent_indian_s1.jpg","width":1200,"height":1200,"caption":"kids_tipi_tent_indian_s1"},{"@type":"BreadcrumbList","@id":"https:\/\/cozyanddozy.com\/de\/produkt\/set-indianertipi-kinderzelt-aztec-2\/#breadcrumb","itemListElement":[{"@type":"ListItem","position":1,"name":"Home","item":"https:\/\/cozyanddozy.com\/de\/"},{"@type":"ListItem","position":2,"name":"Shop","item":"https:\/\/cozyanddozy.com\/de\/shop\/"},{"@type":"ListItem","position":3,"name":"Tipi Zelt Aztec, Spielezelt 6 Elemente"}]},{"@type":"WebSite","@id":"https:\/\/cozyanddozy.com\/de\/#website","url":"https:\/\/cozyanddozy.com\/de\/","name":"Cozy & Dozy","description":"","publisher":{"@id":"https:\/\/cozyanddozy.com\/de\/#organization"},"potentialAction":[{"@type":"SearchAction","target":{"@type":"EntryPoint","urlTemplate":"https:\/\/cozyanddozy.com\/de\/?s={search_term_string}"},"query-input":{"@type":"PropertyValueSpecification","valueRequired":true,"valueName":"search_term_string"}}],"inLanguage":"de"},{"@type":"Organization","@id":"https:\/\/cozyanddozy.com\/de\/#organization","name":"Cozy & Dozy","url":"https:\/\/cozyanddozy.com\/de\/","logo":{"@type":"ImageObject","inLanguage":"de","@id":"https:\/\/cozyanddozy.com\/de\/#\/schema\/logo\/image\/","url":"https:\/\/cozyanddozy.com\/de\/wp-content\/uploads\/2023\/02\/cozyanddozy_logo_b.png","contentUrl":"https:\/\/cozyanddozy.com\/de\/wp-content\/uploads\/2023\/02\/cozyanddozy_logo_b.png","width":314,"height":85,"caption":"Cozy & Dozy"},"image":{"@id":"https:\/\/cozyanddozy.com\/de\/#\/schema\/logo\/image\/"}}]},"product_price_amount":"141.30","product_price_currency":"EUR","og_availability":"out of stock","product_availability":"out of stock","product_retailer_item_id":"5902701495176","product_condition":"new"},"_links":{"self":[{"href":"https:\/\/cozyanddozy.com\/de\/wp-json\/wp\/v2\/product\/1251","targetHints":{"allow":["GET"]}}],"collection":[{"href":"https:\/\/cozyanddozy.com\/de\/wp-json\/wp\/v2\/product"}],"about":[{"href":"https:\/\/cozyanddozy.com\/de\/wp-json\/wp\/v2\/types\/product"}],"replies":[{"embeddable":true,"href":"https:\/\/cozyanddozy.com\/de\/wp-json\/wp\/v2\/comments?post=1251"}],"wp:featuredmedia":[{"embeddable":true,"href":"https:\/\/cozyanddozy.com\/de\/wp-json\/wp\/v2\/media\/348"}],"wp:attachment":[{"href":"https:\/\/cozyanddozy.com\/de\/wp-json\/wp\/v2\/media?parent=1251"}],"wp:term":[{"taxonomy":"product_brand","embeddable":true,"href":"https:\/\/cozyanddozy.com\/de\/wp-json\/wp\/v2\/product_brand?post=1251"},{"taxonomy":"product_cat","embeddable":true,"href":"https:\/\/cozyanddozy.com\/de\/wp-json\/wp\/v2\/product_cat?post=1251"},{"taxonomy":"product_tag","embeddable":true,"href":"https:\/\/cozyanddozy.com\/de\/wp-json\/wp\/v2\/product_tag?post=1251"}],"curies":[{"name":"wp","href":"https:\/\/api.w.org\/{rel}","templated":true}]}}