{"id":1090,"date":"2023-02-13T19:20:47","date_gmt":"2023-02-13T19:20:47","guid":{"rendered":"https:\/\/cozyanddozy.com\/de\/?page_id=1090"},"modified":"2023-02-19T14:41:04","modified_gmt":"2023-02-19T13:41:04","slug":"faq","status":"publish","type":"page","link":"https:\/\/cozyanddozy.com\/de\/faq\/","title":{"rendered":"FAQ"},"content":{"rendered":"<p class=\"lead\">Bevor Sie uns Ihre Anfrage senden, lesen Sie bitte den Abschnitt FAQ.<\/p>\n<p><strong>Welche Formen und Versandkosten gibt es?<\/strong><\/p>\n<p>1. Die bestellte Ware erreicht Sie innerhalb von 2-3 Werktagen ab Versanddatum.<br \/>\n2. Wir liefern die bestellten Produkte per DHL und GLS.<br \/>\n3. Die Versandkosten des Objektes k\u00f6nnen im Warenkorb kontrolliert und berechnet werden (Gewicht bis 5 kg)<\/p>\n<p><strong>Welche Zahlungsm\u00f6glichkeiten gibt es im Online Shop?<\/strong><\/p>\n<p>In unserem Online Shop stellen wir Ihnen folgende Zahlungsarten zur Verf\u00fcgung:<br \/>\nBank\u00fcberweisung (MBank)<\/p>\n<p>PL 60 1140 2004 0000 3812 1372 5553 ( \u20ac EURO )<br \/>\nPL 65 1140 2004 0000 3612 1372 5561 ( \u00a3 GBP )<br \/>\nPL 73 1140 2004 0000 3102 7702 5762 ( z\u0142 &#8211; PLN )<\/p>\n<p>PayPal &#8211; weltweit online bezahlen bei PayPal<\/p>\n<p>PayPal &#8211; Kreditkarte<\/p>\n<p><strong>Alle Preise inkl. der gesetzlichen MwSt.<\/strong><\/p>\n<p><strong>Sind meine Daten beim Online-Shopping sicher?<\/strong><\/p>\n<p>In unserem Online-Shop verwenden wir das SSL-Protokoll (Secure Socket Layer), das derzeit sicherste Datenschutzverfahren zum Schutz Ihrer Daten, damit Sie sich bei der \u00dcbermittlung von Informationen \u00fcber sich selbst und Ihre Bestellung sicher f\u00fchlen k\u00f6nnen. Diese Art des Schutzes basiert auf der Verschl\u00fcsselung von Daten, bevor sie von einem Browser gesendet werden, und der Entschl\u00fcsselung nach dem sicheren Zugriff auf unseren Server. Informationen, die vom Server an Sie gesendet werden, werden ebenfalls verschl\u00fcsselt und dekodiert, nachdem sie Ihr Ziel erreicht haben. SSL verschl\u00fcsselt, authentifiziert und stellt die Integrit\u00e4t der Informationen sicher. Wenn Sie sich mit einer sicheren Website verbinden, werden Sie feststellen, dass sich die http-Adresse in http zu https \u00e4ndert.<\/p>\n<p><strong>Erhalte ich eine Rechnung?<\/strong><\/p>\n<p>F\u00fcr jeden Einkauf in unserem Online-Shop erhalten Sie eine Quittung oder Rechnung (wenn der Kauf f\u00fcr das Unternehmen get\u00e4tigt wurde).<\/p>\n<h3 dir=\"ltr\">R\u00fcckgabe &amp; Erstattung &#8211; &gt; <a href=\"\/?page_id=3167\">CLICK<\/a><\/h3>\n","protected":false},"excerpt":{"rendered":"<p>Bevor Sie uns Ihre Anfrage senden, lesen Sie bitte den Abschnitt FAQ. Welche Formen und Versandkosten gibt es? 1. Die bestellte Ware erreicht Sie innerhalb von 2-3 Werktagen ab Versanddatum. 2. Wir liefern die bestellten Produkte per DHL und GLS. 3. Die Versandkosten des Objektes k\u00f6nnen im Warenkorb kontrolliert und berechnet werden (Gewicht bis 5 [&#8230;]\n","protected":false},"author":1,"featured_media":0,"parent":0,"menu_order":0,"comment_status":"closed","ping_status":"closed","template":"","meta":{"footnotes":""},"class_list":["post-1090","page","type-page","status-publish","hentry"],"yoast_head":"<!-- This site is optimized with the Yoast SEO Premium plugin v21.9 (Yoast SEO v27.0) - https:\/\/yoast.com\/product\/yoast-seo-premium-wordpress\/ -->\n<title>FAQ - Cozy &amp; Dozy<\/title>\n<meta name=\"robots\" content=\"index, follow, max-snippet:-1, max-image-preview:large, max-video-preview:-1\" \/>\n<link rel=\"canonical\" href=\"https:\/\/cozyanddozy.com\/de\/faq\/\" \/>\n<meta property=\"og:locale\" content=\"de_DE\" \/>\n<meta property=\"og:type\" content=\"article\" \/>\n<meta property=\"og:title\" content=\"FAQ\" \/>\n<meta property=\"og:description\" content=\"Bevor Sie uns Ihre Anfrage senden, lesen Sie bitte den Abschnitt FAQ. Welche Formen und Versandkosten gibt es? 1. Die bestellte Ware erreicht Sie innerhalb von 2-3 Werktagen ab Versanddatum. 2. Wir liefern die bestellten Produkte per DHL und GLS. 3. Die Versandkosten des Objektes k\u00f6nnen im Warenkorb kontrolliert und berechnet werden (Gewicht bis 5 [...]\" \/>\n<meta property=\"og:url\" content=\"https:\/\/cozyanddozy.com\/de\/faq\/\" \/>\n<meta property=\"og:site_name\" content=\"Cozy &amp; Dozy\" \/>\n<meta property=\"article:modified_time\" content=\"2023-02-19T13:41:04+00:00\" \/>\n<meta name=\"twitter:card\" content=\"summary_large_image\" \/>\n<meta name=\"twitter:label1\" content=\"Gesch\u00e4tzte Lesezeit\" \/>\n\t<meta name=\"twitter:data1\" content=\"4\u00a0Minuten\" \/>\n<script type=\"application\/ld+json\" class=\"yoast-schema-graph\">{\"@context\":\"https:\/\/schema.org\",\"@graph\":[{\"@type\":\"WebPage\",\"@id\":\"https:\/\/cozyanddozy.com\/de\/faq\/\",\"url\":\"https:\/\/cozyanddozy.com\/de\/faq\/\",\"name\":\"FAQ - Cozy & Dozy\",\"isPartOf\":{\"@id\":\"https:\/\/cozyanddozy.com\/de\/#website\"},\"datePublished\":\"2023-02-13T19:20:47+00:00\",\"dateModified\":\"2023-02-19T13:41:04+00:00\",\"breadcrumb\":{\"@id\":\"https:\/\/cozyanddozy.com\/de\/faq\/#breadcrumb\"},\"inLanguage\":\"de\",\"potentialAction\":[{\"@type\":\"ReadAction\",\"target\":[\"https:\/\/cozyanddozy.com\/de\/faq\/\"]}]},{\"@type\":\"BreadcrumbList\",\"@id\":\"https:\/\/cozyanddozy.com\/de\/faq\/#breadcrumb\",\"itemListElement\":[{\"@type\":\"ListItem\",\"position\":1,\"name\":\"Home\",\"item\":\"https:\/\/cozyanddozy.com\/de\/\"},{\"@type\":\"ListItem\",\"position\":2,\"name\":\"FAQ\"}]},{\"@type\":\"WebSite\",\"@id\":\"https:\/\/cozyanddozy.com\/de\/#website\",\"url\":\"https:\/\/cozyanddozy.com\/de\/\",\"name\":\"Cozy & Dozy\",\"description\":\"\",\"publisher\":{\"@id\":\"https:\/\/cozyanddozy.com\/de\/#organization\"},\"potentialAction\":[{\"@type\":\"SearchAction\",\"target\":{\"@type\":\"EntryPoint\",\"urlTemplate\":\"https:\/\/cozyanddozy.com\/de\/?s={search_term_string}\"},\"query-input\":{\"@type\":\"PropertyValueSpecification\",\"valueRequired\":true,\"valueName\":\"search_term_string\"}}],\"inLanguage\":\"de\"},{\"@type\":\"Organization\",\"@id\":\"https:\/\/cozyanddozy.com\/de\/#organization\",\"name\":\"Cozy & Dozy\",\"url\":\"https:\/\/cozyanddozy.com\/de\/\",\"logo\":{\"@type\":\"ImageObject\",\"inLanguage\":\"de\",\"@id\":\"https:\/\/cozyanddozy.com\/de\/#\/schema\/logo\/image\/\",\"url\":\"https:\/\/cozyanddozy.com\/de\/wp-content\/uploads\/2023\/02\/cozyanddozy_logo_b.png\",\"contentUrl\":\"https:\/\/cozyanddozy.com\/de\/wp-content\/uploads\/2023\/02\/cozyanddozy_logo_b.png\",\"width\":314,\"height\":85,\"caption\":\"Cozy & Dozy\"},\"image\":{\"@id\":\"https:\/\/cozyanddozy.com\/de\/#\/schema\/logo\/image\/\"}}]}<\/script>\n<!-- \/ Yoast SEO Premium plugin. -->","yoast_head_json":{"title":"FAQ - Cozy & Dozy","robots":{"index":"index","follow":"follow","max-snippet":"max-snippet:-1","max-image-preview":"max-image-preview:large","max-video-preview":"max-video-preview:-1"},"canonical":"https:\/\/cozyanddozy.com\/de\/faq\/","og_locale":"de_DE","og_type":"article","og_title":"FAQ","og_description":"Bevor Sie uns Ihre Anfrage senden, lesen Sie bitte den Abschnitt FAQ. Welche Formen und Versandkosten gibt es? 1. Die bestellte Ware erreicht Sie innerhalb von 2-3 Werktagen ab Versanddatum. 2. Wir liefern die bestellten Produkte per DHL und GLS. 3. Die Versandkosten des Objektes k\u00f6nnen im Warenkorb kontrolliert und berechnet werden (Gewicht bis 5 [...]","og_url":"https:\/\/cozyanddozy.com\/de\/faq\/","og_site_name":"Cozy &amp; Dozy","article_modified_time":"2023-02-19T13:41:04+00:00","twitter_card":"summary_large_image","twitter_misc":{"Gesch\u00e4tzte Lesezeit":"4\u00a0Minuten"},"schema":{"@context":"https:\/\/schema.org","@graph":[{"@type":"WebPage","@id":"https:\/\/cozyanddozy.com\/de\/faq\/","url":"https:\/\/cozyanddozy.com\/de\/faq\/","name":"FAQ - Cozy & Dozy","isPartOf":{"@id":"https:\/\/cozyanddozy.com\/de\/#website"},"datePublished":"2023-02-13T19:20:47+00:00","dateModified":"2023-02-19T13:41:04+00:00","breadcrumb":{"@id":"https:\/\/cozyanddozy.com\/de\/faq\/#breadcrumb"},"inLanguage":"de","potentialAction":[{"@type":"ReadAction","target":["https:\/\/cozyanddozy.com\/de\/faq\/"]}]},{"@type":"BreadcrumbList","@id":"https:\/\/cozyanddozy.com\/de\/faq\/#breadcrumb","itemListElement":[{"@type":"ListItem","position":1,"name":"Home","item":"https:\/\/cozyanddozy.com\/de\/"},{"@type":"ListItem","position":2,"name":"FAQ"}]},{"@type":"WebSite","@id":"https:\/\/cozyanddozy.com\/de\/#website","url":"https:\/\/cozyanddozy.com\/de\/","name":"Cozy & Dozy","description":"","publisher":{"@id":"https:\/\/cozyanddozy.com\/de\/#organization"},"potentialAction":[{"@type":"SearchAction","target":{"@type":"EntryPoint","urlTemplate":"https:\/\/cozyanddozy.com\/de\/?s={search_term_string}"},"query-input":{"@type":"PropertyValueSpecification","valueRequired":true,"valueName":"search_term_string"}}],"inLanguage":"de"},{"@type":"Organization","@id":"https:\/\/cozyanddozy.com\/de\/#organization","name":"Cozy & Dozy","url":"https:\/\/cozyanddozy.com\/de\/","logo":{"@type":"ImageObject","inLanguage":"de","@id":"https:\/\/cozyanddozy.com\/de\/#\/schema\/logo\/image\/","url":"https:\/\/cozyanddozy.com\/de\/wp-content\/uploads\/2023\/02\/cozyanddozy_logo_b.png","contentUrl":"https:\/\/cozyanddozy.com\/de\/wp-content\/uploads\/2023\/02\/cozyanddozy_logo_b.png","width":314,"height":85,"caption":"Cozy & Dozy"},"image":{"@id":"https:\/\/cozyanddozy.com\/de\/#\/schema\/logo\/image\/"}}]}},"_links":{"self":[{"href":"https:\/\/cozyanddozy.com\/de\/wp-json\/wp\/v2\/pages\/1090","targetHints":{"allow":["GET"]}}],"collection":[{"href":"https:\/\/cozyanddozy.com\/de\/wp-json\/wp\/v2\/pages"}],"about":[{"href":"https:\/\/cozyanddozy.com\/de\/wp-json\/wp\/v2\/types\/page"}],"author":[{"embeddable":true,"href":"https:\/\/cozyanddozy.com\/de\/wp-json\/wp\/v2\/users\/1"}],"replies":[{"embeddable":true,"href":"https:\/\/cozyanddozy.com\/de\/wp-json\/wp\/v2\/comments?post=1090"}],"version-history":[{"count":2,"href":"https:\/\/cozyanddozy.com\/de\/wp-json\/wp\/v2\/pages\/1090\/revisions"}],"predecessor-version":[{"id":1463,"href":"https:\/\/cozyanddozy.com\/de\/wp-json\/wp\/v2\/pages\/1090\/revisions\/1463"}],"wp:attachment":[{"href":"https:\/\/cozyanddozy.com\/de\/wp-json\/wp\/v2\/media?parent=1090"}],"curies":[{"name":"wp","href":"https:\/\/api.w.org\/{rel}","templated":true}]}}