{"id":1086,"date":"2023-02-13T19:19:19","date_gmt":"2023-02-13T19:19:19","guid":{"rendered":"https:\/\/cozyanddozy.com\/de\/?page_id=1086"},"modified":"2024-08-05T09:13:09","modified_gmt":"2024-08-05T07:13:09","slug":"agb","status":"publish","type":"page","link":"https:\/\/cozyanddozy.com\/de\/agb\/","title":{"rendered":"Allgemeine Gesch\u00e4ftsbedingungen des Online-Shops"},"content":{"rendered":"<p dir=\"ltr\" style=\"text-align: center;\">Allgemeine \u00a0Verkaufsbedingungen des Internetgesch\u00e4fts Cozy &#038; Dozy<\/p>\n<p dir=\"ltr\" style=\"text-align: center;\">Sie k\u00f6nnen AGB Cozy &#038; Dozy auf eine Festplatte speichern oder drucken<\/p>\n<p dir=\"ltr\" style=\"text-align: center;\">\u00a7 1 EINLEITENDE \u00a0BESTIMMUBGEN<\/p>\n<p dir=\"ltr\" style=\"text-align: center;\">1.<\/p>\n<p dir=\"ltr\" style=\"text-align: center;\">Online-Shop Cozy &#038; Dozy \u2013 mit der Liebe zu Kindern, mit dem Gedanken an die Eltern ist von BaYka Karolina Poyan-Pogorzelska  betrieben.<\/p>\n<p dir=\"ltr\" style=\"text-align: center;\">Online Shop Cozy &#038; Dozy \u2013 mit der Liebe zu Kindern, mit dem Gedanken an die Eltern ist in Zentrales Register und Information \u00fcber die Gewerbet\u00e4tigkeit eingetragen, das vom Wirtschaftsminister gef\u00fchrt ist.<\/p>\n<p dir=\"ltr\" style=\"text-align: center;\">Ge-An-Nr.<\/p>\n<h1 dir=\"ltr\" style=\"text-align: center;\">200819290, UST-IDNR. 5422951737<\/h1>\n<p dir=\"ltr\" style=\"text-align: center;\">2.<\/p>\n<p dir=\"ltr\" style=\"text-align: center;\">Vorliegende Gesch\u00e4ftsbedingungen gelten f\u00fcr alle Fernabsatzvertr\u00e4ge, die der Kunde mit dem Verk\u00e4ufer \u00fcber den Online-Shop abschlie\u00dft.<\/p>\n<p dir=\"ltr\" style=\"text-align: center;\">\u00a7 2 \u00a0DEFINITIONEN<\/p>\n<p dir=\"ltr\" style=\"text-align: center;\">1.<\/p>\n<p dir=\"ltr\" style=\"text-align: center;\">Verbraucher<\/p>\n<p dir=\"ltr\" style=\"text-align: center;\">\u2013 Der Verbraucher im Sinne dieser AGB ist jede nat\u00fcrliche Person, die ein Rechtsgesch\u00e4ft mit dem Unternehmer im Rahmen des Online-Shop Cozy &#038; Dozy zu Zwecken abschlie\u00dft, die \u00fcberwiegend weder ihrer gewerblichen noch ihrer selbst\u00e4ndigen beruflichen oder wirtschaftlichen T\u00e4tigkeit zugerechnet werden k\u00f6nnen.<\/p>\n<p dir=\"ltr\" style=\"text-align: center;\">2.<\/p>\n<p dir=\"ltr\" style=\"text-align: center;\">Unternehmer<\/p>\n<p dir=\"ltr\" style=\"text-align: center;\">\u2013 Der Unternehmer ist Online-Shop BaYka Karolina Poyan-Pogorzelska  mit Sitz in Praw Kobiet 6, 15-535 Bia\u0142ystok, Polen.<\/p>\n<p dir=\"ltr\" style=\"text-align: center;\">Online Shop Cozy &#038; Dozy \u2013 mit der Liebe zu Kindern, mit dem Gedanken an die Eltern ist in Zentrales Register und Information \u00fcber die Gewerbet\u00e4tigkeit eingetragen, das vom Wirtschaftsminister gef\u00fchrt ist.<\/p>\n<p dir=\"ltr\" style=\"text-align: center;\">USt-IdNr. 5422951737<\/p>\n<p dir=\"ltr\" style=\"text-align: center;\">3.<\/p>\n<p dir=\"ltr\" style=\"text-align: center;\">Benutzer<\/p>\n<p dir=\"ltr\" style=\"text-align: center;\">\u2013 Der Benutzer ist jedes Subjekt, das Eink\u00e4ufe \u00fcber den Shop macht.<\/p>\n<p dir=\"ltr\" style=\"text-align: center;\">4.<\/p>\n<p dir=\"ltr\" style=\"text-align: center;\">Online-Shop<\/p>\n<p dir=\"ltr\" style=\"text-align: center;\">\u2013 Internetadresse https:\/\/cozyanddozy.com<\/p>\n<p dir=\"ltr\" style=\"text-align: center;\">\u00a7 3 \u00a0KONTAKT<\/p>\n<p dir=\"ltr\" style=\"text-align: center;\">1.<\/p>\n<p dir=\"ltr\" style=\"text-align: center;\">Adresse: Praw Kobiet 6, 15-535 Bia\u0142ystok<\/p>\n<p dir=\"ltr\" style=\"text-align: center;\">2.<\/p>\n<p dir=\"ltr\" style=\"text-align: center;\">E-Mail Adresse: shop@cozyanddozy.com<\/p>\n<p dir=\"ltr\" style=\"text-align: center;\">3.<\/p>\n<p dir=\"ltr\" style=\"text-align: center;\">Telefonnummer: +48 791-981-501<\/p>\n<p dir=\"ltr\" style=\"text-align: center;\">Der Verbraucher kann sich mit dem Unternehmer mit Hilfe von Adressen und Daten kommunizieren, die in diesem Paragraph angegeben wurden.<\/p>\n<p dir=\"ltr\" style=\"text-align: center;\">\u00a7 4 \u00a0ALLGEMEINE \u00a0INFORMATIONEN<\/p>\n<p dir=\"ltr\" style=\"text-align: center;\">1.<\/p>\n<p dir=\"ltr\" style=\"text-align: center;\">Die Preise im Shop sind in polnischen \u201eZ\u0142oty\u201d angegeben und sind Bruttopreise. (Sie ber\u00fccksichtigen Mehrwertsteuer)<\/p>\n<p dir=\"ltr\" style=\"text-align: center;\">2.<\/p>\n<p dir=\"ltr\" style=\"text-align: center;\">Den Endpreis \u00a0jeder Bestellung beeinflussen der Warenpreis und die Lieferungskosten. Die entsprechenden Informationen, die die Preise betreffen, befinden sich auf unserer Internetseite.<\/p>\n<p dir=\"ltr\" style=\"text-align: center;\">\u00a7 5 \u00a0VERTRAGSSCHLUSS<\/p>\n<p dir=\"ltr\" style=\"text-align: center;\">Der Verbraucher ist verpflichtet, dem Unternehmer f\u00fcr gekaufte Waren binnen 14 Tage zu bezahlen \u2013 je nachdem welche Zahlungsmethode er bei der Bestellung ausgew\u00e4hlt hat. Dem Verbraucher stehen u.a. folgende Zahlungsarten zur Verf\u00fchrung:<\/p>\n<p dir=\"ltr\" style=\"text-align: center;\">a.<\/p>\n<p dir=\"ltr\" style=\"text-align: center;\">\u00dcberweisung<\/p>\n<p dir=\"ltr\" style=\"text-align: center;\">b.<\/p>\n<p dir=\"ltr\" style=\"text-align: center;\">Zahlkarte\/Kreditkarte<\/p>\n<p dir=\"ltr\" style=\"text-align: center;\">c.<\/p>\n<p dir=\"ltr\" style=\"text-align: center;\">zahlbar beim Empfang<\/p>\n<p dir=\"ltr\" style=\"text-align: center;\">3.<\/p>\n<p dir=\"ltr\" style=\"text-align: center;\">Die genauen Informationen \u00fcber die akzeptierten Zahlungsmethoden finden sie auf den Internetseiten unseres Shops.<\/p>\n<p dir=\"ltr\" style=\"text-align: center;\">4.<\/p>\n<p dir=\"ltr\" style=\"text-align: center;\">Die Waren werden von dem Unternehmer innerhalb dem in der Beschreibung angegebenen Termin geliefert \u2013 je nachdem welche Zahlungsmethode er bei der Bestellung ausgew\u00e4hlt hat.<\/p>\n<p dir=\"ltr\" style=\"text-align: center;\">\u00a7 6 \u00a0WIDERRUFSRECHT<\/p>\n<p dir=\"ltr\" style=\"text-align: center;\">1.<\/p>\n<p dir=\"ltr\" style=\"text-align: center;\">Der Kunde hat das Recht, binnen vierzehn Tagen ohne Angabe von Gr\u00fcnden diesen Vertrag zu widerrufen.<\/p>\n<p dir=\"ltr\" style=\"text-align: center;\">2.<\/p>\n<p dir=\"ltr\" style=\"text-align: center;\">Die Widerrufsfrist betr\u00e4gt vierzehn Tage ab dem Tag, an dem der Kunde oder ein vom Kunden benannter Dritter, der nicht der Bef\u00f6rderer ist, die Waren in Besitz genommen hat.<\/p>\n<p dir=\"ltr\" style=\"text-align: center;\">3.<\/p>\n<p dir=\"ltr\" style=\"text-align: center;\">Um das Widerrufsrecht auszu\u00fcben, muss der Kunde dem Unternehmer, mittels einer eindeutigen Erkl\u00e4rung \u00a0\u00fcber den Entschluss, diesen Vertrag zu widerrufen, informieren. Zu diesem Zweck sollte er, die in vorliegenden Verkaufsbedienungen die Unternehmensdaten nutzen.<\/p>\n<p dir=\"ltr\" style=\"text-align: center;\">4.<\/p>\n<p dir=\"ltr\" style=\"text-align: center;\">Der Kunde kann daf\u00fcr das beigef\u00fcgte Muster-Widerrufsformular verwenden, das jedoch nicht vorgeschrieben ist.<\/p>\n<p dir=\"ltr\" style=\"text-align: center;\">Das Widerrufsformular finden Sie an der letzten Seiten von AGB.<\/p>\n<p dir=\"ltr\" style=\"text-align: center;\">5.<\/p>\n<p dir=\"ltr\" style=\"text-align: center;\">Zur Wahrung der Widerrufsfrist reicht es aus, dass der Verbraucher die Mitteilung \u00fcber die Aus\u00fcbung des Widerrufsrechts vor Ablauf der Widerrufsfrist absendet.<\/p>\n<p dir=\"ltr\" style=\"text-align: center;\">6.<\/p>\n<p dir=\"ltr\" style=\"text-align: center;\">Folgen des Widerrufs<\/p>\n<p dir=\"ltr\" style=\"text-align: center;\">a.<\/p>\n<p dir=\"ltr\" style=\"text-align: center;\">Wenn Sie diesen Vertrag widerrufen, haben wir Ihnen alle Zahlungen, die wir von Ihnen erhalten haben, einschlie\u00dflich der Lieferkosten (mit Ausnahme der zus\u00e4tzlichen Kosten, die sich daraus ergeben, dass Sie eine andere Art der Lieferung als die von uns angebotene, g\u00fcnstigste Standardlieferung gew\u00e4hlt haben), unverz\u00fcglich und sp\u00e4testens binnen vierzehn Tagen ab dem Tag zur\u00fcckzuzahlen, an dem die Mitteilung \u00fcber Ihren Widerruf dieses Vertrags bei uns eingegangen ist.<\/p>\n<p dir=\"ltr\" style=\"text-align: center;\">b.<\/p>\n<p dir=\"ltr\" style=\"text-align: center;\">F\u00fcr diese R\u00fcckzahlung\u00a0verwenden wir dasselbe Zahlungsmittel, das Sie bei der urspr\u00fcnglichen Transaktion eingesetzt haben, es sei denn, mit Ihnen wurde ausdr\u00fccklich etwas anderes vereinbart; in keinem Fall werden Ihnen wegen dieser R\u00fcckzahlung Entgelte berechnet.<\/p>\n<p dir=\"ltr\" style=\"text-align: center;\">c.<\/p>\n<p dir=\"ltr\" style=\"text-align: center;\">Der Unternehmer kann die R\u00fcckzahlung verweigern, bis er die Ware wieder zur\u00fcckerhalten hat oder bis der Verbraucher den Nachweis erbracht hat, dass er die Waren zur\u00fcckgesandt hat, je nachdem, welches der fr\u00fchere Zeitpunkt ist.<\/p>\n<p dir=\"ltr\" style=\"text-align: center;\">d.<\/p>\n<p dir=\"ltr\" style=\"text-align: center;\">Sie haben die Waren unverz\u00fcglich und in jedem Fall sp\u00e4testens binnen vierzehn Tagen ab dem Tag, an dem Sie uns \u00fcber den Widerruf dieses Vertrages unterrichten, an uns zur\u00fcckzusenden oder zu \u00fcbergeben. Die Frist ist gewahrt, wenn Sie die Waren vor Ablauf der Frist von vierzehn Tagen absenden.\u00a0Die Waren sollten auf die in diesem Reglement genannte Adresse (\u00a7 3)\u00a0zur\u00fcckgesendet werden.<\/p>\n<p dir=\"ltr\" style=\"text-align: center;\">e.<\/p>\n<p dir=\"ltr\" style=\"text-align: center;\">. Sie tragen die unmittelbaren Kosten der R\u00fccksendung der Waren.<\/p>\n<p dir=\"ltr\" style=\"text-align: center;\">f.<\/p>\n<p dir=\"ltr\" style=\"text-align: center;\">Sie m\u00fcssen f\u00fcr einen etwaigen Wertverlust der Waren nur aufkommen, wenn dieser Wertverlust auf einen zur Pr\u00fcfung der Beschaffenheit, Eigenschaften und Funktionsweise der Waren nicht notwendigen Umgang mit ihnen zur\u00fcckzuf\u00fchren ist.<\/p>\n<p dir=\"ltr\" style=\"text-align: center;\">7.<\/p>\n<p dir=\"ltr\" style=\"text-align: center;\">Was sollen Sie machen, wenn man die Waren aufgrund ihrer Natur nicht normal per Post zur\u00fccksenden kann (und welche Kosten tragen Sie dann), finden Sie entsprechende Informationen in der Warenbeschreibung im Shop.<\/p>\n<p dir=\"ltr\" style=\"text-align: center;\">8.<\/p>\n<p dir=\"ltr\" style=\"text-align: center;\">Das Widerrufsrecht besteht nicht bei Vertr\u00e4gen<\/p>\n<p dir=\"ltr\" style=\"text-align: center;\">a.<\/p>\n<p dir=\"ltr\" style=\"text-align: center;\">zur Lieferung von Waren, die nicht vorgefertigt sind und f\u00fcr deren Herstellung eine individuelle Auswahl oder Bestimmung durch den Verbraucher ma\u00dfgeblich ist oder die eindeutig auf die pers\u00f6nlichen Bed\u00fcrfnisse des Verbrauchers zugeschnitten sind.<\/p>\n<p dir=\"ltr\" style=\"text-align: center;\">\u00a7 7 \u00a0REKLAMATION \u00a0UND \u00a0GARANTIE<\/p>\n<p dir=\"ltr\" style=\"text-align: center;\">1.<\/p>\n<p dir=\"ltr\" style=\"text-align: center;\">Der Unternehmer verpflichtet ist, Waren frei von M\u00e4ngeln zu liefern.<\/p>\n<p dir=\"ltr\" style=\"text-align: center;\">2.<\/p>\n<p dir=\"ltr\" style=\"text-align: center;\">Wenn die beim Unternehmer gekaufte Ware defekt ist, steht dem Kunde das Recht auf<\/p>\n<p dir=\"ltr\" style=\"text-align: center;\">Gew\u00e4hrleistung wegen Sachmangels zu, die durch Vorschriften von Zivilprozessordnung geregelt ist.<\/p>\n<p dir=\"ltr\" style=\"text-align: center;\">3.<\/p>\n<p dir=\"ltr\" style=\"text-align: center;\">Die Reklamation sollte man schriftlich oder auf dem elektronischen Weg auf die Adresse des Unternehmers vorbringen.<\/p>\n<p dir=\"ltr\" style=\"text-align: center;\">4.<\/p>\n<p dir=\"ltr\" style=\"text-align: center;\">Es wird empfohlen, in der Reklamation folgende Informationen zu enthalten:<\/p>\n<p dir=\"ltr\" style=\"text-align: center;\">kurze, sachliche Beschreibung des Mangels, das Datum, wann der Mangel erschien, Personalangaben des Verbrauchers und die Forderung der Reklamation wegen des Mangels.<\/p>\n<p dir=\"ltr\" style=\"text-align: center;\">5.<\/p>\n<p dir=\"ltr\" style=\"text-align: center;\">Der Unternehmer verpflichtet ist eine Haltung gegen\u00fcber einer Beschwerde des Verbrauchers innerhalb von 14 Tagen einnehmen. Und wenn er das nicht getan hat, ist das gleichwertig damit, dass er den Anspruch des Verbrauchers anerkannt hat.<\/p>\n<p dir=\"ltr\" style=\"text-align: center;\">6.<\/p>\n<p dir=\"ltr\" style=\"text-align: center;\">Die reklamierten Waren sollten auf die in diesem Reglement genannte Adresse (\u00a7 3)\u00a0zur\u00fcckgesendet werden.<\/p>\n<p dir=\"ltr\" style=\"text-align: center;\">7.<\/p>\n<p dir=\"ltr\" style=\"text-align: center;\">Wenn auf die Ware Garantie geleistet wurde, die Information dar\u00fcber und ihr Inhalt befinden sich in der Warenbeschreibung im Online-Shop.<\/p>\n<p dir=\"ltr\" style=\"text-align: center;\">\u00a7 8 \u00a0AU\u00dfERRECHTLICHE \u00a0MITTEL VON \u00a0UNTERSUCHUNG \u00a0DER \u00a0REKLAMATIONEN \u00a0UND GELTENDMACHUNG \u00a0VON \u00a0ANSP\u00dcCHEN<\/p>\n<p dir=\"ltr\" style=\"text-align: center;\">1.<\/p>\n<p dir=\"ltr\" style=\"text-align: center;\">Der Kunde verf\u00fcgt \u00fcber folgende M\u00f6glichkeiten:<\/p>\n<p dir=\"ltr\" style=\"text-align: center;\">a.<\/p>\n<p dir=\"ltr\" style=\"text-align: center;\">Mediationen, die Amt f\u00fcr Verbraucherschutz f\u00fchren kann<\/p>\n<p dir=\"ltr\" style=\"text-align: center;\">b.<\/p>\n<p dir=\"ltr\" style=\"text-align: center;\">Hilfe von g\u00fctlichen Verbrauchergerichte, die bei \u00c4mtern f\u00fcr Verbraucherschutz funktionieren.<\/p>\n<p dir=\"ltr\" style=\"text-align: center;\">\u00a7 9 \u00a0PERSONALANGABEN<\/p>\n<p dir=\"ltr\" style=\"text-align: center;\">1.<\/p>\n<p dir=\"ltr\" style=\"text-align: center;\">Der Kunde, der in dem Shop Eink\u00e4ufe macht, stellt seine personenbezogene Angaben freiwillig zur Verf\u00fcgung, die danach von dem Unternehmer bearbeitet werden, um die Bestellungen realisieren zu k\u00f6nnen.<\/p>\n<p dir=\"ltr\" style=\"text-align: center;\">2.<\/p>\n<p dir=\"ltr\" style=\"text-align: center;\">Der Kunde erh\u00e4lt Einsichtsrecht in seine personenbezogene Angaben und er kann die Korrektur dieser in einer Dateien gespeicherten Daten verlangen.<\/p>\n<p dir=\"ltr\" style=\"text-align: center;\">3.<\/p>\n<p dir=\"ltr\" style=\"text-align: center;\">Der Unternehmer ist Datenbankadministrator.<\/p>\n<p dir=\"ltr\" style=\"text-align: center;\">\u00a7 10 \u00a0SCHLUSSBESTIMMUNGEN<\/p>\n<p dir=\"ltr\" style=\"text-align: center;\">1.<\/p>\n<p dir=\"ltr\" style=\"text-align: center;\">F\u00fcr die anderen Fragen, die in diesem\u00a0Reglement\u00a0\u00a0nicht erw\u00e4hnt wurden, haben allgemein geltende Vorschriften des polnischen Rechts Anwendung, insbesondere:<\/p>\n<p dir=\"ltr\" style=\"text-align: center;\">Verbraucherschutzgesetz \u00a0vom 30. Mai 2014, Zivilgesetzbuch vom 23. April 1964 und\u00a0Zivilprozessordnung vom 17. November 1964<\/p>\n<p dir=\"ltr\" style=\"text-align: center;\">2.<\/p>\n<p dir=\"ltr\" style=\"text-align: center;\">Der in Anlehnung an vorliegendem\u00a0Reglement geschlossene\u00a0Verkaufsvertrag\u00a0\u00a0bezieht sich auf konkrete Bestellung.<\/p>\n<p dir=\"ltr\" style=\"text-align: center;\">Der Verkaufsvertrag wird geschlossen, um die einmalige Bestellung zu realisieren. Jede Bestellung verlangt einzelne Akzeptierung des Reglements.<\/p>\n","protected":false},"excerpt":{"rendered":"<p>Allgemeine \u00a0Verkaufsbedingungen des Internetgesch\u00e4fts Cozy &#038; Dozy Sie k\u00f6nnen AGB Cozy &#038; Dozy auf eine Festplatte speichern oder drucken \u00a7 1 EINLEITENDE \u00a0BESTIMMUBGEN 1. Online-Shop Cozy &#038; Dozy \u2013 mit der Liebe zu Kindern, mit dem Gedanken an die Eltern ist von BaYka Karolina Poyan-Pogorzelska betrieben. Online Shop Cozy &#038; Dozy \u2013 mit der Liebe [&#8230;]\n","protected":false},"author":1,"featured_media":0,"parent":0,"menu_order":0,"comment_status":"closed","ping_status":"closed","template":"","meta":{"footnotes":""},"class_list":["post-1086","page","type-page","status-publish","hentry"],"yoast_head":"<!-- This site is optimized with the Yoast SEO Premium plugin v21.9 (Yoast SEO v27.0) - https:\/\/yoast.com\/product\/yoast-seo-premium-wordpress\/ -->\n<title>Allgemeine Gesch\u00e4ftsbedingungen des Online-Shops - Cozy &amp; Dozy<\/title>\n<meta name=\"robots\" content=\"index, follow, max-snippet:-1, max-image-preview:large, max-video-preview:-1\" \/>\n<link rel=\"canonical\" href=\"https:\/\/cozyanddozy.com\/de\/agb\/\" \/>\n<meta property=\"og:locale\" content=\"de_DE\" \/>\n<meta property=\"og:type\" content=\"article\" \/>\n<meta property=\"og:title\" content=\"Allgemeine Gesch\u00e4ftsbedingungen des Online-Shops\" \/>\n<meta property=\"og:description\" content=\"Allgemeine \u00a0Verkaufsbedingungen des Internetgesch\u00e4fts Cozy &#038; Dozy Sie k\u00f6nnen AGB Cozy &#038; Dozy auf eine Festplatte speichern oder drucken \u00a7 1 EINLEITENDE \u00a0BESTIMMUBGEN 1. Online-Shop Cozy &#038; Dozy \u2013 mit der Liebe zu Kindern, mit dem Gedanken an die Eltern ist von BaYka Karolina Poyan-Pogorzelska betrieben. Online Shop Cozy &#038; Dozy \u2013 mit der Liebe [...]\" \/>\n<meta property=\"og:url\" content=\"https:\/\/cozyanddozy.com\/de\/agb\/\" \/>\n<meta property=\"og:site_name\" content=\"Cozy &amp; Dozy\" \/>\n<meta property=\"article:modified_time\" content=\"2024-08-05T07:13:09+00:00\" \/>\n<meta name=\"twitter:card\" content=\"summary_large_image\" \/>\n<meta name=\"twitter:label1\" content=\"Gesch\u00e4tzte Lesezeit\" \/>\n\t<meta name=\"twitter:data1\" content=\"7\u00a0Minuten\" \/>\n<script type=\"application\/ld+json\" class=\"yoast-schema-graph\">{\"@context\":\"https:\/\/schema.org\",\"@graph\":[{\"@type\":\"WebPage\",\"@id\":\"https:\/\/cozyanddozy.com\/de\/agb\/\",\"url\":\"https:\/\/cozyanddozy.com\/de\/agb\/\",\"name\":\"Allgemeine Gesch\u00e4ftsbedingungen des Online-Shops - Cozy & Dozy\",\"isPartOf\":{\"@id\":\"https:\/\/cozyanddozy.com\/de\/#website\"},\"datePublished\":\"2023-02-13T19:19:19+00:00\",\"dateModified\":\"2024-08-05T07:13:09+00:00\",\"breadcrumb\":{\"@id\":\"https:\/\/cozyanddozy.com\/de\/agb\/#breadcrumb\"},\"inLanguage\":\"de\",\"potentialAction\":[{\"@type\":\"ReadAction\",\"target\":[\"https:\/\/cozyanddozy.com\/de\/agb\/\"]}]},{\"@type\":\"BreadcrumbList\",\"@id\":\"https:\/\/cozyanddozy.com\/de\/agb\/#breadcrumb\",\"itemListElement\":[{\"@type\":\"ListItem\",\"position\":1,\"name\":\"Home\",\"item\":\"https:\/\/cozyanddozy.com\/de\/\"},{\"@type\":\"ListItem\",\"position\":2,\"name\":\"Allgemeine Gesch\u00e4ftsbedingungen des Online-Shops\"}]},{\"@type\":\"WebSite\",\"@id\":\"https:\/\/cozyanddozy.com\/de\/#website\",\"url\":\"https:\/\/cozyanddozy.com\/de\/\",\"name\":\"Cozy & Dozy\",\"description\":\"\",\"publisher\":{\"@id\":\"https:\/\/cozyanddozy.com\/de\/#organization\"},\"potentialAction\":[{\"@type\":\"SearchAction\",\"target\":{\"@type\":\"EntryPoint\",\"urlTemplate\":\"https:\/\/cozyanddozy.com\/de\/?s={search_term_string}\"},\"query-input\":{\"@type\":\"PropertyValueSpecification\",\"valueRequired\":true,\"valueName\":\"search_term_string\"}}],\"inLanguage\":\"de\"},{\"@type\":\"Organization\",\"@id\":\"https:\/\/cozyanddozy.com\/de\/#organization\",\"name\":\"Cozy & Dozy\",\"url\":\"https:\/\/cozyanddozy.com\/de\/\",\"logo\":{\"@type\":\"ImageObject\",\"inLanguage\":\"de\",\"@id\":\"https:\/\/cozyanddozy.com\/de\/#\/schema\/logo\/image\/\",\"url\":\"https:\/\/cozyanddozy.com\/de\/wp-content\/uploads\/2023\/02\/cozyanddozy_logo_b.png\",\"contentUrl\":\"https:\/\/cozyanddozy.com\/de\/wp-content\/uploads\/2023\/02\/cozyanddozy_logo_b.png\",\"width\":314,\"height\":85,\"caption\":\"Cozy & Dozy\"},\"image\":{\"@id\":\"https:\/\/cozyanddozy.com\/de\/#\/schema\/logo\/image\/\"}}]}<\/script>\n<!-- \/ Yoast SEO Premium plugin. -->","yoast_head_json":{"title":"Allgemeine Gesch\u00e4ftsbedingungen des Online-Shops - Cozy & Dozy","robots":{"index":"index","follow":"follow","max-snippet":"max-snippet:-1","max-image-preview":"max-image-preview:large","max-video-preview":"max-video-preview:-1"},"canonical":"https:\/\/cozyanddozy.com\/de\/agb\/","og_locale":"de_DE","og_type":"article","og_title":"Allgemeine Gesch\u00e4ftsbedingungen des Online-Shops","og_description":"Allgemeine \u00a0Verkaufsbedingungen des Internetgesch\u00e4fts Cozy &#038; Dozy Sie k\u00f6nnen AGB Cozy &#038; Dozy auf eine Festplatte speichern oder drucken \u00a7 1 EINLEITENDE \u00a0BESTIMMUBGEN 1. Online-Shop Cozy &#038; Dozy \u2013 mit der Liebe zu Kindern, mit dem Gedanken an die Eltern ist von BaYka Karolina Poyan-Pogorzelska betrieben. Online Shop Cozy &#038; Dozy \u2013 mit der Liebe [...]","og_url":"https:\/\/cozyanddozy.com\/de\/agb\/","og_site_name":"Cozy &amp; Dozy","article_modified_time":"2024-08-05T07:13:09+00:00","twitter_card":"summary_large_image","twitter_misc":{"Gesch\u00e4tzte Lesezeit":"7\u00a0Minuten"},"schema":{"@context":"https:\/\/schema.org","@graph":[{"@type":"WebPage","@id":"https:\/\/cozyanddozy.com\/de\/agb\/","url":"https:\/\/cozyanddozy.com\/de\/agb\/","name":"Allgemeine Gesch\u00e4ftsbedingungen des Online-Shops - Cozy & Dozy","isPartOf":{"@id":"https:\/\/cozyanddozy.com\/de\/#website"},"datePublished":"2023-02-13T19:19:19+00:00","dateModified":"2024-08-05T07:13:09+00:00","breadcrumb":{"@id":"https:\/\/cozyanddozy.com\/de\/agb\/#breadcrumb"},"inLanguage":"de","potentialAction":[{"@type":"ReadAction","target":["https:\/\/cozyanddozy.com\/de\/agb\/"]}]},{"@type":"BreadcrumbList","@id":"https:\/\/cozyanddozy.com\/de\/agb\/#breadcrumb","itemListElement":[{"@type":"ListItem","position":1,"name":"Home","item":"https:\/\/cozyanddozy.com\/de\/"},{"@type":"ListItem","position":2,"name":"Allgemeine Gesch\u00e4ftsbedingungen des Online-Shops"}]},{"@type":"WebSite","@id":"https:\/\/cozyanddozy.com\/de\/#website","url":"https:\/\/cozyanddozy.com\/de\/","name":"Cozy & Dozy","description":"","publisher":{"@id":"https:\/\/cozyanddozy.com\/de\/#organization"},"potentialAction":[{"@type":"SearchAction","target":{"@type":"EntryPoint","urlTemplate":"https:\/\/cozyanddozy.com\/de\/?s={search_term_string}"},"query-input":{"@type":"PropertyValueSpecification","valueRequired":true,"valueName":"search_term_string"}}],"inLanguage":"de"},{"@type":"Organization","@id":"https:\/\/cozyanddozy.com\/de\/#organization","name":"Cozy & Dozy","url":"https:\/\/cozyanddozy.com\/de\/","logo":{"@type":"ImageObject","inLanguage":"de","@id":"https:\/\/cozyanddozy.com\/de\/#\/schema\/logo\/image\/","url":"https:\/\/cozyanddozy.com\/de\/wp-content\/uploads\/2023\/02\/cozyanddozy_logo_b.png","contentUrl":"https:\/\/cozyanddozy.com\/de\/wp-content\/uploads\/2023\/02\/cozyanddozy_logo_b.png","width":314,"height":85,"caption":"Cozy & Dozy"},"image":{"@id":"https:\/\/cozyanddozy.com\/de\/#\/schema\/logo\/image\/"}}]}},"_links":{"self":[{"href":"https:\/\/cozyanddozy.com\/de\/wp-json\/wp\/v2\/pages\/1086","targetHints":{"allow":["GET"]}}],"collection":[{"href":"https:\/\/cozyanddozy.com\/de\/wp-json\/wp\/v2\/pages"}],"about":[{"href":"https:\/\/cozyanddozy.com\/de\/wp-json\/wp\/v2\/types\/page"}],"author":[{"embeddable":true,"href":"https:\/\/cozyanddozy.com\/de\/wp-json\/wp\/v2\/users\/1"}],"replies":[{"embeddable":true,"href":"https:\/\/cozyanddozy.com\/de\/wp-json\/wp\/v2\/comments?post=1086"}],"version-history":[{"count":5,"href":"https:\/\/cozyanddozy.com\/de\/wp-json\/wp\/v2\/pages\/1086\/revisions"}],"predecessor-version":[{"id":3585,"href":"https:\/\/cozyanddozy.com\/de\/wp-json\/wp\/v2\/pages\/1086\/revisions\/3585"}],"wp:attachment":[{"href":"https:\/\/cozyanddozy.com\/de\/wp-json\/wp\/v2\/media?parent=1086"}],"curies":[{"name":"wp","href":"https:\/\/api.w.org\/{rel}","templated":true}]}}