{"id":1076,"date":"2023-02-13T19:09:36","date_gmt":"2023-02-13T19:09:36","guid":{"rendered":"https:\/\/cozyanddozy.com\/de\/?page_id=1076"},"modified":"2024-08-05T09:20:03","modified_gmt":"2024-08-05T07:20:03","slug":"kontakt","status":"publish","type":"page","link":"https:\/\/cozyanddozy.com\/de\/kontakt\/","title":{"rendered":"Kontakt"},"content":{"rendered":"\t<section class=\"section\" id=\"section_1435019887\">\n\t\t<div class=\"bg section-bg fill bg-fill bg-loaded \" >\n\n\t\t\t\n\t\t\t\n\t\t\t\n\n\t\t<\/div>\n\n\t\t\n\n\t\t<div class=\"section-content relative\">\n\t\t\t\n\t\t<\/div>\n\n\t\t\n<style>\n#section_1435019887 {\n  padding-top: 30px;\n  padding-bottom: 30px;\n  min-height: 244px;\n}\n#section_1435019887 .section-bg.bg-loaded {\n  background-image: url(https:\/\/cozyanddozy.com\/de\/wp-content\/uploads\/2023\/02\/banerowe1-1.jpg);\n}\n#section_1435019887 .section-bg {\n  background-position: 54% 83%;\n}\n@media (min-width:550px) {\n  #section_1435019887 {\n    min-height: 530px;\n  }\n}\n<\/style>\n\t<\/section>\n\t\n<div class=\"row\"  id=\"row-301591430\">\n\n\t<div id=\"col-1876156494\" class=\"col medium-6 large-6\"  >\n\t\t\t\t<div class=\"col-inner\"  >\n\t\t\t\n\t\t\t\n<div class=\"container section-title-container\" ><h3 class=\"section-title section-title-normal\"><b><\/b><span class=\"section-title-main\" >H\u00e4ufig gestellte Fragen<\/span><b><\/b><\/h3><\/div>\n<p class=\"lead\">Bevor Sie uns Ihre Anfrage senden, lesen Sie bitte den Abschnitt FAQ.<\/p>\n<div class=\"accordion\">\n\t<div id=\"accordion-1480163175\" class=\"accordion-item\">\n\t\t<a id=\"accordion-1480163175-label\" class=\"accordion-title plain\" href=\"#accordion-item-welche-formen-und-versandkosten-gibt-es?\" aria-expanded=\"false\" aria-controls=\"accordion-1480163175-content\" >\n\t\t\t<button class=\"toggle\" aria-label=\"Umschalten\"><i class=\"icon-angle-down\"><\/i><\/button>\n\t\t\t<span>Welche Formen und Versandkosten gibt es?<\/span>\n\t\t<\/a>\n\t\t<div id=\"accordion-1480163175-content\" class=\"accordion-inner\" aria-labelledby=\"accordion-1480163175-label\" >\n\t\t\t\n<p>1. Die bestellte Ware erreicht Sie innerhalb von 2-3 Werktagen ab Versanddatum.<br \/>\n2. Wir liefern die bestellten Produkte per DHL und GLS.<br \/>\n3. Die Versandkosten des Objektes k\u00f6nnen im Warenkorb kontrolliert und berechnet werden (Gewicht bis 5 kg)<\/p>\n\t\t<\/div>\n\t<\/div>\n\t\n\t<div id=\"accordion-3903770147\" class=\"accordion-item\">\n\t\t<a id=\"accordion-3903770147-label\" class=\"accordion-title plain\" href=\"#accordion-item-welche-zahlungsm\u00f6glichkeiten-gibt-es-im-online-shop?\" aria-expanded=\"false\" aria-controls=\"accordion-3903770147-content\" >\n\t\t\t<button class=\"toggle\" aria-label=\"Umschalten\"><i class=\"icon-angle-down\"><\/i><\/button>\n\t\t\t<span>Welche Zahlungsm\u00f6glichkeiten gibt es im Online Shop?<\/span>\n\t\t<\/a>\n\t\t<div id=\"accordion-3903770147-content\" class=\"accordion-inner\" aria-labelledby=\"accordion-3903770147-label\" >\n\t\t\t\n<p>In unserem Online Shop stellen wir Ihnen folgende Zahlungsarten zur Verf\u00fcgung:<br \/>\nBank\u00fcberweisung (MBank)<\/p>\n<p>63 1600 1462 1713 3717 2000 0001 ( z\u0142 PLN)<br \/>\nPL36 1600 1462 1713 3717 2000 0002 ( \u20ac EURO )<br \/>\nPL09 1600 1462 1713 3717 2000 0003 ( \u00a3 GBP )<br \/>\nPL79 1600 1462 1713 3717 2000 0004 ( $ USD )<\/p>\n<p>PayPal \u2013 weltweit online bezahlen bei PayPal<\/p>\n<p>PayPal \u2013 Kreditkarte<\/p>\n\t\t<\/div>\n\t<\/div>\n\t\n\t<div id=\"accordion-3281325867\" class=\"accordion-item\">\n\t\t<a id=\"accordion-3281325867-label\" class=\"accordion-title plain\" href=\"#accordion-item-sind-meine-daten-beim-online-shopping-sicher?\" aria-expanded=\"false\" aria-controls=\"accordion-3281325867-content\" >\n\t\t\t<button class=\"toggle\" aria-label=\"Umschalten\"><i class=\"icon-angle-down\"><\/i><\/button>\n\t\t\t<span>Sind meine Daten beim Online-Shopping sicher?<\/span>\n\t\t<\/a>\n\t\t<div id=\"accordion-3281325867-content\" class=\"accordion-inner\" aria-labelledby=\"accordion-3281325867-label\" >\n\t\t\t\n<p>In unserem Online-Shop verwenden wir das SSL-Protokoll (Secure Socket Layer), das derzeit sicherste Datenschutzverfahren zum Schutz Ihrer Daten, damit Sie sich bei der \u00dcbermittlung von Informationen \u00fcber sich selbst und Ihre Bestellung sicher f\u00fchlen k\u00f6nnen. Diese Art des Schutzes basiert auf der Verschl\u00fcsselung von Daten, bevor sie von einem Browser gesendet werden, und der Entschl\u00fcsselung nach dem sicheren Zugriff auf unseren Server. Informationen, die vom Server an Sie gesendet werden, werden ebenfalls verschl\u00fcsselt und dekodiert, nachdem sie Ihr Ziel erreicht haben. SSL verschl\u00fcsselt, authentifiziert und stellt die Integrit\u00e4t der Informationen sicher. Wenn Sie sich mit einer sicheren Website verbinden, werden Sie feststellen, dass sich die http-Adresse in http zu https \u00e4ndert.<\/p>\n\t\t<\/div>\n\t<\/div>\n\t\n\t<div id=\"accordion-3616183752\" class=\"accordion-item\">\n\t\t<a id=\"accordion-3616183752-label\" class=\"accordion-title plain\" href=\"#accordion-item-erhalte-ich-eine-rechnung?\" aria-expanded=\"false\" aria-controls=\"accordion-3616183752-content\" >\n\t\t\t<button class=\"toggle\" aria-label=\"Umschalten\"><i class=\"icon-angle-down\"><\/i><\/button>\n\t\t\t<span>Erhalte ich eine Rechnung?<\/span>\n\t\t<\/a>\n\t\t<div id=\"accordion-3616183752-content\" class=\"accordion-inner\" aria-labelledby=\"accordion-3616183752-label\" >\n\t\t\t\n<p>F\u00fcr jeden Einkauf in unserem Online-Shop erhalten Sie eine Quittung oder Rechnung (wenn der Kauf f\u00fcr das Unternehmen get\u00e4tigt wurde).<\/p>\n\t\t<\/div>\n\t<\/div>\n\t\n\t<div id=\"accordion-3464507646\" class=\"accordion-item\">\n\t\t<a id=\"accordion-3464507646-label\" class=\"accordion-title plain\" href=\"#accordion-item-ich-habe-dir-die-falsche-adresse-gegeben,-was-soll-ich-tun?\" aria-expanded=\"false\" aria-controls=\"accordion-3464507646-content\" >\n\t\t\t<button class=\"toggle\" aria-label=\"Umschalten\"><i class=\"icon-angle-down\"><\/i><\/button>\n\t\t\t<span>Ich habe dir die falsche Adresse gegeben, was soll ich tun?<\/span>\n\t\t<\/a>\n\t\t<div id=\"accordion-3464507646-content\" class=\"accordion-inner\" aria-labelledby=\"accordion-3464507646-label\" >\n\t\t\t\n<p>Kontaktieren Sie uns so schnell wie m\u00f6glich, wir werden Ihre Daten korrigieren, oder wir werden den Kurier kontaktieren.<\/p>\n\t\t<\/div>\n\t<\/div>\n\t\n\t<div id=\"accordion-1011787517\" class=\"accordion-item\">\n\t\t<a id=\"accordion-1011787517-label\" class=\"accordion-title plain\" href=\"#accordion-item-versenden-sie-pakete-in-mein-land?\" aria-expanded=\"false\" aria-controls=\"accordion-1011787517-content\" >\n\t\t\t<button class=\"toggle\" aria-label=\"Umschalten\"><i class=\"icon-angle-down\"><\/i><\/button>\n\t\t\t<span>Versenden Sie Pakete in mein Land?<\/span>\n\t\t<\/a>\n\t\t<div id=\"accordion-1011787517-content\" class=\"accordion-inner\" aria-labelledby=\"accordion-1011787517-label\" >\n\t\t\t\n<p>Wir versenden Pakete in alle europ\u00e4ischen L\u00e4nder und mehr. Wenn Sie die Lieferform nicht w\u00e4hlen k\u00f6nnen, lassen Sie es uns bitte wissen.<\/p>\n\t\t<\/div>\n\t<\/div>\n\t\n\t<div id=\"accordion-3266836823\" class=\"accordion-item\">\n\t\t<a id=\"accordion-3266836823-label\" class=\"accordion-title plain\" href=\"#accordion-item-werden-die-produkte-in-einer-verpackung-geliefert?\" aria-expanded=\"false\" aria-controls=\"accordion-3266836823-content\" >\n\t\t\t<button class=\"toggle\" aria-label=\"Umschalten\"><i class=\"icon-angle-down\"><\/i><\/button>\n\t\t\t<span>Werden die Produkte in einer Verpackung geliefert?<\/span>\n\t\t<\/a>\n\t\t<div id=\"accordion-3266836823-content\" class=\"accordion-inner\" aria-labelledby=\"accordion-3266836823-label\" >\n\t\t\t\n<p>Sie erhalten die Produkte in einer Verpackung oder in einer Mehrfachverpackung, die als eine Verpackung behandelt wird \ud83d\ude42<\/p>\n\t\t<\/div>\n\t<\/div>\n\t\n<\/div>\n\t\t<\/div>\n\t\t\t\t\t<\/div>\n\n\t\n\n\t<div id=\"col-1629623507\" class=\"col medium-6 large-6\"  >\n\t\t\t\t<div class=\"col-inner\"  >\n\t\t\t\n\t\t\t\n<div class=\"container section-title-container\" ><h3 class=\"section-title section-title-normal\"><b><\/b><span class=\"section-title-main\" >Schreib uns<\/span><b><\/b><\/h3><\/div>\n<p>email : <strong>shop@cozyanddozy.com<\/strong> <br \/>tel. : <strong> 791 981 501<br \/><\/strong><\/p>\n<p><strong>B\u00fcro<\/strong><br \/>Praw Kobiet 6, 15535 Bialystok, Polen<\/p>\n<div class=\"wpforms-container wpforms-container-full\" id=\"wpforms-1161\"><form id=\"wpforms-form-1161\" class=\"wpforms-validate wpforms-form\" data-formid=\"1161\" method=\"post\" enctype=\"multipart\/form-data\" action=\"\/de\/wp-json\/wp\/v2\/pages\/1076\" data-token=\"b6e49a790c6555dec4bddde9dd17ecb2\"><noscript class=\"wpforms-error-noscript\">Bitte aktiviere JavaScript in deinem Browser, um dieses Formular fertigzustellen.<\/noscript><div class=\"wpforms-field-container\"><div id=\"wpforms-1161-field_0-container\" class=\"wpforms-field wpforms-field-name\" data-field-id=\"0\"><label class=\"wpforms-field-label\" for=\"wpforms-1161-field_0\">Name <span class=\"wpforms-required-label\">*<\/span><\/label><input type=\"text\" id=\"wpforms-1161-field_0\" class=\"wpforms-field-medium wpforms-field-required\" name=\"wpforms[fields][0]\" required><\/div><div id=\"wpforms-1161-field_1-container\" class=\"wpforms-field wpforms-field-email\" data-field-id=\"1\"><label class=\"wpforms-field-label\" for=\"wpforms-1161-field_1\">Email <span class=\"wpforms-required-label\">*<\/span><\/label><input type=\"email\" id=\"wpforms-1161-field_1\" class=\"wpforms-field-medium wpforms-field-required\" name=\"wpforms[fields][1]\" required><\/div><div id=\"wpforms-1161-field_2-container\" class=\"wpforms-field wpforms-field-textarea\" data-field-id=\"2\"><label class=\"wpforms-field-label\" for=\"wpforms-1161-field_2\">Kommentar oder Nachricht <span class=\"wpforms-required-label\">*<\/span><\/label><textarea id=\"wpforms-1161-field_2\" class=\"wpforms-field-medium wpforms-field-required\" name=\"wpforms[fields][2]\" required><\/textarea><\/div><\/div><div class=\"wpforms-submit-container\" ><input type=\"hidden\" name=\"wpforms[id]\" value=\"1161\"><input type=\"hidden\" name=\"wpforms[author]\" value=\"1\"><button type=\"submit\" name=\"wpforms[submit]\" class=\"wpforms-submit \" id=\"wpforms-submit-1161\" value=\"wpforms-submit\" aria-live=\"assertive\" data-alt-text=\" Senden\u2026\" data-submit-text=\" Einreichen\"> Einreichen<\/button><\/div><\/form><\/div>  <!-- .wpforms-container -->\n\t\t<\/div>\n\t\t\t\t\t<\/div>\n\n\t\n<\/div>\n","protected":false},"excerpt":{"rendered":"","protected":false},"author":1,"featured_media":0,"parent":0,"menu_order":0,"comment_status":"closed","ping_status":"closed","template":"page-blank.php","meta":{"footnotes":""},"class_list":["post-1076","page","type-page","status-publish","hentry"],"yoast_head":"<!-- This site is optimized with the Yoast SEO Premium plugin v21.9 (Yoast SEO v27.0) - https:\/\/yoast.com\/product\/yoast-seo-premium-wordpress\/ -->\n<title>Kontakt - Cozy &amp; Dozy<\/title>\n<meta name=\"robots\" content=\"index, follow, max-snippet:-1, max-image-preview:large, max-video-preview:-1\" \/>\n<link rel=\"canonical\" href=\"https:\/\/cozyanddozy.com\/de\/kontakt\/\" \/>\n<meta property=\"og:locale\" content=\"de_DE\" \/>\n<meta property=\"og:type\" content=\"article\" \/>\n<meta property=\"og:title\" content=\"Kontakt\" \/>\n<meta property=\"og:url\" content=\"https:\/\/cozyanddozy.com\/de\/kontakt\/\" \/>\n<meta property=\"og:site_name\" content=\"Cozy &amp; Dozy\" \/>\n<meta property=\"article:modified_time\" content=\"2024-08-05T07:20:03+00:00\" \/>\n<meta name=\"twitter:card\" content=\"summary_large_image\" \/>\n<meta name=\"twitter:label1\" content=\"Gesch\u00e4tzte Lesezeit\" \/>\n\t<meta name=\"twitter:data1\" content=\"3\u00a0Minuten\" \/>\n<script type=\"application\/ld+json\" class=\"yoast-schema-graph\">{\"@context\":\"https:\/\/schema.org\",\"@graph\":[{\"@type\":\"WebPage\",\"@id\":\"https:\/\/cozyanddozy.com\/de\/kontakt\/\",\"url\":\"https:\/\/cozyanddozy.com\/de\/kontakt\/\",\"name\":\"Kontakt - Cozy & Dozy\",\"isPartOf\":{\"@id\":\"https:\/\/cozyanddozy.com\/de\/#website\"},\"datePublished\":\"2023-02-13T19:09:36+00:00\",\"dateModified\":\"2024-08-05T07:20:03+00:00\",\"breadcrumb\":{\"@id\":\"https:\/\/cozyanddozy.com\/de\/kontakt\/#breadcrumb\"},\"inLanguage\":\"de\",\"potentialAction\":[{\"@type\":\"ReadAction\",\"target\":[\"https:\/\/cozyanddozy.com\/de\/kontakt\/\"]}]},{\"@type\":\"BreadcrumbList\",\"@id\":\"https:\/\/cozyanddozy.com\/de\/kontakt\/#breadcrumb\",\"itemListElement\":[{\"@type\":\"ListItem\",\"position\":1,\"name\":\"Home\",\"item\":\"https:\/\/cozyanddozy.com\/de\/\"},{\"@type\":\"ListItem\",\"position\":2,\"name\":\"Kontakt\"}]},{\"@type\":\"WebSite\",\"@id\":\"https:\/\/cozyanddozy.com\/de\/#website\",\"url\":\"https:\/\/cozyanddozy.com\/de\/\",\"name\":\"Cozy & Dozy\",\"description\":\"\",\"publisher\":{\"@id\":\"https:\/\/cozyanddozy.com\/de\/#organization\"},\"potentialAction\":[{\"@type\":\"SearchAction\",\"target\":{\"@type\":\"EntryPoint\",\"urlTemplate\":\"https:\/\/cozyanddozy.com\/de\/?s={search_term_string}\"},\"query-input\":{\"@type\":\"PropertyValueSpecification\",\"valueRequired\":true,\"valueName\":\"search_term_string\"}}],\"inLanguage\":\"de\"},{\"@type\":\"Organization\",\"@id\":\"https:\/\/cozyanddozy.com\/de\/#organization\",\"name\":\"Cozy & Dozy\",\"url\":\"https:\/\/cozyanddozy.com\/de\/\",\"logo\":{\"@type\":\"ImageObject\",\"inLanguage\":\"de\",\"@id\":\"https:\/\/cozyanddozy.com\/de\/#\/schema\/logo\/image\/\",\"url\":\"https:\/\/cozyanddozy.com\/de\/wp-content\/uploads\/2023\/02\/cozyanddozy_logo_b.png\",\"contentUrl\":\"https:\/\/cozyanddozy.com\/de\/wp-content\/uploads\/2023\/02\/cozyanddozy_logo_b.png\",\"width\":314,\"height\":85,\"caption\":\"Cozy & Dozy\"},\"image\":{\"@id\":\"https:\/\/cozyanddozy.com\/de\/#\/schema\/logo\/image\/\"}}]}<\/script>\n<!-- \/ Yoast SEO Premium plugin. -->","yoast_head_json":{"title":"Kontakt - Cozy & Dozy","robots":{"index":"index","follow":"follow","max-snippet":"max-snippet:-1","max-image-preview":"max-image-preview:large","max-video-preview":"max-video-preview:-1"},"canonical":"https:\/\/cozyanddozy.com\/de\/kontakt\/","og_locale":"de_DE","og_type":"article","og_title":"Kontakt","og_url":"https:\/\/cozyanddozy.com\/de\/kontakt\/","og_site_name":"Cozy &amp; Dozy","article_modified_time":"2024-08-05T07:20:03+00:00","twitter_card":"summary_large_image","twitter_misc":{"Gesch\u00e4tzte Lesezeit":"3\u00a0Minuten"},"schema":{"@context":"https:\/\/schema.org","@graph":[{"@type":"WebPage","@id":"https:\/\/cozyanddozy.com\/de\/kontakt\/","url":"https:\/\/cozyanddozy.com\/de\/kontakt\/","name":"Kontakt - Cozy & Dozy","isPartOf":{"@id":"https:\/\/cozyanddozy.com\/de\/#website"},"datePublished":"2023-02-13T19:09:36+00:00","dateModified":"2024-08-05T07:20:03+00:00","breadcrumb":{"@id":"https:\/\/cozyanddozy.com\/de\/kontakt\/#breadcrumb"},"inLanguage":"de","potentialAction":[{"@type":"ReadAction","target":["https:\/\/cozyanddozy.com\/de\/kontakt\/"]}]},{"@type":"BreadcrumbList","@id":"https:\/\/cozyanddozy.com\/de\/kontakt\/#breadcrumb","itemListElement":[{"@type":"ListItem","position":1,"name":"Home","item":"https:\/\/cozyanddozy.com\/de\/"},{"@type":"ListItem","position":2,"name":"Kontakt"}]},{"@type":"WebSite","@id":"https:\/\/cozyanddozy.com\/de\/#website","url":"https:\/\/cozyanddozy.com\/de\/","name":"Cozy & Dozy","description":"","publisher":{"@id":"https:\/\/cozyanddozy.com\/de\/#organization"},"potentialAction":[{"@type":"SearchAction","target":{"@type":"EntryPoint","urlTemplate":"https:\/\/cozyanddozy.com\/de\/?s={search_term_string}"},"query-input":{"@type":"PropertyValueSpecification","valueRequired":true,"valueName":"search_term_string"}}],"inLanguage":"de"},{"@type":"Organization","@id":"https:\/\/cozyanddozy.com\/de\/#organization","name":"Cozy & Dozy","url":"https:\/\/cozyanddozy.com\/de\/","logo":{"@type":"ImageObject","inLanguage":"de","@id":"https:\/\/cozyanddozy.com\/de\/#\/schema\/logo\/image\/","url":"https:\/\/cozyanddozy.com\/de\/wp-content\/uploads\/2023\/02\/cozyanddozy_logo_b.png","contentUrl":"https:\/\/cozyanddozy.com\/de\/wp-content\/uploads\/2023\/02\/cozyanddozy_logo_b.png","width":314,"height":85,"caption":"Cozy & Dozy"},"image":{"@id":"https:\/\/cozyanddozy.com\/de\/#\/schema\/logo\/image\/"}}]}},"_links":{"self":[{"href":"https:\/\/cozyanddozy.com\/de\/wp-json\/wp\/v2\/pages\/1076","targetHints":{"allow":["GET"]}}],"collection":[{"href":"https:\/\/cozyanddozy.com\/de\/wp-json\/wp\/v2\/pages"}],"about":[{"href":"https:\/\/cozyanddozy.com\/de\/wp-json\/wp\/v2\/types\/page"}],"author":[{"embeddable":true,"href":"https:\/\/cozyanddozy.com\/de\/wp-json\/wp\/v2\/users\/1"}],"replies":[{"embeddable":true,"href":"https:\/\/cozyanddozy.com\/de\/wp-json\/wp\/v2\/comments?post=1076"}],"version-history":[{"count":11,"href":"https:\/\/cozyanddozy.com\/de\/wp-json\/wp\/v2\/pages\/1076\/revisions"}],"predecessor-version":[{"id":3586,"href":"https:\/\/cozyanddozy.com\/de\/wp-json\/wp\/v2\/pages\/1076\/revisions\/3586"}],"wp:attachment":[{"href":"https:\/\/cozyanddozy.com\/de\/wp-json\/wp\/v2\/media?parent=1076"}],"curies":[{"name":"wp","href":"https:\/\/api.w.org\/{rel}","templated":true}]}}