{"id":1074,"date":"2023-02-13T19:08:37","date_gmt":"2023-02-13T19:08:37","guid":{"rendered":"https:\/\/cozyanddozy.com\/de\/?page_id=1074"},"modified":"2023-10-10T12:28:48","modified_gmt":"2023-10-10T10:28:48","slug":"ueber-uns","status":"publish","type":"page","link":"https:\/\/cozyanddozy.com\/de\/ueber-uns\/","title":{"rendered":"\u00dcber uns"},"content":{"rendered":"<div class=\"row row-small row-full-width align-center\"  id=\"row-773575625\">\n\n\t<div id=\"col-1313121180\" class=\"col small-12 large-12\"  >\n\t\t\t\t<div class=\"col-inner\"  >\n\t\t\t\n\t\t\t\n<h2 style=\"text-align: center;\">Liebe Eltern! Das sind wir \u2013 die M\u00e4dchen hinter Cozy &#038; Dozy<\/h2>\n<div class=\"text-center\"><div class=\"is-divider divider clearfix\" style=\"max-width:150px;\"><\/div><\/div>\n<p style=\"text-align: center;\">Auf der einen Seite eine Frau mit einer Leidenschaft f\u00fcr Innenarchitektur, auf der anderen Seite eine Unternehmerin mit einer ebenso gro\u00dfen Wertsch\u00e4tzung f\u00fcr sch\u00f6ne Dinge&#8230;. <br \/>Und vor allem eine gemeinsame \u00dcberzeugung: Jeder sollte sich in seinem eigenen Zuhause wohlf\u00fchlen k\u00f6nnen, in einer Einrichtung, die ihn widerspiegelt.<\/p>\n<p style=\"text-align: center;\"><strong>Geleitet von dieser Vision wurde 2020 die Marke Cozy &amp; Dozy gegr\u00fcndet.<\/strong><\/p>\n\t<div id=\"gap-1997489731\" class=\"gap-element clearfix\" style=\"display:block; height:auto;\">\n\t\t\n<style>\n#gap-1997489731 {\n  padding-top: 20px;\n}\n<\/style>\n\t<\/div>\n\t\n\t\t<\/div>\n\t\t\t\t\t<\/div>\n\n\t\n\n<style>\n#row-773575625 > .col > .col-inner {\n  padding: 20px 0px 0px 0px;\n}\n<\/style>\n<\/div>\n<div class=\"row align-middle\"  id=\"row-179140992\">\n\n\t<div id=\"col-892572217\" class=\"col medium-8 small-12 large-8\"  >\n\t\t\t\t<div class=\"col-inner\"  >\n\t\t\t\n\t\t\t\n\n  <div class=\"banner has-hover has-parallax\" id=\"banner-1185256318\">\n          <div class=\"banner-inner fill\">\n        <div class=\"banner-bg fill\" data-parallax=\"-3\" data-parallax-container=\".banner\" data-parallax-background>\n            <div class=\"bg fill bg-fill bg-loaded\"><\/div>\n                                    \n                    <\/div>\n\t\t\n        <div class=\"banner-layers container\">\n            <div class=\"fill banner-link\"><\/div>            \n        <\/div>\n      <\/div>\n\n            \n<style>\n#banner-1185256318 {\n  padding-top: 56.25%;\n  background-color: rgb(255,255,255);\n}\n#banner-1185256318 .bg.bg-loaded {\n  background-image: url(https:\/\/cozyanddozy.com\/de\/wp-content\/uploads\/2023\/03\/banerowe1hdr-1200x775-1.jpg);\n}\n@media (min-width:550px) {\n  #banner-1185256318 {\n    padding-top: 56.25%;\n  }\n}\n<\/style>\n  <\/div>\n\n\n\t\t<\/div>\n\t\t\t\t\t<\/div>\n\n\t\n\n\t<div id=\"col-320451836\" class=\"col medium-4 small-12 large-4\"  >\n\t\t\t\t<div class=\"col-inner\"  >\n\t\t\t\n\t\t\t\n<p><strong>Cozy &amp; Dozy<\/strong> ist eine Marke, die sich auf die Einrichtung von Kinderzimmern spezialisiert hat und individuell auf Ihre Bestellung zugeschnitten ist. Das Team von Cozy &amp; Dozy wurde von Menschen mit Leidenschaft, Erfahrung und Sinn f\u00fcr Sch\u00f6nheit gegr\u00fcndet &#8211; meist Frauen \ud83d\ude09 .<\/p>\n<p>Unsere Produkte erobern erfolgreich die westlichen M\u00e4rkte. Wir haben uns das Vertrauen von Eltern in <strong>Deutschland, \u00d6sterreich, Frankreich, Spanien, Gro\u00dfbritannien<\/strong> und vielen anderen L\u00e4ndern erworben und erweitern st\u00e4ndig die Gruppe unserer zufriedenen Kunden.<\/p>\n<p>F\u00fcr unsere Artikel verwenden wir zertifizierte Stoffe mit einem originellen Design. Wir bem\u00fchen uns, das Sortiment st\u00e4ndig zu erweitern und die Funktionalit\u00e4t unserer Produkte zu verbessern.<\/p>\n<p><strong>Seit mehreren Jahren haben wir die Vision eines freundlichen Unternehmens und dies wurde von Tausenden von zufriedenen Kunden gesch\u00e4tzt.<\/strong><\/p>\n\t\t<\/div>\n\t\t\t\t\t<\/div>\n\n\t\n<\/div>\n<div class=\"text-center\"><div class=\"is-divider divider clearfix\" style=\"margin-top:30px;margin-bottom:30px;max-width:150px;\"><\/div><\/div>\n<div class=\"row row-small align-middle align-center\"  id=\"row-1794593626\">\n\n\t<div id=\"col-1903587692\" class=\"col medium-4 small-12 large-4\"  >\n\t\t\t\t<div class=\"col-inner\" style=\"background-color:rgb(249, 249, 249);\" >\n\t\t\t\n\t\t\t\n    <div class=\"box has-hover has-hover box-default box-text-bottom\" >\n\n                  <div class=\"box-image \" style=\"width:25%;\">\n           <div class=\"box-image-inner image-cover\" style=\"border-radius:100%;padding-top:100%;\">\n              <img decoding=\"async\" width=\"1080\" height=\"1080\" src=\"https:\/\/cozyanddozy.com\/de\/wp-content\/uploads\/2023\/10\/karolina.jpg\" class=\"attachment- size-\" alt=\"\" srcset=\"https:\/\/cozyanddozy.com\/de\/wp-content\/uploads\/2023\/10\/karolina.jpg 1080w, https:\/\/cozyanddozy.com\/de\/wp-content\/uploads\/2023\/10\/karolina-400x400.jpg 400w, https:\/\/cozyanddozy.com\/de\/wp-content\/uploads\/2023\/10\/karolina-150x150.jpg 150w, https:\/\/cozyanddozy.com\/de\/wp-content\/uploads\/2023\/10\/karolina-768x768.jpg 768w, https:\/\/cozyanddozy.com\/de\/wp-content\/uploads\/2023\/10\/karolina-470x470.jpg 470w, https:\/\/cozyanddozy.com\/de\/wp-content\/uploads\/2023\/10\/karolina-800x800.jpg 800w, https:\/\/cozyanddozy.com\/de\/wp-content\/uploads\/2023\/10\/karolina-100x100.jpg 100w\" sizes=\"(max-width: 1080px) 100vw, 1080px\" \/>                         <\/div>\n          <\/div>\n         \n          <div class=\"box-text text-center\" >\n                <div class=\"box-text-inner\">\n                  <h4 class=\"uppercase\">\n                    <span class=\"person-name\">Karolina<\/span><br\/>\n                    <span class=\"person-title is-small thin-font op-7\">\n                      CEO \/ Founder                    <\/span>\n                  <\/h4>\n\t\t\t\t\t<div class=\"social-icons follow-icons\" ><a href=\"https:\/\/www.facebook.com\/cozyanddozyshop\" target=\"_blank\" data-label=\"Facebook\" class=\"icon plain facebook tooltip\" title=\"Auf Facebook folgen\" aria-label=\"Auf Facebook folgen\" rel=\"noopener nofollow\" ><i class=\"icon-facebook\" ><\/i><\/a><a href=\"https:\/\/www.instagram.com\/cozyanddozy\/\" target=\"_blank\" data-label=\"Instagram\" class=\"icon plain instagram tooltip\" title=\"Auf Instagram folgen\" aria-label=\"Auf Instagram folgen\" rel=\"noopener nofollow\" ><i class=\"icon-instagram\" ><\/i><\/a><a href=\"mailto:mailto:shop@cozyanddozy.com\" data-label=\"E-mail\" target=\"_blank\" class=\"icon plain email tooltip\" title=\"Sende uns eine E-Mail\" aria-label=\"Sende uns eine E-Mail\" rel=\"nofollow noopener\" ><i class=\"icon-envelop\" ><\/i><\/a><a href=\"https:\/\/pinterest.com\/cozyanddozy\/\" data-label=\"Pinterest\" target=\"_blank\" class=\"icon plain pinterest tooltip\" title=\"Auf Pinterest folgen\" aria-label=\"Auf Pinterest folgen\" rel=\"noopener nofollow\" ><i class=\"icon-pinterest\" ><\/i><\/a><\/div>\n<p>Phone: 791 981 501<\/p>\n                <\/div>\n          <\/div>\n    <\/div>\n\n\t\n    \n\t\t<\/div>\n\t\t\t\t\n<style>\n#col-1903587692 > .col-inner {\n  padding: 30px 0px 0px 0px;\n}\n<\/style>\n\t<\/div>\n\n\t\n\n\t<div id=\"col-778356313\" class=\"col medium-4 small-12 large-4\"  >\n\t\t\t\t<div class=\"col-inner\" style=\"background-color:rgb(249, 249, 249);\" >\n\t\t\t\n\t\t\t\n    <div class=\"box has-hover has-hover box-text-bottom\" >\n\n                  <div class=\"box-image \" style=\"width:25%;\">\n           <div class=\"box-image-inner image-cover\" style=\"border-radius:100%;padding-top:100%;\">\n              <img decoding=\"async\" width=\"718\" height=\"949\" src=\"https:\/\/cozyanddozy.com\/de\/wp-content\/uploads\/2023\/10\/marta.jpg\" class=\"attachment-original size-original\" alt=\"\" srcset=\"https:\/\/cozyanddozy.com\/de\/wp-content\/uploads\/2023\/10\/marta.jpg 718w, https:\/\/cozyanddozy.com\/de\/wp-content\/uploads\/2023\/10\/marta-303x400.jpg 303w, https:\/\/cozyanddozy.com\/de\/wp-content\/uploads\/2023\/10\/marta-113x150.jpg 113w, https:\/\/cozyanddozy.com\/de\/wp-content\/uploads\/2023\/10\/marta-470x621.jpg 470w\" sizes=\"(max-width: 718px) 100vw, 718px\" \/>                         <\/div>\n          <\/div>\n         \n          <div class=\"box-text text-center\" >\n                <div class=\"box-text-inner\">\n                  <h4 class=\"uppercase\">\n                    <span class=\"person-name\">Marta<\/span><br\/>\n                    <span class=\"person-title is-small thin-font op-7\">\n                      MARKETING                    <\/span>\n                  <\/h4>\n\t\t\t\t\t<div class=\"social-icons follow-icons\" ><a href=\"https:\/\/www.facebook.com\/cozyanddozyshop\" target=\"_blank\" data-label=\"Facebook\" class=\"icon plain facebook tooltip\" title=\"Auf Facebook folgen\" aria-label=\"Auf Facebook folgen\" rel=\"noopener nofollow\" ><i class=\"icon-facebook\" ><\/i><\/a><a href=\"https:\/\/www.instagram.com\/cozyanddozy\/\" target=\"_blank\" data-label=\"Instagram\" class=\"icon plain instagram tooltip\" title=\"Auf Instagram folgen\" aria-label=\"Auf Instagram folgen\" rel=\"noopener nofollow\" ><i class=\"icon-instagram\" ><\/i><\/a><a href=\"mailto:mailto:shop@cozyanddozy.com\" data-label=\"E-mail\" target=\"_blank\" class=\"icon plain email tooltip\" title=\"Sende uns eine E-Mail\" aria-label=\"Sende uns eine E-Mail\" rel=\"nofollow noopener\" ><i class=\"icon-envelop\" ><\/i><\/a><a href=\"https:\/\/pinterest.com\/cozyanddozy\/\" data-label=\"Pinterest\" target=\"_blank\" class=\"icon plain pinterest tooltip\" title=\"Auf Pinterest folgen\" aria-label=\"Auf Pinterest folgen\" rel=\"noopener nofollow\" ><i class=\"icon-pinterest\" ><\/i><\/a><\/div>\n<p>&nbsp;<\/p>\n                <\/div>\n          <\/div>\n    <\/div>\n\n\t\n    \n\t\t<\/div>\n\t\t\t\t\n<style>\n#col-778356313 > .col-inner {\n  padding: 30px 0px 0px 0px;\n}\n<\/style>\n\t<\/div>\n\n\t\n<\/div>\n","protected":false},"excerpt":{"rendered":"","protected":false},"author":1,"featured_media":0,"parent":0,"menu_order":0,"comment_status":"closed","ping_status":"closed","template":"","meta":{"footnotes":""},"class_list":["post-1074","page","type-page","status-publish","hentry"],"yoast_head":"<!-- This site is optimized with the Yoast SEO Premium plugin v21.9 (Yoast SEO v27.0) - https:\/\/yoast.com\/product\/yoast-seo-premium-wordpress\/ -->\n<title>\u00dcber uns - Cozy &amp; Dozy<\/title>\n<meta name=\"robots\" content=\"index, follow, max-snippet:-1, max-image-preview:large, max-video-preview:-1\" \/>\n<link rel=\"canonical\" href=\"https:\/\/cozyanddozy.com\/de\/ueber-uns\/\" \/>\n<meta property=\"og:locale\" content=\"de_DE\" \/>\n<meta property=\"og:type\" content=\"article\" \/>\n<meta property=\"og:title\" content=\"\u00dcber uns\" \/>\n<meta property=\"og:url\" content=\"https:\/\/cozyanddozy.com\/de\/ueber-uns\/\" \/>\n<meta property=\"og:site_name\" content=\"Cozy &amp; Dozy\" \/>\n<meta property=\"article:modified_time\" content=\"2023-10-10T10:28:48+00:00\" \/>\n<meta name=\"twitter:card\" content=\"summary_large_image\" \/>\n<meta name=\"twitter:label1\" content=\"Gesch\u00e4tzte Lesezeit\" \/>\n\t<meta name=\"twitter:data1\" content=\"2\u00a0Minuten\" \/>\n<script type=\"application\/ld+json\" class=\"yoast-schema-graph\">{\"@context\":\"https:\/\/schema.org\",\"@graph\":[{\"@type\":\"WebPage\",\"@id\":\"https:\/\/cozyanddozy.com\/de\/ueber-uns\/\",\"url\":\"https:\/\/cozyanddozy.com\/de\/ueber-uns\/\",\"name\":\"\u00dcber uns - Cozy & Dozy\",\"isPartOf\":{\"@id\":\"https:\/\/cozyanddozy.com\/de\/#website\"},\"datePublished\":\"2023-02-13T19:08:37+00:00\",\"dateModified\":\"2023-10-10T10:28:48+00:00\",\"breadcrumb\":{\"@id\":\"https:\/\/cozyanddozy.com\/de\/ueber-uns\/#breadcrumb\"},\"inLanguage\":\"de\",\"potentialAction\":[{\"@type\":\"ReadAction\",\"target\":[\"https:\/\/cozyanddozy.com\/de\/ueber-uns\/\"]}]},{\"@type\":\"BreadcrumbList\",\"@id\":\"https:\/\/cozyanddozy.com\/de\/ueber-uns\/#breadcrumb\",\"itemListElement\":[{\"@type\":\"ListItem\",\"position\":1,\"name\":\"Home\",\"item\":\"https:\/\/cozyanddozy.com\/de\/\"},{\"@type\":\"ListItem\",\"position\":2,\"name\":\"\u00dcber uns\"}]},{\"@type\":\"WebSite\",\"@id\":\"https:\/\/cozyanddozy.com\/de\/#website\",\"url\":\"https:\/\/cozyanddozy.com\/de\/\",\"name\":\"Cozy & Dozy\",\"description\":\"\",\"publisher\":{\"@id\":\"https:\/\/cozyanddozy.com\/de\/#organization\"},\"potentialAction\":[{\"@type\":\"SearchAction\",\"target\":{\"@type\":\"EntryPoint\",\"urlTemplate\":\"https:\/\/cozyanddozy.com\/de\/?s={search_term_string}\"},\"query-input\":{\"@type\":\"PropertyValueSpecification\",\"valueRequired\":true,\"valueName\":\"search_term_string\"}}],\"inLanguage\":\"de\"},{\"@type\":\"Organization\",\"@id\":\"https:\/\/cozyanddozy.com\/de\/#organization\",\"name\":\"Cozy & Dozy\",\"url\":\"https:\/\/cozyanddozy.com\/de\/\",\"logo\":{\"@type\":\"ImageObject\",\"inLanguage\":\"de\",\"@id\":\"https:\/\/cozyanddozy.com\/de\/#\/schema\/logo\/image\/\",\"url\":\"https:\/\/cozyanddozy.com\/de\/wp-content\/uploads\/2023\/02\/cozyanddozy_logo_b.png\",\"contentUrl\":\"https:\/\/cozyanddozy.com\/de\/wp-content\/uploads\/2023\/02\/cozyanddozy_logo_b.png\",\"width\":314,\"height\":85,\"caption\":\"Cozy & Dozy\"},\"image\":{\"@id\":\"https:\/\/cozyanddozy.com\/de\/#\/schema\/logo\/image\/\"}}]}<\/script>\n<!-- \/ Yoast SEO Premium plugin. -->","yoast_head_json":{"title":"\u00dcber uns - Cozy & Dozy","robots":{"index":"index","follow":"follow","max-snippet":"max-snippet:-1","max-image-preview":"max-image-preview:large","max-video-preview":"max-video-preview:-1"},"canonical":"https:\/\/cozyanddozy.com\/de\/ueber-uns\/","og_locale":"de_DE","og_type":"article","og_title":"\u00dcber uns","og_url":"https:\/\/cozyanddozy.com\/de\/ueber-uns\/","og_site_name":"Cozy &amp; Dozy","article_modified_time":"2023-10-10T10:28:48+00:00","twitter_card":"summary_large_image","twitter_misc":{"Gesch\u00e4tzte Lesezeit":"2\u00a0Minuten"},"schema":{"@context":"https:\/\/schema.org","@graph":[{"@type":"WebPage","@id":"https:\/\/cozyanddozy.com\/de\/ueber-uns\/","url":"https:\/\/cozyanddozy.com\/de\/ueber-uns\/","name":"\u00dcber uns - Cozy & Dozy","isPartOf":{"@id":"https:\/\/cozyanddozy.com\/de\/#website"},"datePublished":"2023-02-13T19:08:37+00:00","dateModified":"2023-10-10T10:28:48+00:00","breadcrumb":{"@id":"https:\/\/cozyanddozy.com\/de\/ueber-uns\/#breadcrumb"},"inLanguage":"de","potentialAction":[{"@type":"ReadAction","target":["https:\/\/cozyanddozy.com\/de\/ueber-uns\/"]}]},{"@type":"BreadcrumbList","@id":"https:\/\/cozyanddozy.com\/de\/ueber-uns\/#breadcrumb","itemListElement":[{"@type":"ListItem","position":1,"name":"Home","item":"https:\/\/cozyanddozy.com\/de\/"},{"@type":"ListItem","position":2,"name":"\u00dcber uns"}]},{"@type":"WebSite","@id":"https:\/\/cozyanddozy.com\/de\/#website","url":"https:\/\/cozyanddozy.com\/de\/","name":"Cozy & Dozy","description":"","publisher":{"@id":"https:\/\/cozyanddozy.com\/de\/#organization"},"potentialAction":[{"@type":"SearchAction","target":{"@type":"EntryPoint","urlTemplate":"https:\/\/cozyanddozy.com\/de\/?s={search_term_string}"},"query-input":{"@type":"PropertyValueSpecification","valueRequired":true,"valueName":"search_term_string"}}],"inLanguage":"de"},{"@type":"Organization","@id":"https:\/\/cozyanddozy.com\/de\/#organization","name":"Cozy & Dozy","url":"https:\/\/cozyanddozy.com\/de\/","logo":{"@type":"ImageObject","inLanguage":"de","@id":"https:\/\/cozyanddozy.com\/de\/#\/schema\/logo\/image\/","url":"https:\/\/cozyanddozy.com\/de\/wp-content\/uploads\/2023\/02\/cozyanddozy_logo_b.png","contentUrl":"https:\/\/cozyanddozy.com\/de\/wp-content\/uploads\/2023\/02\/cozyanddozy_logo_b.png","width":314,"height":85,"caption":"Cozy & Dozy"},"image":{"@id":"https:\/\/cozyanddozy.com\/de\/#\/schema\/logo\/image\/"}}]}},"_links":{"self":[{"href":"https:\/\/cozyanddozy.com\/de\/wp-json\/wp\/v2\/pages\/1074","targetHints":{"allow":["GET"]}}],"collection":[{"href":"https:\/\/cozyanddozy.com\/de\/wp-json\/wp\/v2\/pages"}],"about":[{"href":"https:\/\/cozyanddozy.com\/de\/wp-json\/wp\/v2\/types\/page"}],"author":[{"embeddable":true,"href":"https:\/\/cozyanddozy.com\/de\/wp-json\/wp\/v2\/users\/1"}],"replies":[{"embeddable":true,"href":"https:\/\/cozyanddozy.com\/de\/wp-json\/wp\/v2\/comments?post=1074"}],"version-history":[{"count":7,"href":"https:\/\/cozyanddozy.com\/de\/wp-json\/wp\/v2\/pages\/1074\/revisions"}],"predecessor-version":[{"id":2567,"href":"https:\/\/cozyanddozy.com\/de\/wp-json\/wp\/v2\/pages\/1074\/revisions\/2567"}],"wp:attachment":[{"href":"https:\/\/cozyanddozy.com\/de\/wp-json\/wp\/v2\/media?parent=1074"}],"curies":[{"name":"wp","href":"https:\/\/api.w.org\/{rel}","templated":true}]}}